{"id":211,"date":"2021-02-09T21:38:29","date_gmt":"2021-02-09T21:38:29","guid":{"rendered":"https:\/\/webs.uab.cat\/gredics\/publicacions-principals-i-premsa\/"},"modified":"2021-02-09T21:38:29","modified_gmt":"2021-02-09T21:38:29","slug":"publicacions-principals-i-premsa","status":"publish","type":"page","link":"https:\/\/webs.uab.cat\/gredics\/publicacions-principals-i-premsa\/","title":{"rendered":"Publicacions principals i premsa"},"content":{"rendered":"<p>Publicacions principals&nbsp;<\/p>\n<p>&nbsp;<\/p>\n<p><strong><a href=\"https:\/\/escolapau.uab.cat\/ca\/decaleg-de-criteris-de-justicia-global-per-a-la-valoracio-i-lelaboracio-de-materials-curriculars-de-ciencies-socials\/\">Dec\u00e0leg de criteris de just\u00edcia global per a la valoraci\u00f3 i l\u2019elaboraci\u00f3 de materials curriculars de ci\u00e8ncies socials<\/a>.<\/strong>&nbsp;Publicat al gener de 2020.<\/p>\n<p>&nbsp;<\/p>\n<p><a href=\"http:\/\/icip.gencat.cat\/web\/.content\/continguts\/publicacions\/documents_i_informes\/arxius\/Informe-llibres-de-text-3-ESO_DEFINITIU_-17-05.pdf\"><strong>An\u00e0lisi de la did\u00e0ctica de les ci\u00e8ncies socials des d\u2019una perspectiva de pau (Tercer d\u2019ESO, 2007, 2015, 2016)<\/strong><\/a><strong>.<\/strong>&nbsp;Publicat al maig de 2017.<\/p>\n<p>&nbsp;<\/p>\n<p><a href=\"http:\/\/icip.gencat.cat\/web\/.content\/continguts\/publicacions\/documents_i_informes\/arxius\/observatori_de_llibres_de_text_maquetat.pdf\"><strong>An\u00e0lisi de la did\u00e0ctica de les ci\u00e8ncies socials des d\u2019una perspectiva de pau (Quart d\u2019ESO, 2008-2011)<\/strong><\/a><strong>.<\/strong>&nbsp;Publicat al febrer de 2013.<\/p>\n","protected":false},"excerpt":{"rendered":"<p>Publicacions principals&nbsp; &nbsp; Dec\u00e0leg de criteris de just\u00edcia global per a la valoraci\u00f3 i l\u2019elaboraci\u00f3 de materials curriculars de ci\u00e8ncies socials.&nbsp;Publicat al gener de 2020. &nbsp; An\u00e0lisi de la did\u00e0ctica de les ci\u00e8ncies socials des d\u2019una perspectiva de pau (Tercer d\u2019ESO, 2007, 2015, 2016).&nbsp;Publicat al maig de 2017. &nbsp; An\u00e0lisi de la did\u00e0ctica de les [&hellip;]<\/p>\n","protected":false},"author":20,"featured_media":0,"parent":0,"menu_order":0,"comment_status":"closed","ping_status":"closed","template":"","meta":{"footnotes":""},"class_list":["post-211","page","type-page","status-publish","hentry"],"_links":{"self":[{"href":"https:\/\/webs.uab.cat\/gredics\/wp-json\/wp\/v2\/pages\/211","targetHints":{"allow":["GET"]}}],"collection":[{"href":"https:\/\/webs.uab.cat\/gredics\/wp-json\/wp\/v2\/pages"}],"about":[{"href":"https:\/\/webs.uab.cat\/gredics\/wp-json\/wp\/v2\/types\/page"}],"author":[{"embeddable":true,"href":"https:\/\/webs.uab.cat\/gredics\/wp-json\/wp\/v2\/users\/20"}],"replies":[{"embeddable":true,"href":"https:\/\/webs.uab.cat\/gredics\/wp-json\/wp\/v2\/comments?post=211"}],"version-history":[{"count":0,"href":"https:\/\/webs.uab.cat\/gredics\/wp-json\/wp\/v2\/pages\/211\/revisions"}],"wp:attachment":[{"href":"https:\/\/webs.uab.cat\/gredics\/wp-json\/wp\/v2\/media?parent=211"}],"curies":[{"name":"wp","href":"https:\/\/api.w.org\/{rel}","templated":true}]}}