{"id":213,"date":"2021-02-16T11:23:57","date_gmt":"2021-02-16T11:23:57","guid":{"rendered":"https:\/\/webs.uab.cat\/gredics\/activitats\/"},"modified":"2021-02-16T11:23:57","modified_gmt":"2021-02-16T11:23:57","slug":"activitats","status":"publish","type":"page","link":"https:\/\/webs.uab.cat\/gredics\/activitats\/","title":{"rendered":"Activitats"},"content":{"rendered":"<p class=\"rtecenter\"><span style=\"font-size:16px\"><span style=\"color:#0000FF\"><strong>DESCRIPCI\u00d3 DE LES ACTIVITATS&nbsp;<\/strong><\/span><\/span><\/p>\n<p>&nbsp;<\/p>\n<p><span style=\"font-size:14px\"><span style=\"color:#FF8C00\"><u><strong>ACTIVITATS D&#8217;INTRODUCCI\u00d3<\/strong><\/u><\/span><\/span><\/p>\n<p><strong>Sessi\u00f3 1: El cinema i els g\u00e8neres&nbsp;<\/strong><\/p>\n<p class=\"rtejustify\">En aquesta sessi\u00f3 es pret\u00e9n introduir als infants l&#8217;objectiu final de fer aquest taller, que \u00e9s realitzar un petit v\u00eddeo denunciant algun problema social que s&#8217;hagi treballat al llarg del taller. Durant aquesta primera sessi\u00f3&nbsp;<strong>es treballa el concepte de cinema<\/strong> mitjan\u00e7ant les idees pr\u00e8vies dels alumnes i s&#8217;acaba fent una definici\u00f3 sobre qu\u00e8 \u00e9s el cinema (primer en gran grup i despr\u00e9s per parelles). Tamb\u00e9 s&#8217;introdueix la <strong>definici\u00f3 dels diferents g\u00e8neres cinematogr\u00e0fics<\/strong> mitjan\u00e7ant un joc i el visionat d&#8217;un v\u00eddeo. La sessi\u00f3 acaba amb una petita reflexi\u00f3 individual sobre all\u00f2 que han apr\u00e8s i all\u00f2 que s&#8217;emporten (amb el suport del dibuix d&#8217;una maleta).&nbsp;<\/p>\n<p style=\"text-align:center\"><img loading=\"lazy\" decoding=\"async\" alt=\"\" height=\"179\" src=\"https:\/\/i.imgur.com\/V2BatQO.jpg\" width=\"263\" \/><\/p>\n<p class=\"rtejustify\">&nbsp;<\/p>\n<p class=\"rtejustify\"><span style=\"font-size:14px\"><span style=\"color:#FF8C00\"><u><strong>ACTIVITATS D&#8217;ESTRUCTURACI\u00d3&nbsp;<\/strong><\/u><\/span><\/span><\/p>\n<p class=\"rtejustify\"><strong>Sessi\u00f3 2: El cinema social i els problemes socials&nbsp;<\/strong><\/p>\n<p class=\"rtejustify\">En aquesta sessi\u00f3 s&#8217;introdueix el <strong>concepte de cinema social<\/strong>. Qu\u00e8 deu ser? Si ja sabem qu\u00e8 \u00e9s el cinema, la paraula social, qu\u00e8 vol dir? Una vegada resoltes aquestes inc\u00f2gnites es passa un curt amb diferents fragments de pel\u00b7l\u00edcules on es tracten diversos problemes socials. En aquesta sessi\u00f3 s&#8217;hauran de detectar i aportar idees noves sobre els problemes socials rellevants, que es guardaran per a m\u00e9s endavant. Per acabar, es realitza un arbre dels desitjos en el qual els infants escriuen frases o paraules que expliquin qu\u00e8 es podria haver fet per evitar els problemes que s&#8217;han tractat al llarg de la sessi\u00f3.&nbsp;<\/p>\n<p style=\"text-align:center\"><img loading=\"lazy\" decoding=\"async\" alt=\"\" height=\"244\" src=\"https:\/\/i.imgur.com\/vPtOFDH.jpg\" width=\"173\" \/><\/p>\n<p class=\"rtejustify\"><strong>Sessi\u00f3 3: Qu\u00e8 s\u00f3n els murs?&nbsp;<\/strong><\/p>\n<p class=\"rtejustify\">Fent mem\u00f2ria de la sessi\u00f3 anterior, ens plantegem <strong>qu\u00e8 sabem dels murs i qu\u00e8 separen<\/strong>. Quants murs hi ha? Qu\u00e8 provoca l&#8217;exist\u00e8ncia dels murs en el m\u00f3n? A trav\u00e9s d&#8217;un joc de rol, els alumnes experimenten que se sent en poder passar o no dins de cada mur. Seguidament es fan altres activitats per saber qu\u00e8 saben sobre els murs: resoldre unes afirmacions, llegir i reflexionar sobre 14 murs proposats, situar-los en un mapa, etc. Finalment, hauran de pensar qu\u00e8 s&#8217;emporten de la sessi\u00f3 i plasmar-ho sobre el dibuix d&#8217;un mur, on ho hauran d&#8217;escriure.&nbsp;<\/p>\n<p style=\"text-align:center\"><img loading=\"lazy\" decoding=\"async\" alt=\"\" height=\"232\" src=\"https:\/\/i.imgur.com\/ac139VD.jpg\" width=\"197\" \/><\/p>\n<p class=\"rtejustify\"><strong>Sessi\u00f3 4: Totes les persones vivim igual?&nbsp;<\/strong><\/p>\n<p class=\"rtejustify\">En aquesta sessi\u00f3 es treballen els refugiats mitjan\u00e7ant un v\u00eddeo de &#8220;Save the Children&#8221; que servir\u00e0 per fer un debat i una reflexi\u00f3 posterior. Seguidament, hauran&nbsp;d&#8217;escriure un correu electr\u00f2nic a la nena que apareix en el curt i es seguiran treballant les desigualtats socials a trav\u00e9s de fotografies d&#8217;infants en diferents situacions. Arribats a aquest punt, havent treballat diferents problemes socials, es decideix quin tema s&#8217;escull per elaborar la pel\u00b7l\u00edcula.&nbsp;<\/p>\n<p class=\"rtejustify\">&nbsp;<\/p>\n<p class=\"rtejustify\"><span style=\"font-size:14px\"><span style=\"color:#FF8C00\"><u><strong>ACTIVITATS D&#8217;APLICACI\u00d3&nbsp;<\/strong><\/u><\/span><\/span><\/p>\n<p class=\"rtejustify\"><strong>Sessi\u00f3 5: Qu\u00e8 cal saber per fer un curt?&nbsp;<\/strong><\/p>\n<p class=\"rtejustify\">Aquesta sessi\u00f3 pret\u00e9n mostrar les parts que t\u00e9 un curt, agafant exemples d&#8217;altres v\u00eddeos sobre problemes socials rellevants, elaborats pr\u00e8viament. Es tracta d&#8217;elaborar el gui\u00f3 literari de forma conjunta aix\u00ed com l&#8217;storyboard amb dibuixos esquem\u00e0tics.<\/p>\n<p class=\"rtejustify\"><strong>Sessi\u00f3 6: Fem el nostre curt:&nbsp;<\/strong><\/p>\n<p class=\"rtejustify\">En aquesta sessi\u00f3 s&#8217;enregistren les escenes seguint l&#8217;esquema de l&#8217;storyboard i s&#8217;escullen aquelles que formaran part del v\u00eddeo. Per acabar, es realitza un n\u00favol de paraules per definir el taller i aquestes paraules, apareixeran al final del curt (a la part de cr\u00e8dits). Una vegada editat i muntat, els infants podran gaudir del curt acabat!&nbsp;<\/p>\n<p class=\"rtejustify\">&nbsp;<\/p>\n<p class=\"rtejustify\"><span style=\"font-size:14px\"><span style=\"color:#0000FF\"><strong>V\u00cdDEO: TALLER DE CINEMA SOCIAL CROMA&nbsp;<\/strong><\/span><\/span><\/p>\n<p class=\"rtejustify\">A continuaci\u00f3 podeu veure el v\u00eddeo elaborat per la unitat de Did\u00e0ctica de les Ci\u00e8ncies socials de la UAB pel taller de cinema social del programa CROMA.&nbsp;<\/p>\n<p class=\"rtecenter\"><iframe loading=\"lazy\" frameborder=\"0\" height=\"315\" scrolling=\"no\" src=\"https:\/\/youtube.com\/embed\/z100TLouxNQ\" width=\"370\"><\/iframe><\/p>\n<p class=\"rtejustify\">&nbsp;<\/p>\n<p class=\"rtejustify\">&nbsp;<\/p>\n","protected":false},"excerpt":{"rendered":"<p>DESCRIPCI\u00d3 DE LES ACTIVITATS&nbsp; &nbsp; ACTIVITATS D&#8217;INTRODUCCI\u00d3 Sessi\u00f3 1: El cinema i els g\u00e8neres&nbsp; En aquesta sessi\u00f3 es pret\u00e9n introduir als infants l&#8217;objectiu final de fer aquest taller, que \u00e9s realitzar un petit v\u00eddeo denunciant algun problema social que s&#8217;hagi treballat al llarg del taller. Durant aquesta primera sessi\u00f3&nbsp;es treballa el concepte de cinema mitjan\u00e7ant [&hellip;]<\/p>\n","protected":false},"author":20,"featured_media":0,"parent":0,"menu_order":0,"comment_status":"closed","ping_status":"closed","template":"","meta":{"footnotes":""},"class_list":["post-213","page","type-page","status-publish","hentry"],"_links":{"self":[{"href":"https:\/\/webs.uab.cat\/gredics\/wp-json\/wp\/v2\/pages\/213","targetHints":{"allow":["GET"]}}],"collection":[{"href":"https:\/\/webs.uab.cat\/gredics\/wp-json\/wp\/v2\/pages"}],"about":[{"href":"https:\/\/webs.uab.cat\/gredics\/wp-json\/wp\/v2\/types\/page"}],"author":[{"embeddable":true,"href":"https:\/\/webs.uab.cat\/gredics\/wp-json\/wp\/v2\/users\/20"}],"replies":[{"embeddable":true,"href":"https:\/\/webs.uab.cat\/gredics\/wp-json\/wp\/v2\/comments?post=213"}],"version-history":[{"count":0,"href":"https:\/\/webs.uab.cat\/gredics\/wp-json\/wp\/v2\/pages\/213\/revisions"}],"wp:attachment":[{"href":"https:\/\/webs.uab.cat\/gredics\/wp-json\/wp\/v2\/media?parent=213"}],"curies":[{"name":"wp","href":"https:\/\/api.w.org\/{rel}","templated":true}]}}