{"id":214,"date":"2021-02-25T20:31:38","date_gmt":"2021-02-25T20:31:38","guid":{"rendered":"https:\/\/webs.uab.cat\/gredics\/miembros-del-equipo-3\/"},"modified":"2021-02-25T20:31:38","modified_gmt":"2021-02-25T20:31:38","slug":"miembros-del-equipo-3","status":"publish","type":"page","link":"https:\/\/webs.uab.cat\/gredics\/miembros-del-equipo-3\/","title":{"rendered":"Miembros del equipo"},"content":{"rendered":"<p class=\"rtecenter\"><strong>MIEMBROS DEL EQUIPO&nbsp;<\/strong><\/p>\n<p style=\"text-align:center\"><img loading=\"lazy\" decoding=\"async\" alt=\"\" height=\"405\" src=\"https:\/\/i.imgur.com\/QTSut9L.jpg\" width=\"1000\" \/><\/p>\n<p><strong>Universidad de Barcelona (UB)<\/strong><\/p>\n<table border=\"1\" cellpadding=\"1\" cellspacing=\"1\" style=\"width:228px\">\n<tbody>\n<tr>\n<td style=\"width:117px\"><img loading=\"lazy\" decoding=\"async\" alt=\"\" height=\"100\" src=\"https:\/\/i.imgur.com\/oBM75DC.png\" width=\"100\" \/><\/td>\n<td style=\"width:97px\"><a href=\"https:\/\/webgrec.ub.edu\/webpages\/000005\/cat\/yolandablasco.ub.edu.html\">Yolanda Blasco&nbsp;<\/a><\/td>\n<\/tr>\n<tr>\n<td style=\"width:117px\"><img loading=\"lazy\" decoding=\"async\" alt=\"\" height=\"100\" src=\"https:\/\/i.imgur.com\/e8i6uEG.png\" width=\"100\" \/><\/td>\n<td style=\"width:97px\"><a href=\"https:\/\/webgrec.ub.edu\/webpages\/personal\/cas\/000761_manubosch.ub.edu.html\">Manuela Bosch&nbsp;<\/a><\/td>\n<\/tr>\n<tr>\n<td style=\"width:117px\"><img loading=\"lazy\" decoding=\"async\" alt=\"\" height=\"100\" src=\"https:\/\/i.imgur.com\/1zU5O4y.png\" width=\"100\" \/><\/td>\n<td style=\"width:97px\"><a href=\"https:\/\/www.ub.edu\/portal\/web\/dp-histeco\/membres\">Nabil El Bachiri<\/a><\/td>\n<\/tr>\n<tr>\n<td style=\"width:117px\"><img loading=\"lazy\" decoding=\"async\" alt=\"\" height=\"100\" src=\"https:\/\/i.imgur.com\/ST8Bece.png\" width=\"100\" \/><\/td>\n<td style=\"width:97px\"><a href=\"https:\/\/www.ub.edu\/school-economics\/researchers\/lozano-sergi\/\">Sergio Lozano<\/a><\/td>\n<\/tr>\n<\/tbody>\n<\/table>\n<p><strong>Universitat Aut\u00f2noma de Barcelona (UAB)<\/strong><\/p>\n<table border=\"1\" cellpadding=\"1\" cellspacing=\"1\" style=\"width:242px\">\n<tbody>\n<tr>\n<td style=\"width:117px\"><img loading=\"lazy\" decoding=\"async\" alt=\"\" height=\"100\" src=\"https:\/\/i.imgur.com\/xpEwTDr.jpg\" width=\"100\" \/><\/td>\n<td style=\"width:111px\"><a href=\"https:\/\/grupsderecerca.uab.cat\/gredics\/node\/145\">Antoni Santisteban<\/a><\/td>\n<\/tr>\n<tr>\n<td style=\"width:117px\"><img loading=\"lazy\" decoding=\"async\" alt=\"\" height=\"100\" src=\"https:\/\/i.imgur.com\/mzcRDuX.jpg\" width=\"100\" \/><\/td>\n<td style=\"width:111px\"><a href=\"https:\/\/grupsderecerca.uab.cat\/gredics\/node\/151\">Gustavo Gonz\u00e1lez&nbsp;<\/a><\/td>\n<\/tr>\n<tr>\n<td style=\"width:117px\"><img loading=\"lazy\" decoding=\"async\" alt=\"\" height=\"100\" src=\"https:\/\/i.imgur.com\/4kGatlr.jpg\" width=\"100\" \/><\/td>\n<td style=\"width:111px\"><a href=\"https:\/\/grupsderecerca.uab.cat\/gredics\/node\/148\">Jordi Castellv\u00ed&nbsp;&nbsp;<\/a><\/td>\n<\/tr>\n<tr>\n<td style=\"width:117px\"><img loading=\"lazy\" decoding=\"async\" alt=\"\" height=\"100\" src=\"https:\/\/i.imgur.com\/KJKfGZp.png\" width=\"100\" \/><\/td>\n<td style=\"width:111px\"><a href=\"https:\/\/grupsderecerca.uab.cat\/gredics\/node\/154\">Mariona Massip&nbsp;<\/a><\/td>\n<\/tr>\n<tr>\n<td style=\"width:117px\">\n<p><img loading=\"lazy\" decoding=\"async\" alt=\"\" height=\"100\" src=\"https:\/\/i.imgur.com\/Qmn0FWv.png\" width=\"100\" \/><\/p>\n<\/td>\n<td style=\"width:111px\"><a href=\"https:\/\/grupsderecerca.uab.cat\/gredics\/node\/146\">Neus Gonz\u00e1lez&nbsp;<\/a><\/td>\n<\/tr>\n<\/tbody>\n<\/table>\n<p>&nbsp;<\/p>\n","protected":false},"excerpt":{"rendered":"<p>MIEMBROS DEL EQUIPO&nbsp; Universidad de Barcelona (UB) Yolanda Blasco&nbsp; Manuela Bosch&nbsp; Nabil El Bachiri Sergio Lozano Universitat Aut\u00f2noma de Barcelona (UAB) Antoni Santisteban Gustavo Gonz\u00e1lez&nbsp; Jordi Castellv\u00ed&nbsp;&nbsp; Mariona Massip&nbsp; Neus Gonz\u00e1lez&nbsp; &nbsp;<\/p>\n","protected":false},"author":20,"featured_media":0,"parent":0,"menu_order":0,"comment_status":"closed","ping_status":"closed","template":"","meta":{"footnotes":""},"class_list":["post-214","page","type-page","status-publish","hentry"],"_links":{"self":[{"href":"https:\/\/webs.uab.cat\/gredics\/wp-json\/wp\/v2\/pages\/214","targetHints":{"allow":["GET"]}}],"collection":[{"href":"https:\/\/webs.uab.cat\/gredics\/wp-json\/wp\/v2\/pages"}],"about":[{"href":"https:\/\/webs.uab.cat\/gredics\/wp-json\/wp\/v2\/types\/page"}],"author":[{"embeddable":true,"href":"https:\/\/webs.uab.cat\/gredics\/wp-json\/wp\/v2\/users\/20"}],"replies":[{"embeddable":true,"href":"https:\/\/webs.uab.cat\/gredics\/wp-json\/wp\/v2\/comments?post=214"}],"version-history":[{"count":0,"href":"https:\/\/webs.uab.cat\/gredics\/wp-json\/wp\/v2\/pages\/214\/revisions"}],"wp:attachment":[{"href":"https:\/\/webs.uab.cat\/gredics\/wp-json\/wp\/v2\/media?parent=214"}],"curies":[{"name":"wp","href":"https:\/\/api.w.org\/{rel}","templated":true}]}}