{"id":218,"date":"2021-07-27T13:09:57","date_gmt":"2021-07-27T13:09:57","guid":{"rendered":"https:\/\/webs.uab.cat\/gredics\/international-conference\/"},"modified":"2021-07-27T13:09:57","modified_gmt":"2021-07-27T13:09:57","slug":"international-conference","status":"publish","type":"page","link":"https:\/\/webs.uab.cat\/gredics\/international-conference\/","title":{"rendered":"International Conference"},"content":{"rendered":"<p><img decoding=\"async\" alt=\"\" src=\"https:\/\/i.imgur.com\/WUOTCDa.png\" \/><\/p>\n<p><img loading=\"lazy\" decoding=\"async\" alt=\"\" height=\"358\" src=\"https:\/\/i.imgur.com\/7CKnbaK.png\" width=\"933\" \/><\/p>\n<p><img loading=\"lazy\" decoding=\"async\" alt=\"\" height=\"385\" src=\"https:\/\/i.imgur.com\/6iLysr2.png\" width=\"975\" \/><\/p>\n<p>&nbsp;<\/p>\n<table border=\"2\" cellpadding=\"1\" cellspacing=\"1\" style=\"width:516px\">\n<tbody>\n<tr>\n<td style=\"width:205px\">\n<p>&nbsp;<\/p>\n<p><img loading=\"lazy\" decoding=\"async\" alt=\"\" height=\"123\" src=\"https:\/\/i.imgur.com\/ov5kvF5.png\" width=\"296\" \/><\/p>\n<\/td>\n<td style=\"width:204px\">\n<p>Congr\u00e9s Internacional&nbsp;<\/p>\n<p class=\"rtejustify\">XVIII Jornades Internacionals de Recerca en Did\u00e0ctica de les Ci\u00e8ncies Socials&nbsp;<\/p>\n<p class=\"rtecenter\"><a href=\"https:\/\/docdro.id\/eaF9dPc\"><strong>La Cultura Democr\u00e0tica i l\u2019Educaci\u00f3 per al futur&nbsp;<\/strong><\/a><\/p>\n<\/td>\n<\/tr>\n<tr>\n<td style=\"width:205px\">\n<p>&nbsp;<\/p>\n<p><img loading=\"lazy\" decoding=\"async\" alt=\"\" height=\"122\" src=\"https:\/\/i.imgur.com\/6iLysr2.png\" width=\"308\" \/><\/p>\n<\/td>\n<td style=\"width:204px\">\n<p class=\"rtejustify\">International Conference&nbsp;<\/p>\n<p class=\"rtejustify\">XVIII International Seminar on Teaching Social Studies Research<\/p>\n<p class=\"rtecenter\"><a href=\"https:\/\/docdro.id\/AqU4S2P\"><strong>Democratic culture and education for the future&nbsp;<\/strong><\/a><\/p>\n<\/td>\n<\/tr>\n<tr>\n<td style=\"width:205px\">\n<p>&nbsp;<\/p>\n<p><img loading=\"lazy\" decoding=\"async\" alt=\"\" height=\"114\" src=\"https:\/\/i.imgur.com\/7CKnbaK.png\" width=\"299\" \/><\/p>\n<\/td>\n<td style=\"width:204px\">\n<p class=\"rtejustify\">Congreso Internacional&nbsp;<\/p>\n<p class=\"rtejustify\">XVIII Jornadas Internacionales de Investigaci\u00f3n en Did\u00e1ctica de las Ciencias Sociales&nbsp;<\/p>\n<p class=\"rtecenter\"><a href=\"https:\/\/docdro.id\/qGorxiF\"><strong>La Cultura Democr\u00e1tica y la Educaci\u00f3n para el Futuro&nbsp;<\/strong><\/a><\/p>\n<\/td>\n<\/tr>\n<\/tbody>\n<\/table>\n<p class=\"rtejustify\">La cultura democr\u00e0tica representa l\u2019eix principal d\u2019aquest Congr\u00e9s i Jornades. Volem con\u00e8ixer la situaci\u00f3 actual de la cultura democr\u00e0tica en les pol\u00edtiques i les pr\u00e0ctiques a l\u2019educaci\u00f3 en general, i a l\u2019ensenyament de les ci\u00e8ncies socials en particular. Pensem que es important debatre i compartir experi\u00e8ncies sobre per qu\u00e8 i com incorporar la cultura democr\u00e0tica a l\u2019ensenyament o a la formaci\u00f3 del professorat. El Congr\u00e9s Internacional de Cultura Democr\u00e0tica i les XVIII Jornades Internacionals de Recerca en Did\u00e0ctica de les Ci\u00e8ncies Socials aquest any s\u2019emmarquen en el pla de treball del projecte \u201cIntegrar les Compet\u00e8ncies de Cultura Democr\u00e0tica als plans docents de formaci\u00f3 del professorat\u201d, finan\u00e7at pel programa DISCO (Democratic and Inclusive School Culture in Operation) del Consell d\u2019Europa i la Uni\u00f3 Europea, portat a terme conjuntament pel grup GREDICS de la Universitat Aut\u00f2noma de Barcelona, l\u2019Instituto Polit\u00e9cnico de Lisboa i la Manchester Metropolitan University.&nbsp;<\/p>\n<p class=\"rtejustify\">La formaci\u00f3 en cultura democr\u00e0tica \u00e9s imprescindible per a la construcci\u00f3 d&#8217;un futur millor, per aquest motiu entenem la cultura democr\u00e0tica com una preparaci\u00f3 per a la participaci\u00f3 i l&#8217;acci\u00f3 social responsable. Per aix\u00f2, relacionem d&#8217;una manera estreta la cultura democr\u00e0tica amb l&#8217;Educaci\u00f3 per al Futur. Quins s\u00f3n els futurs possibles i probables? Quin \u00e9s el futur que volem? Com ho podem aconseguir?&nbsp;<\/p>\n<p class=\"rtejustify\">Ens interessa buscar respostes, plantejar noves preguntes i debatre sobre la recerca i la innovaci\u00f3 en educaci\u00f3 per a la participaci\u00f3 democr\u00e0tica, als nens i nenes al jovent en general. En aquesta l\u00ednia, la formaci\u00f3, tant inicial com permanent del professorat, t\u00e9 una rellev\u00e0ncia cabdal i \u00e9s un element clau per trobar eines que millorin l\u2019educaci\u00f3 democr\u00e0tica i la participaci\u00f3.&nbsp;<\/p>\n<p class=\"rtejustify\">El Congr\u00e9s ha de ser una bona oportunitat per connectar la teoria i la pr\u00e0ctica, les realitats educatives de cada centre amb les propostes educatives m\u00e9s generals, el dia a dia de les aules amb les investigacions que es desenvolupen en l&#8217;\u00e0mbit universitari.&nbsp;<\/p>\n<p class=\"rtejustify\">&nbsp;<\/p>\n<p class=\"rtejustify\"><span style=\"color:#A52A2A\"><strong>Les l\u00ednies d\u2019aquest Congr\u00e9s s\u00f3n les seg\u00fcents:&nbsp;<\/strong><\/span><\/p>\n<p class=\"rtejustify\"><strong>1. Investigaci\u00f3 i innovaci\u00f3 en educaci\u00f3 per a la cultura democr\u00e0tica.&nbsp;<\/strong><\/p>\n<p class=\"rtejustify\"><strong>2. Educaci\u00f3 per a la ciutadania global, diversitat i g\u00e8nere.&nbsp;<\/strong><\/p>\n<p class=\"rtejustify\"><strong>3. Literacitat cr\u00edtica digital i contrarelats de l\u2019odi.&nbsp;<\/strong><\/p>\n<p class=\"rtejustify\"><strong>4. Educaci\u00f3 per al futur i acci\u00f3 social.&nbsp;<\/strong><\/p>\n<p class=\"rtejustify\">El Congr\u00e9s comptar\u00e0 amb traducci\u00f3 simult\u00e0nia castell\u00e0-angl\u00e8s\/angl\u00e8s-castell\u00e0&nbsp;<\/p>\n<p class=\"rtejustify\">&nbsp;<\/p>\n<p class=\"rtejustify\"><span style=\"color:#A52A2A\"><strong>Destinataris:<\/strong><\/span><\/p>\n<p class=\"rtejustify\">&#8211; Professorat d\u2019ensenyament infantil, primari, secundari i universitari.&nbsp;<\/p>\n<p class=\"rtejustify\">&#8211; Tots aquells professionals interessats en l\u2019educaci\u00f3 democr\u00e0tica i l\u2019educaci\u00f3 per al futur, des de la recerca, la innovaci\u00f3 i la formaci\u00f3 del professorat.&nbsp;<\/p>\n<p class=\"rtejustify\">&#8211; Estudiants interessats en l\u2019ensenyament de les ci\u00e8ncies socials, la geografia, la hist\u00f2ria, i les possibilitats de la cultura democr\u00e0tica.&nbsp;<\/p>\n<p>&nbsp;<\/p>\n<p>&nbsp;<\/p>\n<p>&nbsp;<\/p>\n<p>&nbsp;<\/p>\n","protected":false},"excerpt":{"rendered":"<p>&nbsp; &nbsp; Congr\u00e9s Internacional&nbsp; XVIII Jornades Internacionals de Recerca en Did\u00e0ctica de les Ci\u00e8ncies Socials&nbsp; La Cultura Democr\u00e0tica i l\u2019Educaci\u00f3 per al futur&nbsp; &nbsp; International Conference&nbsp; XVIII International Seminar on Teaching Social Studies Research Democratic culture and education for the future&nbsp; &nbsp; Congreso Internacional&nbsp; XVIII Jornadas Internacionales de Investigaci\u00f3n en Did\u00e1ctica de las Ciencias Sociales&nbsp; [&hellip;]<\/p>\n","protected":false},"author":20,"featured_media":0,"parent":0,"menu_order":0,"comment_status":"closed","ping_status":"closed","template":"","meta":{"footnotes":""},"class_list":["post-218","page","type-page","status-publish","hentry"],"_links":{"self":[{"href":"https:\/\/webs.uab.cat\/gredics\/wp-json\/wp\/v2\/pages\/218","targetHints":{"allow":["GET"]}}],"collection":[{"href":"https:\/\/webs.uab.cat\/gredics\/wp-json\/wp\/v2\/pages"}],"about":[{"href":"https:\/\/webs.uab.cat\/gredics\/wp-json\/wp\/v2\/types\/page"}],"author":[{"embeddable":true,"href":"https:\/\/webs.uab.cat\/gredics\/wp-json\/wp\/v2\/users\/20"}],"replies":[{"embeddable":true,"href":"https:\/\/webs.uab.cat\/gredics\/wp-json\/wp\/v2\/comments?post=218"}],"version-history":[{"count":0,"href":"https:\/\/webs.uab.cat\/gredics\/wp-json\/wp\/v2\/pages\/218\/revisions"}],"wp:attachment":[{"href":"https:\/\/webs.uab.cat\/gredics\/wp-json\/wp\/v2\/media?parent=218"}],"curies":[{"name":"wp","href":"https:\/\/api.w.org\/{rel}","templated":true}]}}