{"id":72,"date":"2016-06-06T11:41:13","date_gmt":"2016-06-06T11:41:13","guid":{"rendered":"https:\/\/webs.uab.cat\/gredics\/arie-2008-2009\/"},"modified":"2016-06-06T11:41:13","modified_gmt":"2016-06-06T11:41:13","slug":"arie-2008-2009","status":"publish","type":"page","link":"https:\/\/webs.uab.cat\/gredics\/arie-2008-2009\/","title":{"rendered":"ARIE 2008-2009"},"content":{"rendered":"<p class=\"rtecenter\"><span style=\"font-size:18px\"><strong>2008 ARIE 00015<\/strong><\/span><\/p>\n<p class=\"rtecenter\"><span style=\"font-size:18px\"><strong>L&#8217;ensenyament i l&#8217;aprenentatge de&nbsp;<br \/>\nla Hist\u00f2ria de Catalunya en contextos interculturals.&nbsp;<br \/>\nEl desenvolupament de compet\u00e8ncies de&nbsp;<br \/>\npensament hist\u00f2ric a l&#8217;ESO<\/strong><\/span><\/p>\n<table border=\"1\" cellpadding=\"1\" cellspacing=\"1\" style=\"width:500px\">\n<tbody>\n<tr>\n<td>\n<p class=\"rtecenter\"><strong>Material generat a partir de la recerca:&nbsp;<\/strong><\/p>\n<p class=\"rtecenter\"><strong><a href=\"https:\/\/ddd.uab.cat\/search?f=title&amp;p=Per%20qu%C3%A8%20van%20marxar%3F%20Causes%20de%20l%27exili&amp;sc=1&amp;ln=ca\" target=\"_blank\" rel=\"noopener\">Per qu\u00e8 van marxar? Causes de l&#8217;exili<\/a><a href=\"https:\/\/ddd.uab.cat\/record\/203000\">&nbsp;<\/a><\/strong><\/p>\n<p style=\"text-align:center\"><img loading=\"lazy\" decoding=\"async\" class=\" size-full wp-image-69\" alt=\"\" height=\"312\" src=\"https:\/\/webs.uab.cat\/gredics\/wp-content\/uploads\/sites\/63\/2016\/06\/exili.jpg\" width=\"222\" srcset=\"https:\/\/webs.uab.cat\/gredics\/wp-content\/uploads\/sites\/63\/2016\/06\/exili.jpg 427w, https:\/\/webs.uab.cat\/gredics\/wp-content\/uploads\/sites\/63\/2016\/06\/exili-214x300.jpg 214w\" sizes=\"auto, (max-width: 222px) 100vw, 222px\" \/><\/p>\n<\/td>\n<\/tr>\n<\/tbody>\n<\/table>\n<p><strong>OBJECTIUS<\/strong><\/p>\n<p class=\"rtejustify\"><strong>Objectius i finalitats<\/strong><\/p>\n<p class=\"rtejustify\">La majoria d\u2019alumnes d\u2019ESO tenen dificultats per aprendre hist\u00f2ria. Sembla que una de les causes pot ser l\u2019exist\u00e8ncia de discontinu\u00eftats narratives en el seu coneixement hist\u00f2ric. Aquestes discontinu\u00eftats no nom\u00e9s es troben en el propi passat, sin\u00f3 que moltes vegades s\u00f3n degudes a una falta de vinculaci\u00f3 entre el passat i el present.<\/p>\n<p class=\"rtejustify\">La construcci\u00f3 del vincle entre passat i present \u00e9s fonamental si es volen desenvolupar habilitats de pensament hist\u00f2ric que permetin con\u00e8ixer el passat i comprendre el present. La discontinu\u00eftat no \u00e9s nom\u00e9s de car\u00e0cter conceptual, sin\u00f3 que tamb\u00e9 ho \u00e9s narrativa, ja que molts alumnes s\u00f3n incapa\u00e7os d\u2019incloure els nous coneixements hist\u00f2rics en una trama significativa. En definitiva, \u00e9s necessari disposar d\u2019un cont\u00ednuum narratiu que faciliti un aprenentatge hist\u00f2ric significatiu.<\/p>\n<p class=\"rtejustify\">L\u2019exist\u00e8ncia de les discontinu\u00eftats narratives planteja un repte important en l\u2019ensenyament de la hist\u00f2ria: la selecci\u00f3 dels continguts. Sembla que triar uns continguts que tinguin relaci\u00f3 amb el present o amb els problemes del present, facilita l\u2019\u00fas de l\u2019empatia personal i de l\u2019experi\u00e8ncia hist\u00f2rica personal, que es converteixen en estrat\u00e8gies molt interessants i \u00fatils per afavorir la construcci\u00f3 de narratives.<\/p>\n<p class=\"rtejustify\">A m\u00e9s de l\u2019\u00fas de l\u2019empatia i l\u2019experi\u00e8ncia personal, sembla que l\u2019\u00fas de llenguatges narratius (audiovisuals i argumentals) tamb\u00e9 facilita que l\u2019alumnat desenvolupi compet\u00e8ncies pr\u00f2pies del coneixement hist\u00f2ric. La construcci\u00f3 de narratives hist\u00f2riques que inclouen l\u2019explicaci\u00f3 causal i la interpretaci\u00f3 hist\u00f2rica afavoreixen el desenvolupament d\u2019una consci\u00e8ncia hist\u00f2rica, necess\u00e0ria per a l\u2019educaci\u00f3 per a la ciutadania.<\/p>\n<p class=\"rtejustify\">La recerca que pretenem iniciar aquest proper curs (2008-2009) t\u00e9 com a finalitat:<\/p>\n<p class=\"rtejustify\">* Elaborar una proposta per a l&#8217;ensenyament de la hist\u00f2ria que afavoreixi:<\/p>\n<blockquote>\n<p class=\"rtejustify\">a) el desenvolupament de la consci\u00e8ncia hist\u00f2rica (capacitat per a produir interpretacions i narracions hist\u00f2riques que relacionin diferents nivells de la comprensi\u00f3 hist\u00f2rica i de vinculaci\u00f3 temporal mitjan\u00e7ant explicacions complexes),<br \/>\nb) el desenvolupament de compet\u00e8ncies narratives (capacitat per a construir discursos hist\u00f2rics complexos que puguin servir de base per explicacions hist\u00f2riques v\u00e0lides tant per al passat com per al present), i&nbsp;<br \/>\nc) l&#8217;adquisici\u00f3 d&#8217;eines conceptuals i procedimentals per a la comprensi\u00f3 d&#8217;alguns moments significatius de la hist\u00f2ria de Catalunya.<\/p>\n<\/blockquote>\n<p class=\"rtejustify\">Els objectius de la recerca s\u00f3n:<\/p>\n<ul>\n<li class=\"rtejustify\">Descriure i valorar les principals problem\u00e0tiques de l&#8217;aprenentatge hist\u00f2ric de l&#8217;alumnat de l&#8217;ESO.<\/li>\n<li class=\"rtejustify\">Identificar i concretar quins s\u00f3n els llenguatges que faciliten la construcci\u00f3 de la narrativa hist\u00f2rica en els joves.<\/li>\n<li class=\"rtejustify\">Dissenyar i experimentar unes unitats did\u00e0ctiques sobre alguns fets i processos rellevants de la hist\u00f2ria de Catalunya i analitzar-ne i valorar-ne els resultats.<\/li>\n<li class=\"rtejustify\">Valorar els resultats de les unitats did\u00e0ctiques i elaborar indicadors avaluatius que desenvolupin les compet\u00e8ncies b\u00e0siques de l&#8217;\u00e0mbit social, especialment aquelles relacionades amb la narrativa hist\u00f2rica per a l&#8217;explicaci\u00f3 i comprensi\u00f3 del passat.<\/li>\n<li class=\"rtejustify\">Transferir les aportacions de la investigaci\u00f3 a la formaci\u00f3 de les compet\u00e8ncies interculturals del professorat en did\u00e0ctica de les ci\u00e8ncies socials.<\/li>\n<li class=\"rtejustify\">Establir els criteris que afavoreixin el disseny de materials did\u00e0ctics per al desenvolupament de compet\u00e8ncies narratives hist\u00f2riques centrades en l\u2019explicaci\u00f3 causal i la comprensi\u00f3 del passat, i en el desenvolupament de la consci\u00e8ncia hist\u00f2rica de l\u2019alumnat i d\u2019aquelles compet\u00e8ncies que la fomenten com la compet\u00e8ncia ciutadana i intercultural.<\/li>\n<li class=\"rtejustify\">Identificar quines s\u00f3n les representacions escrites o audiovisuals que afavoreixen el desenvolupament de les compet\u00e8ncies narratives hist\u00f2riques.<\/li>\n<li class=\"rtejustify\">Identificar el tipus de fets i fen\u00f2mens hist\u00f2rics m\u00e9s adients per afavorir el desenvolupament de la consci\u00e8ncia hist\u00f2rica de l\u2019alumnat d\u2019ESO.<\/li>\n<li class=\"rtejustify\">Validar un model curricular, a partir de l\u2019experimentaci\u00f3 de dues unitats did\u00e0ctiques, que articuli el desenvolupament de la comprensi\u00f3 hist\u00f2rica a partir de les compet\u00e8ncies b\u00e0siques i de l\u2019\u00fas de narratives.<\/li>\n<li class=\"rtejustify\">Analitzar i avaluar els resultats de les unitats did\u00e0ctiques, aix\u00ed com elaborar indicadors avaluatius d&#8217;activitats que desenvolupin les compet\u00e8ncies b\u00e0siques, especialment aquelles relacionades amb l\u2019educaci\u00f3 per a la ciutadania.<\/li>\n<\/ul>\n<p class=\"rtejustify\">Els objectius did\u00e0ctics dels materials que pretenem dissenyar s\u00f3n:<\/p>\n<ul>\n<li class=\"rtejustify\">Desenvolupar habilitats de comprensi\u00f3 i interpretaci\u00f3 hist\u00f2rica, posant \u00e8mfasi en dues formes de representaci\u00f3: les representacions escrites (textos narratius hist\u00f2rics) i representacions audiovisuals (argumentals i c\u00f2mics).<\/li>\n<li class=\"rtejustify\">Elaborar arguments i judicis hist\u00f2rics amb refer\u00e8ncies expl\u00edcites que indiquin empatia o posar-se en el lloc de l&#8217;altre.<\/li>\n<\/ul>\n<p class=\"rtejustify\">Aquests objectius es vinculen amb la millora dels resultats de l\u2019\u00e0rea de ci\u00e8ncies socials, geografia i hist\u00f2ria, ja que impulsen innovacions did\u00e0ctiques centrades en les compet\u00e8ncies b\u00e0siques i, en particular, en les compet\u00e8ncies narratives. A m\u00e9s, es planteja indagar sobre els continguts hist\u00f2rics que poden ajudar a comprendre els fen\u00f2mens migratoris actuals, la necessitat d\u2019un di\u00e0leg i d\u2019una conviv\u00e8ncia intercultural i desenvolupar una consci\u00e8ncia ciutadana democr\u00e0tica.<\/p>\n<p class=\"rtejustify\">Les unitats elaborades aix\u00ed com els resultats de les recerques pr\u00e8vies i de la seva experimentaci\u00f3 s&#8217;oferiran al professorat a partir de la construcci\u00f3 d&#8217;un web oberta a tot el professorat de ci\u00e8ncies socials, geografia i hist\u00f2ria de Catalunya i al de les aules d&#8217;acollida.<\/p>\n<p class=\"rtejustify\"><strong>MARC TE\u00d2RIC<\/strong><\/p>\n<p class=\"rtejustify\"><strong>Projecte<\/strong><\/p>\n<p class=\"rtejustify\">Aquest projecte d&#8217;investigaci\u00f3 com a renovaci\u00f3 de la convocat\u00f2ria 2005ARIE i 2006AIRE- continua inserint-se en una l\u00ednia de recerca que pret\u00e9n tenir en compte les aportacions de l&#8217;ensenyament de la hist\u00f2ria en contextos multiculturals, la construcci\u00f3 d&#8217;identitats i la formaci\u00f3 de la ciutadania democr\u00e0tica. A m\u00e9s, es basa en una concepci\u00f3 de l&#8217;ensenyament de la hist\u00f2ria que fomenta el desenvolupament de la consci\u00e8ncia hist\u00f2rica i de les compet\u00e8ncies narratives.<\/p>\n<p>El projecte est\u00e0 comen\u00e7ant a donar resposta a una necessitat que ens van fer arribar professors i professores de ci\u00e8ncies socials, geografia i hist\u00f2ria i responsables d&#8217;aules d&#8217;acollida de centres del nostre entorn: la inexist\u00e8ncia de material adequat sobre la hist\u00f2ria i la cultura catalana per utilitzar en l&#8217;ensenyament dels joves en aules multiculturals.<\/p>\n<p>La voluntat d&#8217;aquests dos cursos (2006-2007 i 2007-2008) ha estat la de dissenyar uns materials que tinguin sentit i significat per a tot l&#8217;alumnat dels centres d&#8217;ensenyament secundari de Catalunya i que contribueixi a la seva formaci\u00f3 d&#8217;una ciutadania democr\u00e0tica.&nbsp;<\/p>\n<p>En societats com la catalana, que es caracteritzen per la multiculturalitat, \u00e9s habitual preguntar-se sobre quina hist\u00f2ria conv\u00e9 ensenyar per afavorir la conviv\u00e8ncia de grups i persones de cultures, \u00e8tnies i religions diverses, quines relacions es poden establir entre la hist\u00f2ria del pa\u00eds d&#8217;acollida (Catalunya) i la hist\u00f2ria dels pa\u00efsos de proced\u00e8ncia i quin pes tenen en la construcci\u00f3 de les identitats individuals i col\u00b7lectives.<\/p>\n<p>El primer curs (2006-2007) vam centrar la recerca fonamentalment en esbrinar quin paper juguen els aprenentatges hist\u00f2rics que t\u00e9 l&#8217;alumnat nouvingut com a facilitadors o com obstacles per a la construcci\u00f3 de la seva consci\u00e8ncia hist\u00f2rica. La finalitat era esbrinar quins aprenentatges havien constru\u00eft en el seu pa\u00eds d&#8217;origen i com els relacionen amb els nous aprenentatges hist\u00f2rics que estan aprenent a Catalunya.<\/p>\n<p>El segon curs (2007-2008) hem centrat la recerca b\u00e0sicament en comprovar com els joves construeixen narratives hist\u00f2riques i utilitzen aquests aprenentatges per analitzar la realitat multicultural i complexa de la societat catalana passada i actual- i com aquestes an\u00e0lisis les fan des de: els estereotips generalitzats, les empaties quotidianes, les empaties hist\u00f2riques o les empaties hist\u00f2riques i contextuals. Les narratives les havien de construir a partir de: a) identificar i comparar les difer\u00e8ncies i similituds entre la hist\u00f2ria i les experi\u00e8ncies hist\u00f2riques pr\u00f2pies amb la d&#8217;altres llocs i persones, i b) elaborar textos interpretatius des de l&#8217;empatia.&nbsp;<\/p>\n<p>Aquest curs (2008-2009) pretenem aprofundir en com facilitar que els joves construeixin les seves narratives hist\u00f2riques per afavorir el desenvolupament de la seva consci\u00e8ncia hist\u00f2rica i social. A partir dels resultats obtinguts en els dos cursos anteriors, considerem que cal introduir altres llenguatges (diferents als que habitualment hi ha en els llibres de text) que facilitin l&#8217;elaboraci\u00f3 de discursos orals i escrits i que permetin amb m\u00e9s facilitat elaborar les seves narratives: el c\u00f2mic i l&#8217;audiovisual. La finalitat \u00e9s aconseguir que superin les discontinu\u00eftats narratives existents, tant els joves nouvinguts com els que no ho s\u00f3n.<\/p>\n<p class=\"rtejustify\"><strong>PUBLICACIONS<\/strong><\/p>\n<ul>\n<li class=\"rtejustify\">Gonz\u00e1lez, N. \u2013 Henr\u00edquez, R. \u2013 Pag\u00e8s, J. (2008). &#8220;<a href=\"http:\/\/www.scribd.com\/full\/32657658?access_key=key-260s6t0vs0vlybd6jbij\">Ense\u00f1anza y aprendizaje de la historia en contextos interculturales. Una experiencia de investigaci\u00f3n y aplicaci\u00f3n did\u00e1ctica con consecuencias curriculares<\/a>&#8220;. En: &nbsp;XIX Simposio Internacional de Did\u00e1ctica de las Ciencias Sociales. Did\u00e1ctica de las Ciencias Sociales, curr\u00edculo escolar y Formaci\u00f3n de Profesorado Baeza, marzo 2008<\/li>\n<li class=\"rtejustify\">Neus, N. \u2013 Henr\u00edquez, R. \u2013 Pag\u00e8s, J. \u2013 Santisteban, A. (2008) &#8220;<a href=\"http:\/\/www.scribd.com\/doc\/32657655\/Empatia-historica-para-un-presente-cambiante#fullscreen:on\">Empat\u00eda hist\u00f3rica para un presente cambiante. La ense\u00f1anza y el aprendizaje de la comprensi\u00f3n hist\u00f3rica a trav\u00e9s de una experiencia did\u00e1ctica<\/a>&#8221; A: Colloque &#8220;Didactiques de l\u2019Histoire, de la G\u00e9ographie et de l\u2019\u00c9ducation \u00e0 la Citoyennet\u00e9&#8221; Enjeux du Monde, enjeux d\u2019apprentissage en histoire, g\u00e9ographie, \u00e9ducation \u00e0 la citoyennet\u00e9 Quels apports des didactiques? Nantes, 8-9 d\u00e9cembre 2008<\/li>\n<li class=\"rtejustify\">Gonz\u00e1lez, N. &#8211; Henr\u00edquez, R. &#8211; Pag\u00e8s, J. &#8211; Santisteban, A. (2009) \u201c<a href=\"http:\/\/www.scribd.com\/full\/32657629?access_key=key-103x11aebh8egehz02ud\">El aprendizaje de la convivencia intercultural a trav\u00e9s de la ense\u00f1anza de la historia<\/a>\u201d&nbsp; A: Colloque international des didactiques de l\u2019histoire, de la g\u00e9ographie et de l\u2019\u00e9ducation \u00e0 la citoyennet\u00e9 Curriculums en mouvement, acteurs et savoirs sous pression-s. Enjeux et impacts Laussanne, 23 et 24 novembre 2009<\/li>\n<li class=\"rtejustify\">Gonz\u00e1lez, N. &#8211; Henr\u00edquez, R. &#8211; Pag\u00e8s, J. &#8211; Santisteban, A. (2009) &nbsp;\u201c<a href=\"http:\/\/www.scribd.com\/full\/32657651?access_key=key-23a1momrtkele1ysxh29\">El aprendizaje de la empat\u00eda hist\u00f3rica en educaci\u00f3n secundaria. An\u00e0lisis y proyecciones de una investigaci\u00f3n sobre la ense\u00f1anza y el aprendizaje del conflicto y la convivencia en la edad media<\/a>\u201d en A: XX Simposio Internacional de Did\u00e1ctica de las Ciencias Sociales-&nbsp;1er. Convenio Internacional Italo-Espa\u00f1ol de Did\u00e1ctica de las Ciencias Sociales. La educaci\u00f3n de la ciudadan\u00eda europea y la formaci\u00f3n del profesorado. Un proyecto educativo para la &#8220;estrategia de Lisboa&#8221;. Bolonia: Asociaci\u00f3n Universitaria de Profesores de Did\u00e1ctica de las Ciencias sociales-Centro Internazionale di Didattica della Storia e del Patrimonio.<\/li>\n<li class=\"rtejustify\">Santisteban, A.- Gonz\u00e1lez, N.- Pag\u00e8s, J. (2010). &#8220;<a href=\"http:\/\/www.scribd.com\/full\/32657683?access_key=key-grajp4bi5o3qz1h0vzb\">Una investigaci\u00f3n sobre la formaci\u00f3n del pensamiento hist\u00f3rico&#8221;<\/a>. En XXI Simposio internacional de did\u00e1ctica de las ciencias sociales \u201cmetodolog\u00eda de investigaci\u00f3n en did\u00e1ctica de las ciencias sociales, Zaragoza, 23-25 Marzo 2010<\/li>\n<\/ul>\n","protected":false},"excerpt":{"rendered":"<p>2008 ARIE 00015 L&#8217;ensenyament i l&#8217;aprenentatge de&nbsp; la Hist\u00f2ria de Catalunya en contextos interculturals.&nbsp; El desenvolupament de compet\u00e8ncies de&nbsp; pensament hist\u00f2ric a l&#8217;ESO Material generat a partir de la recerca:&nbsp; Per qu\u00e8 van marxar? Causes de l&#8217;exili&nbsp; OBJECTIUS Objectius i finalitats La majoria d\u2019alumnes d\u2019ESO tenen dificultats per aprendre hist\u00f2ria. Sembla que una de les [&hellip;]<\/p>\n","protected":false},"author":20,"featured_media":69,"parent":0,"menu_order":0,"comment_status":"closed","ping_status":"closed","template":"","meta":{"footnotes":""},"class_list":["post-72","page","type-page","status-publish","has-post-thumbnail","hentry"],"_links":{"self":[{"href":"https:\/\/webs.uab.cat\/gredics\/wp-json\/wp\/v2\/pages\/72","targetHints":{"allow":["GET"]}}],"collection":[{"href":"https:\/\/webs.uab.cat\/gredics\/wp-json\/wp\/v2\/pages"}],"about":[{"href":"https:\/\/webs.uab.cat\/gredics\/wp-json\/wp\/v2\/types\/page"}],"author":[{"embeddable":true,"href":"https:\/\/webs.uab.cat\/gredics\/wp-json\/wp\/v2\/users\/20"}],"replies":[{"embeddable":true,"href":"https:\/\/webs.uab.cat\/gredics\/wp-json\/wp\/v2\/comments?post=72"}],"version-history":[{"count":0,"href":"https:\/\/webs.uab.cat\/gredics\/wp-json\/wp\/v2\/pages\/72\/revisions"}],"wp:featuredmedia":[{"embeddable":true,"href":"https:\/\/webs.uab.cat\/gredics\/wp-json\/wp\/v2\/media\/69"}],"wp:attachment":[{"href":"https:\/\/webs.uab.cat\/gredics\/wp-json\/wp\/v2\/media?parent=72"}],"curies":[{"name":"wp","href":"https:\/\/api.w.org\/{rel}","templated":true}]}}