{"id":90,"date":"2018-09-03T09:33:00","date_gmt":"2018-09-03T09:33:00","guid":{"rendered":"https:\/\/webs.uab.cat\/gredics\/docencia\/"},"modified":"2018-09-03T09:33:00","modified_gmt":"2018-09-03T09:33:00","slug":"docencia","status":"publish","type":"page","link":"https:\/\/webs.uab.cat\/gredics\/docencia\/","title":{"rendered":"DOC\u00c8NCIA"},"content":{"rendered":"<p>La doc\u00e8ncia impartida a la UAB dels membres de GREDICS es fa als Graus d&#8217;Educaci\u00f3 Prim\u00e0ria i Educaci\u00f3 Infantil; als M\u00e0sters Oficials de&nbsp;Formaci\u00f3 de Professorat d&#8217;Educaci\u00f3 Secund\u00e0ria i de Recerca en Educaci\u00f3 (E5-Especialitat en Did\u00e0ctica de les Ci\u00e8ncies Socials); i al Doctorat en Educaci\u00f3 &#8211; Did\u00e0ctica de les Ci\u00e8ncies Socials.<\/p>\n<p>Tota la informaci\u00f3 es troba al web de la Facultat de Ci\u00e8ncies de l&#8217;Educaci\u00f3 (<a href=\"https:\/\/www.uab.cat\/ciencies-educacio\/\">https:\/\/www.uab.cat\/ciencies-educacio\/<\/a>)<\/p>\n<p>&nbsp;<\/p>\n","protected":false},"excerpt":{"rendered":"<p>La doc\u00e8ncia impartida a la UAB dels membres de GREDICS es fa als Graus d&#8217;Educaci\u00f3 Prim\u00e0ria i Educaci\u00f3 Infantil; als M\u00e0sters Oficials de&nbsp;Formaci\u00f3 de Professorat d&#8217;Educaci\u00f3 Secund\u00e0ria i de Recerca en Educaci\u00f3 (E5-Especialitat en Did\u00e0ctica de les Ci\u00e8ncies Socials); i al Doctorat en Educaci\u00f3 &#8211; Did\u00e0ctica de les Ci\u00e8ncies Socials. Tota la informaci\u00f3 es troba [&hellip;]<\/p>\n","protected":false},"author":20,"featured_media":0,"parent":0,"menu_order":0,"comment_status":"closed","ping_status":"closed","template":"","meta":{"footnotes":""},"class_list":["post-90","page","type-page","status-publish","hentry"],"_links":{"self":[{"href":"https:\/\/webs.uab.cat\/gredics\/wp-json\/wp\/v2\/pages\/90","targetHints":{"allow":["GET"]}}],"collection":[{"href":"https:\/\/webs.uab.cat\/gredics\/wp-json\/wp\/v2\/pages"}],"about":[{"href":"https:\/\/webs.uab.cat\/gredics\/wp-json\/wp\/v2\/types\/page"}],"author":[{"embeddable":true,"href":"https:\/\/webs.uab.cat\/gredics\/wp-json\/wp\/v2\/users\/20"}],"replies":[{"embeddable":true,"href":"https:\/\/webs.uab.cat\/gredics\/wp-json\/wp\/v2\/comments?post=90"}],"version-history":[{"count":0,"href":"https:\/\/webs.uab.cat\/gredics\/wp-json\/wp\/v2\/pages\/90\/revisions"}],"wp:attachment":[{"href":"https:\/\/webs.uab.cat\/gredics\/wp-json\/wp\/v2\/media?parent=90"}],"curies":[{"name":"wp","href":"https:\/\/api.w.org\/{rel}","templated":true}]}}