{"id":98,"date":"2018-09-04T11:28:28","date_gmt":"2018-09-04T11:28:28","guid":{"rendered":"https:\/\/webs.uab.cat\/gredics\/contacte\/"},"modified":"2018-09-04T11:28:28","modified_gmt":"2018-09-04T11:28:28","slug":"contacte","status":"publish","type":"page","link":"https:\/\/webs.uab.cat\/gredics\/contacte\/","title":{"rendered":"Contacte"},"content":{"rendered":"<p>Per a m\u00e9s informaci\u00f3 envieu un correu a la seg\u00fcent direcci\u00f3:<\/p>\n<p>&nbsp;<a href=\"http:\/\/Antoni.Santisteban@uab.cat\" target=\"_blank\" rel=\"noopener\">Antoni.Santisteban@uab.cat<\/a><\/p>\n","protected":false},"excerpt":{"rendered":"<p>Per a m\u00e9s informaci\u00f3 envieu un correu a la seg\u00fcent direcci\u00f3: &nbsp;Antoni.Santisteban@uab.cat<\/p>\n","protected":false},"author":20,"featured_media":0,"parent":0,"menu_order":0,"comment_status":"closed","ping_status":"closed","template":"","meta":{"footnotes":""},"class_list":["post-98","page","type-page","status-publish","hentry"],"_links":{"self":[{"href":"https:\/\/webs.uab.cat\/gredics\/wp-json\/wp\/v2\/pages\/98","targetHints":{"allow":["GET"]}}],"collection":[{"href":"https:\/\/webs.uab.cat\/gredics\/wp-json\/wp\/v2\/pages"}],"about":[{"href":"https:\/\/webs.uab.cat\/gredics\/wp-json\/wp\/v2\/types\/page"}],"author":[{"embeddable":true,"href":"https:\/\/webs.uab.cat\/gredics\/wp-json\/wp\/v2\/users\/20"}],"replies":[{"embeddable":true,"href":"https:\/\/webs.uab.cat\/gredics\/wp-json\/wp\/v2\/comments?post=98"}],"version-history":[{"count":0,"href":"https:\/\/webs.uab.cat\/gredics\/wp-json\/wp\/v2\/pages\/98\/revisions"}],"wp:attachment":[{"href":"https:\/\/webs.uab.cat\/gredics\/wp-json\/wp\/v2\/media?parent=98"}],"curies":[{"name":"wp","href":"https:\/\/api.w.org\/{rel}","templated":true}]}}