{"id":259,"date":"2019-07-26T10:36:32","date_gmt":"2019-07-26T10:36:32","guid":{"rendered":"https:\/\/webs.uab.cat\/gregal\/special-issues\/"},"modified":"2025-10-21T11:36:18","modified_gmt":"2025-10-21T11:36:18","slug":"special-issues","status":"publish","type":"page","link":"https:\/\/webs.uab.cat\/gregal\/en\/special-issues\/","title":{"rendered":"Special issues"},"content":{"rendered":"\n<p>&nbsp;<\/p>\n\n\n\n<div class=\"wp-block-media-text is-stacked-on-mobile\" style=\"grid-template-columns:38% auto\"><figure class=\"wp-block-media-text__media\"><img loading=\"lazy\" decoding=\"async\" width=\"555\" height=\"791\" src=\"https:\/\/webs.uab.cat\/gregal\/wp-content\/uploads\/sites\/68\/2025\/10\/raan20.v023.i04.largecover.jpg\" alt=\"\" class=\"wp-image-2880 size-full\" srcset=\"https:\/\/webs.uab.cat\/gregal\/wp-content\/uploads\/sites\/68\/2025\/10\/raan20.v023.i04.largecover.jpg 555w, https:\/\/webs.uab.cat\/gregal\/wp-content\/uploads\/sites\/68\/2025\/10\/raan20.v023.i04.largecover-210x300.jpg 210w\" sizes=\"auto, (max-width: 555px) 100vw, 555px\" \/><\/figure><div class=\"wp-block-media-text__content\">\n\n<p class=\"has-small-font-size\"><strong>Guarn\u00e9, Blai.<\/strong><em>&nbsp;<\/em>&amp; Klemen Senica (2024) Special Issue&nbsp;\u201cResearch on Japan in (post-)COVID Times.\u201d&nbsp;<em>Asian Anthropology<\/em>, Vol. 23, No. 4.<\/p>\n\n<\/div><\/div>\n\n\n\n<div class=\"wp-block-media-text is-stacked-on-mobile\" style=\"grid-template-columns:38% auto\"><figure class=\"wp-block-media-text__media\"><img loading=\"lazy\" decoding=\"async\" width=\"475\" height=\"713\" src=\"https:\/\/webs.uab.cat\/gregal\/wp-content\/uploads\/sites\/68\/2025\/03\/2211372x.png\" alt=\"\" class=\"wp-image-2541 size-full\" srcset=\"https:\/\/webs.uab.cat\/gregal\/wp-content\/uploads\/sites\/68\/2025\/03\/2211372x.png 475w, https:\/\/webs.uab.cat\/gregal\/wp-content\/uploads\/sites\/68\/2025\/03\/2211372x-200x300.png 200w\" sizes=\"auto, (max-width: 475px) 100vw, 475px\" \/><\/figure><div class=\"wp-block-media-text__content\">\n\n<p class=\"has-small-font-size\"><strong>Torres, E.<\/strong><em>&nbsp;et al.<\/em>&nbsp;(2023) \u201cPivot translation, friend or foe of sustainable development? Pivot subtitlers\u2019 perspectives\u201d,&nbsp;<em>Translation Spaces<\/em>.&nbsp;<\/p>\n\n<\/div><\/div>\n\n\n\n<div class=\"wp-block-media-text is-stacked-on-mobile\" style=\"grid-template-columns:38% auto\"><figure class=\"wp-block-media-text__media\"><img loading=\"lazy\" decoding=\"async\" width=\"548\" height=\"765\" src=\"https:\/\/webs.uab.cat\/gregal\/wp-content\/uploads\/sites\/68\/2025\/03\/Captura-de-pantalla-2025-03-06-a-les-13.09.42.png\" alt=\"\" class=\"wp-image-2544 size-full\" srcset=\"https:\/\/webs.uab.cat\/gregal\/wp-content\/uploads\/sites\/68\/2025\/03\/Captura-de-pantalla-2025-03-06-a-les-13.09.42.png 548w, https:\/\/webs.uab.cat\/gregal\/wp-content\/uploads\/sites\/68\/2025\/03\/Captura-de-pantalla-2025-03-06-a-les-13.09.42-215x300.png 215w\" sizes=\"auto, (max-width: 548px) 100vw, 548px\" \/><\/figure><div class=\"wp-block-media-text__content\">\n\n<p class=\"has-small-font-size\"><strong>Torres, E.&nbsp;<\/strong><em>et al.&nbsp;<\/em>(2023)&nbsp;\u201cDesaf\u00edos y formaci\u00f3n para los creadores de plantillas din\u00e1micas: hallazgos de una encuesta con subtituladores y formadores en subtitulado\u201d,&nbsp;<em>\u00cdkala, revista de lenguaje y cultura<\/em>,&nbsp;28(2),&nbsp;pp.1-21.&nbsp;<\/p>\n\n<\/div><\/div>\n\n\n\n<div class=\"wp-block-media-text is-stacked-on-mobile\" style=\"grid-template-columns:38% auto\"><figure class=\"wp-block-media-text__media\"><img loading=\"lazy\" decoding=\"async\" width=\"600\" height=\"856\" src=\"https:\/\/webs.uab.cat\/gregal\/wp-content\/uploads\/sites\/68\/2025\/10\/cover_issue_3993_es_ES.jpg\" alt=\"\" class=\"wp-image-2890 size-full\" srcset=\"https:\/\/webs.uab.cat\/gregal\/wp-content\/uploads\/sites\/68\/2025\/10\/cover_issue_3993_es_ES.jpg 600w, https:\/\/webs.uab.cat\/gregal\/wp-content\/uploads\/sites\/68\/2025\/10\/cover_issue_3993_es_ES-210x300.jpg 210w\" sizes=\"auto, (max-width: 600px) 100vw, 600px\" \/><\/figure><div class=\"wp-block-media-text__content\">\n<p class=\"has-small-font-size\"><strong>Guarn\u00e9, Blai<\/strong>,(ed.) \u201c<a href=\"https:\/\/revistas.ucm.es\/index.php\/MIRA\/issue\/view\/3993\">Nuevas tendencias de la investigaci\u00f3n en los Estudios Japoneses en Espa\u00f1a<\/a>\u201d, 2022.<\/p>\n<\/div><\/div>\n\n\n\n<div class=\"wp-block-media-text is-stacked-on-mobile\" style=\"grid-template-columns:38% auto\"><figure class=\"wp-block-media-text__media\"><img loading=\"lazy\" decoding=\"async\" width=\"725\" height=\"1024\" src=\"https:\/\/webs.uab.cat\/gregal\/wp-content\/uploads\/sites\/68\/2023\/10\/Ecosistemas-y-startups_2022_page-0001-725x1024.jpg\" alt=\"\" class=\"wp-image-1503 size-full\" srcset=\"https:\/\/webs.uab.cat\/gregal\/wp-content\/uploads\/sites\/68\/2023\/10\/Ecosistemas-y-startups_2022_page-0001-725x1024.jpg 725w, https:\/\/webs.uab.cat\/gregal\/wp-content\/uploads\/sites\/68\/2023\/10\/Ecosistemas-y-startups_2022_page-0001-212x300.jpg 212w, https:\/\/webs.uab.cat\/gregal\/wp-content\/uploads\/sites\/68\/2023\/10\/Ecosistemas-y-startups_2022_page-0001-768x1085.jpg 768w, https:\/\/webs.uab.cat\/gregal\/wp-content\/uploads\/sites\/68\/2023\/10\/Ecosistemas-y-startups_2022_page-0001-1087x1536.jpg 1087w, https:\/\/webs.uab.cat\/gregal\/wp-content\/uploads\/sites\/68\/2023\/10\/Ecosistemas-y-startups_2022_page-0001-1200x1696.jpg 1200w, https:\/\/webs.uab.cat\/gregal\/wp-content\/uploads\/sites\/68\/2023\/10\/Ecosistemas-y-startups_2022_page-0001.jpg 1241w\" sizes=\"auto, (max-width: 725px) 100vw, 725px\" \/><\/figure><div class=\"wp-block-media-text__content\">\n\n<p class=\"has-small-font-size\">Jensana, Amadeu &amp; <strong>Mart\u00ednez-Taberner, Guillermo<\/strong>, eds., &#8220;El ecosistema de emprendimiento y startups en Jap\u00f3n&#8221;, <a href=\"https:\/\/static.casaasia.es\/2022\/06\/Ecosistemas-y-startups_2022.pdf\" data-type=\"URL\" data-id=\"https:\/\/static.casaasia.es\/2022\/06\/Ecosistemas-y-startups_2022.pdf\"><em>Ecosistemas de emprendimiento y oportunidades para startups en China, Jap\u00f3n y Corea<\/em> <em>del Sur<\/em><\/a>, 2022.<\/p>\n\n<\/div><\/div>\n\n\n\n<div class=\"wp-block-media-text is-stacked-on-mobile\" style=\"grid-template-columns:38% auto\"><figure class=\"wp-block-media-text__media\"><img loading=\"lazy\" decoding=\"async\" width=\"300\" height=\"363\" src=\"https:\/\/webs.uab.cat\/gregal\/wp-content\/uploads\/sites\/68\/2023\/10\/cover_issue_344_es_ES.png\" alt=\"\" class=\"wp-image-1511 size-full\" srcset=\"https:\/\/webs.uab.cat\/gregal\/wp-content\/uploads\/sites\/68\/2023\/10\/cover_issue_344_es_ES.png 300w, https:\/\/webs.uab.cat\/gregal\/wp-content\/uploads\/sites\/68\/2023\/10\/cover_issue_344_es_ES-248x300.png 248w\" sizes=\"auto, (max-width: 300px) 100vw, 300px\" \/><\/figure><div class=\"wp-block-media-text__content\">\n\n<p class=\"has-small-font-size\">Campos Freire, Francisco &amp; <strong>Loriguillo-L\u00f3pez, Antonio<\/strong>, &#8220;Medios de comunicaci\u00f3n p\u00fablicos y participaci\u00f3n ciudadana, adComunica&#8221;, <em><a href=\"https:\/\/www.e-revistes.uji.es\/index.php\/adcomunica\/issue\/view\/344\" data-type=\"URL\" data-id=\"https:\/\/www.e-revistes.uji.es\/index.php\/adcomunica\/issue\/view\/344\">Revista cient\u00edfica de estrategias, tendencias e innovaci\u00f3n en Comunicaci\u00f3n<\/a><\/em>, 2021.<\/p>\n\n<\/div><\/div>\n\n\n\n<div class=\"wp-block-media-text is-stacked-on-mobile\" style=\"grid-template-columns:38% auto\"><figure class=\"wp-block-media-text__media\"><img loading=\"lazy\" decoding=\"async\" width=\"200\" height=\"296\" src=\"https:\/\/webs.uab.cat\/gregal\/wp-content\/uploads\/sites\/68\/2025\/10\/showCoverImage.jpeg\" alt=\"\" class=\"wp-image-2896 size-full\" \/><\/figure><div class=\"wp-block-media-text__content\">\n<p class=\"has-small-font-size\"><strong>Guarn\u00e9, Blai &amp; Ferran d<\/strong>e Vargas<strong>\u00a0(eds.)\u201c<\/strong><a href=\"https:\/\/www.tandfonline.com\/doi\/full\/10.1080\/17541328.2021.1997182\">Japan\u2019s Long 1968 Cinema: Resistance, Struggle, Revolt<\/a>\u201d, 2021.<\/p>\n<\/div><\/div>\n\n\n\n<div class=\"wp-block-media-text is-stacked-on-mobile\" style=\"grid-template-columns:38% auto\"><figure class=\"wp-block-media-text__media\"><img loading=\"lazy\" decoding=\"async\" width=\"410\" height=\"537\" src=\"https:\/\/webs.uab.cat\/gregal\/wp-content\/uploads\/sites\/68\/2019\/07\/atalante.png\" alt=\"\" class=\"wp-image-184 size-full\" srcset=\"https:\/\/webs.uab.cat\/gregal\/wp-content\/uploads\/sites\/68\/2019\/07\/atalante.png 410w, https:\/\/webs.uab.cat\/gregal\/wp-content\/uploads\/sites\/68\/2019\/07\/atalante-229x300.png 229w\" sizes=\"auto, (max-width: 410px) 100vw, 410px\" \/><\/figure><div class=\"wp-block-media-text__content\">\n<p class=\"has-small-font-size\"><strong>Guarn\u00e9, Blai <\/strong>&amp; <strong>Loriguillo-L\u00f3pez, Antonio<\/strong>, eds., Special Issue &#8220;<a href=\"http:\/\/www.revistaatalante.com\/index.php?journal=atalante&amp;page=issue&amp;op=current\">The Impact of Japanese and South Korean Audiovisual Production on Spain<\/a>&#8220;, <em>L&#8217;Atalante<\/em>, 29, January 2020.<\/p>\n<\/div><\/div>\n\n\n\n<div class=\"wp-block-media-text is-stacked-on-mobile\" style=\"grid-template-columns:38% auto\"><figure class=\"wp-block-media-text__media\"><img loading=\"lazy\" decoding=\"async\" width=\"423\" height=\"600\" src=\"https:\/\/webs.uab.cat\/gregal\/wp-content\/uploads\/sites\/68\/2019\/07\/japanese_transnational_cinema.png\" alt=\"\" class=\"wp-image-187 size-full\" srcset=\"https:\/\/webs.uab.cat\/gregal\/wp-content\/uploads\/sites\/68\/2019\/07\/japanese_transnational_cinema.png 423w, https:\/\/webs.uab.cat\/gregal\/wp-content\/uploads\/sites\/68\/2019\/07\/japanese_transnational_cinema-212x300.png 212w\" sizes=\"auto, (max-width: 423px) 100vw, 423px\" \/><\/figure><div class=\"wp-block-media-text__content\">\n<p class=\"has-small-font-size\"><strong>Centeno, Marcos<\/strong> &amp; Morita, Nori , eds., Special Issue &#8220;<a href=\"http:\/\/www.mdpi.com\/journal\/arts\/special_issues\/Japanese_Transnational_Cinema\">Japanese Transnational Cinema<\/a>&#8220;, <em>Arts, <\/em>2019.<\/p>\n<\/div><\/div>\n\n\n\n<div class=\"wp-block-media-text is-stacked-on-mobile\" style=\"grid-template-columns:38% auto\"><figure class=\"wp-block-media-text__media\"><img loading=\"lazy\" decoding=\"async\" width=\"423\" height=\"600\" src=\"https:\/\/webs.uab.cat\/gregal\/wp-content\/uploads\/sites\/68\/2019\/07\/developments_japanese_documentary_film.png\" alt=\"\" class=\"wp-image-190 size-full\" srcset=\"https:\/\/webs.uab.cat\/gregal\/wp-content\/uploads\/sites\/68\/2019\/07\/developments_japanese_documentary_film.png 423w, https:\/\/webs.uab.cat\/gregal\/wp-content\/uploads\/sites\/68\/2019\/07\/developments_japanese_documentary_film-212x300.png 212w\" sizes=\"auto, (max-width: 423px) 100vw, 423px\" \/><\/figure><div class=\"wp-block-media-text__content\">\n<p class=\"has-small-font-size\"><strong>Centeno, Marcos<\/strong> &amp; Raine, Michael (University of Western Ontario), eds., Special Issue &#8220;<a href=\"https:\/\/www.mdpi.com\/journal\/arts\/special_issues\/Developments_Japanese_Documentary_Film\">Developments in Japanese Documentary Film<\/a>&#8220;, <em>Arts, <\/em>2019.<\/p>\n<\/div><\/div>\n\n\n\n<div class=\"wp-block-media-text is-stacked-on-mobile\" style=\"grid-template-columns:37% auto\"><figure class=\"wp-block-media-text__media\"><img loading=\"lazy\" decoding=\"async\" width=\"426\" height=\"600\" src=\"https:\/\/webs.uab.cat\/gregal\/wp-content\/uploads\/sites\/68\/2019\/07\/minpaku_40.png\" alt=\"\" class=\"wp-image-193 size-full\" srcset=\"https:\/\/webs.uab.cat\/gregal\/wp-content\/uploads\/sites\/68\/2019\/07\/minpaku_40.png 426w, https:\/\/webs.uab.cat\/gregal\/wp-content\/uploads\/sites\/68\/2019\/07\/minpaku_40-213x300.png 213w\" sizes=\"auto, (max-width: 426px) 100vw, 426px\" \/><\/figure><div class=\"wp-block-media-text__content\">\n<p class=\"has-small-font-size\"><strong>Guarn\u00e9, Blai<\/strong> &amp; Yamashita, Shinji, eds., Special issue \u201c<a href=\"https:\/\/minpaku.repo.nii.ac.jp\/index.php?action=pages_view_main&amp;active_action=repository_view_main_item_snippet&amp;index_id=346&amp;pn=1&amp;count=20&amp;order=17&amp;lang=japanese&amp;page_id=13&amp;block_id=21\">Japan in Global Circulation: Transnational Migration and Multicultural Politics<\/a>,\u201d <em>Kokuritsu Minzokugaku Hakubutsukan Kenky\u016b-H\u014dkoku <\/em>\u56fd\u7acb\u6c11\u65cf\u5b66\u535a\u7269\u9928\u7814\u7a76\u5831\u544a, 40, 1, 2015.<\/p>\n<\/div><\/div>\n\n\n\n<div class=\"wp-block-media-text is-stacked-on-mobile\" style=\"grid-template-columns:38% auto\"><figure class=\"wp-block-media-text__media\"><img loading=\"lazy\" decoding=\"async\" width=\"422\" height=\"600\" src=\"https:\/\/webs.uab.cat\/gregal\/wp-content\/uploads\/sites\/68\/2019\/07\/quaderns_ica_30.jpg\" alt=\"\" class=\"wp-image-196 size-full\" srcset=\"https:\/\/webs.uab.cat\/gregal\/wp-content\/uploads\/sites\/68\/2019\/07\/quaderns_ica_30.jpg 422w, https:\/\/webs.uab.cat\/gregal\/wp-content\/uploads\/sites\/68\/2019\/07\/quaderns_ica_30-211x300.jpg 211w\" sizes=\"auto, (max-width: 422px) 100vw, 422px\" \/><\/figure><div class=\"wp-block-media-text__content\">\n<p class=\"has-small-font-size\"><strong>Guarn\u00e9, Blai<\/strong> &amp; Beltr\u00e1n, Joaqu\u00edn, eds., \u201c<a href=\"https:\/\/www.raco.cat\/index.php\/QuadernsICA\/issue\/view\/22342\">Campos imprevistos. Etnograf\u00edas de Asia oriental en el contexto acad\u00e9mico espa\u00f1ol<\/a>,\u201d <em>Quaderns. S\u00e8rie Monogr\u00e0fics<\/em> (Monographs Series), Insitut Catl\u00e0 d\u2019Antropologia, 30, 2014.<\/p>\n<\/div><\/div>\n\n\n\n<div class=\"wp-block-media-text is-stacked-on-mobile\" style=\"grid-template-columns:38% auto\"><figure class=\"wp-block-media-text__media\"><img loading=\"lazy\" decoding=\"async\" width=\"402\" height=\"600\" src=\"https:\/\/webs.uab.cat\/gregal\/wp-content\/uploads\/sites\/68\/2019\/07\/pan_japan_2013.png\" alt=\"\" class=\"wp-image-199 size-full\" srcset=\"https:\/\/webs.uab.cat\/gregal\/wp-content\/uploads\/sites\/68\/2019\/07\/pan_japan_2013.png 402w, https:\/\/webs.uab.cat\/gregal\/wp-content\/uploads\/sites\/68\/2019\/07\/pan_japan_2013-201x300.png 201w\" sizes=\"auto, (max-width: 402px) 100vw, 402px\" \/><\/figure><div class=\"wp-block-media-text__content\">\n<p class=\"has-small-font-size\"><strong>Guarn\u00e9, Blai<\/strong> &amp; Hansen, Paul, eds., \u201cEscaping Japan: Reflections on External Dissent.\u201d <a href=\"https:\/\/www.worldcat.org\/title\/pan-japan-the-international-journal-of-the-japanese-diaspora\/oclc\/46707388\"><em>PAN-JAPAN: The International Journal of Japanese Diaspora<\/em><\/a>, 9, 1-2, 2013.<\/p>\n<\/div><\/div>\n\n\n\n<div class=\"wp-block-media-text is-stacked-on-mobile\" style=\"grid-template-columns:39% auto\"><figure class=\"wp-block-media-text__media\"><img loading=\"lazy\" decoding=\"async\" width=\"393\" height=\"600\" src=\"https:\/\/webs.uab.cat\/gregal\/wp-content\/uploads\/sites\/68\/2019\/07\/pan_japan_2012.png\" alt=\"\" class=\"wp-image-202 size-full\" srcset=\"https:\/\/webs.uab.cat\/gregal\/wp-content\/uploads\/sites\/68\/2019\/07\/pan_japan_2012.png 393w, https:\/\/webs.uab.cat\/gregal\/wp-content\/uploads\/sites\/68\/2019\/07\/pan_japan_2012-197x300.png 197w\" sizes=\"auto, (max-width: 393px) 100vw, 393px\" \/><\/figure><div class=\"wp-block-media-text__content\">\n<p class=\"has-small-font-size\"><strong>Guarn\u00e9, Blai<\/strong> &amp; Hansen, Paul, eds., \u201cEscaping Japan: Reflections on Internal Dissent.\u201d <a href=\"https:\/\/www.worldcat.org\/title\/pan-japan-the-international-journal-of-the-japanese-diaspora\/oclc\/46707388\"><em>PAN-JAPAN: The International Journal of Japanese Diaspora<\/em><\/a>, 8, 1-2, 2012.<\/p>\n<\/div><\/div>\n\n\n\n<div class=\"wp-block-media-text is-stacked-on-mobile\" style=\"grid-template-columns:38% auto\"><figure class=\"wp-block-media-text__media\"><img loading=\"lazy\" decoding=\"async\" width=\"424\" height=\"600\" src=\"https:\/\/webs.uab.cat\/gregal\/wp-content\/uploads\/sites\/68\/2019\/07\/revista_etnologia_catalunya_29.png\" alt=\"\" class=\"wp-image-205 size-full\" srcset=\"https:\/\/webs.uab.cat\/gregal\/wp-content\/uploads\/sites\/68\/2019\/07\/revista_etnologia_catalunya_29.png 424w, https:\/\/webs.uab.cat\/gregal\/wp-content\/uploads\/sites\/68\/2019\/07\/revista_etnologia_catalunya_29-212x300.png 212w\" sizes=\"auto, (max-width: 424px) 100vw, 424px\" \/><\/figure><div class=\"wp-block-media-text__content\">\n<p class=\"has-small-font-size\"><strong>Guarn\u00e9, Blai<\/strong>, ed., \u201c<a href=\"https:\/\/www.raco.cat\/index.php\/RevistaEtnologia\/article\/view\/56743\">Identitat i representaci\u00f3 cultural: Perspectives des del Jap\u00f3<\/a>\u201d. <em>Revista d\u2019Etnologia de Catalunya<\/em>, 29, 2006.<\/p>\n<\/div><\/div>\n\n\n\n<p>&nbsp;<\/p>\n\n\n\n<p>&nbsp;<\/p>\n\n\n\n<p>&nbsp;<\/p>\n\n\n\n<p>&nbsp;<\/p>\n\n\n\n<p>&nbsp;<\/p>\n\n\n\n<p>&nbsp;<\/p>\n\n\n\n<p>&nbsp;<\/p>\n","protected":false},"excerpt":{"rendered":"<p>&nbsp; Guarn\u00e9, Blai.&nbsp;&amp; Klemen Senica (2024) Special Issue&nbsp;\u201cResearch on Japan in (post-)COVID Times.\u201d&nbsp;Asian Anthropology, Vol. 23, No. 4. Torres, E.&nbsp;et al.&nbsp;(2023) \u201cPivot translation, friend or foe of sustainable development? Pivot subtitlers\u2019 perspectives\u201d,&nbsp;Translation Spaces.&nbsp; Torres, E.&nbsp;et al.&nbsp;(2023)&nbsp;\u201cDesaf\u00edos y formaci\u00f3n para los creadores de plantillas din\u00e1micas: hallazgos de una encuesta con subtituladores y formadores en subtitulado\u201d,&nbsp;\u00cdkala, revista [&hellip;]<\/p>\n","protected":false},"author":20,"featured_media":0,"parent":0,"menu_order":0,"comment_status":"closed","ping_status":"closed","template":"","meta":{"footnotes":""},"class_list":["post-259","page","type-page","status-publish","hentry"],"_links":{"self":[{"href":"https:\/\/webs.uab.cat\/gregal\/en\/wp-json\/wp\/v2\/pages\/259","targetHints":{"allow":["GET"]}}],"collection":[{"href":"https:\/\/webs.uab.cat\/gregal\/en\/wp-json\/wp\/v2\/pages"}],"about":[{"href":"https:\/\/webs.uab.cat\/gregal\/en\/wp-json\/wp\/v2\/types\/page"}],"author":[{"embeddable":true,"href":"https:\/\/webs.uab.cat\/gregal\/en\/wp-json\/wp\/v2\/users\/20"}],"replies":[{"embeddable":true,"href":"https:\/\/webs.uab.cat\/gregal\/en\/wp-json\/wp\/v2\/comments?post=259"}],"version-history":[{"count":19,"href":"https:\/\/webs.uab.cat\/gregal\/en\/wp-json\/wp\/v2\/pages\/259\/revisions"}],"predecessor-version":[{"id":2900,"href":"https:\/\/webs.uab.cat\/gregal\/en\/wp-json\/wp\/v2\/pages\/259\/revisions\/2900"}],"wp:attachment":[{"href":"https:\/\/webs.uab.cat\/gregal\/en\/wp-json\/wp\/v2\/media?parent=259"}],"curies":[{"name":"wp","href":"https:\/\/api.w.org\/{rel}","templated":true}]}}