{"id":78,"date":"2019-07-26T09:39:14","date_gmt":"2019-07-26T09:39:14","guid":{"rendered":"https:\/\/webs.uab.cat\/gregal\/contact\/"},"modified":"2019-07-26T09:39:14","modified_gmt":"2019-07-26T09:39:14","slug":"contact","status":"publish","type":"page","link":"https:\/\/webs.uab.cat\/gregal\/en\/contact\/","title":{"rendered":"Contact"},"content":{"rendered":"<p><strong>Adre\u00e7a<\/strong><br \/>\nUniversitat Aut\u00f2noma de Barcelona.<br \/>\nEdifici K. 08193 Bellaterra,&nbsp;Barcelona.<\/p>\n<p><strong>Tel\u00e8fon<\/strong><br \/>\n(+34) 93 581 33 83<\/p>\n<p><strong>E-mail<\/strong><br \/>\n<a href=\"mailto:blai.guarne@uab.cat\">blai.guarne@uab.cat<\/a><\/p>\n","protected":false},"excerpt":{"rendered":"<p>Adre\u00e7a Universitat Aut\u00f2noma de Barcelona. Edifici K. 08193 Bellaterra,&nbsp;Barcelona. Tel\u00e8fon (+34) 93 581 33 83 E-mail blai.guarne@uab.cat<\/p>\n","protected":false},"author":20,"featured_media":0,"parent":0,"menu_order":0,"comment_status":"closed","ping_status":"closed","template":"","meta":{"footnotes":""},"class_list":["post-78","page","type-page","status-publish","hentry"],"_links":{"self":[{"href":"https:\/\/webs.uab.cat\/gregal\/en\/wp-json\/wp\/v2\/pages\/78","targetHints":{"allow":["GET"]}}],"collection":[{"href":"https:\/\/webs.uab.cat\/gregal\/en\/wp-json\/wp\/v2\/pages"}],"about":[{"href":"https:\/\/webs.uab.cat\/gregal\/en\/wp-json\/wp\/v2\/types\/page"}],"author":[{"embeddable":true,"href":"https:\/\/webs.uab.cat\/gregal\/en\/wp-json\/wp\/v2\/users\/20"}],"replies":[{"embeddable":true,"href":"https:\/\/webs.uab.cat\/gregal\/en\/wp-json\/wp\/v2\/comments?post=78"}],"version-history":[{"count":0,"href":"https:\/\/webs.uab.cat\/gregal\/en\/wp-json\/wp\/v2\/pages\/78\/revisions"}],"wp:attachment":[{"href":"https:\/\/webs.uab.cat\/gregal\/en\/wp-json\/wp\/v2\/media?parent=78"}],"curies":[{"name":"wp","href":"https:\/\/api.w.org\/{rel}","templated":true}]}}