{"id":161,"date":"2019-07-26T10:08:29","date_gmt":"2019-07-26T10:08:29","guid":{"rendered":"https:\/\/webs.uab.cat\/gregal\/investigadores-asociados-y-colaboradores\/"},"modified":"2023-11-02T10:33:43","modified_gmt":"2023-11-02T10:33:43","slug":"investigadores-asociados-y-colaboradores","status":"publish","type":"page","link":"https:\/\/webs.uab.cat\/gregal\/es\/investigadores-asociados-y-colaboradores\/","title":{"rendered":"Investigadores asociados y colaboradores"},"content":{"rendered":"\n<div class=\"wp-block-media-text is-stacked-on-mobile\" style=\"grid-template-columns:30% auto\"><figure class=\"wp-block-media-text__media\"><img loading=\"lazy\" decoding=\"async\" width=\"174\" height=\"220\" src=\"https:\/\/webs.uab.cat\/gregal\/wp-content\/uploads\/sites\/68\/2019\/07\/takuro_iwasa_ok_2.jpg\" alt=\"\" class=\"wp-image-135 size-full\" \/><\/figure><div class=\"wp-block-media-text__content\">\n<p class=\"has-normal-font-size\"><strong>Takuro Iwasa<\/strong><\/p>\n<\/div><\/div>\n\n\n\n<p>Takuro Iwasa fue investigador visitante en la UAB (Universidad Aut\u00f3noma de Barcelona) en el a\u00f1o acad\u00e9mico 2019-2020 y es Profesor Asociado en la Universidad de Econom\u00eda de Osaka en Jap\u00f3n. Se doctor\u00f3 en Historia y Civilizaci\u00f3n en el EUI (Istituto Universitario Europeo) en Italia. Sus intereses de investigaci\u00f3n se centran en la modificaci\u00f3n de las im\u00e1genes acad\u00e9micas europeas y los estereotipos del Jap\u00f3n desde el decenio de 1970. Es autor de \u00abGerman and European Academic Images of Japan\u00bb: The &#8216;Group Model&#8217; and the &#8216;Cultural Importer Model&#8217; from the 1970s to the 1990s\u00bb, en <em>Mutual Perceptions and Images in Japanese-German relations 1860-2010<\/em>, editado por Sven SAALER, KUDO Akira y TAJIMA Nobuo (Brill, 2017) (p\u00e1gs. 409-424). Entre sus principales publicaciones figuran \u00abDifference and Uniqueness in European Academic Images of Japan\u00bb (<em>Studies in Comparative Culture<\/em>, 2016) (pp. 17 &#8211; 27) y \u00abEuropean Dichotomous Paradigms and Japan&#8217;s Images\u00bb. Self and Other&#8217;, &#8216;West and East&#8217;, &#8216;Eurocentrism, and Orientalism&#8217; (<em>Studies in Comparative Culture<\/em>, 2011) (pp. 1-12).<\/p>\n\n\n\n<p><a href=\"mailto:takuro2001iwasa@gmail.com\">takuro2001iwasa@gmail.com<\/a><br><a href=\"https:\/\/www.researchgate.net\/profile\/Takuro_Iwasa\" target=\"_blank\" rel=\"noopener\">ResearchGate<\/a><br><a href=\"https:\/\/orcid.org\/0000-0002-4729-8735\" target=\"_blank\" rel=\"noopener\">Orcid<\/a><\/p>\n\n\n\n<hr class=\"wp-block-separator has-alpha-channel-opacity\" \/>\n\n\n\n<div class=\"wp-block-media-text is-stacked-on-mobile\" style=\"grid-template-columns:29% auto\"><figure class=\"wp-block-media-text__media\"><img loading=\"lazy\" decoding=\"async\" width=\"174\" height=\"220\" src=\"https:\/\/webs.uab.cat\/gregal\/wp-content\/uploads\/sites\/68\/2019\/07\/ayumi_takenaka.png\" alt=\"\" class=\"wp-image-138 size-full\" \/><\/figure><div class=\"wp-block-media-text__content\">\n<p class=\"has-normal-font-size\"><strong>Ayumi Takenaka<\/strong><\/p>\n<\/div><\/div>\n\n\n\n<p>Ayumi Takenaka es soci\u00f3loga (Ph.D, Columbia University, USA), especializada en las \u00e1reas de inmigraci\u00f3n, di\u00e1sporas y estudios sobre la alimentaci\u00f3n (especialmente en Per\u00fa).&nbsp;Despu\u00e9s de haber ense\u00f1ado en los Estados Unidos (Bryn Mawr College) y en el Reino Unido (Universidad de Oxford y Universidad de Aston), actualmente es profesora adjunta de Sociolog\u00eda en el College of Global Liberal Arts Studies de la Universidad de Ritsumeikan en&nbsp;Jap\u00f3n.<\/p>\n\n\n\n<p><a href=\"https:\/\/www.researchgate.net\/scientific-contributions\/2047184070_Ayumi_Takenaka\" target=\"_blank\" rel=\"noopener\">ResearchGate<\/a><br><a href=\"https:\/\/orcid.org\/0000-0003-4521-1883\" target=\"_blank\" rel=\"noopener\">Orcid<\/a><\/p>\n\n\n\n<p><\/p>\n","protected":false},"excerpt":{"rendered":"<p>Takuro Iwasa Takuro Iwasa fue investigador visitante en la UAB (Universidad Aut\u00f3noma de Barcelona) en el a\u00f1o acad\u00e9mico 2019-2020 y es Profesor Asociado en la Universidad de Econom\u00eda de Osaka en Jap\u00f3n. Se doctor\u00f3 en Historia y Civilizaci\u00f3n en el EUI (Istituto Universitario Europeo) en Italia. Sus intereses de investigaci\u00f3n se centran en la modificaci\u00f3n [&hellip;]<\/p>\n","protected":false},"author":20,"featured_media":0,"parent":0,"menu_order":0,"comment_status":"closed","ping_status":"closed","template":"","meta":{"footnotes":""},"class_list":["post-161","page","type-page","status-publish","hentry"],"_links":{"self":[{"href":"https:\/\/webs.uab.cat\/gregal\/es\/wp-json\/wp\/v2\/pages\/161","targetHints":{"allow":["GET"]}}],"collection":[{"href":"https:\/\/webs.uab.cat\/gregal\/es\/wp-json\/wp\/v2\/pages"}],"about":[{"href":"https:\/\/webs.uab.cat\/gregal\/es\/wp-json\/wp\/v2\/types\/page"}],"author":[{"embeddable":true,"href":"https:\/\/webs.uab.cat\/gregal\/es\/wp-json\/wp\/v2\/users\/20"}],"replies":[{"embeddable":true,"href":"https:\/\/webs.uab.cat\/gregal\/es\/wp-json\/wp\/v2\/comments?post=161"}],"version-history":[{"count":3,"href":"https:\/\/webs.uab.cat\/gregal\/es\/wp-json\/wp\/v2\/pages\/161\/revisions"}],"predecessor-version":[{"id":1815,"href":"https:\/\/webs.uab.cat\/gregal\/es\/wp-json\/wp\/v2\/pages\/161\/revisions\/1815"}],"wp:attachment":[{"href":"https:\/\/webs.uab.cat\/gregal\/es\/wp-json\/wp\/v2\/media?parent=161"}],"curies":[{"name":"wp","href":"https:\/\/api.w.org\/{rel}","templated":true}]}}