{"id":2687,"date":"2025-06-25T10:26:05","date_gmt":"2025-06-25T10:26:05","guid":{"rendered":"https:\/\/webs.uab.cat\/gregal\/?page_id=2687"},"modified":"2025-10-08T10:49:18","modified_gmt":"2025-10-08T10:49:18","slug":"noche-europea-de-la-investigacion","status":"publish","type":"page","link":"https:\/\/webs.uab.cat\/gregal\/es\/noche-europea-de-la-investigacion\/","title":{"rendered":"Noche Europea de la Investigaci\u00f3n\u00a0"},"content":{"rendered":"\n<p class=\"has-large-font-size\"><strong>Edici\u00f3n 2024<\/strong><\/p>\n\n\n\n<hr class=\"wp-block-separator has-alpha-channel-opacity\" \/>\n\n\n\n<p><strong><a href=\"https:\/\/webs.uab.cat\/nitrecercat\/activitat\/taller-descriptura-japonesa-i-coreana\/\">Taller de escritura japonesa y coreana<\/a><br><\/strong><a href=\"https:\/\/webs.uab.cat\/nitrecercat\/activitat\/apropat-a-les-literatures-japonesa-i-coreana\/\"><strong>Ac\u00e9rcate a las literaturas japonesa y coreana<\/strong><\/a><\/p>\n\n\n\n<p class=\"has-large-font-size\"><strong>Edici\u00f3n 2025<\/strong><\/p>\n\n\n\n<hr class=\"wp-block-separator has-alpha-channel-opacity\" \/>\n\n\n\n<p><strong><a href=\"https:\/\/webs.uab.cat\/nitrecercat\/activitat\/taller-descriptura-japonesa-i-coreana-2\/\">Taller de escritura  japonesa y coreana<\/a><\/strong><\/p>\n\n\n\n<p><strong><a href=\"https:\/\/webs.uab.cat\/nitrecercat\/activitat\/apropat-als-videojocs-japonesos\/\">Ac\u00e9rcate<\/a><\/strong><strong><a href=\"https:\/\/webs.uab.cat\/nitrecercat\/activitat\/apropat-als-videojocs-japonesos\/\"> <\/a><\/strong><strong><a href=\"https:\/\/webs.uab.cat\/nitrecercat\/activitat\/apropat-als-videojocs-japonesos\/\">a<\/a><\/strong><strong><a href=\"https:\/\/webs.uab.cat\/nitrecercat\/activitat\/apropat-als-videojocs-japonesos\/\"> <\/a><\/strong><strong><a href=\"https:\/\/webs.uab.cat\/nitrecercat\/activitat\/apropat-als-videojocs-japonesos\/\">l<\/a><\/strong><strong><a href=\"https:\/\/webs.uab.cat\/nitrecercat\/activitat\/apropat-als-videojocs-japonesos\/\">o<\/a><\/strong><strong><a href=\"https:\/\/webs.uab.cat\/nitrecercat\/activitat\/apropat-als-videojocs-japonesos\/\">s<\/a><\/strong><strong><a href=\"https:\/\/webs.uab.cat\/nitrecercat\/activitat\/apropat-als-videojocs-japonesos\/\"> <\/a><\/strong><strong><a href=\"https:\/\/webs.uab.cat\/nitrecercat\/activitat\/apropat-als-videojocs-japonesos\/\">v<\/a><\/strong><strong><a href=\"https:\/\/webs.uab.cat\/nitrecercat\/activitat\/apropat-als-videojocs-japonesos\/\">i<\/a><\/strong><strong><a href=\"https:\/\/webs.uab.cat\/nitrecercat\/activitat\/apropat-als-videojocs-japonesos\/\">d<\/a><\/strong><strong><a href=\"https:\/\/webs.uab.cat\/nitrecercat\/activitat\/apropat-als-videojocs-japonesos\/\">e<\/a><\/strong><strong><a href=\"https:\/\/webs.uab.cat\/nitrecercat\/activitat\/apropat-als-videojocs-japonesos\/\">o<\/a><\/strong><strong><a href=\"https:\/\/webs.uab.cat\/nitrecercat\/activitat\/apropat-als-videojocs-japonesos\/\">j<\/a><\/strong><strong><a href=\"https:\/\/webs.uab.cat\/nitrecercat\/activitat\/apropat-als-videojocs-japonesos\/\">u<\/a><\/strong><strong><a href=\"https:\/\/webs.uab.cat\/nitrecercat\/activitat\/apropat-als-videojocs-japonesos\/\">e<\/a><\/strong><strong><a href=\"https:\/\/webs.uab.cat\/nitrecercat\/activitat\/apropat-als-videojocs-japonesos\/\">g<\/a><\/strong><strong><a href=\"https:\/\/webs.uab.cat\/nitrecercat\/activitat\/apropat-als-videojocs-japonesos\/\">o<\/a><\/strong><strong><a href=\"https:\/\/webs.uab.cat\/nitrecercat\/activitat\/apropat-als-videojocs-japonesos\/\">s<\/a><\/strong><strong><a href=\"https:\/\/webs.uab.cat\/nitrecercat\/activitat\/apropat-als-videojocs-japonesos\/\"> <\/a><\/strong><strong><a href=\"https:\/\/webs.uab.cat\/nitrecercat\/activitat\/apropat-als-videojocs-japonesos\/\">j<\/a><\/strong><strong><a href=\"https:\/\/webs.uab.cat\/nitrecercat\/activitat\/apropat-als-videojocs-japonesos\/\">a<\/a><\/strong><strong><a href=\"https:\/\/webs.uab.cat\/nitrecercat\/activitat\/apropat-als-videojocs-japonesos\/\">p<\/a><\/strong><strong><a href=\"https:\/\/webs.uab.cat\/nitrecercat\/activitat\/apropat-als-videojocs-japonesos\/\">o<\/a><\/strong><strong><a href=\"https:\/\/webs.uab.cat\/nitrecercat\/activitat\/apropat-als-videojocs-japonesos\/\">n<\/a><\/strong><strong><a href=\"https:\/\/webs.uab.cat\/nitrecercat\/activitat\/apropat-als-videojocs-japonesos\/\">e<\/a><\/strong><strong><a href=\"https:\/\/webs.uab.cat\/nitrecercat\/activitat\/apropat-als-videojocs-japonesos\/\">s<\/a><\/strong><strong><a href=\"https:\/\/webs.uab.cat\/nitrecercat\/activitat\/apropat-als-videojocs-japonesos\/\">e<\/a><\/strong><a href=\"https:\/\/webs.uab.cat\/nitrecercat\/activitat\/apropat-als-videojocs-japonesos\/\"><strong>s<\/strong><\/a><\/p>\n\n\n\n<p><\/p>\n","protected":false},"excerpt":{"rendered":"<p>Edici\u00f3n 2024 Taller de escritura japonesa y coreanaAc\u00e9rcate a las literaturas japonesa y coreana Edici\u00f3n 2025 Taller de escritura japonesa y coreana Ac\u00e9rcate a los videojuegos japoneses<\/p>\n","protected":false},"author":2862,"featured_media":0,"parent":0,"menu_order":0,"comment_status":"closed","ping_status":"closed","template":"","meta":{"footnotes":""},"class_list":["post-2687","page","type-page","status-publish","hentry"],"_links":{"self":[{"href":"https:\/\/webs.uab.cat\/gregal\/es\/wp-json\/wp\/v2\/pages\/2687","targetHints":{"allow":["GET"]}}],"collection":[{"href":"https:\/\/webs.uab.cat\/gregal\/es\/wp-json\/wp\/v2\/pages"}],"about":[{"href":"https:\/\/webs.uab.cat\/gregal\/es\/wp-json\/wp\/v2\/types\/page"}],"author":[{"embeddable":true,"href":"https:\/\/webs.uab.cat\/gregal\/es\/wp-json\/wp\/v2\/users\/2862"}],"replies":[{"embeddable":true,"href":"https:\/\/webs.uab.cat\/gregal\/es\/wp-json\/wp\/v2\/comments?post=2687"}],"version-history":[{"count":2,"href":"https:\/\/webs.uab.cat\/gregal\/es\/wp-json\/wp\/v2\/pages\/2687\/revisions"}],"predecessor-version":[{"id":2790,"href":"https:\/\/webs.uab.cat\/gregal\/es\/wp-json\/wp\/v2\/pages\/2687\/revisions\/2790"}],"wp:attachment":[{"href":"https:\/\/webs.uab.cat\/gregal\/es\/wp-json\/wp\/v2\/media?parent=2687"}],"curies":[{"name":"wp","href":"https:\/\/api.w.org\/{rel}","templated":true}]}}