{"id":280,"date":"2019-07-26T10:53:17","date_gmt":"2019-07-26T10:53:17","guid":{"rendered":"https:\/\/webs.uab.cat\/gregal\/simposios\/"},"modified":"2025-10-28T09:07:35","modified_gmt":"2025-10-28T09:07:35","slug":"simposios","status":"publish","type":"page","link":"https:\/\/webs.uab.cat\/gregal\/es\/simposios\/","title":{"rendered":"Simposios"},"content":{"rendered":"<p><strong>Malo, Mario<\/strong> (2025). <a href=\"https:\/\/agenda.pucp.edu.pe\/evento\/i-simposio-internacional-de-estudios-japoneses-1\">I Simposio Internacional de Estudios Japoneses<\/a>,\u00a0(29, 30\/10\/2025)<\/p>\n<p><strong>Guarn\u00e9, Blai <\/strong>(2024). Organizer, <em data-start=\"141\" data-end=\"206\">XII REA (Reuni\u00f3n de Estudios Asi\u00e1ticos \/ Asian Studies Meeting)<\/em>, Universitat Aut\u00f2noma de Barcelona (UAB), Casa Asia (Ministry of Foreign Affairs, Government of Spain), Casa de Convalesc\u00e8ncia, Barcelona (Spain), 27\/09\/2024.<\/p>\n<p><strong>Gonz\u00e1lez de la Fuente, Eduardo\u00a0<\/strong>(2023). \u201cVietnam,<em>\u00a050 Years After Bruce Lee: Asian Martial Arts On-Screen and Off\u00a0<\/em>-\u201c, University of Sheffield, 19-21\/7\/2023.<\/p>\n<p><strong>Serra-Vilella, Alba<\/strong>\u00a0&amp; Liudmila Navatnovich (2023). \u201cEscola d\u2019Estiu de Doctorat\u201d. UAB, 26\/6-14\/7\/2023.<\/p>\n<p><strong>Rodr\u00edguez Navarro, Mar\u00eda Teresa<\/strong>\u00a0&amp;\u00a0<strong>Serra-Vilella,Alba<\/strong>\u00a0(2023). \u201c<a href=\"https:\/\/iiicongresoaeeao.usal.es\/\">Las traducciones del japon\u00e9s y del coreano en Espa\u00f1a<\/a>\u201d, Universidad de Salamanca, 9\/6\/2023.<\/p>\n<p><strong>Lee, Uhjeen<\/strong>\u00a0(2023). \u201cGTU Europe Global\/Multiculture Learning Tour Program\u201d, Global Teacher\u2019s University, 6\/6\/2023.<\/p>\n<p><strong>Loriguillo-L\u00f3pez, Antonio<\/strong>, Navarro-Remesal, V\u00edctor,\u00a0<strong>Torrents, Alba<\/strong>\u00a0&amp; Rigual Mur, Julia (2023). \u201c<a href=\"https:\/\/www.casaasia.es\/actividad\/mesa-redonda-cultura-visual-japonesa-videojuegos-manga-y-anime\/\">Mesa redonda Cultura visual japonesa: videojuegos, manga y anime<\/a>\u201d, Centre de Cultura Contempor\u00e0nia de Barcelona, 4\/5\/2023<\/p>\n<p><strong>Grau de Pablo, Tom\u00e1s<\/strong>\u00a0&amp; Antela, Borja (2023). \u201cAntiguitat i cultura pop\/nipona als videojocs i manga\/anime\u201d, UAB, 26\/4\/2023<\/p>\n<p><strong>Centeno, Marcos<\/strong>\u00a0(2023). \u201c<a href=\"https:\/\/www.soas.ac.uk\/about\/event\/making-audiences-social-history-japanese-cinema-and-media\">Making Audiences: A Social History of Japanese Cinema<\/a>\u201d, 16\/3\/2023.<\/p>\n<p><strong>Centeno, Marcos<\/strong>\u00a0(2023). \u201c<a href=\"https:\/\/www.soas.ac.uk\/about\/event\/book-launch-companion-japanese-cinema\">Companion to Japanese Cinema<\/a>\u201c, Japan Research Centre, SOAS, 24\/1\/2023.<\/p>\n<p><strong>Centeno, Marcos<\/strong>\u00a0(2022). \u201c<a href=\"https:\/\/www.uv.es\/uvweb\/philology-translation-communication\/en\/news\/simposium-japanese-documentary-filmmaker-haneda-sumiko-symposium-perspectives-gender-authorship-1285923236538\/Novetat.html?id=1286282212855\">Documentalista japonesa Haneda Sumiko: perspectivas de g\u00e9nero y autor\u00eda<\/a>\u201d, Universitat de Val\u00e9ncia, 11\/11\/2022.<\/p>\n<p><strong>Centeno, Marcos<\/strong>\u00a0(2022). \u201cManga for teaching diversity and translation in higher education\u201d I Teaching with Comics Conference, Universitat de Val\u00e9ncia, 19-21\/10\/2022.<\/p>\n<p><strong>Centeno, Marcos<\/strong>\u00a0(2022). \u201cRepersenting Perpetrators in Documentary Film\u201d, Memorias privadas, discursos p\u00fablicos: la perpetraci\u00f3n de cr\u00edmenes de masas y sus huellas. 4\u00ba congreso internacional sobre perpetradores de violencias de masas, Universitat de Val\u00e9ncia, 19-21\/10\/2022<\/p>\n<p><strong>Centeno, Marcos<\/strong>\u00a0(2022). \u201c<a href=\"https:\/\/grupsderecerca.uab.cat\/gregal\/sites\/grupsderecerca.uab.cat.gregal\/files\/programme_-_jaws_conference_barcelona_2022_0.pdf\">Film representation of indigenous people<\/a>\u201d, JAWS , UAB, 6-9\/9\/2022.<\/p>\n<p><strong>Centeno, Marcos<\/strong>\u00a0(2022). \u201c<a href=\"http:\/\/www7.bbk.ac.uk\/birmac\/memorial-sites\/\">Memorial Sites. Acts of remembering through media and visual culture<\/a>\u201d, University of London, 9\/2022-7\/2023.<\/p>\n<p><strong>Centeno, Marcos<\/strong>\u00a0(2022). \u201c<a href=\"https:\/\/2022.visibleevidence.org\/programme-2\/\">Memory and Mobility: Realigning the Sino-Japanese Connections in Documentary Film<\/a>\u201c, University of Gdansk, 10-14\/8\/2022.<\/p>\n<p><strong>Serra-Vilella, Alba<\/strong>\u00a0(2022). \u201c31st JAWS Conference: Research on Japan in the (Post-) COVID-19 Era\u201d, UAB, 6-9\/7\/2022.<\/p>\n<p><strong>Rodr\u00edguez Navarro, Mar\u00eda Teresa<\/strong>\u00a0(2022). \u201cLa traducci\u00f3n del Japon\u00e9s y del Coreano en Espa\u00f1a\u201d. III Congreso Internacional de la AEEAO, Universidad de Salamanca, 9\/6\/2022.<\/p>\n<p>L\u00f3pez-Sako, Ignacio,\u00a0<strong>Rodr\u00edguez Navarro, Mar\u00eda Teresa<\/strong>\u00a0&amp; It\u00f4-Morales, Kyoko (2022), \u201cX Aniversario de los estudios de Japon\u00e9s\u201d, Universidad de Granada, 29\/04\/2022.<\/p>\n<p><strong>Rodr\u00edguez Navarro, Mar\u00eda Teresa<\/strong>\u00a0(2022). \u201cExposici\u00f3n de libros sobre estudios japoneses y secci\u00f3n dedicada a Kawabata Yasunari en el 50\u00ba aniversario de su muerte\u201d. 4-5\/2022.<\/p>\n<p><strong>Serra-Vilella, Alba<\/strong>\u00a0(2022). \u201cG\u00e9nero y traducci\u00f3n de la literatura japonesa: de los siglos XIX al XXI: Conmemoraci\u00f3n del 150 aniversario del nacimiento de Ichiy\u00f4 Higuchi\u201d, UAB, 17\/3\/2022.<\/p>\n<p><strong>Serra-Vilella, Alba<\/strong>\u00a0&amp;\u00a0<strong>Makiko Fukuda<\/strong>\u00a0(2022).\u201dSeminari sobre doc\u00e8ncia del japon\u00e8s:\u65e5\u672c\u8a9e\u6559\u80b2\u30bb\u30df\u30ca\u30fc\u201d, UAB, 24\/02\/2022.<\/p>\n<p><strong>Centeno, Marcos<\/strong>\u00a0(2021). \u201cGeograf\u00edas del crimen. De espacios de perpetraci\u00f3n a lugares de memoria: representaciones sociales y culturales\u201d, Universitat de Val\u00e8ncia, 29\/11-2\/12\/2021.<\/p>\n<p><strong>Centeno, Marcos<\/strong>\u00a0(2021). \u201cJapanese Documentary Filmmaker Haneda Sumiko. Authorship and Gender Discourses\u201d, SOAS Japan Research Centre, Meiji Gakuin University &amp; AEJE (Asociaci\u00f3n Estudios Japonaeses En Espa\u00f1a), 22\/7\/2021 &amp; 10\/9\/2021.<\/p>\n<p><strong>Gonz\u00e1lez de la Fuente, Eduardo<\/strong>. \u201cReligion and Power in Japan\u201d, Colegio de M\u00e9xico, 9\/5\/2021.<\/p>\n<p class=\"rtejustify\"><strong>Centeno, Marcos\u00a0<\/strong>(2020) \u201cTransnationality in Japanese Screen Image: People, Culture, Society\u201d, Birkbeck, 12\/2020<\/p>\n<p><strong>Centeno, Marcos<\/strong>\u00a0(2020). \u201cCine Japon\u00e9s y su Impacto\u201d, XVI Congreso AEJE, Universidad de Zaragoza, 30\/10\/2020.<\/p>\n<p class=\"rtejustify\"><strong>Centeno, Marcos\u00a0<\/strong>(2020). \u201cConsuming the \u2018West\u2019: Film and Fashion in Japan 1923-39\u201d, SOAS, 14\/10\/2020.<\/p>\n<p><strong>Centeno, Marcos\u00a0<\/strong>(2020) \u201cTransnationality in Japanese Screen Image: People, Culture, Society\u201d, Nagoya University, 9\/2020<\/p>\n<p><strong>Centeno, Marcos<\/strong>\u00a0(2020). \u201cVisual Arts\u201d Section, EAJS (Europan Association Of Japanese Studies) Conference, Ghent (Belgium), 26-29\/8\/2020.<\/p>\n<p><strong>Centeno, Marcos\u00a0<\/strong>(2020) \u201cJ<a href=\"http:\/\/www.bbk.ac.uk\/events\/remote_event_view?id=5928\">apanese Transnational Cinema<\/a>\u201d, Birkbeck, London, 23-24\/5\/2020.<\/p>\n<p><strong>Centeno, Marcos<\/strong>\u00a0(2020). \u201c<a href=\"http:\/\/www.bbk.ac.uk\/events\/remote_event_view?id=5928\">Rediscovering Japanese Non-Fiction Film<\/a>\u201d, BIRKBECK Arts Week 2020, Birkbeck, 18\/4\/2020.<\/p>\n<p><strong>Serrano-Mu\u00f1oz, Jordi<\/strong>. (2020). \u201c<a href=\"https:\/\/standugr.com\/spring-school-iii-remapping-asian-studies\/\">Spring School: III Remapping Asian Studies<\/a>\u201c, Universidad de Granada, 10-12\/3\/2020.<\/p>\n<p class=\"rtejustify\"><strong>Serra-Vilella, Alba<\/strong>\u00a0(2019). \u201c<a href=\"https:\/\/www.uab.cat\/web\/detall-de-noticia\/segon-cicle-d-orientacio-professional-d-asia-oriental-1345711434424.html?noticiaid=1345788017802\">Segon Cicle d\u2019Orientaci\u00f3 Professional d\u2019\u00c0sia Oriental<\/a>\u201c, Facultat de Traducci\u00f3 i d\u2019Interpretaci\u00f3, UAB, 7-9\/5\/2019.<\/p>\n<p class=\"rtejustify\"><strong>Serra-Vilella, Alba<\/strong>\u00a0(2019). \u201c<a href=\"https:\/\/www.uab.cat\/web\/agenda\/obre-el-teu-cami-professional-en-l-ambit-de-l-asia-oriental-1345719157879.html?param1=1345800337995\">Obre el teu cam\u00ed professional en l\u2019\u00e0mbit de l\u2019\u00c0sia Oriental<\/a>\u201c, Facultat de Traducci\u00f3 i d\u2019Interpretaci\u00f3, UAB, 13\/11\/2019.<\/p>\n<p class=\"rtejustify\"><strong>Fukuda, Makiko<\/strong>\u00a0(2019). \u201cHeritage Language Transmission in Japanese Community in Catalonia: From the Perspective of Family Language Policy\u201d, 11<sup>th<\/sup>\u00a0International Convention of Asia Scholars (ICAS11), Leiden, 15-19\/7\/2019.<\/p>\n<p class=\"rtejustify\"><strong>Centeno, Marcos<\/strong>\u00a0(2019). \u201cJapanese Transnational Cinema\u201d, Waseda University, 15-16\/6\/2019.<\/p>\n<p class=\"rtejustify\"><strong>Centeno, Marcos\u00a0<\/strong>(2019). \u201c<a href=\"http:\/\/www.bbk.ac.uk\/annual-events\/arts-week\/jtc_programme.pdf\">Japanese Transnational Cinema<\/a>\u201d, Arts Week, School of Arts, Birkbeck, 23-24\/5\/2019.<\/p>\n<p class=\"rtejustify\"><strong>Centeno, Marcos<\/strong>\u00a0(2019). \u201c<a href=\"https:\/\/www.eventbrite.co.uk\/e\/bimi-pitt-research-workshop-displacement-in-film-and-visual-culture-tickets-60916380534\">Displacing the \u201cLast Western\u201d: Remaking Eastwood and Rethinking Japan<\/a>\u201d by Charles Exley (University of Pittsburg) Bimi-Pitt Research Workshop: \u201cDisplacement In Film And Visual Culture\u201d.<\/p>\n<p class=\"rtejustify\"><b>Clements, Rebekah<\/b><b>\u00a0<\/b>(2019). \u201cArt and War: The Japanese Invasion of Korea of 1592-1598\u201d, 29th Association of Korean Studies in Europe Conference 2019, Rome (Italia), 11-14\/4\/2019.<\/p>\n<p class=\"rtejustify\"><strong>Guarn\u00e9, Blai<\/strong>\u00a0(2019). \u201c<a href=\"https:\/\/www.barcelona.es.emb-japan.go.jp\/itpr_es\/jornada_genero.html\">Mujeres y avance social en Jap\u00f3n<\/a>\u201c, UAB, 18\/3\/2019.<\/p>\n<p class=\"rtejustify\"><strong>Rodr\u00edguez Navarro, Mar\u00eda Teresa<\/strong>\u00a0(2019). \u201c150 a\u00f1os de relaciones entre Jap\u00f3n y Espa\u00f1a\u201d, Universidad de Zaragoza, 15\/3\/2019.<\/p>\n<p class=\"rtejustify\"><strong>Guarn\u00e9, Blai<\/strong>\u00a0(2019). \u201c<a href=\"https:\/\/www.uab.cat\/doc\/68-japones\">The Cultural Impact of the Japanese \u201868<\/a>\u201d, UAB, 22\/2\/2019.<\/p>\n<p class=\"rtejustify\"><strong>Mart\u00ednez-Taberner, Guillermo<\/strong>\u00a0(2019). \u201cJornadas de formaci\u00f3n. Negocio, empresa y protocolo en China: comunicaci\u00f3n intercultural\u201d, Fundaci\u00f3n Confucio Barcelona, 2019.<\/p>\n<p class=\"rtejustify\"><strong>Centeno, Marcos<\/strong>\u00a0(2018). \u201c<a href=\"http:\/\/aeje.org\/es\/xiii-congreso-nacional-iv-internacional-la-asociacion-estudios-japoneses-espana\">XIII AEJE Conference<\/a>\u201c<em>,\u00a0<\/em>Universidad Aut\u00f3noma de Madrid, Madrid, 21-23\/11\/2018.<\/p>\n<p class=\"rtejustify\"><strong>Serrano-Mu\u00f1oz, Jordi\u00a0<\/strong>(2018).\u00a0<a href=\"https:\/\/polysystemstudies.wordpress.com\/third-meeting-2018\/participants-2018\/\">\u201cIII Annual Meeting of the International Society of Polysystem Studies<\/a>\u201c, 25-27\/10\/2018.<\/p>\n<p class=\"rtejustify\"><strong>Centeno, Marcos<\/strong>\u00a0(2018). \u201cFuture\u201d (2017), screening and Q&amp;A with director Adam Buczek, Birkbeck Institute for the Moving Image (BIMI), Birkbeck Cinema, 23\/9\/2018.<\/p>\n<p class=\"rtejustify\"><strong>Centeno, Marcos<\/strong>\u00a0(2018). \u201cVisualising Asia: Deciphering \u2018Otherness\u2019 in Visual and Material Cultures\u201d<em>,\u00a0<\/em>SOAS, 20-21\/9\/2018.<\/p>\n<p class=\"rtejustify\"><strong>Loriguillo-L\u00f3pez, Antonio<\/strong>\u00a0(2018). \u201c<a href=\"https:\/\/www.aeicsalamanca2018.org\/wp-content\/uploads\/2018\/06\/Dossier-Salamanca-Patrocinadores-PROGRAMA-NUEVO-Salamanca-7.pdf\">TIC e instituciones cient\u00edficas<\/a>\u201d, VI Congreso Internacional de la AE-IC, Asociaci\u00f3n Espa\u00f1ola de Investigaci\u00f3n de la Comunicaci\u00f3n, Salamanca, 26\/6\/2018.<\/p>\n<p class=\"rtejustify\"><strong>Centeno, Marcos\u00a0<\/strong>(2018). \u201cArte de China, Jap\u00f3n y Corea, AEEAO International Conference<em>,\u00a0<\/em>M\u00e1laga, 20-22\/6\/2018.<\/p>\n<p class=\"rtejustify\"><strong>Jo Jeong, Mihwa<\/strong>\u00a0(2018).\u201cPrograma de la VI Reunion de Estudios Asi\u00e1ticos\u201d, Casa Asia, Ministerio de Asuntos exteriores de Espa\u00f1a, Madrid, 24\/5\/2018.<\/p>\n<p class=\"rtejustify\"><strong>Centeno, Marcos\u00a0<\/strong>(2018).\u201c<a href=\"http:\/\/www.bbk.ac.uk\/languages\/about-us\/events\/bbk-local?uid=78579064e41342f38b98a1a839ec0d0a\">Symbolism of Water in the cinema of Hayao Mizayaki<\/a>\u201d, Keyness Library, Birkbeck in partnership with SOAS Japan Research Centre, 17\/5\/2018.<\/p>\n<p class=\"rtejustify\"><strong>Jo Jeong, Mihwa<\/strong>\u00a0(2018). \u201cUs &amp; Them: Korean Indie Rock in a K-Pop World\u201d, 8\/6\/2018.<\/p>\n<p class=\"rtejustify\"><strong>Jo Jeong, Mihwa<\/strong>\u00a0(2018). \u201cEl patriarcat familiar i la figura del pare als contes de l\u2019escriptora coreana Kim Ae-ran<em>\u201d,\u00a0<\/em>Casa \u00c0sia, 14\/3\/2018.<\/p>\n<p class=\"rtejustify\"><strong>Jo Jeong, Mihwa<\/strong>\u00a0(2018). \u201c<a href=\"https:\/\/www.uab.cat\/web\/sala-de-prensa\/detalle-noticia\/traducir-literatura-coreana-dialogo-entre-autor-y-traductor-1345667994339.html?noticiaid=1345749484790\">Traduir literatura coreana:\u00a0 di\u00e0leg entre autor i traductor<\/a>\u201d, 13\/3\/2018.<\/p>\n<p class=\"rtejustify\"><strong>Guarn\u00e9, Blai<\/strong>\u00a0(2018).\u201c<a href=\"https:\/\/www.barcelona.es.emb-japan.go.jp\/itpr_es\/jornada_comunidades.html\">Local Communities in Japan: People, Memory and Identity<\/a>,\u201d UAB, 6\/3\/2018.<\/p>\n<p class=\"rtejustify\"><strong>Rodr\u00edguez Navarro, M. Teresa<\/strong>. (2018). \u201cTraducci\u00f3n del sabor\u201d, by Ryoko.Sekiguchi (The Japan Fundation), Universidad de Granada, 8\/2\/2018.<\/p>\n<p class=\"rtejustify\"><strong>Guillermo Mart\u00ednez-Taberner<\/strong>. (2018). \u201cJornadas de formaci\u00f3n. Negocio, empresa y protocolo en China: comunicaci\u00f3n intercultural\u201d, Fundaci\u00f3n Confucio Barcelona, 2018.<\/p>\n<p class=\"rtejustify\">Alonso Mu\u00f1oz, Laura; Gil Soldevilla, Samuel;\u00a0<strong>Loriguillo-L\u00f3pez, Antonio\u00a0<\/strong>(2017). \u201c<a href=\"https:\/\/www.mapcom.es\/media\/files\/2017_AEIC_UJI_programa_definitivo.pdf\">IV Congreso Nacional de Metodolog\u00edas de la Investigaci\u00f3n en Comunicaci\u00f3n<\/a>\u201c, Universitat Jaume I, 23\/11\/2017.<\/p>\n<p class=\"rtejustify\"><strong>Guarn\u00e9, Blai<\/strong>\u00a0(2017). \u201cWriting and Script in Japanese Media,\u201d\u00a0<a href=\"https:\/\/www.nomadit.co.uk\/eajs\/eajs2017\/\">15<sup>th<\/sup>\u00a0International Conference of the EAJS<\/a>\u00a0(European Association for Japanese Studies), Lisboa, 30\/8-2\/9\/2017.<\/p>\n<p class=\"rtejustify\"><strong>Loriguillo-L\u00f3pez, Antonio<\/strong>\u00a0(2017). \u201c<a href=\"http:\/\/nomadit.co.uk\/eajs\/eajs2017\/doi\/eajs2017.shtml\">Complex narration in visual novel adaptations to anime<\/a>\u201d, 15th International Conference of the EAJS, European Association for Japanese Studies, Lisboa, 2\/9\/2017.<\/p>\n<p class=\"rtejustify\"><strong>Guarn\u00e9, Blai<\/strong>\u00a0(2017). \u201cSocial Media in Japan,\u201d\u00a0<a href=\"https:\/\/www.nomadit.co.uk\/eajs\/eajs2017\/\">15<sup>th<\/sup>\u00a0International Conference of the EAJS<\/a>\u00a0(European Association for Japanese Studies), Lisboa, 30\/8-2\/9\/2017.<\/p>\n<p class=\"rtejustify\"><strong>Guarn\u00e9, Blai<\/strong>\u00a0(2017). \u201cEAJS Business Meeting\u201d,\u00a0<a href=\"https:\/\/www.nomadit.co.uk\/eajs\/eajs2017\/\">15<sup>th<\/sup>\u00a0International Conference of the EAJS<\/a>\u00a0(European Association for Japanese Studies), Lisboa, 30\/8-2\/9\/2017.<\/p>\n<p class=\"rtejustify\"><strong>Centeno, Marcos<\/strong>\u00a0(2017). \u201c<a href=\"https:\/\/irishassociationforasianstudies.files.wordpress.com\/2014\/10\/irish-association-for-asian-studies-conference-2017-ucc1.pdf\">Transnational Cinema during the Pacific War<\/a>\u201d, IAAS. Irish Association for Japanese Studies Annual Conference: Asia: Transcultural Interactions, University College Cork, 10\/6\/2017.<\/p>\n<p class=\"rtejustify\"><strong>Centeno, Marcos<\/strong>\u00a0(2017). \u201c<a href=\"https:\/\/www.soas.ac.uk\/film-studies\/events-and-seminars\/31may2017-the-centre-for-film-studies-soas-3rd-postgraduate-symposium-global-cinemas-speak-back.html\">Commercially Successful Films in Academic Obscurity<\/a>\u201d, SOAS Centre for Film Studies Symposium, Senate House, 31\/5\/2017.<\/p>\n<p class=\"rtejustify\"><strong>Loriguillo-L\u00f3pez, Antonio<\/strong>\u00a0(2017). \u201c<a href=\"http:\/\/www.culturavisual.uji.es\/ciclo-de-conferencias-la-imagen-tiembla-complejidad-narrativa-y-visual-en-el-cine-y-series-contemporaneas\/\">La imagen tiembla. Complejidad narrativa y visual en el cine y las series contempor\u00e1neas<\/a>\u201c; Llotja del C\u00e0nem, Universitat Jaume I, Servei d\u2019Activitats Socioculturals; 8\/5-29\/5\/2017.<\/p>\n<p class=\"rtejustify\"><strong>Guarn\u00e9, Blai<\/strong>\u00a0(2017). \u201c<a href=\"https:\/\/www.fundacionjapon.es\/Estudio.sca?est_id=57&amp;id=23\">Interacciones entre la sociedad y la naturaleza en Jap\u00f3n<\/a>\u201d, UAB, 9\/3\/2017.<\/p>\n<p class=\"rtejustify\"><strong>Centeno, Marcos<\/strong>\u00a0(2017).\u00a0 \u201c<a href=\"https:\/\/www.soas.ac.uk\/film-studies\/events-and-seminars\/25jan2017-war-work-and-witnessing-aesthetics-and-ideology-in-shind-kanetos-cinema.html\">War, work and witnessing: aesthetics and ideology in Shind\u014d Kaneto\u2019s cinema<\/a>\u201d, Japan Research Centre, SOAS, 25\/1\/2017.<\/p>\n<p class=\"rtejustify\"><strong>Mart\u00ednez-Taberner, Guillermo\u00a0<\/strong>(2017). \u201cJornadas de formaci\u00f3n. Negocio, empresa y protocolo en China: comunicaci\u00f3n intercultural\u201d, Fundaci\u00f3n Confucio Barcelona, 2017.<\/p>\n<p class=\"rtejustify\"><strong>Centeno, Marcos\u00a0<\/strong>(2016). \u201c<a href=\"https:\/\/www.soas.ac.uk\/film-studies\/events-and-seminars\/crossing-boundaries-cinemas-conventions-personas-and-public-spaces\/\">Crossing Boundaries. Cinema\u2019s Conventions, Personas and Public Spaces<\/a>\u201d, 2<sup>nd<\/sup>\u00a0Annual Centre for Film Studies Postgraduate Symposium, SOAS, 31\/5-1\/6\/2016.<\/p>\n<p class=\"rtejustify\"><strong>Guarn\u00e9, Blai<\/strong>\u00a0(2016). \u201c<a href=\"https:\/\/www.cidob.org\/en\/events\/regions\/asia\/challenges_of_japan_s_foreign_policy_in_asia_pacific\">Challenges of Japan\u2019s Foreign Policy in Asia Pacific<\/a>\u201d CIDOB (Barcelona Center for International Affairs), 10\/3\/2016.<\/p>\n<p class=\"rtejustify\"><strong>Mart\u00ednez-Taberner, Guillermo<\/strong>\u00a0(2016). \u201cJornadas de formaci\u00f3n. Negocio, empresa y protocolo en China: comunicaci\u00f3n intercultural\u201d, Fundaci\u00f3n Confucio Barcelona, 2016.<\/p>\n<p class=\"rtejustify\"><strong>Guarn\u00e9, Blai<\/strong>\u00a0(2015). \u201c<a href=\"http:\/\/www.fti.uab.es\/departament\/simposi-2015\/en\/index.htm\">6<sup>th<\/sup>\u00a0International Symposium for Young Researchers in Translation<\/a>, Interpreting, Intercultural Studies and East Asian Studies\u201d, UAB, 3\/7\/2015.<\/p>\n<p class=\"rtejustify\"><strong>Guarn\u00e9, Blai<\/strong>\u00a0(2015). \u201cTranslation, Language &amp; Ideology\u201d,\u00a0<a href=\"http:\/\/www.fti.uab.es\/departament\/simposi-2015\/en\/index.htm\">6<sup>th<\/sup>\u00a0International Symposium for Young Researchers in Translation, Interpreting<\/a>, Intercultural Studies and East Asian Studies, UAB, 3\/7\/2015.<\/p>\n<p class=\"rtejustify\"><strong>Fukuda, Makiko<\/strong>; Walls, Francesca; Vaiarello, Nicola; Moroni, Andreia (2015). \u201cLes representacions ling\u00fc\u00edstiques de fam\u00edlies transnacionals a Barcelona: valors transferits i valors en transici\u00f3\u201d, 15\u00e8 Col\u00b7loqui International de la North American Catalan Society, Institut d\u2019Estudis Catalans, 29-30\/6-1\/7\/2015.<\/p>\n<p class=\"rtejustify\"><strong>Guarn\u00e9, Blai<\/strong>\u00a0(2015). \u201cHistorical (Dis)continuities: Japan, Tradition, Modernity,\u201d, UAB, 5\/2015.<\/p>\n<p class=\"rtejustify\"><strong>Fukuda, Makiko<\/strong>\u00a0(2015). \u201c\u4e8c\u8a00\u8a9e\u4f75\u7528\u793e\u4f1a\u306b\u304a\u3051\u308b\u65e5\u672c\u8a9e\u7d99\u627f\uff1a<em>Family Language Policy<\/em>\u306e\u8996\u70b9\u304b\u3089\u300d(\u201cTransmisi\u00f3n de la lengua japonesa en una sociedad biling\u00fce: a partir de la perspectiva de\u00a0<em>Family Language Policy<\/em>\u201d), UAB, 6\/3\/2015.<\/p>\n<p class=\"rtejustify\"><strong>Mart\u00ednez-Taberner, Guillermo<\/strong>\u00a0(2015). \u201cJornadas de formaci\u00f3n. Negocio, empresa y protocolo en China: comunicaci\u00f3n intercultural\u201d, Fundaci\u00f3n Confucio Barcelona, 2015.<\/p>\n<p class=\"rtejustify\"><strong>Guarn\u00e9, Blai<\/strong>\u00a0(2014). \u201cMedia and Gender,\u201d\u00a0<a href=\"https:\/\/www.eajs.eu\/fileadmin\/activities\/International_EAJS_Conference\/Reports_EAJS_Intl_Conference_2014_Ljubljana.pdf\">14<sup>th<\/sup>\u00a0International Conference of the EAJS<\/a>\u00a0(European Association for Japanese Studies), Ljubljana, 27-30\/8\/2014.<\/p>\n<p class=\"rtejustify\"><strong>Mart\u00ednez-Taberner, Guillermo<\/strong>\u00a0(2014). \u201cJornadas de formaci\u00f3n. Negocio, empresa y protocolo en China: comunicaci\u00f3n intercultural\u201d, Fundaci\u00f3n Confucio Barcelona, 2014.<\/p>\n<p class=\"rtejustify\"><strong>Guarn\u00e9, Blai<\/strong>\u00a0&amp; Artur Lozano-Mendez (2013). \u201cDisjoining Approaches: Tropes, Hubs, and Production of Knowledge on East Asia,\u201d\u00a0<a href=\"https:\/\/www.iuaes.org\/congresses\/2013\/\">17<sup>th<\/sup>\u00a0World Congress of the IUAES<\/a>\u00a0(International Union of Anthropological and Ethnological Sciences), Manchester, 5-10\/8\/2013.<\/p>\n<p class=\"rtejustify\"><strong>Guarn\u00e9, Blai<\/strong>\u00a0(2013). \u201cInterdisciplinary Panel Session on Arts and Humanities,\u201d\u00a0<a href=\"https:\/\/acah.iafor.org\/acah2013\/\">4<sup>th<\/sup>\u00a0Asian Conference on Arts and Humanities<\/a>, Osaka, 4-7\/4\/2013.<\/p>\n","protected":false},"excerpt":{"rendered":"<p>Malo, Mario (2025). I Simposio Internacional de Estudios Japoneses,\u00a0(29, 30\/10\/2025) Guarn\u00e9, Blai (2024). Organizer, XII REA (Reuni\u00f3n de Estudios Asi\u00e1ticos \/ Asian Studies Meeting), Universitat Aut\u00f2noma de Barcelona (UAB), Casa Asia (Ministry of Foreign Affairs, Government of Spain), Casa de Convalesc\u00e8ncia, Barcelona (Spain), 27\/09\/2024. Gonz\u00e1lez de la Fuente, Eduardo\u00a0(2023). \u201cVietnam,\u00a050 Years After Bruce Lee: Asian [&hellip;]<\/p>\n","protected":false},"author":20,"featured_media":0,"parent":0,"menu_order":0,"comment_status":"closed","ping_status":"closed","template":"","meta":{"footnotes":""},"class_list":["post-280","page","type-page","status-publish","hentry"],"_links":{"self":[{"href":"https:\/\/webs.uab.cat\/gregal\/es\/wp-json\/wp\/v2\/pages\/280","targetHints":{"allow":["GET"]}}],"collection":[{"href":"https:\/\/webs.uab.cat\/gregal\/es\/wp-json\/wp\/v2\/pages"}],"about":[{"href":"https:\/\/webs.uab.cat\/gregal\/es\/wp-json\/wp\/v2\/types\/page"}],"author":[{"embeddable":true,"href":"https:\/\/webs.uab.cat\/gregal\/es\/wp-json\/wp\/v2\/users\/20"}],"replies":[{"embeddable":true,"href":"https:\/\/webs.uab.cat\/gregal\/es\/wp-json\/wp\/v2\/comments?post=280"}],"version-history":[{"count":8,"href":"https:\/\/webs.uab.cat\/gregal\/es\/wp-json\/wp\/v2\/pages\/280\/revisions"}],"predecessor-version":[{"id":2980,"href":"https:\/\/webs.uab.cat\/gregal\/es\/wp-json\/wp\/v2\/pages\/280\/revisions\/2980"}],"wp:attachment":[{"href":"https:\/\/webs.uab.cat\/gregal\/es\/wp-json\/wp\/v2\/media?parent=280"}],"curies":[{"name":"wp","href":"https:\/\/api.w.org\/{rel}","templated":true}]}}