{"id":414,"date":"2019-07-26T11:13:24","date_gmt":"2019-07-26T11:13:24","guid":{"rendered":"https:\/\/webs.uab.cat\/gregal\/grado\/"},"modified":"2022-08-01T08:58:59","modified_gmt":"2022-08-01T08:58:59","slug":"grado","status":"publish","type":"page","link":"https:\/\/webs.uab.cat\/gregal\/es\/grado\/","title":{"rendered":"Grado"},"content":{"rendered":"\n<h2 class=\"wp-block-heading\">Grado de Estudios de Asia Oriental<\/h2>\n\n\n\n<p>La Facultad de Traducci\u00f3n e Interpretaci\u00f3n de la UAB es un centro a la<strong> vanguardia en el estudio y la investigaci\u00f3n sobre Asia oriental<\/strong>, la primera de ofrecer este grado en el Estado y la \u00fanica del sistema universitario catal\u00e1n.<\/p>\n\n\n\n<p>El grado en Estudios de Asia Oriental es <strong>el \u00fanico que incluye estudios de lengua china, japonesa y coreana<\/strong>, con asignaturas en ingl\u00e9s y <strong>tres menciones diferentes<\/strong>. Unos estudios abiertos al mundo, que hacen de la interculturalidad y el aprendizaje de lenguas los pilares de la formaci\u00f3n de los profesionales del futuro:<\/p>\n\n\n\n<ul class=\"wp-block-list\"><li> Con <strong>pr\u00e1cticas curriculares <\/strong>en empresas nacionales y asi\u00e1ticas, instituciones p\u00fablicas y privadas, fundaciones oficiales y organizaciones no gubernamentales y sin \u00e1nimo de lucro. <\/li><li> Con el mayor n\u00famero de <strong>convenios de intercambio y movilidad de estudiantes<\/strong> firmados con las principales universidades de China, Jap\u00f3n y Corea del Sur, y con reconocidos centros acad\u00e9micos europeos. <\/li><li> Con un amplio equipo docente formado por <strong>profesorado especialista y profesorado nativo<\/strong>, con un elevado n\u00famero de alumnos extranjeros y unas instalaciones excepcionales. <\/li><li> En estrecha <strong>colaboraci\u00f3n con instituciones oficiales <\/strong>como la Fundaci\u00f3n Instituto Confucio de Barcelona (China), la Fundaci\u00f3n Jap\u00f3n (Jap\u00f3n) y la Fundaci\u00f3n Instituto Sejong de Barcelona (Corea del Sur). <\/li><li> Con una <strong>formaci\u00f3n acad\u00e9mica de excelencia<\/strong>, interdisciplinaria y marcadamente enfocada a atender las demandas del mercado laboral nacional, europeo e internacional. <\/li><\/ul>\n\n\n\n<p><a href=\"http:\/\/www.uab.cat\/web\/estudiar\/listado-de-grados\/informacion-general-1216708258897.html?param1=1223967776732\">M\u00e1s informaci\u00f3n<\/a><\/p>\n","protected":false},"excerpt":{"rendered":"<p>Grado de Estudios de Asia Oriental La Facultad de Traducci\u00f3n e Interpretaci\u00f3n de la UAB es un centro a la vanguardia en el estudio y la investigaci\u00f3n sobre Asia oriental, la primera de ofrecer este grado en el Estado y la \u00fanica del sistema universitario catal\u00e1n. El grado en Estudios de Asia Oriental es el [&hellip;]<\/p>\n","protected":false},"author":20,"featured_media":0,"parent":0,"menu_order":0,"comment_status":"closed","ping_status":"closed","template":"","meta":{"footnotes":""},"class_list":["post-414","page","type-page","status-publish","hentry"],"_links":{"self":[{"href":"https:\/\/webs.uab.cat\/gregal\/es\/wp-json\/wp\/v2\/pages\/414","targetHints":{"allow":["GET"]}}],"collection":[{"href":"https:\/\/webs.uab.cat\/gregal\/es\/wp-json\/wp\/v2\/pages"}],"about":[{"href":"https:\/\/webs.uab.cat\/gregal\/es\/wp-json\/wp\/v2\/types\/page"}],"author":[{"embeddable":true,"href":"https:\/\/webs.uab.cat\/gregal\/es\/wp-json\/wp\/v2\/users\/20"}],"replies":[{"embeddable":true,"href":"https:\/\/webs.uab.cat\/gregal\/es\/wp-json\/wp\/v2\/comments?post=414"}],"version-history":[{"count":1,"href":"https:\/\/webs.uab.cat\/gregal\/es\/wp-json\/wp\/v2\/pages\/414\/revisions"}],"predecessor-version":[{"id":886,"href":"https:\/\/webs.uab.cat\/gregal\/es\/wp-json\/wp\/v2\/pages\/414\/revisions\/886"}],"wp:attachment":[{"href":"https:\/\/webs.uab.cat\/gregal\/es\/wp-json\/wp\/v2\/media?parent=414"}],"curies":[{"name":"wp","href":"https:\/\/api.w.org\/{rel}","templated":true}]}}