{"id":437,"date":"2019-07-26T11:22:53","date_gmt":"2019-07-26T11:22:53","guid":{"rendered":"https:\/\/webs.uab.cat\/gregal\/enlaces\/"},"modified":"2019-07-26T11:22:53","modified_gmt":"2019-07-26T11:22:53","slug":"enlaces","status":"publish","type":"page","link":"https:\/\/webs.uab.cat\/gregal\/es\/enlaces\/","title":{"rendered":"Enlaces"},"content":{"rendered":"<div class=\"region region-content\">\n<div class=\"block block-system clearfix\" id=\"block-system-main\">\n<div class=\"content\">\n<article class=\"node node-page ca clearfix\" id=\"node-240\">\n<div class=\"node-main-content full-width\">\n<div class=\"content\">\n<div class=\"field field-name-body field-type-text-with-summary field-label-hidden\">\n<div class=\"field-items\">\n<div class=\"field-item even\">\n<ul>\n<li><a href=\"http:\/\/asef.org\/index.php\/projects\/programmes\/530-asem-education-hub-%28aeh%29\">Asia-Europe Foundation<\/a><\/li>\n<li><a href=\"http:\/\/www.asiaportal.info\/\" rel=\"noopener noreferrer\" target=\"_blank\">Asia Portal<\/a><\/li>\n<li><a href=\"http:\/\/asaa.asn.au\/\" rel=\"noopener noreferrer\" target=\"_blank\">Asian Studies Association of Australia<\/a>&nbsp;(ASAA)<\/li>\n<li><a href=\"http:\/\/adecce.blogspot.com\/?m=1\">Asociaci\u00f3n de Difusi\u00f3n de Estudios y Cultura Coreana en Espa\u00f1a&nbsp;(ADECCE)<\/a><\/li>\n<li><a href=\"http:\/\/aeje.org\/es\/\">Asociaci\u00f3n de Estudios Japoneses en Espa\u00f1a<\/a> (AEJE)<\/li>\n<li><a href=\"http:\/\/apje.es\">Asociaci\u00f3n de Profesores de Japon\u00e9s de Espa\u00f1a<\/a> (APJE)<\/li>\n<li><a href=\"http:\/\/ceaa.colmex.mx\/aladaa\/\">Asociaci\u00f3n Latinoamericana de Estudios de Asia y \u00c1frica <\/a>(ALADAA)<\/li>\n<li><a href=\"http:\/\/www.asianresearch.org\/\" rel=\"noopener noreferrer\" target=\"_blank\">Association for Asian Research<\/a>&nbsp;(AFAR)<\/li>\n<li><a href=\"http:\/\/www.asian-studies.org\/\">Association for Asian Studies<\/a> (AAS)<\/li>\n<li><a href=\"http:\/\/koreanstudies.eu\/\">Association for Korean Studies in Europe<\/a>&nbsp;(AKSE)<\/li>\n<li><a href=\"http:\/\/www.aistugia.it\/\">Associazione Italiana di Studi Giapponesi<\/a> (AISTUGIA)<\/li>\n<li><a href=\"https:\/\/www.bloglabanana.com\/\">BA NA NA &#8211; KPOP y KCulture en espa\u00f1ol<\/a><\/li>\n<li><a href=\"http:\/\/www.bajs.org.uk\/\" rel=\"noopener noreferrer\" target=\"_blank\">British Association for Japanese Studies<\/a>&nbsp;(BAJS)<\/li>\n<li><a href=\"http:\/\/www.casaasia.es\/\" rel=\"noopener noreferrer\" target=\"_blank\">Casa Asia<\/a><\/li>\n<li><a href=\"https:\/\/centroasiaoriental.blogspot.com\/?m=1\">Centro Acad\u00e9mico y Cultural de Asia Oriental de la Universidad de Huelva<\/a><\/li>\n<li><a href=\"http:\/\/www.centrojapones.es\/\">Centro Cultural Hispano Japon\u00e9s, Universidad de Salamanca<\/a>&nbsp;(CCHJ)<\/li>\n<li><a href=\"http:\/\/humanidades.cchs.csic.es\/asiapacifico\/\">Centro de Ciencias Humanas y Sociales <\/a>(CCHS), CSIC<\/li>\n<li><a href=\"http:\/\/departamento.lllf.uam.es\/ceao\/#\">Centro de Estudios de Asia Oriental, Universidad Aut\u00f3noma de Madrid<\/a>&nbsp;(CEAO)<\/li>\n<li><a href=\"https:\/\/www.facebook.com\/Centro-de-Estudios-de-Asia-CEA-446444225425036\/\">Centro de Estudios de Asia, Universidad de Valladolid<\/a> (CEA)<\/li>\n<li><a href=\"http:\/\/ceaa.colmex.mx\/\" rel=\"noopener noreferrer\" target=\"_blank\">Centro de Estudios de Asia y \u00c1frica, El Colegio de M\u00e9xico<\/a>&nbsp;(CEAA)<\/li>\n<li><a href=\"http:\/\/grupsderecerca.uab.cat\/ieii\/en\">Centro de Estudios e Investigaci\u00f3n sobre Asia Oriental, Universitat Aut\u00f2noma de Barcelona<\/a>&nbsp;(CERAO)<\/li>\n<li><a href=\"https:\/\/web.ua.es\/es\/memoria07-08\/vr-relaciones-internacionales\/centro-de-estudios-orientales.html\">Centro de Estudios Orientales, Universidad de Alicante<\/a>&nbsp;(CEO)<\/li>\n<li><a href=\"http:\/\/www.uclm.es\/area\/fae\/ceicws\/seccion.asp?id=con\">Centro Espa\u00f1ol de Investigaciones Coreanas, Universidad de Castilla-La Mancha<\/a> (CEI)<\/li>\n<li><a href=\"http:\/\/www.asia-europe.uni-heidelberg.de\/en\/home.html\" target=\"_blank\" rel=\"noopener\">Cluster of Excellence Asia and Europe in a Global Context<\/a>&nbsp; &nbsp;<\/li>\n<li><a href=\"https:\/\/cooljapan.es\/\">CoolJapan Esp<\/a><\/li>\n<li><a href=\"http:\/\/www.koreanstudies.org\/\" rel=\"noopener noreferrer\" target=\"_blank\">Committee on Korean Studies<\/a><\/li>\n<li><a href=\"https:\/\/medium.com\/game-studies-espa%C3%B1a\">DIGRA Spain<\/a><\/li>\n<li><a href=\"https:\/\/eaaaconf.wordpress.com\/\">East Asian Anthropological Association<\/a>&nbsp;(EAAA)<\/li>\n<li><a href=\"http:\/\/asiandynamics.ku.dk\/english\/news\/ean\/\">EastAsiaNet<\/a><\/li>\n<li><a href=\"http:\/\/www.social-sciences.brookes.ac.uk\/Research\/EJRC\/\">Europe Japan Research Centre<\/a> (EJRC)<\/li>\n<li><a href=\"http:\/\/www.asia-alliance.org\/\">European Alliance for Asian Studies<\/a> (EA)<\/li>\n<li><a href=\"http:\/\/www.ea-aaa.eu\/\" rel=\"noopener noreferrer\" target=\"_blank\">European Association for Asian Art and Archaeology<\/a>&nbsp;(EAAA)<\/li>\n<li><a href=\"http:\/\/www.eajs.eu\/\" rel=\"noopener noreferrer\" target=\"_blank\">European Association for Japanese Studies<\/a>&nbsp;(EAJS)<\/li>\n<li><a href=\"https:\/\/jmaf-promote.jp\/animation2021\/\">Expanded Animation Exhibition<\/a><\/li>\n<li><a href=\"http:\/\/www.fundacionjapon.es\/Inicio.sca?id=1\">Fundaci\u00f3n Jap\u00f3n<\/a><\/li>\n<li><a href=\"http:\/\/vsjf.net\/about-us\/?lang=en\" rel=\"noopener noreferrer\" target=\"_blank\">German Association for Social Science Research on Japan<\/a>&nbsp;(VSJF)<\/li>\n<li><a href=\"http:\/\/www.gis-reseau-asie.org\/presentation-gis\">GIS \u00c9tudes Asiatiques, CNRS<\/a><\/li>\n<li><a href=\"https:\/\/igs.duke.edu\/units\/global-asia-initiative-0\" target=\"_blank\" rel=\"noopener\">Global Asia Initiative<\/a>&nbsp;(Duke University)<\/li>\n<li><a href=\"https:\/\/e.globis.jp\/global-japan\/\" target=\"_blank\" rel=\"noopener\">Global Japan<\/a><\/li>\n<li><a href=\"https:\/\/es.euronews.com\/programas\/global-japan\" target=\"_blank\" rel=\"noopener\">Global Japan EuroNews<\/a><\/li>\n<li><a href=\"https:\/\/www.gts-goettingen.de\/\" target=\"_blank\" rel=\"noopener\">Global and Transregional Studies Platform G\u00f6ttingen<\/a><\/li>\n<li><a href=\"https:\/\/www.cervantes.es\/bibliotecas_documentacion_espanol\/situacion_espanol_mundo\/espanol_paises\/corea.htm\">Instituto Cervantes: el espa\u00f1ol en Corea del Sur<\/a><\/li>\n<li><a href=\"https:\/\/www.cervantes.es\/bibliotecas_documentacion_espanol\/situacion_espanol_mundo\/espanol_paises\/japon.htm\">Instituto Cervantes: el espa\u00f1ol en Jap\u00f3n<\/a><\/li>\n<li><a href=\"https:\/\/www.ssrc.org\/programs\/view\/interasia-program\/\" target=\"_blank\" rel=\"noopener\">InterAsia Program del Social Science Research Council<\/a>&nbsp;(SSRC)<\/li>\n<li><a href=\"http:\/\/iafor.org\/\" rel=\"noopener noreferrer\" target=\"_blank\">International Academic Forum \u2013 Asia\u2019s Think Tank<\/a>&nbsp;(LAFOR)<\/li>\n<li><a href=\"http:\/\/www.iias.nl\/\" rel=\"noopener noreferrer\" target=\"_blank\">International Institute for Asian Studies<\/a>&nbsp;(ICAS \/ IIAS)<\/li>\n<li><a href=\"http:\/\/www.japan-studies.org\/\" rel=\"noopener noreferrer\" target=\"_blank\">Israeli Association for Japanese Studies<\/a>&nbsp;(IAJS)<\/li>\n<li><a href=\"http:\/\/www.japananthropologyworkshop.org\/\" rel=\"noopener noreferrer\" target=\"_blank\">Japan Anthropology Workshop<\/a>&nbsp;(JAWS)<\/li>\n<li><a href=\"http:\/\/www.jsps.go.jp\/english\/\" rel=\"noopener noreferrer\" target=\"_blank\">Japan Society for the Promotion of&nbsp;Science<\/a>&nbsp;(JSPS)<\/li>\n<li><a href=\"http:\/\/eng.ksif.or.kr\/main.do\" rel=\"noopener noreferrer\" target=\"_blank\">King Sejong Institute Foundation<\/a><\/li>\n<li><a href=\"http:\/\/www.sejongbarcelona.cat\/\">King Sejong Institute Foundation&nbsp;Barcelona<\/a><\/li>\n<li><a href=\"http:\/\/en.kf.or.kr\/?menuno=3722\">Korea Foundation<\/a><\/li>\n<li><a href=\"http:\/\/spanish.korea.net\/#\">Korea.net<\/a><\/li>\n<li><a href=\"https:\/\/koreaenbarcelona.wordpress.com\/\">Korea en Barcelona<\/a><\/li>\n<li><a href=\"https:\/\/kpoperos.com\/\">Kpoperos &#8211; Portal de noticias del Kpop<\/a><\/li>\n<li><a href=\"http:\/\/nrf.re.kr\/nrf_eng_cms\" rel=\"noopener noreferrer\" target=\"_blank\">National Research Foundation of Korea<\/a>&nbsp;(NRF)<\/li>\n<li><a href=\"http:\/\/www.nichibun.ac.jp\/en\/\">Nichibunken, International Research Center for Japanese Studies<\/a><\/li>\n<li><a href=\"http:\/\/www.najaks.org\/\" rel=\"noopener noreferrer\" target=\"_blank\">Nordic Association of Japanese and Korean Studies<\/a>&nbsp;(NAJK)<\/li>\n<li><a href=\"http:\/\/nias.ku.dk\/\" rel=\"noopener noreferrer\" target=\"_blank\">Nordic Institute of Asian Studies<\/a>&nbsp;(NIAS)<\/li>\n<li><a href=\"http:\/\/www.uma.es\/oficinapuentecorea\">Oficina UMA-ATECH Puente con Corea, Universidad de M\u00e1laga<\/a><\/li>\n<li><a href=\"https:\/\/ramenparados.com\/\">Ramen Para Dos<\/a><\/li>\n<li><a href=\"http:\/\/www.gis-reseau-asie.org\/presentation-reseau\">R\u00e9seau Asie-Pacifique<\/a><\/li>\n<li><a href=\"https:\/\/www.google.com\/url?q=https:\/\/www.facebook.com\/satori.japon&amp;source=gmail&amp;ust=1630578794571000&amp;usg=AFQjCNFGpVECI_5j3YSguLRCM4cGsbBPMg\">Satori Asociaci\u00f3n Cultural<\/a><\/li>\n<li><a href=\"http:\/\/sfej.asso.fr\/\" rel=\"noopener noreferrer\" target=\"_blank\">Soci\u00e9t\u00e9 fran\u00e7aise des \u00e9tudes japonaises<\/a>&nbsp;(SFEJ)<\/li>\n<li><a href=\"http:\/\/seaa.americananthro.org\">Society for East Asian Anthropology<\/a>&nbsp;(SEAA)<\/li>\n<li><a href=\"https:\/\/www.ssrc.org\/programs\/view\/interasia-program\/\" target=\"_blank\" rel=\"noopener\">SSRC&#8217;s InterAsia Program<\/a>&nbsp;<\/li>\n<li><a href=\"https:\/\/www.ssrc.org\/programs\/component\/interasia-program\/transregional-virtual-research-institutes\/\" target=\"_blank\" rel=\"noopener\">Transregional Virtual Research Institute<\/a><\/li>\n<li><a href=\"http:\/\/www.wreac.org\/\" rel=\"noopener noreferrer\" target=\"_blank\">White Rose East Asia Centre<\/a><\/li>\n<li><a href=\"http:\/\/www.wcaanet.org\/\" rel=\"noopener noreferrer\" target=\"_blank\">World Council of Anthropological Associations<\/a>&nbsp;(WCAA)<\/li>\n<\/ul>\n<\/div>\n<\/div>\n<\/div>\n<\/div>\n<\/div>\n<\/article>\n<\/div>\n<\/div>\n<\/div>\n","protected":false},"excerpt":{"rendered":"<p>Asia-Europe Foundation Asia Portal Asian Studies Association of Australia&nbsp;(ASAA) Asociaci\u00f3n de Difusi\u00f3n de Estudios y Cultura Coreana en Espa\u00f1a&nbsp;(ADECCE) Asociaci\u00f3n de Estudios Japoneses en Espa\u00f1a (AEJE) Asociaci\u00f3n de Profesores de Japon\u00e9s de Espa\u00f1a (APJE) Asociaci\u00f3n Latinoamericana de Estudios de Asia y \u00c1frica (ALADAA) Association for Asian Research&nbsp;(AFAR) Association for Asian Studies (AAS) Association for Korean [&hellip;]<\/p>\n","protected":false},"author":20,"featured_media":0,"parent":0,"menu_order":0,"comment_status":"closed","ping_status":"closed","template":"","meta":{"footnotes":""},"class_list":["post-437","page","type-page","status-publish","hentry"],"_links":{"self":[{"href":"https:\/\/webs.uab.cat\/gregal\/es\/wp-json\/wp\/v2\/pages\/437","targetHints":{"allow":["GET"]}}],"collection":[{"href":"https:\/\/webs.uab.cat\/gregal\/es\/wp-json\/wp\/v2\/pages"}],"about":[{"href":"https:\/\/webs.uab.cat\/gregal\/es\/wp-json\/wp\/v2\/types\/page"}],"author":[{"embeddable":true,"href":"https:\/\/webs.uab.cat\/gregal\/es\/wp-json\/wp\/v2\/users\/20"}],"replies":[{"embeddable":true,"href":"https:\/\/webs.uab.cat\/gregal\/es\/wp-json\/wp\/v2\/comments?post=437"}],"version-history":[{"count":0,"href":"https:\/\/webs.uab.cat\/gregal\/es\/wp-json\/wp\/v2\/pages\/437\/revisions"}],"wp:attachment":[{"href":"https:\/\/webs.uab.cat\/gregal\/es\/wp-json\/wp\/v2\/media?parent=437"}],"curies":[{"name":"wp","href":"https:\/\/api.w.org\/{rel}","templated":true}]}}