{"id":49,"date":"2019-07-26T09:03:55","date_gmt":"2019-07-26T09:03:55","guid":{"rendered":"https:\/\/webs.uab.cat\/gregal\/inici-2\/"},"modified":"2024-11-15T10:46:58","modified_gmt":"2024-11-15T10:46:58","slug":"inici-2","status":"publish","type":"page","link":"https:\/\/webs.uab.cat\/gregal\/es\/","title":{"rendered":"Inicio"},"content":{"rendered":"<div class=\"field-item even\">\n<p class=\"rtejustify\">El Grupo de Investigaci\u00f3n<strong> GREGAL: Circulaci\u00f3n Cultural Jap\u00f3n-Corea-Catalunya\/Espa\u00f1a<\/strong> tiene como objeto de estudio la circulaci\u00f3n, reconfiguraci\u00f3n y encaje de los flujos creativos, ling\u00fc\u00edsticos y representacionales que con Jap\u00f3n y Corea del Sur como vectores principales afectan y transforman las realidades sociales catalana y espa\u00f1ola en procesos globalizadores de escala planetaria. Su Investigador Principal es el Dr. Blai Guarn\u00e9.<\/p>\n<p class=\"rtejustify\">El GREGAL ha sido reconocido como grupo de investigaci\u00f3n consolidado (GRC) por la Generalitat de Catalunya <strong>(2021 SGR 00558)<\/strong> y lleva a cabo el proyecto <strong>I+D+i PID2021-122897NB-I00 del<\/strong> <strong>MCIN\/AEI \/10.13039\/501100011033 \/ FEDER, UE\u00a0 (2022-2025) <\/strong>en el <a href=\"http:\/\/www.uab.cat\/web\/departamento-de-traduccion-e-interpretacion-1320649886924.html\">Departamento de Traducci\u00f3n e Interpretaci\u00f3n y Estudios de la Asia Oriental de la UAB<\/a> y el <a href=\"https:\/\/webs.uab.cat\/cerao\/ca\/\">East Asian Studies and Research Centre (CERAO)<\/a>, entre otros proyectos financiados por instituciones cient\u00edficas nacionales e internacionales centrados en el creciente inter\u00e9s que las industrias culturales procedentes de Jap\u00f3n y Corea suscitan en sectores cada vez m\u00e1s amplios de la sociedad.<\/p>\n<p><a href=\"https:\/\/www.researchgate.net\/lab\/GREGAL-Research-Group-Cultural-Circulation-Japan-Korea-Catalonia-Spain-Blai-Guarne-2\"><img loading=\"lazy\" decoding=\"async\" class=\"size-full wp-image-43 alignleft\" style=\"float: left\" src=\"https:\/\/webs.uab.cat\/gregal\/wp-content\/uploads\/sites\/68\/2019\/07\/rg.png\" alt=\"\" width=\"207\" height=\"90\" \/><\/a><\/p>\n<\/div>\n<p><a href=\"https:\/\/scholar.google.com\/citations?user=O45HKSsAAAAJ&amp;hl=catn\" target=\"_blank\" rel=\"noopener\"><img loading=\"lazy\" decoding=\"async\" class=\"size-full wp-image-46 alignleft\" style=\"float: left\" src=\"https:\/\/webs.uab.cat\/gregal\/wp-content\/uploads\/sites\/68\/2019\/07\/download.png\" alt=\"\" width=\"207\" height=\"90\" srcset=\"https:\/\/webs.uab.cat\/gregal\/wp-content\/uploads\/sites\/68\/2019\/07\/download.png 341w, https:\/\/webs.uab.cat\/gregal\/wp-content\/uploads\/sites\/68\/2019\/07\/download-300x130.png 300w\" sizes=\"auto, (max-width: 207px) 100vw, 207px\" \/><\/a><a href=\"https:\/\/www.youtube.com\/@GREGALUAB\" target=\"_blank\" rel=\"noopener\"><img loading=\"lazy\" decoding=\"async\" class=\"alignleft wp-image-2277\" src=\"https:\/\/webs.uab.cat\/gregal\/wp-content\/uploads\/sites\/68\/2024\/07\/YouTube_logo_2017-1.png\" alt=\"\" width=\"223\" height=\"50\" srcset=\"https:\/\/webs.uab.cat\/gregal\/wp-content\/uploads\/sites\/68\/2024\/07\/YouTube_logo_2017-1.png 794w, https:\/\/webs.uab.cat\/gregal\/wp-content\/uploads\/sites\/68\/2024\/07\/YouTube_logo_2017-1-300x67.png 300w, https:\/\/webs.uab.cat\/gregal\/wp-content\/uploads\/sites\/68\/2024\/07\/YouTube_logo_2017-1-768x172.png 768w\" sizes=\"auto, (max-width: 223px) 100vw, 223px\" \/><\/a><\/p>\n\n\n<p><\/p>\n\n\n\n<div class=\"wp-block-columns is-layout-flex wp-container-core-columns-is-layout-9d6595d7 wp-block-columns-is-layout-flex\">\n<div class=\"wp-block-column is-layout-flow wp-block-column-is-layout-flow\">\n<figure class=\"wp-block-image size-large\"><a href=\"https:\/\/k-lab.online\"><img loading=\"lazy\" decoding=\"async\" width=\"1024\" height=\"355\" src=\"https:\/\/webs.uab.cat\/gregal\/wp-content\/uploads\/sites\/68\/2024\/11\/Logo-K-Lab-6-1024x355.png\" alt=\"\" class=\"wp-image-2448\" srcset=\"https:\/\/webs.uab.cat\/gregal\/wp-content\/uploads\/sites\/68\/2024\/11\/Logo-K-Lab-6-1024x355.png 1024w, https:\/\/webs.uab.cat\/gregal\/wp-content\/uploads\/sites\/68\/2024\/11\/Logo-K-Lab-6-300x104.png 300w, https:\/\/webs.uab.cat\/gregal\/wp-content\/uploads\/sites\/68\/2024\/11\/Logo-K-Lab-6-768x266.png 768w, https:\/\/webs.uab.cat\/gregal\/wp-content\/uploads\/sites\/68\/2024\/11\/Logo-K-Lab-6-1536x533.png 1536w, https:\/\/webs.uab.cat\/gregal\/wp-content\/uploads\/sites\/68\/2024\/11\/Logo-K-Lab-6-1200x416.png 1200w, https:\/\/webs.uab.cat\/gregal\/wp-content\/uploads\/sites\/68\/2024\/11\/Logo-K-Lab-6.png 1908w\" sizes=\"auto, (max-width: 1024px) 100vw, 1024px\" \/><\/a><\/figure>\n<\/div>\n\n\n\n<div class=\"wp-block-column is-layout-flow wp-block-column-is-layout-flow\">\n<figure class=\"wp-block-image size-large\"><a href=\"https:\/\/j-lab.online\"><img loading=\"lazy\" decoding=\"async\" width=\"1024\" height=\"367\" src=\"https:\/\/webs.uab.cat\/gregal\/wp-content\/uploads\/sites\/68\/2024\/11\/Logo-J-Lab-8-1024x367.png\" alt=\"\" class=\"wp-image-2451\" srcset=\"https:\/\/webs.uab.cat\/gregal\/wp-content\/uploads\/sites\/68\/2024\/11\/Logo-J-Lab-8-1024x367.png 1024w, https:\/\/webs.uab.cat\/gregal\/wp-content\/uploads\/sites\/68\/2024\/11\/Logo-J-Lab-8-300x107.png 300w, https:\/\/webs.uab.cat\/gregal\/wp-content\/uploads\/sites\/68\/2024\/11\/Logo-J-Lab-8-768x275.png 768w, https:\/\/webs.uab.cat\/gregal\/wp-content\/uploads\/sites\/68\/2024\/11\/Logo-J-Lab-8-1536x550.png 1536w, https:\/\/webs.uab.cat\/gregal\/wp-content\/uploads\/sites\/68\/2024\/11\/Logo-J-Lab-8-1200x430.png 1200w, https:\/\/webs.uab.cat\/gregal\/wp-content\/uploads\/sites\/68\/2024\/11\/Logo-J-Lab-8.png 1913w\" sizes=\"auto, (max-width: 1024px) 100vw, 1024px\" \/><\/a><\/figure>\n<\/div>\n<\/div>\n\n\n\n<p><\/p>\n","protected":false},"excerpt":{"rendered":"<p>El Grupo de Investigaci\u00f3n GREGAL: Circulaci\u00f3n Cultural Jap\u00f3n-Corea-Catalunya\/Espa\u00f1a tiene como objeto de estudio la circulaci\u00f3n, reconfiguraci\u00f3n y encaje de los flujos creativos, ling\u00fc\u00edsticos y representacionales que con Jap\u00f3n y Corea del Sur como vectores principales afectan y transforman las realidades sociales catalana y espa\u00f1ola en procesos globalizadores de escala planetaria. Su Investigador Principal es el [&hellip;]<\/p>\n","protected":false},"author":20,"featured_media":0,"parent":0,"menu_order":0,"comment_status":"closed","ping_status":"closed","template":"","meta":{"footnotes":""},"class_list":["post-49","page","type-page","status-publish","hentry"],"_links":{"self":[{"href":"https:\/\/webs.uab.cat\/gregal\/es\/wp-json\/wp\/v2\/pages\/49","targetHints":{"allow":["GET"]}}],"collection":[{"href":"https:\/\/webs.uab.cat\/gregal\/es\/wp-json\/wp\/v2\/pages"}],"about":[{"href":"https:\/\/webs.uab.cat\/gregal\/es\/wp-json\/wp\/v2\/types\/page"}],"author":[{"embeddable":true,"href":"https:\/\/webs.uab.cat\/gregal\/es\/wp-json\/wp\/v2\/users\/20"}],"replies":[{"embeddable":true,"href":"https:\/\/webs.uab.cat\/gregal\/es\/wp-json\/wp\/v2\/comments?post=49"}],"version-history":[{"count":9,"href":"https:\/\/webs.uab.cat\/gregal\/es\/wp-json\/wp\/v2\/pages\/49\/revisions"}],"predecessor-version":[{"id":2454,"href":"https:\/\/webs.uab.cat\/gregal\/es\/wp-json\/wp\/v2\/pages\/49\/revisions\/2454"}],"wp:attachment":[{"href":"https:\/\/webs.uab.cat\/gregal\/es\/wp-json\/wp\/v2\/media?parent=49"}],"curies":[{"name":"wp","href":"https:\/\/api.w.org\/{rel}","templated":true}]}}