{"id":495,"date":"2020-02-02T18:40:41","date_gmt":"2020-02-02T18:40:41","guid":{"rendered":"https:\/\/webs.uab.cat\/gregal\/revision-cientifica\/"},"modified":"2023-09-28T17:23:40","modified_gmt":"2023-09-28T17:23:40","slug":"revision-cientifica","status":"publish","type":"page","link":"https:\/\/webs.uab.cat\/gregal\/es\/revision-cientifica\/","title":{"rendered":"Revisi\u00f3n Cient\u00edfica"},"content":{"rendered":"\n<ul class=\"wp-block-list\">\n<li><a href=\"https:\/\/journals.openedition.org\/anthrovision\/?lang=fr\">AnthroVision<\/a><\/li>\n\n\n\n<li><a href=\"https:\/\/www.archivosdelafilmoteca.com\/index.php\/archivos\">Archivos de la Filmoteca<\/a>&nbsp;&nbsp;&nbsp;&nbsp;&nbsp;&nbsp;<\/li>\n\n\n\n<li><a href=\"https:\/\/www.mdpi.com\/journal\/arts\">Arts Journal. MDPI publication.<\/a><\/li>\n\n\n\n<li><a href=\"http:\/\/www.asiademica.com\/\">Asiad\u00e9mica<\/a><\/li>\n\n\n\n<li><a href=\"http:\/\/revistaayer.com\/\">Ayer: Revista de Historia Contempor\u00e1nea<\/a><\/li>\n\n\n\n<li><a href=\"https:\/\/www.bloomsbury.com\/uk\/\">Bloomsbury Publications.<\/a><\/li>\n\n\n\n<li><a href=\"https:\/\/revistas.juridicas.unam.mx\/index.php\/derecho-comparado\">Bolet\u00edn de Derecho Comparado<\/a><\/li>\n\n\n\n<li><a href=\"https:\/\/www.emeraldgrouppublishing.com\/journal\/bfj\" data-type=\"URL\" data-id=\"https:\/\/www.emeraldgrouppublishing.com\/journal\/bfj\">British Food Journal<\/a><\/li>\n\n\n\n<li><a href=\"https:\/\/revistas.usal.es\/dos\/index.php\/clina\/index\" data-type=\"URL\" data-id=\"https:\/\/revistas.usal.es\/dos\/index.php\/clina\/index\">CLINA Revista Interdisciplinaria de Traducci\u00f3n Interpretaci\u00f3n y Comunicaci\u00f3n Intercultural<\/a><\/li>\n\n\n\n<li><a href=\"https:\/\/www.unav.edu\/publicaciones\/revistas\/index.php\/communication-and-society\/index\">Communication and Society<\/a><\/li>\n\n\n\n<li><a href=\"https:\/\/conadeanimacion.upv.es\/\" data-type=\"URL\" data-id=\"https:\/\/conadeanimacion.upv.es\/\">Con A de Animaci\u00f3n<\/a><\/li>\n\n\n\n<li><a href=\"https:\/\/repositorio.ulima.edu.pe\/handle\/20.500.12724\/1741\" data-type=\"URL\" data-id=\"https:\/\/repositorio.ulima.edu.pe\/handle\/20.500.12724\/1741\">Contratexto<\/a><\/li>\n\n\n\n<li><a rel=\"noopener\" href=\"https:\/\/revistas.javeriana.edu.co\/index.php\/cma\/index\" target=\"_blank\">Cuadernos de M\u00fasica, Artes Visuales y Artes Esc\u00e9nicas<\/a><\/li>\n\n\n\n<li><a href=\"https:\/\/www.tandfonline.com\/toc\/rcye20\/current\">Culture and Education<\/a>&nbsp;<\/li>\n\n\n\n<li><a href=\"http:\/\/www.digra.org\/\" data-type=\"URL\" data-id=\"http:\/\/www.digra.org\/\">DiGRA<\/a><\/li>\n\n\n\n<li><a href=\"https:\/\/estudiosdeasiayafrica.colmex.mx\/index.php\/eaa\">Estudios de Asia y \u00c1frica<\/a>&nbsp;&nbsp;&nbsp;&nbsp;&nbsp;&nbsp;<\/li>\n\n\n\n<li><a href=\"https:\/\/estudiosinterlinguisticos.com\/\">Estudios interling\u00fc\u00edsticos<\/a><\/li>\n\n\n\n<li><a href=\"https:\/\/journals.sagepub.com\/home\/gac\" data-type=\"URL\" data-id=\"https:\/\/journals.sagepub.com\/home\/gac\">Games and Culture<\/a><\/li>\n\n\n\n<li><a href=\"https:\/\/globalethnographic.com\/\">Global Ethnographic<\/a><\/li>\n\n\n\n<li><a href=\"https:\/\/revistas.uva.es\/index.php\/hermeneus\/index\">Herm\u0113neus. Revista de traducci\u00f3n e interpretaci\u00f3n<\/a><\/li>\n\n\n\n<li><a href=\"https:\/\/www.springer.com\/journal\/10734\" data-type=\"URL\" data-id=\"https:\/\/www.springer.com\/journal\/10734\">Higher Education<\/a><\/li>\n\n\n\n<li><a href=\"https:\/\/revistaseug.ugr.es\/index.php\/impossibilia\" data-type=\"URL\" data-id=\"https:\/\/revistaseug.ugr.es\/index.php\/impossibilia\">Impossibilia: Revista Internacional de Estudios Literarios<\/a><\/li>\n\n\n\n<li><a href=\"https:\/\/www.degruyter.com\/journal\/key\/IJSL\/html\">International Journal of Sociology of Language<\/a><\/li>\n\n\n\n<li><a href=\"https:\/\/www.3anet.co.jp\/np\/books\/9897\/\" data-type=\"URL\" data-id=\"https:\/\/www.3anet.co.jp\/np\/books\/9897\/\">Ja-Net. Japanese Network Journal<\/a><\/li>\n\n\n\n<li><a href=\"http:\/\/www.japananthropologyworkshop.org\/publicationsandprojects\/newsletter\/\">JAWS Newsletter<\/a><\/li>\n\n\n\n<li><a href=\"https:\/\/www.intellectbooks.com\/journal-of-adaptation-in-film-performance\">Journal of Adaptation in Film &amp; Performance (JAFP)<\/a>&nbsp; &nbsp;&nbsp;<\/li>\n\n\n\n<li><a href=\"https:\/\/www.tandfonline.com\/loi\/wimm20\">Journal of Immigrant and Refugee Studies<\/a><\/li>\n\n\n\n<li><a href=\"https:\/\/www.tandfonline.com\/loi\/rjkc20\">Journal of Japanese and Korean Cinema.<\/a><\/li>\n\n\n\n<li><a href=\"https:\/\/www.tandfonline.com\/toc\/rmmm20\/current\">Journal of Multilingual and Multicultural Development<\/a>&nbsp;&nbsp;&nbsp;&nbsp;&nbsp;&nbsp;<\/li>\n\n\n\n<li><a href=\"http:\/\/komejournal.com\/\">KOME. An International Journal of Pure Communication Inquiry.<\/a><\/li>\n\n\n\n<li><a href=\"https:\/\/brill.com\/view\/journals\/kron\/kron-overview.xml\">KronoScope Journal for the Study of Time.<\/a><\/li>\n\n\n\n<li><a href=\"https:\/\/www.tandfonline.com\/toc\/rmli20\/current\">Language and Intercultural Communication<\/a><\/li>\n\n\n\n<li><a href=\"https:\/\/revistaatalante.com\/index.php\/atalante\/about\" data-type=\"URL\" data-id=\"https:\/\/revistaatalante.com\/index.php\/atalante\/about\">L\u2019Atalante: revista de estudios cinematogr\u00e1ficos<\/a><\/li>\n\n\n\n<li><a href=\"https:\/\/revistas.ucm.es\/index.php\/ILUR\/index\" data-type=\"URL\" data-id=\"https:\/\/revistas.ucm.es\/index.php\/ILUR\/index\">&#8216;Ilu. Revista de Ciencias de las Religiones<\/a><\/li>\n\n\n\n<li><a href=\"https:\/\/revistes.uab.cat\/locus\">Locus Amoenus<\/a><\/li>\n\n\n\n<li><a href=\"https:\/\/revistas.ucm.es\/index.php\/MIRA\">MIRAI. Estudios Japoneses<\/a><\/li>\n\n\n\n<li><a href=\"https:\/\/think.taylorandfrancis.com\/\">Multicultural&nbsp; Discourses<\/a><\/li>\n\n\n\n<li><a href=\"https:\/\/mutualimages-journal.org\/index.php\/mi\/about\" data-type=\"URL\" data-id=\"https:\/\/mutualimages-journal.org\/index.php\/mi\/about\">Mutual Images Journal<\/a><\/li>\n\n\n\n<li><a href=\"https:\/\/newvoices.arts.chula.ac.th\/index.php\/en\/index\" data-type=\"URL\" data-id=\"https:\/\/newvoices.arts.chula.ac.th\/index.php\/en\/index\">New Voices in Translation Studies<\/a><\/li>\n\n\n\n<li><a href=\"http:\/\/publications.nichibun.ac.jp\/pc1\/en\/announce\/nike\/\">Nihonkenkyu<\/a><\/li>\n\n\n\n<li><a href=\"https:\/\/www.degruyter.com\/view\/j\/opli\">Open Linguistics<\/a><\/li>\n\n\n\n<li><a href=\"https:\/\/pensamientoalmargen.com\/\">Pensamiento al Margen. Online journal.<\/a><\/li>\n\n\n\n<li><a href=\"https:\/\/ddd.uab.cat\/record\/40?ln=ca\">Quaderns<\/a><\/li>\n\n\n\n<li><a href=\"https:\/\/www.antropologia.cat\/publicacions\/quaderns\/\">Quaderns ICA<\/a><\/li>\n\n\n\n<li><a href=\"https:\/\/www.antropologia.cat\/publicacions\/quaderns-e\/\">Quaderns-e<\/a><\/li>\n\n\n\n<li><a href=\"https:\/\/revistas.uam.es\/relacionesinternacionales\/index\">Relaciones Internacionales<\/a>&nbsp;&nbsp;&nbsp;&nbsp;<\/li>\n\n\n\n<li><a href=\"http:\/\/revpubli.unileon.es\/ojs\/index.php\/artesmarciales\">Revista de Artes Marciales Asi\u00e1ticas<\/a>&nbsp;&nbsp;&nbsp;&nbsp;&nbsp;&nbsp;&nbsp;&nbsp;<\/li>\n\n\n\n<li><a href=\"https:\/\/www.unav.edu\/web\/instituto-empresa-y-humanismo\/publicaciones\/revista-empresa-y-humanismo\">Revista de Humanismo y Empresa<\/a><\/li>\n\n\n\n<li><a href=\"http:\/\/www.reei.org\/\" data-type=\"URL\" data-id=\"http:\/\/www.reei.org\/\">Revista Electr\u00f3nica de Estudios Internacionales<\/a><\/li>\n\n\n\n<li><a href=\"https:\/\/benjamins.com\/catalog\/resla\">Revista Espa\u00f1ola de Ling\u00fc\u00edstica Aplicada\/Spanish Journal of Applied Linguistics<\/a><\/li>\n\n\n\n<li><a href=\"https:\/\/revistaseug.ugr.es\/index.php\/sendebar\" data-type=\"URL\" data-id=\"https:\/\/revistaseug.ugr.es\/index.php\/sendebar\">Sendebar. Revista de Traducci\u00f3n, Universidad de Granada<\/a><\/li>\n\n\n\n<li><a href=\"https:\/\/www.tandfonline.com\/loi\/rsdf20\">Studies in Documentary Film Journal<\/a><\/li>\n\n\n\n<li><a href=\"https:\/\/revistas.uma.es\/index.php\/trans\" data-type=\"URL\" data-id=\"https:\/\/revistas.uma.es\/index.php\/trans\">TRANS. Revista de Traductolog\u00eda<\/a><\/li>\n\n\n\n<li><a href=\"http:\/\/revistes.iec.cat\/index.php\/TSC\/index\">Treballs de Socioling\u00fc\u00edstica Catalana<\/a><\/li>\n\n\n\n<li><a href=\"https:\/\/journals.uco.es\/index.php\/ucoarte\" data-type=\"URL\" data-id=\"https:\/\/journals.uco.es\/index.php\/ucoarte\">UCOARTE, Revista de Teor\u00eda e Historia del Arte<\/a><\/li>\n\n\n\n<li><a href=\"http:\/\/umbral.uprrp.edu\/?q=revista\">Umbral<\/a><\/li>\n<\/ul>\n","protected":false},"excerpt":{"rendered":"","protected":false},"author":20,"featured_media":0,"parent":0,"menu_order":0,"comment_status":"closed","ping_status":"closed","template":"","meta":{"footnotes":""},"class_list":["post-495","page","type-page","status-publish","hentry"],"_links":{"self":[{"href":"https:\/\/webs.uab.cat\/gregal\/es\/wp-json\/wp\/v2\/pages\/495","targetHints":{"allow":["GET"]}}],"collection":[{"href":"https:\/\/webs.uab.cat\/gregal\/es\/wp-json\/wp\/v2\/pages"}],"about":[{"href":"https:\/\/webs.uab.cat\/gregal\/es\/wp-json\/wp\/v2\/types\/page"}],"author":[{"embeddable":true,"href":"https:\/\/webs.uab.cat\/gregal\/es\/wp-json\/wp\/v2\/users\/20"}],"replies":[{"embeddable":true,"href":"https:\/\/webs.uab.cat\/gregal\/es\/wp-json\/wp\/v2\/comments?post=495"}],"version-history":[{"count":4,"href":"https:\/\/webs.uab.cat\/gregal\/es\/wp-json\/wp\/v2\/pages\/495\/revisions"}],"predecessor-version":[{"id":1227,"href":"https:\/\/webs.uab.cat\/gregal\/es\/wp-json\/wp\/v2\/pages\/495\/revisions\/1227"}],"wp:attachment":[{"href":"https:\/\/webs.uab.cat\/gregal\/es\/wp-json\/wp\/v2\/media?parent=495"}],"curies":[{"name":"wp","href":"https:\/\/api.w.org\/{rel}","templated":true}]}}