{"id":61,"date":"2019-07-26T09:23:14","date_gmt":"2019-07-26T09:23:14","guid":{"rendered":"https:\/\/webs.uab.cat\/gregal\/miembros\/"},"modified":"2023-11-02T09:58:01","modified_gmt":"2023-11-02T09:58:01","slug":"miembros","status":"publish","type":"page","link":"https:\/\/webs.uab.cat\/gregal\/es\/miembros\/","title":{"rendered":"Miembros"},"content":{"rendered":"\n<p><strong>GREGAL: Circulaci\u00f3n Cultural Jap\u00f3n-Corea-Catalu\u00f1a\/Espa\u00f1a<\/strong> es un grupo de investigaci\u00f3n interdisciplinar formado por investigadores especializados en las din\u00e1micas interculturales y sociopol\u00edticas de Jap\u00f3n y Corea, as\u00ed como de otras \u00e1reas de Asia Oriental.<\/p>\n\n\n\n<ul class=\"wp-block-list\">\n<li><a href=\"http:\/\/grupsderecerca.uab.cat\/gregal\/es\/content\/equipo-de-investigaci%C3%B3n\">Equipo de investigaci\u00f3n<\/a><\/li>\n\n\n\n<li><a href=\"http:\/\/grupsderecerca.uab.cat\/gregal\/es\/content\/doctorandos-y-becarios\">Doctorandos y becarios<\/a><\/li>\n\n\n\n<li><a href=\"https:\/\/webs.uab.cat\/gregal\/es\/investigadores-asociados-y-colaboradores\/\" data-type=\"page\" data-id=\"161\">Investigadores visitantes<\/a><\/li>\n<\/ul>\n","protected":false},"excerpt":{"rendered":"<p>GREGAL: Circulaci\u00f3n Cultural Jap\u00f3n-Corea-Catalu\u00f1a\/Espa\u00f1a es un grupo de investigaci\u00f3n interdisciplinar formado por investigadores especializados en las din\u00e1micas interculturales y sociopol\u00edticas de Jap\u00f3n y Corea, as\u00ed como de otras \u00e1reas de Asia Oriental.<\/p>\n","protected":false},"author":20,"featured_media":0,"parent":0,"menu_order":0,"comment_status":"closed","ping_status":"closed","template":"","meta":{"footnotes":""},"class_list":["post-61","page","type-page","status-publish","hentry"],"_links":{"self":[{"href":"https:\/\/webs.uab.cat\/gregal\/es\/wp-json\/wp\/v2\/pages\/61","targetHints":{"allow":["GET"]}}],"collection":[{"href":"https:\/\/webs.uab.cat\/gregal\/es\/wp-json\/wp\/v2\/pages"}],"about":[{"href":"https:\/\/webs.uab.cat\/gregal\/es\/wp-json\/wp\/v2\/types\/page"}],"author":[{"embeddable":true,"href":"https:\/\/webs.uab.cat\/gregal\/es\/wp-json\/wp\/v2\/users\/20"}],"replies":[{"embeddable":true,"href":"https:\/\/webs.uab.cat\/gregal\/es\/wp-json\/wp\/v2\/comments?post=61"}],"version-history":[{"count":2,"href":"https:\/\/webs.uab.cat\/gregal\/es\/wp-json\/wp\/v2\/pages\/61\/revisions"}],"predecessor-version":[{"id":1794,"href":"https:\/\/webs.uab.cat\/gregal\/es\/wp-json\/wp\/v2\/pages\/61\/revisions\/1794"}],"wp:attachment":[{"href":"https:\/\/webs.uab.cat\/gregal\/es\/wp-json\/wp\/v2\/media?parent=61"}],"curies":[{"name":"wp","href":"https:\/\/api.w.org\/{rel}","templated":true}]}}