{"id":63,"date":"2019-07-26T09:23:28","date_gmt":"2019-07-26T09:23:28","guid":{"rendered":"https:\/\/webs.uab.cat\/gregal\/investigacion\/"},"modified":"2019-07-26T09:32:35","modified_gmt":"2019-07-26T09:32:35","slug":"investigacion","status":"publish","type":"page","link":"https:\/\/webs.uab.cat\/gregal\/es\/investigacion\/","title":{"rendered":"Investigaci\u00f3n"},"content":{"rendered":"<p class=\"rtejustify\">&nbsp;<\/p>\n<p class=\"rtejustify\">La investigaci\u00f3n llevada a cabo por <strong>GREGAL<\/strong> se centra en el estudio de la circulaci\u00f3n deproducciones audiovisuales, los <strong>usos de<\/strong>&nbsp; la cultura popular con <strong>fines estrat\u00e9gicos<\/strong> y <strong>pr\u00e1cticas de apropiaci\u00f3n<\/strong> de<strong>influencias est\u00e9ticas<\/strong> que encuentran en las sociedades japonesas y coreanas sus motores creativos.<\/p>\n<p class=\"rtejustify\">Durante casi una d\u00e9cada, la investigaci\u00f3n de los miembros del Grupo de Investigaci\u00f3n <strong>GREGAL<\/strong> se ha centrado en la din\u00e1mica intercultural y sociopol\u00edtica de Asia Oriental, confirmando elaumento<strong> acelerado<\/strong> de las pr\u00e1cticas de <strong>consumo <\/strong>&nbsp;cultural &nbsp;asociadas con diferentes expresiones de la <strong>cultura popular japonesa y coreana<\/strong> <strong>contempor\u00e1nea<\/strong> (producciones audiovisuales y literarias, publicaciones gr\u00e1ficas y entretenimiento electr\u00f3nico, gastronom\u00eda, idioma), as\u00ed como sus <strong>efectos<\/strong> en sectores espec\u00edficos del \u00e1mbito <strong>econ\u00f3mico, pol\u00edtico y cultural<\/strong>.<\/p>\n<p class=\"rtejustify\">Con la necesidad de considerar el dinamismo intr\u00ednseco que informa estos procesos desde su origen hasta su recepci\u00f3n, el grupo establece los siguientes objetivos estrat\u00e9gicos:<\/p>\n<p class=\"rteindent2 rtejustify\">\u2022 Consolidar<strong> <\/strong>el <strong>an\u00e1lisis intensivo de la circulaci\u00f3n global de productos y pr\u00e1cticas asociadas<\/strong> a las culturas populares japonesas y coreanas, as\u00ed como su <strong>impacto social<\/strong> en Catalu\u00f1a.<\/p>\n<p class=\"rteindent2 rtejustify\">\u2022 Incrementar el<strong> estudio de las estrategias de diplomacia cultural en instituciones oficiales<\/strong> de Corea, Jap\u00f3n y Catalu\u00f1a, con especial \u00e9nfasis en sus implicaciones sociales, pol\u00edticas y econ\u00f3micas.<\/p>\n<p class=\"rteindent2 rtejustify\">\u2022 Impulsar el<strong> an\u00e1lisis de los flujos humanos<\/strong> entre Catalu\u00f1a, Corea y Jap\u00f3n, y el amplio estudio de las variables formativas implicadas en la ense\u00f1anza y<strong> aprendizaje<\/strong> de <strong>lenguas japonesas y coreanas<\/strong> en nuestro entorno educativo.<\/p>\n<p class=\"rteindent2 rtejustify\">\u2022 <strong>Potenciar <\/strong>las actividades de <strong>transferencia<\/strong> y los canales&nbsp; de los <strong>resultados<\/strong> obtenidos en el desarrollo de las l\u00edneas de investigaci\u00f3n del grupo.<\/p>\n<p class=\"rteindent2 rtejustify\">\u2022 Aumentar la <strong>dimensi\u00f3n internacional<\/strong> del grupo mediante el establecimiento de <strong>colaboraciones cient\u00edficas<\/strong> con otros grupos similares en el entorno <strong>europeo.<\/strong><\/p>\n<p class=\"rteindent2 rtejustify\">&nbsp;<\/p>\n<p class=\"rtejustify\"><a href=\"http:\/\/grupsderecerca.uab.cat\/gregal\/es\/content\/l%C3%ADneas-de-investigaci%C3%B3n\"><strong>Lineas de investigaci\u00f3n<\/strong><\/a><\/p>\n","protected":false},"excerpt":{"rendered":"<p>&nbsp; La investigaci\u00f3n llevada a cabo por GREGAL se centra en el estudio de la circulaci\u00f3n deproducciones audiovisuales, los usos de&nbsp; la cultura popular con fines estrat\u00e9gicos y pr\u00e1cticas de apropiaci\u00f3n deinfluencias est\u00e9ticas que encuentran en las sociedades japonesas y coreanas sus motores creativos. Durante casi una d\u00e9cada, la investigaci\u00f3n de los miembros del Grupo [&hellip;]<\/p>\n","protected":false},"author":20,"featured_media":0,"parent":0,"menu_order":0,"comment_status":"closed","ping_status":"closed","template":"","meta":{"footnotes":""},"class_list":["post-63","page","type-page","status-publish","hentry"],"_links":{"self":[{"href":"https:\/\/webs.uab.cat\/gregal\/es\/wp-json\/wp\/v2\/pages\/63","targetHints":{"allow":["GET"]}}],"collection":[{"href":"https:\/\/webs.uab.cat\/gregal\/es\/wp-json\/wp\/v2\/pages"}],"about":[{"href":"https:\/\/webs.uab.cat\/gregal\/es\/wp-json\/wp\/v2\/types\/page"}],"author":[{"embeddable":true,"href":"https:\/\/webs.uab.cat\/gregal\/es\/wp-json\/wp\/v2\/users\/20"}],"replies":[{"embeddable":true,"href":"https:\/\/webs.uab.cat\/gregal\/es\/wp-json\/wp\/v2\/comments?post=63"}],"version-history":[{"count":0,"href":"https:\/\/webs.uab.cat\/gregal\/es\/wp-json\/wp\/v2\/pages\/63\/revisions"}],"wp:attachment":[{"href":"https:\/\/webs.uab.cat\/gregal\/es\/wp-json\/wp\/v2\/media?parent=63"}],"curies":[{"name":"wp","href":"https:\/\/api.w.org\/{rel}","templated":true}]}}