{"id":65,"date":"2019-07-26T09:23:45","date_gmt":"2019-07-26T09:23:45","guid":{"rendered":"https:\/\/webs.uab.cat\/gregal\/proyectos\/"},"modified":"2025-10-22T09:23:21","modified_gmt":"2025-10-22T09:23:21","slug":"proyectos","status":"publish","type":"page","link":"https:\/\/webs.uab.cat\/gregal\/es\/proyectos\/","title":{"rendered":"Proyectos"},"content":{"rendered":"\n<div class=\"wp-block-media-text is-stacked-on-mobile\" style=\"grid-template-columns:34% auto\"><figure class=\"wp-block-media-text__media\"><img loading=\"lazy\" decoding=\"async\" width=\"642\" height=\"429\" src=\"https:\/\/webs.uab.cat\/gregal\/wp-content\/uploads\/sites\/68\/2023\/07\/agaur_sgr.png\" alt=\"\" class=\"wp-image-972 size-full\" srcset=\"https:\/\/webs.uab.cat\/gregal\/wp-content\/uploads\/sites\/68\/2023\/07\/agaur_sgr.png 642w, https:\/\/webs.uab.cat\/gregal\/wp-content\/uploads\/sites\/68\/2023\/07\/agaur_sgr-300x200.png 300w\" sizes=\"auto, (max-width: 642px) 100vw, 642px\" \/><\/figure><div class=\"wp-block-media-text__content\">\n<p class=\"has-small-font-size\">(2021-2024) GREGAL: Circulaci\u00f3n Cultural Jap\u00f3n-Corea-Catalu\u00f1a&nbsp;(2021 SGR 00558).&nbsp;<em>Grupo de Investigaci\u00f3n Consolidado <\/em>(GRC) de la Generalitat de Catalunya. AGAUR, Departament d\u2019Innovaci\u00f3, Universitats i Empresa, Generalitat de Catalunya.&nbsp;<\/p>\n<\/div><\/div>\n\n\n\n<div class=\"wp-block-media-text is-stacked-on-mobile\" style=\"grid-template-columns:34% auto\"><figure class=\"wp-block-media-text__media\"><img loading=\"lazy\" decoding=\"async\" width=\"1024\" height=\"310\" src=\"https:\/\/webs.uab.cat\/gregal\/wp-content\/uploads\/sites\/68\/2023\/07\/detail_logos-1024x310.jpg\" alt=\"\" class=\"wp-image-975 size-full\" srcset=\"https:\/\/webs.uab.cat\/gregal\/wp-content\/uploads\/sites\/68\/2023\/07\/detail_logos-1024x310.jpg 1024w, https:\/\/webs.uab.cat\/gregal\/wp-content\/uploads\/sites\/68\/2023\/07\/detail_logos-300x91.jpg 300w, https:\/\/webs.uab.cat\/gregal\/wp-content\/uploads\/sites\/68\/2023\/07\/detail_logos-768x232.jpg 768w, https:\/\/webs.uab.cat\/gregal\/wp-content\/uploads\/sites\/68\/2023\/07\/detail_logos.jpg 1140w\" sizes=\"auto, (max-width: 1024px) 100vw, 1024px\" \/><\/figure><div class=\"wp-block-media-text__content\">\n<p>(2022 -2025) Proyecto PID2021-122897NB-I00 financiado por Ministerio de Ciencia e Innovaci\u00f3n MCIN\/AEI\/10.13039\/501100011033\/ FEDER, UE, \u201cEl boom cultural japon\u00e9s y surcoreano en Espa\u00f1a: aspectos culturales, pol\u00edticos y socioecon\u00f3micos\u201d<\/p>\n<\/div><\/div>\n\n\n\n<hr class=\"wp-block-separator has-alpha-channel-opacity\" \/>\n\n\n\n<h2 class=\"wp-block-heading\">Participaci\u00f3n en otros proyectos de investigaci\u00f3n<\/h2>\n\n\n\n<p><strong>(2023-2026)<\/strong>&nbsp;\u201cPatolog\u00edas de la subjetividad. Implicaciones \u00e9ticas y pol\u00edticas de la mercantilizaci\u00f3n de la vida en el capitalismo avanzado\u201d, Universidad Nacional Aut\u00f3noma de M\u00e9xico (Ref: IN405223)<\/p>\n\n\n\n<p><strong>(2023-2024)<\/strong>&nbsp;\u201cA comprehensive analysis of the evolution of global financial integration\u201d, Banco de Espa\u00f1a<\/p>\n\n\n\n<p><strong>(2022-2025)<\/strong>&nbsp;Margarita Salas Grant, European Union \u2013 NextGeneration \/ Spanish Ministry of Science and Innovation (Ref. MG2021\u2013738941)<\/p>\n\n\n\n<p><strong>(2022-2024)<\/strong>&nbsp;\u201cVoces femeninas emergentes en el cine espa\u00f1ol del siglo XXI: escrituras de la intimidad\u201d, Convocatoria de proyectos de investigaci\u00f3n cient\u00edfica y desarrollo tecnol\u00f3gico (plan promoci\u00f3n de la investigaci\u00f3n de la UJI 2021), Universitat Jaume I (Ref. 21I562.01\/1)<\/p>\n\n\n\n<p><strong>(2022-2024)<\/strong>&nbsp;\u201cEuropean expert at the EU-Japan Innovation Cooperation Project\u201d, DG REGIO, European Union<\/p>\n\n\n\n<p><strong>(2022-2023)<\/strong>&nbsp;\u201cAn\u00e0lisi de processos i materials per a la millora de l\u2019aprenentatge de kanji\u201d, OQD UAB (Ref: PID-2022A)<\/p>\n\n\n\n<p><strong>(2021-2022)<\/strong> \u201cJF-Sakura Network Grant Program,\u201d Japan Foundation (Government of Japan). (Ref.\u00a021MDSNW01-05)<\/p>\n\n\n\n<p><strong>(2021-2022)<\/strong>&nbsp;Yale University. Council on East Asian Studies (CEAS), Noriaki Tsuchimoto Research Grant<\/p>\n\n\n\n<p><strong>(2021\u20132022)<\/strong>&nbsp;UNAM Postdoctoral Fellowship, Center for Research on North America (declined), National Autonomous University of Mexico (Ref. 2021-I\/STBIAH-065)<\/p>\n\n\n\n<p><strong>(2021-2022)<\/strong> JF Long-Term Research Fellowship, Japan Foundation<\/p>\n\n\n\n<p><strong>(2021)<\/strong> \u591a\u8a00\u8a9e\u793e\u4f1a\u306b\u304a\u3051\u308b\u65e5\u672c\u8a9e\u306e\u7d99\u627f\u3068\u5bb6\u5ead\u8a00\u8a9e\u653f\u7b56\uff1a\u30ab\u30bf\u30eb\u30fc\u30cb\u30e3\u3068\u30a4\u30b9\u30e9\u30a8\u30eb\u30fb\u30d1\u30ec\u30b9\u30c1\u30ca\u306e\u6bd4\u8f03 (Transmissi\u00f3 del japon\u00e8s a societats pluriling\u00fces i pol\u00edtica ling\u00fc\u00edstica familiar: Catalunya i Israel), Japan Foundation (Ref. No. 21MDSS-08)<\/p>\n\n\n\n<p><strong>(2021)<\/strong>&nbsp;Great Britain Sasakawa Foundation Grant (Ref. No. 5558) and Waseda- MEXT\u2019s Top Global University Project<\/p>\n\n\n\n<p><strong>(2021)<\/strong>&nbsp;\u201cFomento de la lectura en japon\u00e9s fuera del aula: implementaci\u00f3n de varias actividades relacionadas con Tadoku\u201d, Japan Foundation, CERAO-Centre d\u2019Estudis i Recerca sobre \u00c0sia Oriental (Ref: 21MDSNW-02-04)<\/p>\n\n\n\n<p><strong>(2020-24)<\/strong>&nbsp;\u201cResearch on Resilience, Peacebuilding, and Preventing Violent Extremism: A Complex Systems Perspective on Sustaining Peace\u201d, JICA Japan International Cooperation Agency<\/p>\n\n\n\n<p><strong>(2020-2022)<\/strong>&nbsp;\u201cCreaci\u00f3 d\u2019una cooperativa d\u2019estudiants de la Facultat de Traducci\u00f3 i d\u2019Interpretaci\u00f3\u201d, OQD UAB (Ref: PID-2020B)<\/p>\n\n\n\n<p><strong>(2020-2021)<\/strong>&nbsp;\u201cLa construcci\u00f3n tecnocient\u00edfica y econ\u00f3mica de lo ef\u00edmero: Una propuesta \u00e9tica para la transitoriedad\u201d, UNAM POSDOC, Direcci\u00f3n General de Asuntos de Personal Acad\u00e9mico DGAPA, (Ref: POSDOC58\/2020-1)<\/p>\n\n\n\n<p><strong>(2020-2021)&nbsp;<\/strong>Grant Program for Japanese Studies Projects, Japan Foundation (Government of Japan) (Ref. 20MDSS6).<\/p>\n\n\n\n<p><strong>(2020)<\/strong>&nbsp;\u201cJapanese Transnational Cinema\u201d 2020, Project, Daiwa Foundation (Ref: 197\/13307)<\/p>\n\n\n\n<p><strong>(2020)<\/strong>&nbsp;\u201cIntereses y motivaciones en el estudio del japon\u00e9s: encuesta a nivel de Catalu\u00f1a\u201d Japan Foundation (Ref: 20MDSS6)<\/p>\n\n\n\n<p><strong>(2019-2022)<\/strong>&nbsp;Japanese Documentary Filmmaker Haneda Sumiko. Authorship and Gender Discourses. Sasakawa Foundation Birkbeck Research Committee Strategic Funds, The Japan Foundation, Open City Documentary Film Festival London<\/p>\n\n\n\n<p><strong>(2019-2022)&nbsp;<\/strong>\u201cRedefiniendo la raz\u00f3n pr\u00e1ctica: Contribuciones y l\u00edmites de la neurobiologizaci\u00f3n de la moral\u201d, Universidad Nacional Aut\u00f3noma de M\u00e9xico (REF: IN404418)<\/p>\n\n\n\n<p><strong>(2019-2021)<\/strong>&nbsp;\u201cEl dise\u00f1o narratol\u00f3gico en videojuegos: una propuesta de estructuras, estilos y elementos de creaci\u00f3n narrativa de influencia postcl\u00e1sica\u201d, Convocatoria de proyectos de investigaci\u00f3n cient\u00edfica y desarrollo tecnol\u00f3gico (plan promoci\u00f3n de la investigaci\u00f3n de la UJI 2018), Universitat Jaume I (Ref. UJI-A2018-12)<\/p>\n\n\n\n<p><strong>(2019-2021)<\/strong>&nbsp;\u201cAn\u00e1lisis de identidades discursivas en la era de la posverdad. Generaci\u00f3n de contenidos audiovisuales para una Educomunicaci\u00f3n cr\u00edtica\u201d, Convocatoria de proyectos de investigaci\u00f3n cient\u00edfica y desarrollo tecnol\u00f3gico (plan promoci\u00f3n de la investigaci\u00f3n de la UJI 2018), Universitat Jaume I (Ref. 18I390.01\/1)<\/p>\n\n\n\n<p><strong>(2019-2021)<\/strong>&nbsp;<a href=\"http:\/\/www.culturavisual.uji.es\/proyecto-identidades-discursivas-en-la-era-de-la-posverdad\/\">An\u00e1lisis de identidades discursivas en la era de la posverdad. Generaci\u00f3n de contenidos audiovisuales para una Educomunicaci\u00f3n cr\u00edtica (AIDEP)<\/a>, (18I390.01\/1-UJI 2018).<\/p>\n\n\n\n<p><strong>(2019-2021)<\/strong>&nbsp;<a href=\"http:\/\/www.culturavisual.uji.es\/proyecto-el-diseno-narratologico-en-videojuegos\/\">El dise\u00f1o narratol\u00f3gico en videojuegos: una propuesta de estructuras, estilos y elementos de creaci\u00f3n narrativa de influencia postcl\u00e1sica (DiNaVi)<\/a>, (18I369.01\/1-UJI 2018).<\/p>\n\n\n\n<p><strong>(2019-2020)<\/strong>&nbsp;\u201cLa construcci\u00f3n cultural de lo ef\u00edmero: Una interpretaci\u00f3n \u00e9tica del concepto de finitud\u201d, UNAM POSDOC, Direcci\u00f3n General de Asuntos Acad\u00e9micos de la DGAPA, (Ref: POSDOC51\/2019-1)<\/p>\n\n\n\n<p><strong>(2019-2020)<\/strong>&nbsp;\u201cFormaci\u00f3 per a l\u2019emprenedoria en els graus de Traducci\u00f3 i d\u2019Interpretaci\u00f3 i d\u2019Estudis d\u2019\u00c0sia Oriental de la Facultat de Traducci\u00f3 i d\u2019Interpretaci\u00f3\u201d, OQD UAB (Ref: PID-2019B)<\/p>\n\n\n\n<p><strong>(2019-2020)<\/strong>&nbsp;<a href=\"https:\/\/www.jpf.go.jp\/e\/project\/intel\/study\/index.html\">Grant Program for Japanese Studies Projects<\/a>, Japan Foundation (Government of Japan) (Ref. 10120893).<\/p>\n\n\n\n<p><strong>(2019-2020)<\/strong>&nbsp;<a href=\"http:\/\/www.jpf.go.jp\/e\/project\/intel\/study\/index.html\">Un estudio sobre los patrones de percepci\u00f3n de los kanjis de los estudiantes procedentes de las zonas donde no se usan los kanjis<\/a>,&nbsp;\u201c\u975e\u6f22\u5b57\u570f\u306e\u65e5\u672c\u8a9e\u5b66\u7fd2\u8005\u306e\u6f22\u5b57\u8a8d\u8b58\u30d1\u30bf\u30fc\u30f3\u306b\u95a2\u3059\u308b\u7814\u7a76\u201d, Sakura-network, Japan Foundation (REF 19MD-SS3), \u2018Cognici\u00f3 dels kanji dels estudiants de la llengua japonesa\u201d, 2018-2019 Japan Foundation (<em>Sakura network<\/em>).<\/p>\n\n\n\n<p><strong>(2018-2020)<\/strong>&nbsp;REPERCRI. Contemporary Representations of Perpetrators of Mass Crimes<em>,<\/em>&nbsp;(HAR2017-83519-P), Ministerio de Ciencia, Innovaci\u00f3n y Universidades.<\/p>\n\n\n\n<p><strong>(2018-2019)<\/strong>&nbsp;<a href=\"http:\/\/www.bbk.ac.uk\/english\/about-us\/events\/remote_event_view?id=5928\">Japanese Transnational Cinema<\/a>, Daiwa Foundation (Ref. 197\/13307) and Sasakawa Foundation (Ref. No. 5558).<\/p>\n\n\n\n<p><strong>(2018-2019)&nbsp;<\/strong><a href=\"https:\/\/www.casaasia.es\/economia\/asia_innova\">Projecte Asia Innova, Casa Asia<\/a>, (Gobierno de Espa\u00f1a), Barcelona, Madrid y Valencia.<\/p>\n\n\n\n<p><strong>(2018)<\/strong>&nbsp;\u201cEl culto a los ancestros: un enfoque comparativo entre el Ky\u016b Bon de Okinawa y el D\u00eda de Muertos Mexicano\u201d, Japan Foundation: Japanese Studies Fellowship Program (Ref: 10115088)<\/p>\n\n\n\n<p><strong>(2017-2020)<\/strong>&nbsp;<a href=\"http:\/\/www.iuc.eu\/\">International Urban Cooperation (IUC)&nbsp;\u2013 DG REGIO \u2013 The Commission\u2019s Directorate-General for Regional and Urban Policy<\/a>, European Union.<\/p>\n\n\n\n<p><strong>(2017-2019)<\/strong> <strong>GREGAL: Circulaci\u00f3 Cultural Jap\u00f3-Corea-Catalunya<\/strong> (2017SGR1596). <em>Grup de Recerca Emergent<\/em> (GRE) de la Generalitat de Catalunya. AGAUR, Departament d\u2019Innovaci\u00f3, Universitats i Empresa, Generalitat de Catalunya.<\/p>\n\n\n\n<p><strong>(2017-2019)<\/strong>&nbsp;<a href=\"https:\/\/www.casaasia.eu\/economia\/asia_innova\">Asia Innova<\/a>. Casa Asia, CEOE, Fundaci\u00f3n Consejo Espa\u00f1a China.<\/p>\n\n\n\n<p><strong>(2017-2018)&nbsp;<\/strong><a href=\"https:\/\/library.ltikorea.or.kr\/node\/32707\">Projecte de traducci\u00f3 de literatura coreana Literature Translation Institute of Korea<\/a>, (KLTI), Rep\u00fablica de Corea.<\/p>\n\n\n\n<p><strong>(2017-2018)<\/strong>&nbsp;<a href=\"https:\/\/www.jpf.go.jp\/e\/project\/intel\/study\/index.html\">Grant Program for Japanese Studies Projects<\/a>, Japan Foundation (Government of Japan) (Ref. 10109060).<\/p>\n\n\n\n<p><strong>(2017-2017)&nbsp;<\/strong><a href=\"http:\/\/www.sejongbarcelona.cat\/\">Proyecto de establecimiento de sede del Instituto Sejong de Barcelona<\/a>, (Government of South Korea) en la UAB.<\/p>\n\n\n\n<p><strong>(2016-2019)<\/strong>&nbsp;<a href=\"https:\/\/www.google.com\/url?sa=t&amp;rct=j&amp;q=&amp;esrc=s&amp;source=web&amp;cd=1&amp;cad=rja&amp;uact=8&amp;ved=2ahUKEwiy5vuj1sTlAhVJcq0KHXpaDXkQFjAAegQIABAB&amp;url=https%3A%2F%2Fwww.ub.edu%2Fweb%2Fub%2Fes%2Frecerca_innovacio%2Frecerca_a_la_UB%2Fprojectes%2Ffitxa%2FL%2FPJ012837%2Findex.html&amp;usg=AOvVaw1_bHGf5MIPzycC9StVZilt\">La Evoluci\u00f3n (Inter)Generacional de las Biling\u00fcizaciones: Contextos, Mantenimiento y Sustituci\u00f3n Ling\u00fc\u00edsticos<\/a>, (FFI2015-64459-P) Proyecto I + D Excelencia. Convocatoria 2015, MINECO.<\/p>\n\n\n\n<p><strong>(2016-2018)<\/strong>&nbsp;<a href=\"http:\/\/www.fti.uab.es\/interasia\/spanish\/work\/projects.htm\">Asia Oriental: paradigmas emergentes, politica(s), dinamicas socioculturales y sus consecuencias<\/a>, (FFI2015-70513-P). Proyecto I + D Excelencia. Convocatoria 2015, MINECO.<\/p>\n\n\n\n<p><strong>(2016-2017)<\/strong>&nbsp;<a href=\"https:\/\/www.jpf.go.jp\/e\/project\/intel\/study\/index.html\">Support Programme for Organization in Japanese Studies<\/a>, Japan Foundation (Government of Japan) (Ref. 10098736).<\/p>\n\n\n\n<p><strong>(2016-2016)&nbsp;<\/strong><a href=\"http:\/\/www.jpf.go.jp\/e\/project\/intel\/study\/index.html\">Proyecto piloto de comprensi\u00f3n y traducci\u00f3n del texto \u2018Hitori biyori\u2019<\/a>, Japan Foundation (Government of Japan) (Ref. 16MDSS-1).<\/p>\n\n\n\n<p><strong>(2015-2017)<\/strong>&nbsp;<a href=\"http:\/\/grupsderecerca.uab.cat\/getcc\/es\">La traducci\u00f3n catalana contempor\u00e1nea: Censura y pol\u00edticas editoriales, g\u00e9nero e ideolog\u00eda (1939-2000)<\/a>, (FFI2014-52989- C2-1- P).<\/p>\n\n\n\n<p><strong>(2015-2017)<\/strong>&nbsp;<a href=\"http:\/\/www.culturavisual.uji.es\/proyecto-la-crisis-de-lo-real\/\">La crisis de lo real: la representaci\u00f3n documental e informativa en el entorno de la crisis financiera global,<\/a>&nbsp;(P1\u00b71A2014-05-UJI 2014).<\/p>\n\n\n\n<p><strong>(2015-2017)<\/strong>&nbsp;<a href=\"https:\/\/gepris.dfg.de\/gepris\/projekt\/238861754\/ergebnisse?context=projekt&amp;task=showDetail&amp;id=238861754&amp;selectedSubTab=2&amp;\">Projekts Yasujir\u00f4 Ozu und der westliche Film<\/a>, (Yasujir\u014d Ozu and the Western Film), Deutsche Forschungsgemeinschaft (DFG) \u2013 (Projektnummer 238861754).<\/p>\n\n\n\n<p><strong>(2015-2016)<\/strong>&nbsp;<a href=\"https:\/\/www.jpf.go.jp\/e\/project\/intel\/study\/index.html\">Support Programme for Organization in Japanese Studies<\/a>, Japan Foundation (Government of Japan) (Ref. 10090230).<\/p>\n\n\n\n<p><strong>(2014-2019)&nbsp;<\/strong><a href=\"https:\/\/www.casaasia.es\/actividad\/detalle\/213071-jornada-de-formacion-negocio-empresa-y-protocolo-en-china-comunicacion-intercultural\"><em>Jornadas de formaci\u00f3n. Negocio, empresa y protocolo en China: comunicaci\u00f3n intercultural<\/em><\/a>. Fundaci\u00f3n Confucio.<\/p>\n\n\n\n<p><strong>(2014-2016)<\/strong>&nbsp;<a href=\"https:\/\/www.mapcom.es\/investigacion\/presentacion\">El sistema de investigaci\u00f3n en Espa\u00f1a sobre pr\u00e1cticas sociales de comunicaci\u00f3n. Mapa de proyectos, grupos, l\u00edneas, objetos de estudio y m\u00e9todos<\/a>, (Ref. CSO2013-47933-C4), MINECO.<\/p>\n\n\n\n<p><strong>(2014-2016)<\/strong>&nbsp;<a href=\"http:\/\/www.fti.uab.es\/interasia\/spanish\/work\/projects.htm\">Inter\u00c0sia i el nou sistema internacional: Societat, pol\u00edtica i cultura<\/a>, (2014 SGR 1402). Grup de Recerca Consolidat (GRC) de la Generalitat de Catalunya. AGAUR, Departament d\u2019Innovaci\u00f3, Universitats i Empresa, Generalitat de Catalunya.<\/p>\n\n\n\n<p><strong>(2014-2015)<\/strong>&nbsp;<a href=\"https:\/\/www.jpf.go.jp\/e\/project\/intel\/study\/index.html\">Support Programme for Organization in Japanese Studies<\/a>, Japan Foundation (Government of Japan) (Ref. 10085542).<\/p>\n\n\n\n<p><strong>(2013-2015)<\/strong>&nbsp;<a href=\"https:\/\/www.google.com\/url?sa=t&amp;rct=j&amp;q=&amp;esrc=s&amp;source=web&amp;cd=1&amp;cad=rja&amp;uact=8&amp;ved=2ahUKEwi8_uCE1sTlAhUF7qwKHZjsCKUQFjAAegQIAhAB&amp;url=http%3A%2F%2Fdepartament-filcat-linguistica.ub.edu%2Frecerca%2Fprojectes%2Fglobinmed-globalizacion-y-plurilinguismo-social-y-familiar-en-comunidades&amp;usg=AOvVaw19gOzzKRDR1PHzZll1NjVw\">GLOBLINMED \u2013 Globalizaci\u00f3n y pluriling\u00fcismo social y familiar en comunidades&nbsp;ling\u00fc\u00edsticas medianas en Europa<\/a>, (FFI2012-35502).<\/p>\n\n\n\n<p><strong>(2013-2015)<\/strong>&nbsp;<a href=\"http:\/\/www.carismaytransicion.es\/?lang=en\">Media Construction of Charisma in Political Leaders in Periods of Social Transformation<\/a><em>.&nbsp;<\/em>I+D (R&amp;D) Project, Spanish Ministry of Education (HAR2012-32593), EU-Merim\u00e9e Project (29881UE) and French Ministry of Education-CRIMIC (EA 2561 Arts visuels).<\/p>\n\n\n\n<p><strong>(2012-2014)<\/strong>&nbsp;<a href=\"https:\/\/www.cidob.org\/es\/actividades\/regiones\/asia\/seminario_internacional_el_impacto_de_asia_oriental_en_el_contexto_espanol_produccion_cultural_politica_s_y_sociedad\">El impacto de Asia Oriental en el contexto espa\u00f1ol: producci\u00f3n cultural, politica(s) y sociedad<\/a>, (FFI2011-29090), MINECO.<\/p>\n\n\n\n<p><strong>(2012-2013)<\/strong>&nbsp;<a href=\"http:\/\/www.minpaku.ac.jp\/research\/activity\/organization\/staff\/foreigner.html\">The Spectacularization of the Past in Japan: Identity, Materiality and Representation<\/a>, The National Museum of Ethnology of Japan, Minpaku, \u56fd\u7acb\u6c11\u65cf\u5b66\u535a\u7269\u9928\u7814, Osaka (Japan).<\/p>\n\n\n\n<p><strong>(2011-2014)<\/strong>&nbsp;\u4e16\u754c\u4e3b\u8981\u90fd\u5e02\u306b\u304a\u3051\u308b\u65e5\u672c\u8a9e\u4eba\u306e\u8a00\u8a9e\u884c\u52d5 (Els comportaments ling\u00fc\u00edstics dels&nbsp;japonesos i dels parlants del japon\u00e8s a grans ciutats del m\u00f3n), \u6176\u61c9\u7fa9\u587e\u5927\u5b66\u6b21\u4e16\u4ee3\u7814\u7a76\u30d7\u30ed\u30b8\u30a7\u30af\u30c8\u63a8\u9032\u30d7\u30ed\u30b0\u30e9\u30e0 (Programa de foment dels projectes de la propera generaci\u00f3, Universitat Keio).<\/p>\n\n\n\n<p><strong>(2011-2013)<\/strong>&nbsp;<a href=\"http:\/\/www.fti.uab.es\/interasia\/documents\/poster\/universitats_i_globalitzacio.pdf\">Universities in the Context of Globalization: A View from East Asia<\/a>, (CSO2011-14976-E), MINECO.<\/p>\n\n\n\n<p><strong>(2011-2013)<\/strong>&nbsp;<a href=\"http:\/\/www.fti.uab.es\/interasia\/documents\/poster\/identitat_i_discurs_programa.pdf\">Identidad y discurso: nacionalismo cultural en el Jap\u00f3n de la globalizaci\u00f3n<\/a>, (CSO2011-14328-E), MINECO.<\/p>\n\n\n\n<p><strong>(2009-2012)&nbsp;<\/strong><a href=\"https:\/\/www.upf.edu\/web\/grimse\/projectes-historics\/-\/asset_publisher\/UBUpoKfs8a6H\/content\/id\/145169222\/maximized\">Transiciones imperiales, cambio institucional y divergencia. Un an\u00e1lisis de la trayectoria colonial y postcolonial de las posesiones espa\u00f1olas en Am\u00e9rica, Asia y \u00c1frica (1500-1914)<\/a>, (HAR2009-14099-CO2-01), MINECO.<\/p>\n","protected":false},"excerpt":{"rendered":"<p>(2021-2024) GREGAL: Circulaci\u00f3n Cultural Jap\u00f3n-Corea-Catalu\u00f1a&nbsp;(2021 SGR 00558).&nbsp;Grupo de Investigaci\u00f3n Consolidado (GRC) de la Generalitat de Catalunya. AGAUR, Departament d\u2019Innovaci\u00f3, Universitats i Empresa, Generalitat de Catalunya.&nbsp; (2022 -2025) Proyecto PID2021-122897NB-I00 financiado por Ministerio de Ciencia e Innovaci\u00f3n MCIN\/AEI\/10.13039\/501100011033\/ FEDER, UE, \u201cEl boom cultural japon\u00e9s y surcoreano en Espa\u00f1a: aspectos culturales, pol\u00edticos y socioecon\u00f3micos\u201d Participaci\u00f3n en otros [&hellip;]<\/p>\n","protected":false},"author":20,"featured_media":0,"parent":0,"menu_order":0,"comment_status":"closed","ping_status":"closed","template":"","meta":{"footnotes":""},"class_list":["post-65","page","type-page","status-publish","hentry"],"_links":{"self":[{"href":"https:\/\/webs.uab.cat\/gregal\/es\/wp-json\/wp\/v2\/pages\/65","targetHints":{"allow":["GET"]}}],"collection":[{"href":"https:\/\/webs.uab.cat\/gregal\/es\/wp-json\/wp\/v2\/pages"}],"about":[{"href":"https:\/\/webs.uab.cat\/gregal\/es\/wp-json\/wp\/v2\/types\/page"}],"author":[{"embeddable":true,"href":"https:\/\/webs.uab.cat\/gregal\/es\/wp-json\/wp\/v2\/users\/20"}],"replies":[{"embeddable":true,"href":"https:\/\/webs.uab.cat\/gregal\/es\/wp-json\/wp\/v2\/comments?post=65"}],"version-history":[{"count":10,"href":"https:\/\/webs.uab.cat\/gregal\/es\/wp-json\/wp\/v2\/pages\/65\/revisions"}],"predecessor-version":[{"id":2907,"href":"https:\/\/webs.uab.cat\/gregal\/es\/wp-json\/wp\/v2\/pages\/65\/revisions\/2907"}],"wp:attachment":[{"href":"https:\/\/webs.uab.cat\/gregal\/es\/wp-json\/wp\/v2\/media?parent=65"}],"curies":[{"name":"wp","href":"https:\/\/api.w.org\/{rel}","templated":true}]}}