{"id":67,"date":"2019-07-26T09:24:00","date_gmt":"2019-07-26T09:24:00","guid":{"rendered":"https:\/\/webs.uab.cat\/gregal\/publicaciones\/"},"modified":"2022-08-01T08:04:03","modified_gmt":"2022-08-01T08:04:03","slug":"publicaciones","status":"publish","type":"page","link":"https:\/\/webs.uab.cat\/gregal\/es\/publicaciones\/","title":{"rendered":"Publicaciones"},"content":{"rendered":"\n<p>El Grupo de Investigaci\u00f3n <strong>GREGAL<\/strong> publica sus trabajos de investigaci\u00f3n en revistas de impacto, monograf\u00edas especializadas, libros, colecciones editoriales u otras publicaciones especializadas.<\/p>\n\n\n\n<ul class=\"wp-block-list\"><li><a href=\"https:\/\/webs.uab.cat\/gregal\/es\/articulos\/\" data-type=\"page\" data-id=\"258\">Art\u00edculos<\/a><\/li><li><a href=\"https:\/\/webs.uab.cat\/gregal\/es\/monograficos\/\" data-type=\"page\" data-id=\"260\">Monogr\u00e1ficos<\/a><\/li><li><a href=\"https:\/\/webs.uab.cat\/gregal\/es\/capitulos-de-libro\/\" data-type=\"page\" data-id=\"262\">Cap\u00edtulos de libro<\/a><\/li><li><a href=\"https:\/\/webs.uab.cat\/gregal\/es\/libros\/\" data-type=\"page\" data-id=\"264\">Libros<\/a><\/li><li><a href=\"https:\/\/webs.uab.cat\/gregal\/es\/colecciones-editoriales\/\" data-type=\"page\" data-id=\"266\">Colecciones editoriales<\/a><\/li><li><a href=\"https:\/\/webs.uab.cat\/gregal\/es\/resenas\/\" data-type=\"page\" data-id=\"256\">Rese\u00f1as<\/a><\/li><li><a href=\"https:\/\/webs.uab.cat\/gregal\/es\/revision-cientifica\/\" data-type=\"page\" data-id=\"495\">Revisi\u00f3n Cient\u00edfica<\/a><\/li><\/ul>\n","protected":false},"excerpt":{"rendered":"<p>El Grupo de Investigaci\u00f3n GREGAL publica sus trabajos de investigaci\u00f3n en revistas de impacto, monograf\u00edas especializadas, libros, colecciones editoriales u otras publicaciones especializadas. Art\u00edculos Monogr\u00e1ficos Cap\u00edtulos de libro Libros Colecciones editoriales Rese\u00f1as Revisi\u00f3n Cient\u00edfica<\/p>\n","protected":false},"author":20,"featured_media":0,"parent":0,"menu_order":0,"comment_status":"closed","ping_status":"closed","template":"","meta":{"footnotes":""},"class_list":["post-67","page","type-page","status-publish","hentry"],"_links":{"self":[{"href":"https:\/\/webs.uab.cat\/gregal\/es\/wp-json\/wp\/v2\/pages\/67","targetHints":{"allow":["GET"]}}],"collection":[{"href":"https:\/\/webs.uab.cat\/gregal\/es\/wp-json\/wp\/v2\/pages"}],"about":[{"href":"https:\/\/webs.uab.cat\/gregal\/es\/wp-json\/wp\/v2\/types\/page"}],"author":[{"embeddable":true,"href":"https:\/\/webs.uab.cat\/gregal\/es\/wp-json\/wp\/v2\/users\/20"}],"replies":[{"embeddable":true,"href":"https:\/\/webs.uab.cat\/gregal\/es\/wp-json\/wp\/v2\/comments?post=67"}],"version-history":[{"count":2,"href":"https:\/\/webs.uab.cat\/gregal\/es\/wp-json\/wp\/v2\/pages\/67\/revisions"}],"predecessor-version":[{"id":841,"href":"https:\/\/webs.uab.cat\/gregal\/es\/wp-json\/wp\/v2\/pages\/67\/revisions\/841"}],"wp:attachment":[{"href":"https:\/\/webs.uab.cat\/gregal\/es\/wp-json\/wp\/v2\/media?parent=67"}],"curies":[{"name":"wp","href":"https:\/\/api.w.org\/{rel}","templated":true}]}}