{"id":69,"date":"2019-07-26T09:24:11","date_gmt":"2019-07-26T09:24:11","guid":{"rendered":"https:\/\/webs.uab.cat\/gregal\/congresos\/"},"modified":"2023-10-27T14:28:53","modified_gmt":"2023-10-27T14:28:53","slug":"congresos","status":"publish","type":"page","link":"https:\/\/webs.uab.cat\/gregal\/es\/congresos\/","title":{"rendered":"Congresos"},"content":{"rendered":"\n<p>Otra de la actividades m\u00e1s importantes del Grupo de Investigaci\u00f3n GREGAL es la <strong>participaci\u00f3n en congresos, paneles y foros, tanto nacionales como internacionales<\/strong>, donde compartir los resultados de la investigaci\u00f3n desarrollada y generar una <strong>red de investigadores<\/strong> alrededor de los temas y l\u00edneas de investigaci\u00f3n del grupo.<\/p>\n\n\n\n<ul class=\"wp-block-list\">\n<li><a href=\"https:\/\/webs.uab.cat\/gregal\/es\/conferencias\/\" data-type=\"URL\" data-id=\"https:\/\/webs.uab.cat\/gregal\/es\/conferencias\/\">Conferencias<\/a><a href=\"https:\/\/webs.uab.cat\/gregal\/es\/conferencias-0\/\" data-type=\"page\" data-id=\"384\"> <\/a><\/li>\n\n\n\n<li><a href=\"https:\/\/webs.uab.cat\/gregal\/es\/comunicaciones\/\" data-type=\"page\" data-id=\"278\">Comunicaciones <\/a><\/li>\n\n\n\n<li><a href=\"http:\/\/grupsderecerca.uab.cat\/gregal\/es\/content\/otros-0\">S<\/a><a href=\"https:\/\/webs.uab.cat\/gregal\/es\/simposios\/\" data-type=\"page\" data-id=\"280\">imposios<\/a><\/li>\n<\/ul>\n","protected":false},"excerpt":{"rendered":"<p>Otra de la actividades m\u00e1s importantes del Grupo de Investigaci\u00f3n GREGAL es la participaci\u00f3n en congresos, paneles y foros, tanto nacionales como internacionales, donde compartir los resultados de la investigaci\u00f3n desarrollada y generar una red de investigadores alrededor de los temas y l\u00edneas de investigaci\u00f3n del grupo.<\/p>\n","protected":false},"author":20,"featured_media":0,"parent":0,"menu_order":0,"comment_status":"closed","ping_status":"closed","template":"","meta":{"footnotes":""},"class_list":["post-69","page","type-page","status-publish","hentry"],"_links":{"self":[{"href":"https:\/\/webs.uab.cat\/gregal\/es\/wp-json\/wp\/v2\/pages\/69","targetHints":{"allow":["GET"]}}],"collection":[{"href":"https:\/\/webs.uab.cat\/gregal\/es\/wp-json\/wp\/v2\/pages"}],"about":[{"href":"https:\/\/webs.uab.cat\/gregal\/es\/wp-json\/wp\/v2\/types\/page"}],"author":[{"embeddable":true,"href":"https:\/\/webs.uab.cat\/gregal\/es\/wp-json\/wp\/v2\/users\/20"}],"replies":[{"embeddable":true,"href":"https:\/\/webs.uab.cat\/gregal\/es\/wp-json\/wp\/v2\/comments?post=69"}],"version-history":[{"count":2,"href":"https:\/\/webs.uab.cat\/gregal\/es\/wp-json\/wp\/v2\/pages\/69\/revisions"}],"predecessor-version":[{"id":1569,"href":"https:\/\/webs.uab.cat\/gregal\/es\/wp-json\/wp\/v2\/pages\/69\/revisions\/1569"}],"wp:attachment":[{"href":"https:\/\/webs.uab.cat\/gregal\/es\/wp-json\/wp\/v2\/media?parent=69"}],"curies":[{"name":"wp","href":"https:\/\/api.w.org\/{rel}","templated":true}]}}