{"id":71,"date":"2019-07-26T09:24:23","date_gmt":"2019-07-26T09:24:23","guid":{"rendered":"https:\/\/webs.uab.cat\/gregal\/actividades\/"},"modified":"2023-11-10T15:34:29","modified_gmt":"2023-11-10T15:34:29","slug":"actividades","status":"publish","type":"page","link":"https:\/\/webs.uab.cat\/gregal\/es\/actividades\/","title":{"rendered":"Actividades"},"content":{"rendered":"\n<p>El Grupo de Investigaci\u00f3n <strong>GREGAL organiza<\/strong> y participa desde su creaci\u00f3n en varias <strong>actividades acad\u00e9micas <\/strong>relacionadas con las l\u00edneas de investigaci\u00f3n del grupo, frecuentemente <strong>en colaboraci\u00f3n con instituciones nacionales e internacionales<\/strong>.<\/p>\n\n\n\n<ul class=\"wp-block-list\">\n<li><a href=\"https:\/\/webs.uab.cat\/gregal\/es\/conferencias-0\/\" data-type=\"page\" data-id=\"384\">Conferencias <\/a><\/li>\n\n\n\n<li><a href=\"https:\/\/webs.uab.cat\/gregal\/es\/jornadas\/\" data-type=\"page\" data-id=\"386\">Jornadas <\/a><\/li>\n<\/ul>\n","protected":false},"excerpt":{"rendered":"<p>El Grupo de Investigaci\u00f3n GREGAL organiza y participa desde su creaci\u00f3n en varias actividades acad\u00e9micas relacionadas con las l\u00edneas de investigaci\u00f3n del grupo, frecuentemente en colaboraci\u00f3n con instituciones nacionales e internacionales.<\/p>\n","protected":false},"author":20,"featured_media":0,"parent":0,"menu_order":0,"comment_status":"closed","ping_status":"closed","template":"","meta":{"footnotes":""},"class_list":["post-71","page","type-page","status-publish","hentry"],"_links":{"self":[{"href":"https:\/\/webs.uab.cat\/gregal\/es\/wp-json\/wp\/v2\/pages\/71","targetHints":{"allow":["GET"]}}],"collection":[{"href":"https:\/\/webs.uab.cat\/gregal\/es\/wp-json\/wp\/v2\/pages"}],"about":[{"href":"https:\/\/webs.uab.cat\/gregal\/es\/wp-json\/wp\/v2\/types\/page"}],"author":[{"embeddable":true,"href":"https:\/\/webs.uab.cat\/gregal\/es\/wp-json\/wp\/v2\/users\/20"}],"replies":[{"embeddable":true,"href":"https:\/\/webs.uab.cat\/gregal\/es\/wp-json\/wp\/v2\/comments?post=71"}],"version-history":[{"count":2,"href":"https:\/\/webs.uab.cat\/gregal\/es\/wp-json\/wp\/v2\/pages\/71\/revisions"}],"predecessor-version":[{"id":1940,"href":"https:\/\/webs.uab.cat\/gregal\/es\/wp-json\/wp\/v2\/pages\/71\/revisions\/1940"}],"wp:attachment":[{"href":"https:\/\/webs.uab.cat\/gregal\/es\/wp-json\/wp\/v2\/media?parent=71"}],"curies":[{"name":"wp","href":"https:\/\/api.w.org\/{rel}","templated":true}]}}