{"id":73,"date":"2019-07-26T09:24:36","date_gmt":"2019-07-26T09:24:36","guid":{"rendered":"https:\/\/webs.uab.cat\/gregal\/formacion\/"},"modified":"2025-06-25T10:35:09","modified_gmt":"2025-06-25T10:35:09","slug":"formacion","status":"publish","type":"page","link":"https:\/\/webs.uab.cat\/gregal\/es\/formacion\/","title":{"rendered":"Formaci\u00f3n"},"content":{"rendered":"\n<p>Los miembros de <strong>GREGAL<\/strong> son docentes en Grados, M\u00e1steres y Doctorados tanto en la Universitat Aut\u00f2noma de Barcelona como otras universidades de \u00e1mbito nacional e internacional, colaborando en la formaci\u00f3n de futuros investigadores y profesionales especializados principalmente en Jap\u00f3n y Corea.<\/p>\n\n\n\n<ul class=\"wp-block-list\">\n<li><a href=\"https:\/\/webs.uab.cat\/gregal\/es\/grado\/\" data-type=\"page\" data-id=\"414\">Grado <\/a><\/li>\n\n\n\n<li><a href=\"https:\/\/webs.uab.cat\/gregal\/es\/master-2\/\" data-type=\"page\" data-id=\"416\">M\u00e1ster <\/a><\/li>\n\n\n\n<li><a href=\"https:\/\/webs.uab.cat\/gregal\/es\/doctorado\/\" data-type=\"page\" data-id=\"418\">Doctorado <\/a><\/li>\n\n\n\n<li><a href=\"https:\/\/webs.uab.cat\/gregal\/es\/escola-destiu-de-doctorat-0\/\" data-type=\"URL\" data-id=\"https:\/\/webs.uab.cat\/gregal\/es\/escola-destiu-de-doctorat-0\/\">Escuela de Verano<\/a><\/li>\n\n\n\n<li><a href=\"https:\/\/www.uab.cat\/ca\/ice\/setmana1\">Programa Arg\u00f3: Lengua y cultura japonesa<\/a><\/li>\n\n\n\n<li><a href=\"https:\/\/webs.uab.cat\/gregal\/es\/noche-europea-de-la-investigacion\/\">Noche Europea de la Investigaci\u00f3n\u00a0<\/a><\/li>\n<\/ul>\n","protected":false},"excerpt":{"rendered":"<p>Los miembros de GREGAL son docentes en Grados, M\u00e1steres y Doctorados tanto en la Universitat Aut\u00f2noma de Barcelona como otras universidades de \u00e1mbito nacional e internacional, colaborando en la formaci\u00f3n de futuros investigadores y profesionales especializados principalmente en Jap\u00f3n y Corea.<\/p>\n","protected":false},"author":20,"featured_media":0,"parent":0,"menu_order":0,"comment_status":"closed","ping_status":"closed","template":"","meta":{"footnotes":""},"class_list":["post-73","page","type-page","status-publish","hentry"],"_links":{"self":[{"href":"https:\/\/webs.uab.cat\/gregal\/es\/wp-json\/wp\/v2\/pages\/73","targetHints":{"allow":["GET"]}}],"collection":[{"href":"https:\/\/webs.uab.cat\/gregal\/es\/wp-json\/wp\/v2\/pages"}],"about":[{"href":"https:\/\/webs.uab.cat\/gregal\/es\/wp-json\/wp\/v2\/types\/page"}],"author":[{"embeddable":true,"href":"https:\/\/webs.uab.cat\/gregal\/es\/wp-json\/wp\/v2\/users\/20"}],"replies":[{"embeddable":true,"href":"https:\/\/webs.uab.cat\/gregal\/es\/wp-json\/wp\/v2\/comments?post=73"}],"version-history":[{"count":4,"href":"https:\/\/webs.uab.cat\/gregal\/es\/wp-json\/wp\/v2\/pages\/73\/revisions"}],"predecessor-version":[{"id":2693,"href":"https:\/\/webs.uab.cat\/gregal\/es\/wp-json\/wp\/v2\/pages\/73\/revisions\/2693"}],"wp:attachment":[{"href":"https:\/\/webs.uab.cat\/gregal\/es\/wp-json\/wp\/v2\/media?parent=73"}],"curies":[{"name":"wp","href":"https:\/\/api.w.org\/{rel}","templated":true}]}}