{"id":164,"date":"2019-07-26T10:24:31","date_gmt":"2019-07-26T10:24:31","guid":{"rendered":"https:\/\/webs.uab.cat\/gregal\/linies-de-recerca\/"},"modified":"2023-06-06T12:28:02","modified_gmt":"2023-06-06T12:28:02","slug":"linies-de-recerca","status":"publish","type":"page","link":"https:\/\/webs.uab.cat\/gregal\/linies-de-recerca\/","title":{"rendered":"L\u00ednies de recerca"},"content":{"rendered":"\n<p>&nbsp;<\/p>\n\n\n\n<p><strong>GREGAL<\/strong> articula la seva activitat en les seg\u00fcents l\u00ednies de recerca:<\/p>\n\n\n\n<p><a href=\"https:\/\/webs.uab.cat\/gregal\/linies-de-recerca#industries culturals\"><strong>Producci\u00f3 i consum cultural:<\/strong><\/a> (re)producci\u00f3, distribuci\u00f3 i consum de les ind\u00fastries culturals i creatives japoneses i sud-coreanes a Espanya, com a formes de representaci\u00f3 associades amb la producci\u00f3 i circulaci\u00f3 de significats culturals globals.<\/p>\n\n\n\n<p><a href=\"https:\/\/webs.uab.cat\/gregal\/linies-de-recerca#diplomacia cultural\"><strong>Pol\u00edtica i reprsentaci\u00f3:<\/strong><\/a> diplom\u00e0cia cultural, discursivitat <em>soft power<\/em> i usos estrat\u00e8gics de la cultura popular japonesa i sud-coreana a Espanya i els seus efectes pol\u00edtics, econ\u00f2mics i socials.<\/p>\n\n\n\n<p><a href=\"https:\/\/webs.uab.cat\/gregal\/linies-de-recerca\/\" data-type=\"page\" data-id=\"164\"><strong>Llengua i comunitat:<\/strong><\/a> articulaci\u00f3 ling\u00fc\u00edstica i cultural en les esferes socials relatives a les lleng\u00fces japonesa i coreana a Espanya, especialment en l&#8217;\u00e0mbit del treball i en el mercat de l&#8217;educaci\u00f3 en un context global de mobilitat expandida.<\/p>\n\n\n\n<hr class=\"wp-block-separator has-alpha-channel-opacity\" \/>\n\n\n\n<h2 class=\"wp-block-heading\" id=\"industries culturals\">Producci\u00f3 i consum cultural: ind\u00fastries culturals i creatives<\/h2>\n\n\n\n<p>En les darreres d\u00e8cades, tant Jap\u00f3 com posteriorment Corea han esdevingut pot\u00e8ncies culturals. Les produccions de <strong>drames televisius coreans<\/strong>, el <strong><em>manga <\/em>i <\/strong><em><strong>anime<\/strong> <\/em><strong>japonesos<\/strong>, el<strong> j-pop<\/strong> i el <strong>k-pop<\/strong>, el <strong>cinema fant\u00e0stic i de g\u00e8nere<\/strong>, s&#8217;han consolidat en els circuits de la cultura popular a escala planet\u00e0ria actuant com agents transformadors del paisatge social. Dins l&#8217;expansi\u00f3 i auge global experimentats per les ind\u00fastries culturals japonesa i coreana, Catalunya ha estat un node de primer ordre, amb esdeveniments que han esdevingut referents internacionals com el <strong>Sal\u00f3 del Manga<\/strong>, el <strong>Festival de Cinema Fant\u00e0stic de Sitges<\/strong>, i multitud d&#8217;actes regulars, com demostra la programaci\u00f3 peri\u00f2dica de <strong>Casa \u00c0sia<\/strong>, <strong>Casa Nippon<\/strong>, els <strong>Japan Weekend<\/strong>, activitats de <strong><em>cosplay<\/em><\/strong>, el <strong>Festival Matsuri Barcelona<\/strong>, etc. L&#8217;inter\u00e8s social suscitat per aquests esdeveniments ha penetrat en altres sectors productius i creatius del pa\u00eds (editorials, productores audiovisuals, estudis de desenvolupament de videojocs, ag\u00e8ncies de disseny, moda i cosm\u00e8tics, turisme i restauraci\u00f3, entre d&#8217;altres) i ha donat lloc a noves <strong>pr\u00e0ctiques de consum<\/strong>,<strong> formes est\u00e8tiques<\/strong> i <strong>expressions identit\u00e0ries<\/strong>. Tot i que el proc\u00e9s s&#8217;ha accelerat en els darrers anys, \u00e9s possible identificar una progressi\u00f3 ascendent quant a l&#8217;impacte de productes culturals japonesos i coreans (des de les s\u00e8ries d&#8217;animaci\u00f3 japoneses emeses a la d\u00e8cada dels setanta fins als drames coreans a Netflix avui) que afecta a successives generacions.<\/p>\n\n\n\n<p><em>Objectius estrat\u00e8gics:<\/em><\/p>\n\n\n\n<ul class=\"wp-block-list\"><li class=\"rteindent2 rtejustify\" style=\"margin-left: 35.4pt\">Identificar les franqu\u00edcies coreanes i japoneses de <strong>consum cultural<\/strong> de gran abast a Catalunya i descriure les <strong>estrat\u00e8gies o factors<\/strong> preexistents que han facilitat la seva <strong>acceptaci\u00f3 popular<\/strong>.<\/li><li class=\"rteindent2 rtejustify\" style=\"margin-left: 35.4pt\">Investigar les <strong>xarxes o ind\u00fastries<\/strong> que comercialitzen o distribueixen aquests productes, en els seus diversos <strong>mercats de distribuci\u00f3<\/strong> (locals, nacionals, estatals, supraestatals, globals).<\/li><li class=\"rteindent2 rtejustify\" style=\"margin-left: 35.4pt\">Estudiar les <strong>interaccions creatives<\/strong> i els mecanismes de reelaboraci\u00f3 i apropiaci\u00f3 aix\u00ed com els <strong>grups de consumidors<\/strong> i les relacions que aquests estableixen amb d&#8217;altres de l&#8217;Estat i la resta del m\u00f3n.<\/li><li class=\"rteindent2 rtejustify\" style=\"margin-left: 35.4pt\">Analitzar els efectes de les ind\u00fastries culturals i creatives en el sorgiment de <strong>nous models de negoci<\/strong> a diferents sectors de l&#8217;economia productiva.<\/li><li class=\"rteindent2 rtejustify\" style=\"margin-left: 35.4pt\">Explorar les <strong>iniciatives de base<\/strong> que mobilitzen recursos culturals, discursos representacionals, <strong>configuracions del gust<\/strong> en la percepci\u00f3 social de Corea i Jap\u00f3.<\/li><\/ul>\n\n\n\n<hr class=\"wp-block-separator has-alpha-channel-opacity\" \/>\n\n\n\n<h2 class=\"wp-block-heading\" id=\"diplomacia cultural\">Pol\u00edtica i representaci\u00f3: diplom\u00e0cia cultural i <em>soft-power<\/em><\/h2>\n\n\n\n<p>&nbsp;&nbsp;&nbsp;&nbsp; Les ind\u00fastries culturals constitueixen un f\u00e8rtil camp d&#8217;operacions de les pol\u00edtiques de diplom\u00e0cia cultural i <em>soft power. <\/em>Una d\u00e8cada despr\u00e9s de la seva formulaci\u00f3 per Joseph Nye (1991), el concepte de <em>soft power <\/em>va trobar una expressi\u00f3 paradigm\u00e0tica en la <strong>pol\u00edtica internacional del govern japon\u00e8s<\/strong> estretament lligada al <strong><em>boom <\/em>de la cultura popular japonesa<\/strong> al m\u00f3n. Per la seva banda, com a <strong>estrat\u00e8gia de recuperaci\u00f3 de la crisi asi\u00e0tica del 97<\/strong>, el <strong>govern core\u00e0<\/strong> va iniciar una pol\u00edtica de <strong>promoci\u00f3 de la seva producci\u00f3 cultural <\/strong>a l&#8217;estranger. Aquestes iniciatives han perm\u00e8s a ambd\u00f3s pa\u00efsos consolidar-se internacionalment com a prove\u00efdors de produccions culturals, a l&#8217;ombra del gegant estatunidenc. Simult\u00e0niament a la pres\u00e8ncia internacional de productes culturals japonesos i, especialment, de la seva cultura popular, els <strong>canals tradicionals de diplom\u00e0cia cultural<\/strong> no han fet sin\u00f3 intensificar-se, amb exemples recents com ara: la celebraci\u00f3 de l&#8217;<strong>A\u00f1o Dual Espa\u00f1a-Jap\u00f3n (2013-2014)<\/strong>, l&#8217;establiment de la <strong>Fundaci\u00f3n Jap\u00f3n<\/strong> (Japan Foundation, Government of Japan) a Espanya a principis de la d\u00e8cada del 2000, implementaci\u00f3 del <strong>Pla Jap\u00f3 a Catalunya (2012-2015 \/ 2016-2019)<\/strong>, la posta en marxa del <strong>Centro Cultural Coreano a Madrid (2011)<\/strong>, la celebraci\u00f3 de l&#8217;inici de relacions diplom\u00e0tiques modernes entre <strong>Jap\u00f3 i Espanya (2017-2018)<\/strong> aix\u00ed com la inauguraci\u00f3 del <strong>Centre King Sejong <\/strong>(Govern de Corea del Sud) a Catalunya amb seu a la Universitat Aut\u00f2noma de Barcelona.<\/p>\n\n\n\n<p><em>Objectius estrat\u00e8gics:<\/em><\/p>\n\n\n\n<ul class=\"wp-block-list\"><li class=\"rtejustify\" style=\"margin-left: 35.4pt\">Analitzar les activitats i convenis de <strong>diplom\u00e0cia cultural<\/strong> de les <strong>institucions japoneses i coreanes<\/strong> al nostre pa\u00eds (Japan Foundation, King Sejong, Centro Cultural Coreano, consolats i ambaixades).<\/li><li class=\"rtejustify\" style=\"margin-left: 35.4pt\">Investigar el rol d\u2019<strong>agents privats i estatals en la generaci\u00f3 de <\/strong><em><strong>soft power<\/strong> <\/em>a partir de la difusi\u00f3 cultural (accions de promoci\u00f3 de <em><strong>Cool Japan<\/strong> <\/em>i de <em><strong>Hallyu<\/strong><\/em>).<\/li><li class=\"rtejustify\" style=\"margin-left: 35.4pt\">Estudiar la formulaci\u00f3 i el desenvolupament d&#8217;iniciatives i campanyes de <strong><em>nation branding<\/em><\/strong>, tant en els casos de Jap\u00f3 i Corea com de Catalunya (Marca Catalunya), els seus efectes a nivell econ\u00f2mic, pol\u00edtic i social (<strong>exportacions, patrimoni cultural, turisme, gastronomia<\/strong>) i la retroalimentaci\u00f3 amb altres <em>brandings <\/em>(Marca Espa\u00f1a, Barcelona).<\/li><li class=\"rtejustify\" style=\"margin-left: 35.4pt\">Contribuir al debat te\u00f2ric sobre el paper de les estrat\u00e8gies de <strong>promoci\u00f3 cultural<\/strong> en la diplom\u00e0cia p\u00fablica internacional i en l&#8217;<strong>economia global<\/strong>.<\/li><\/ul>\n\n\n\n<hr class=\"wp-block-separator has-alpha-channel-opacity\" \/>\n\n\n\n<h2 class=\"wp-block-heading\" id=\"llengua i mobilitat\">Llengua i comunitat: mobilitat global expandida<\/h2>\n\n\n\n<p>Des de finals de la d\u00e8cada dels vuitanta, tot i la llunyania geogr\u00e0fica i cultural, el nombre de persones que ha estudiat japon\u00e8s i, actualment, core\u00e0, s&#8217;ha incrementat exponencialment a Catalunya. Dos processos simultanis han incidit en aquest creixement ininterromput: per una banda, el <em>boom <\/em>de les ind\u00fastries culturals japoneses i coreanes; per una altra, la <strong>internacionalitzaci\u00f3 de les empreses<\/strong> d&#8217;aquests pa\u00efsos, que ha portat a l&#8217;obertura de seus o f\u00e0briques a l&#8217;estranger. La pres\u00e8ncia a Catalunya del gruix de la <strong>inversi\u00f3 a l&#8217;Estat <\/strong>de les empreses coreanes i japoneses als sectors de l&#8217;<strong>automoci\u00f3, tecnologia, comunicacions i electr\u00f2nica de consum<\/strong> ha donat lloc a <strong>noves oportunitats professionals<\/strong>. Fruit d\u2019aquests dos processos, ha sorgit una <strong>oferta educativa<\/strong> organitzada entorn l&#8217;ensenyament de les <strong>lleng\u00fces d&#8217;\u00c0sia Oriental<\/strong> que paulatinament ha impulsat els <strong>contactes culturals i la mobilitat de persones<\/strong> entre Catalunya, Corea i Jap\u00f3.<\/p>\n\n\n\n<p><em>Objectius estrat\u00e8gics:<\/em><\/p>\n\n\n\n<ul class=\"wp-block-list\"><li class=\"rtejustify\" style=\"margin-left: 35.4pt\">Analitzar la pres\u00e8ncia i articulaci\u00f3 de les <strong>lleng\u00fces japonesa i coreana<\/strong> en diferents processos de mobilitat i contextos comunicatius en relaci\u00f3 a l\u2019\u00e0mbit del<strong> treball i el mercat global de l&#8217;educaci\u00f3<\/strong>.<\/li><li class=\"rtejustify\" style=\"margin-left: 35.4pt\">Estudiar el mercat de l&#8217;<strong>educaci\u00f3<\/strong> de les <strong>lleng\u00fces<\/strong> japonesa i coreana (no oficial, oficial, superior) des d&#8217;una perspectiva \u00e0mplia que inclogui: <strong>models d&#8217;aprenentatge, interessos i motivaci\u00f3, docents i alumnat<\/strong>.<\/li><li class=\"rtejustify\" style=\"margin-left: 35.4pt\">Investigar els models de<strong> traducci\u00f3<\/strong> i de les <strong>comunitats<\/strong> d&#8217;aprenents i parlants en l&#8217;<strong>oferta cultural<\/strong>, especialment en situacions de <strong>biling\u00fcisme<\/strong>, multiling\u00fcisme, transmissi\u00f3 ling\u00fc\u00edstica <strong>intergeneracional<\/strong>, nou-parlants.<\/li><li class=\"rtejustify\" style=\"margin-left: 35.4pt\">Impulsar la <strong>recerca<\/strong> sobre els <strong>residents japonesos i coreans a Catalunya<\/strong> parant especial atenci\u00f3 al seu encaix social, econ\u00f2mic i productiu.<\/li><\/ul>\n\n\n\n<p>&nbsp;<\/p>\n","protected":false},"excerpt":{"rendered":"<p>&nbsp; GREGAL articula la seva activitat en les seg\u00fcents l\u00ednies de recerca: Producci\u00f3 i consum cultural: (re)producci\u00f3, distribuci\u00f3 i consum de les ind\u00fastries culturals i creatives japoneses i sud-coreanes a Espanya, com a formes de representaci\u00f3 associades amb la producci\u00f3 i circulaci\u00f3 de significats culturals globals. Pol\u00edtica i reprsentaci\u00f3: diplom\u00e0cia cultural, discursivitat soft power i [&hellip;]<\/p>\n","protected":false},"author":20,"featured_media":0,"parent":0,"menu_order":0,"comment_status":"closed","ping_status":"closed","template":"","meta":{"footnotes":""},"class_list":["post-164","page","type-page","status-publish","hentry"],"_links":{"self":[{"href":"https:\/\/webs.uab.cat\/gregal\/wp-json\/wp\/v2\/pages\/164","targetHints":{"allow":["GET"]}}],"collection":[{"href":"https:\/\/webs.uab.cat\/gregal\/wp-json\/wp\/v2\/pages"}],"about":[{"href":"https:\/\/webs.uab.cat\/gregal\/wp-json\/wp\/v2\/types\/page"}],"author":[{"embeddable":true,"href":"https:\/\/webs.uab.cat\/gregal\/wp-json\/wp\/v2\/users\/20"}],"replies":[{"embeddable":true,"href":"https:\/\/webs.uab.cat\/gregal\/wp-json\/wp\/v2\/comments?post=164"}],"version-history":[{"count":3,"href":"https:\/\/webs.uab.cat\/gregal\/wp-json\/wp\/v2\/pages\/164\/revisions"}],"predecessor-version":[{"id":957,"href":"https:\/\/webs.uab.cat\/gregal\/wp-json\/wp\/v2\/pages\/164\/revisions\/957"}],"wp:attachment":[{"href":"https:\/\/webs.uab.cat\/gregal\/wp-json\/wp\/v2\/media?parent=164"}],"curies":[{"name":"wp","href":"https:\/\/api.w.org\/{rel}","templated":true}]}}