{"id":181,"date":"2019-07-26T10:35:28","date_gmt":"2019-07-26T10:35:28","guid":{"rendered":"https:\/\/webs.uab.cat\/gregal\/ressenyes\/"},"modified":"2023-12-13T13:29:39","modified_gmt":"2023-12-13T13:29:39","slug":"ressenyes","status":"publish","type":"page","link":"https:\/\/webs.uab.cat\/gregal\/ressenyes\/","title":{"rendered":"Ressenyes"},"content":{"rendered":"\n<h2 class=\"wp-block-heading\">2023<\/h2>\n\n\n\n<p><strong>Torres-Sim\u00f3n, Ester<\/strong>. &#8220;<a href=\"http:\/\/doi.org\/10.1080\/0907676X.2023.2221386\" data-type=\"URL\" data-id=\"doi.org\/10.1080\/0907676X.2023.2221386\">Secondhand China: Spain, the East, and the politics of translation<\/a>&#8221; by Carlos Prado, <em>Perspectives<\/em>, 31, 5, pp. 858-859.<\/p>\n\n\n\n<h2 class=\"wp-block-heading\">2022<\/h2>\n\n\n\n<p><strong>Gonz\u00e1lez de la Fuente, Eduardo<\/strong>. &#8220;<a href=\"https:\/\/www.tandfonline.com\/doi\/abs\/10.1080\/09523367.2022.2081781\" data-type=\"URL\" data-id=\"https:\/\/www.tandfonline.com\/doi\/abs\/10.1080\/09523367.2022.2081781\">Ank\u014d Itosu. The Man. The Master. The Myth. Biography of a Legend<\/a>&#8221; by Thomas Feldmann, <em>Revista de Artes Marciales Asi\u00e1ticas<\/em>  17, 1, pp. 108-112.<\/p>\n\n\n\n<h2 class=\"wp-block-heading\">2021<\/h2>\n\n\n\n<p><strong>Centeno, Marcos<\/strong>. &#8220;<a href=\"https:\/\/www.bloomsbury.com\/us\/japanese-cinema-book-9781844576784\/\" data-type=\"URL\" data-id=\"https:\/\/www.bloomsbury.com\/us\/japanese-cinema-book-9781844576784\/\">The Japanese Cinema Book<\/a>&#8221; by Hideaki Fujiki and Alastair Phillips (eds), <em>Screen<\/em>, 62, 3, pp. 424-427.<\/p>\n\n\n\n<p><strong>Loriguillo-L\u00f3pez, Antonio<\/strong>. \u201c<a href=\"https:\/\/www.raco.cat\/index.php\/QuadernsCAC\/article\/download\/404851\/498624\" data-type=\"URL\" data-id=\"https:\/\/www.raco.cat\/index.php\/QuadernsCAC\/article\/download\/404851\/498624\">Citizen participation as a tool to promote public media<\/a>\u201d by Marzal-Felici, J.; Soler-Campillo, M.; L\u00f3pez-Olano, C., <em>Quaderns del CAC<\/em>, pp. 83-84.<\/p>\n\n\n\n<p><strong>Serrano-Mu\u00f1oz, Jordi<\/strong>.&nbsp;<a rel=\"noreferrer noopener\" href=\"https:\/\/muse.jhu.edu\/article\/785420#info_wrap\" target=\"_blank\">\u201cFukushima Fiction: The Literary Landscape of Japan\u2019s Triple Disaster. By Rachel DiNitto,\u201d<\/a><em>&nbsp;Monumenta Nipponica&nbsp;<\/em>vol, 75<em>,&nbsp;<\/em>2, pp. 404-408.<\/p>\n\n\n\n<h2 class=\"wp-block-heading\">2020<\/h2>\n\n\n\n<p><strong>Serrano-Mu\u00f1oz, Jordi<\/strong>. &nbsp;<a rel=\"noreferrer noopener\" href=\"https:\/\/revistaseug.ugr.es\/index.php\/revpaz\/article\/view\/15478\" target=\"_blank\">\u201cWho Fears the Waking Red: Review of Revolution Goes East by Tatiana Linkhoeva,\u201d<\/a>&nbsp;<em>Revista Paz y Conflictos<\/em>, 13, 1, pp. 309-315.<\/p>\n\n\n\n<h2 class=\"wp-block-heading\">2019<\/h2>\n\n\n\n<p><strong>Cabrera Torrecilla, Ang\u00e9lica <\/strong>(2019). \u201c<a href=\"https:\/\/doi.org\/\" data-type=\"URL\" data-id=\"https:\/\/doi.org\/\">G\u00e9nero y conciencia autoral en el c\u00f3mic espa\u00f1ol (1970-2018)2<\/a>&#8221; by Jos\u00e9 Manuel Trabado Cabado, <em>Tropel\u00edas Revista de Teor\u00eda de la Literatura y Literatura Comparada<\/em>, 32, pp. 297-300.<\/p>\n\n\n\n<p><strong>Loriguillo-L\u00f3pez, Antonio<\/strong>. &#8220;<a href=\"https:\/\/www.mutualimages-journal.org\/index.php\/mi\/article\/download\/Vol7-5\/58\/296\">Osamu Tezuka, el Dios del Manga &#8211; Exhibition at the Museu Nacional d&#8217;Art de Catalunya<\/a>&#8220;, <em>Mutual Images: A Transcultural Research Journal<\/em>, 7, pp. 57-61.<\/p>\n\n\n\n<h2 class=\"wp-block-heading\">2018<\/h2>\n\n\n\n<p><strong>Centeno, Marcos<\/strong>. \u201c<a href=\"https:\/\/japanesestudies.org.uk\/ejcjs\/vol18\/iss3\/centeno-martin.htm\">Interrogating Forms of Dissidence. An Approach to Physical and Mental Escapes from Japan<\/a>\u201d by Blai Guarn\u00e9 and Paul Hansen (eds.), <em>Electronic Journal of Contemporary Japanese Studies<\/em>, 16 , 18, 3, Online.<\/p>\n\n\n\n<p><strong>Centeno, Marcos<\/strong>. <a href=\"https:\/\/www.intellectbooks.co.uk\/journals\/view-Journal,id=219\/view,page=2\/\">Dialectics of the Goddess in Japanese Audiovisual Culture<\/a> by Torres Hortelano, Lorenzo J. (ed.), <em>Asian Cinema, <\/em>30, 1, pp. 149-154.<\/p>\n\n\n\n<p><strong>Rodr\u00edguez Navarro, Mar\u00eda Teresa<\/strong>. \u201cThe Diversity of Translation Communities in Contemporary Japan\u201d by Nana Sato et al Eds. <em>Nihon kenky\u00fb<\/em>, 2, 54.<\/p>\n\n\n\n<h2 class=\"wp-block-heading\">2016<\/h2>\n\n\n\n<p><strong>Centeno, Marcos<\/strong>. \u201c<a href=\"http:\/\/http:\/\/quod.lib.umich.edu\/f\/fc\/13761232.0040.312?view=text;rgn=main\">Kore-eda\u2019s <em>Our Little Sister<\/em>: a Return to the Japanese Classicism<\/a>\u201d, <em>Film Criticism, <\/em>40, 3.<\/p>\n\n\n\n<h2 class=\"wp-block-heading\">2015<\/h2>\n\n\n\n<p><strong>Centeno, Marcos<\/strong>. <em>\u201c<\/em><a href=\"http:\/\/readingreligion.org\/print\/1571\">Anime, Religion and Spirituality: Profane and Sacred Worlds in Contemporary Japan<em>. <\/em>By Katharine Buljan and Carole M. Cusack. Equinox, 2015<\/a>\u201d, <em>Journal of the American Academy of Religion<\/em>.<\/p>\n\n\n\n<p><strong>Serra-Vilella, Alba<\/strong>. &#8220;<a href=\"https:\/\/obradoredendum.cat\/catalog\/haiku-en-llengua-catalana\/\" data-type=\"URL\" data-id=\"https:\/\/obradoredendum.cat\/catalog\/haiku-en-llengua-catalana\/\">L\u2019haiku en llengua catalana<\/a>&#8221; by Abrams, Sam (et al.); Mas L\u00f3pez, Jordi (ed.). <em>Quaderns. Revista de traducci\u00f3<\/em>, 22, pp. 415-416.<\/p>\n","protected":false},"excerpt":{"rendered":"<p>2023 Torres-Sim\u00f3n, Ester. &#8220;Secondhand China: Spain, the East, and the politics of translation&#8221; by Carlos Prado, Perspectives, 31, 5, pp. 858-859. 2022 Gonz\u00e1lez de la Fuente, Eduardo. &#8220;Ank\u014d Itosu. The Man. The Master. The Myth. Biography of a Legend&#8221; by Thomas Feldmann, Revista de Artes Marciales Asi\u00e1ticas 17, 1, pp. 108-112. 2021 Centeno, Marcos. &#8220;The [&hellip;]<\/p>\n","protected":false},"author":20,"featured_media":0,"parent":0,"menu_order":0,"comment_status":"closed","ping_status":"closed","template":"","meta":{"footnotes":""},"class_list":["post-181","page","type-page","status-publish","hentry"],"_links":{"self":[{"href":"https:\/\/webs.uab.cat\/gregal\/wp-json\/wp\/v2\/pages\/181","targetHints":{"allow":["GET"]}}],"collection":[{"href":"https:\/\/webs.uab.cat\/gregal\/wp-json\/wp\/v2\/pages"}],"about":[{"href":"https:\/\/webs.uab.cat\/gregal\/wp-json\/wp\/v2\/types\/page"}],"author":[{"embeddable":true,"href":"https:\/\/webs.uab.cat\/gregal\/wp-json\/wp\/v2\/users\/20"}],"replies":[{"embeddable":true,"href":"https:\/\/webs.uab.cat\/gregal\/wp-json\/wp\/v2\/comments?post=181"}],"version-history":[{"count":5,"href":"https:\/\/webs.uab.cat\/gregal\/wp-json\/wp\/v2\/pages\/181\/revisions"}],"predecessor-version":[{"id":2082,"href":"https:\/\/webs.uab.cat\/gregal\/wp-json\/wp\/v2\/pages\/181\/revisions\/2082"}],"wp:attachment":[{"href":"https:\/\/webs.uab.cat\/gregal\/wp-json\/wp\/v2\/media?parent=181"}],"curies":[{"name":"wp","href":"https:\/\/api.w.org\/{rel}","templated":true}]}}