{"id":2753,"date":"2025-09-02T07:50:57","date_gmt":"2025-09-02T07:50:57","guid":{"rendered":"https:\/\/webs.uab.cat\/gregal\/?page_id=2753"},"modified":"2025-10-14T09:33:26","modified_gmt":"2025-10-14T09:33:26","slug":"j-lab-als-mitjans","status":"publish","type":"page","link":"https:\/\/webs.uab.cat\/gregal\/j-lab-als-mitjans\/","title":{"rendered":"J-Lab als mitjans"},"content":{"rendered":"\n<p><strong>GREGAL UAB (2025)<\/strong>. <em><a href=\"https:\/\/www.uab.cat\/ca\/traduccio-interpretacio-estudis-asia-oriental\/noticies\/20251013\/gregal-jornada-recerca-2025-10-16\">Jornada de recerca &#8220;El boom cultural japon\u00e8s i sud-core\u00e0: aspectes culturals, pol\u00edtics i socioecon\u00f2mics<\/a>&#8220;, <\/em>16\/10\/2025<\/p>\n\n\n\n<p><strong>Casa Asia (2025).<\/strong>\u00a0<em>Presentaci\u00f3n de la plataforma J-Lab: \u201cEl \u00e9xito de la cultura pop japonesa en nuestro pa\u00eds\u201d<\/em>. Actividad \u201cGeopol\u00edtica y Actualidad\u201d, Casa Asia, Barcelona, 8\/7\/2025.\u00a0<a href=\"https:\/\/www.casaasia.es\/actividad\/presentacion-de-la-plataforma-j-lab-el-exito-de-la-cultura-pop-japonesa-en-nuestro-pais\/\" target=\"_blank\" rel=\"noreferrer noopener\">Casa Asia<\/a><\/p>\n\n\n\n<p><strong>Fundaci\u00f3n Consejo Espa\u00f1a-Jap\u00f3n (2025).<\/strong>&nbsp;<em>Casa Asia y la Aut\u00f3noma de Barcelona presentan la plataforma J-Lab<\/em>. 3\/7\/2025.&nbsp;<a href=\"https:\/\/spainjapanfoundation.com\/noticia\/casa-asia-y-la-autonoma-de-barcelona-presentan-la-plataforma-j-lab\/\" target=\"_blank\" rel=\"noreferrer noopener\">Fundaci\u00f3n Consejo Espa\u00f1a Jap\u00f3n<\/a><\/p>\n\n\n\n<p><strong>Universitat Aut\u00f2noma de Barcelona (UAB) (2025).<\/strong>&nbsp;<em>Gran \u00e9xito en la presentaci\u00f3n de J-Lab, nueva plataforma digital sobre Jap\u00f3n impulsada por el Grupo de Investigaci\u00f3n GREGAL de la UAB y Casa Asia<\/em>. Sala de Prensa UAB, 8\/7\/2025.&nbsp;<a href=\"https:\/\/www.uab.cat\/web\/sala-de-prensa\/detalle-noticia\/gran-exito-en-la-presentacion-de-j-lab-nueva-plataforma-digital-sobre-japon-impulsada-por-el-grupo-de-investigacion-gregal-de-la-uab-y-casa-asia-1345667994339.html?noticiaid=1345962215371\" target=\"_blank\" rel=\"noreferrer noopener\">UAB Barcelona<\/a><\/p>\n\n\n\n<p><strong>Universitat Aut\u00f2noma de Barcelona (UAB) (2025).<\/strong>&nbsp;<em>Presentaci\u00f3n de la plataforma J-Lab: \u201cEl \u00e9xito de la cultura pop japonesa en nuestro pa\u00eds\u201d<\/em>. Sala de Prensa UAB, 1\/7\/2025 (anuncio previo al evento).&nbsp;<a href=\"https:\/\/www.uab.cat\/web\/sala-de-prensa\/detalle-noticia\/presentacion-de-la-plataforma-j-lab-el-exito-de-la-cultura-pop-japonesa-en-nuestro-pais-1345667994339.html?noticiaid=1345957962784\" target=\"_blank\" rel=\"noreferrer noopener\">UAB Barcelona<\/a><\/p>\n\n\n\n<p><strong>PRUAB (2025).<\/strong>&nbsp;<em>Gran \u00e8xit en la presentaci\u00f3 del J-Lab, nova plataforma digital sobre el Jap\u00f3 impulsada pel Grup de Recerca GREGAL de la UAB i Casa Asia<\/em>. 22\/7\/2025.&nbsp;<a href=\"https:\/\/www.pruab.cat\/ca\/noticies\/gran-exit-presentacio-j-lab-nova-plataforma-digital-japo-impulsada-pel-grup-recerca-gregal\" target=\"_blank\" rel=\"noreferrer noopener\">Parc de Recerca UAB<\/a><\/p>\n\n\n\n<p><strong>RTVE (2025).<\/strong>&nbsp;<em><a href=\"https:\/\/www.rtve.es\/play\/audios\/asia-hoy\/asia-hoy-lab-universidad-interesados-japon\/16677138\/\">J-Lab: de la Universidad a los interesados en Jap\u00f3n<\/a><\/em>. Programa de radio \u201cAsia Hoy\u201d, 25\/7\/2025.&nbsp;<\/p>\n","protected":false},"excerpt":{"rendered":"<p>GREGAL UAB (2025). Jornada de recerca &#8220;El boom cultural japon\u00e8s i sud-core\u00e0: aspectes culturals, pol\u00edtics i socioecon\u00f2mics&#8220;, 16\/10\/2025 Casa Asia (2025).\u00a0Presentaci\u00f3n de la plataforma J-Lab: \u201cEl \u00e9xito de la cultura pop japonesa en nuestro pa\u00eds\u201d. Actividad \u201cGeopol\u00edtica y Actualidad\u201d, Casa Asia, Barcelona, 8\/7\/2025.\u00a0Casa Asia Fundaci\u00f3n Consejo Espa\u00f1a-Jap\u00f3n (2025).&nbsp;Casa Asia y la Aut\u00f3noma de Barcelona presentan [&hellip;]<\/p>\n","protected":false},"author":2862,"featured_media":0,"parent":0,"menu_order":0,"comment_status":"closed","ping_status":"closed","template":"","meta":{"footnotes":""},"class_list":["post-2753","page","type-page","status-publish","hentry"],"_links":{"self":[{"href":"https:\/\/webs.uab.cat\/gregal\/wp-json\/wp\/v2\/pages\/2753","targetHints":{"allow":["GET"]}}],"collection":[{"href":"https:\/\/webs.uab.cat\/gregal\/wp-json\/wp\/v2\/pages"}],"about":[{"href":"https:\/\/webs.uab.cat\/gregal\/wp-json\/wp\/v2\/types\/page"}],"author":[{"embeddable":true,"href":"https:\/\/webs.uab.cat\/gregal\/wp-json\/wp\/v2\/users\/2862"}],"replies":[{"embeddable":true,"href":"https:\/\/webs.uab.cat\/gregal\/wp-json\/wp\/v2\/comments?post=2753"}],"version-history":[{"count":2,"href":"https:\/\/webs.uab.cat\/gregal\/wp-json\/wp\/v2\/pages\/2753\/revisions"}],"predecessor-version":[{"id":2842,"href":"https:\/\/webs.uab.cat\/gregal\/wp-json\/wp\/v2\/pages\/2753\/revisions\/2842"}],"wp:attachment":[{"href":"https:\/\/webs.uab.cat\/gregal\/wp-json\/wp\/v2\/media?parent=2753"}],"curies":[{"name":"wp","href":"https:\/\/api.w.org\/{rel}","templated":true}]}}