{"id":2768,"date":"2025-09-02T08:07:44","date_gmt":"2025-09-02T08:07:44","guid":{"rendered":"https:\/\/webs.uab.cat\/gregal\/?page_id=2768"},"modified":"2025-10-14T09:32:07","modified_gmt":"2025-10-14T09:32:07","slug":"k-lab-als-mitjans","status":"publish","type":"page","link":"https:\/\/webs.uab.cat\/gregal\/k-lab-als-mitjans\/","title":{"rendered":"K-Lab als mitjans"},"content":{"rendered":"\n<p><strong>GREGAL UAB (2025)<\/strong>. <em><a href=\"https:\/\/www.uab.cat\/ca\/traduccio-interpretacio-estudis-asia-oriental\/noticies\/20251013\/gregal-jornada-recerca-2025-10-16\">Jornada de recerca &#8220;El boom cultural japon\u00e8s i sud-core\u00e0: aspectes culturals, pol\u00edtics i socioecon\u00f2mics<\/a>&#8220;, <\/em>16\/10\/2025<\/p>\n\n\n\n<p><strong>Casa Asia \/ UAB \u2013 GREGAL (2024).<\/strong>\u00a0<em>Plataforma K-Lab, el espacio Espa\u00f1a-Corea<\/em>. Proyecto digital sobre relaciones entre Espa\u00f1a y Corea del Sur en \u00e1mbitos como cultura, lengua, diplomacia, sociedad, econom\u00eda y ciencia. Lanzamiento web 13\/11\/2024.\u00a0<a href=\"https:\/\/www.casaasia.es\/proyectos\/plataforma-k-lab-el-espacio-espana-corea\/?utm_source=chatgpt.com\" target=\"_blank\" rel=\"noreferrer noopener\">Casa Asia<\/a><\/p>\n\n\n\n<p><strong>Casa Asia \/ UAB \u2013 GREGAL (2024).<\/strong>&nbsp;<em>Presentaci\u00f3n de la plataforma K-Lab: \u201cEl auge de la cultura popular coreana como fen\u00f3meno global\u201d<\/em>. Actividad &#8220;Geopol\u00edtica y Actualidad&#8221;, Palau Macaya (Barcelona), 12\/11\/2024.&nbsp;<a href=\"https:\/\/www.casaasia.es\/actividad\/presentacion-de-la-plataforma-k-lab-el-auge-de-la-cultura-popular-coreana-como-fenomeno-global\/?utm_source=chatgpt.com\" target=\"_blank\" rel=\"noreferrer noopener\">Casa Asia<\/a><a href=\"https:\/\/www.uab.cat\/web\/agenda\/detalle-actividad-de-agenda\/presentacion-de-la-plataforma-k-lab-sobre-cultura-popular-coreana-1345830290079.html?detid=1345933048801&amp;utm_source=chatgpt.com\" target=\"_blank\" rel=\"noreferrer noopener\">UAB Barcelona<\/a><\/p>\n\n\n\n<p><strong>Casa Asia (2025).<\/strong>&nbsp;<em>Presentaci\u00f3n de la plataforma K-Lab: \u201cEl auge de la cultura popular coreana como fen\u00f3meno global\u201d<\/em>. Evento en Madrid, Centro Casa Asia, 3\/4\/2025.&nbsp;<a href=\"https:\/\/www.instagram.com\/reel\/DH3GJJUKl74\/?hl=am-et&amp;locale=zh_CN&amp;utm_source=chatgpt.com\" target=\"_blank\" rel=\"noreferrer noopener\">Instagram<\/a><a href=\"https:\/\/x.com\/embcoreaespana\/status\/1904937949008900394?utm_source=chatgpt.com\" target=\"_blank\" rel=\"noreferrer noopener\">X (formerly Twitter)<\/a><\/p>\n\n\n\n<p><strong>Universitat Aut\u00f2noma de Barcelona (UAB) (2024).<\/strong>&nbsp;<em>Presentaci\u00f3n de la plataforma K-Lab sobre cultura popular coreana<\/em>. Agenda UAB, Palau Macaya (Barcelona).&nbsp;<a href=\"https:\/\/www.uab.cat\/web\/agenda\/detalle-actividad-de-agenda\/presentacion-de-la-plataforma-k-lab-sobre-cultura-popular-coreana-1345830290079.html?detid=1345933048801\" target=\"_blank\" rel=\"noreferrer noopener\">UAB Barcelona<\/a><\/p>\n\n\n\n<p><strong>K-Lab (2024).<\/strong>&nbsp;<em>K-Lab: Espacio Espa\u00f1a-Corea del Sur<\/em>. Plataforma de conocimiento y an\u00e1lisis sobre las interacciones culturales, sociales, econ\u00f3micas y cient\u00edficas entre Espa\u00f1a y Corea del Sur; incluye an\u00e1lisis, stories y agenda de eventos. Web activa.&nbsp;<a href=\"https:\/\/k-lab.online\/?utm_source=chatgpt.com\" target=\"_blank\" rel=\"noreferrer noopener\">K-Lab+1<\/a><\/p>\n\n\n\n<p><strong>Korea en Barcelona (2024).<\/strong>&nbsp;<em><a href=\"https:\/\/koreaenbarcelona.wordpress.com\/2024\/10\/23\/presentacion-de-la-plataforma-k-lab-el-auge-de-la-cultura-popular-coreana-como-fenomeno-global-casa-asia\/\">Presentaci\u00f3n de la plataforma K-Lab:<\/a> \u201cEl auge de la cultura popular coreana como fen\u00f3meno global\u201d<\/em>. 23\/10\/2024.<\/p>\n\n\n\n<p><strong>Podcast (2024).<\/strong>&nbsp;<em><a href=\"https:\/\/open.spotify.com\/episode\/1zHHnKlphN57eITwGKljNL\">K-Lab: plataforma digital sobre Corea del Sur<\/a><\/em>. Episodio en Spotify de la plataforma K-Lab. <\/p>\n\n\n\n<p><strong>Las Ma\u00f1anas de RNE (2024).<\/strong> <a href=\"https:\/\/x.com\/LasMananas_rne\/status\/1865999436645896527?t=cJe9QnwRmK5X3o46FqvrOQ&amp;s=03\">Plataforma K-Lab. Del K-pop y la m\u00fasica cl\u00e1sica a la literatura con Nobel, la cultura es clave para Corea del Sur.<\/a><\/p>\n","protected":false},"excerpt":{"rendered":"<p>GREGAL UAB (2025). Jornada de recerca &#8220;El boom cultural japon\u00e8s i sud-core\u00e0: aspectes culturals, pol\u00edtics i socioecon\u00f2mics&#8220;, 16\/10\/2025 Casa Asia \/ UAB \u2013 GREGAL (2024).\u00a0Plataforma K-Lab, el espacio Espa\u00f1a-Corea. Proyecto digital sobre relaciones entre Espa\u00f1a y Corea del Sur en \u00e1mbitos como cultura, lengua, diplomacia, sociedad, econom\u00eda y ciencia. Lanzamiento web 13\/11\/2024.\u00a0Casa Asia Casa Asia [&hellip;]<\/p>\n","protected":false},"author":2862,"featured_media":0,"parent":0,"menu_order":0,"comment_status":"closed","ping_status":"closed","template":"","meta":{"footnotes":""},"class_list":["post-2768","page","type-page","status-publish","hentry"],"_links":{"self":[{"href":"https:\/\/webs.uab.cat\/gregal\/wp-json\/wp\/v2\/pages\/2768","targetHints":{"allow":["GET"]}}],"collection":[{"href":"https:\/\/webs.uab.cat\/gregal\/wp-json\/wp\/v2\/pages"}],"about":[{"href":"https:\/\/webs.uab.cat\/gregal\/wp-json\/wp\/v2\/types\/page"}],"author":[{"embeddable":true,"href":"https:\/\/webs.uab.cat\/gregal\/wp-json\/wp\/v2\/users\/2862"}],"replies":[{"embeddable":true,"href":"https:\/\/webs.uab.cat\/gregal\/wp-json\/wp\/v2\/comments?post=2768"}],"version-history":[{"count":2,"href":"https:\/\/webs.uab.cat\/gregal\/wp-json\/wp\/v2\/pages\/2768\/revisions"}],"predecessor-version":[{"id":2838,"href":"https:\/\/webs.uab.cat\/gregal\/wp-json\/wp\/v2\/pages\/2768\/revisions\/2838"}],"wp:attachment":[{"href":"https:\/\/webs.uab.cat\/gregal\/wp-json\/wp\/v2\/media?parent=2768"}],"curies":[{"name":"wp","href":"https:\/\/api.w.org\/{rel}","templated":true}]}}