{"id":407,"date":"2019-07-26T11:13:24","date_gmt":"2019-07-26T11:13:24","guid":{"rendered":"https:\/\/webs.uab.cat\/gregal\/grau\/"},"modified":"2022-08-01T08:58:37","modified_gmt":"2022-08-01T08:58:37","slug":"grau","status":"publish","type":"page","link":"https:\/\/webs.uab.cat\/gregal\/grau\/","title":{"rendered":"Grau"},"content":{"rendered":"\n<h2 class=\"wp-block-heading\">Grau en Estudis d&#8217;\u00c0sia Oriental<\/h2>\n\n\n\n<p>La Facultat de Traducci\u00f3 i d\u2019Interpretaci\u00f3 de la UAB \u00e9s un centre a l\u2019<strong>avantguarda en l\u2019estudi i la recerca sobre l\u2019\u00c0sia oriental<\/strong>, la primera d\u2019oferir aquest grau a l\u2019Estat i l\u2019\u00fanica del sistema universitari catal\u00e0.<\/p>\n\n\n\n<p>El grau en Estudis d\u2019\u00c0sia Oriental \u00e9s <strong>l\u2019\u00fanic que inclou estudis de llengua xinesa, japonesa i coreana<\/strong>, amb assignatures en angl\u00e8s i <strong>tres mencions diferents<\/strong>. Uns estudis oberts al m\u00f3n, que fan de la interculturalitat i l\u2019aprenentatge de lleng\u00fces els pilars de la formaci\u00f3 dels professionals del futur:<\/p>\n\n\n\n<ul class=\"wp-block-list\"><li class=\"rtejustify\">Amb <strong>pr\u00e0ctiques curriculars<\/strong> en empreses nacionals i asi\u00e0tiques, institucions p\u00fabliques i privades, fundacions oficials i organitzacions no governamentals i sense \u00e0nim de lucre.<\/li><li class=\"rtejustify\">Amb el nombre m\u00e9s gran de<strong> convenis d\u2019intercanvi i mobilitat d\u2019estudiants<\/strong> signats amb les principals universitats de la Xina, el Jap\u00f3 i Corea del Sud, i amb reconeguts centres acad\u00e8mics europeus.<\/li><li class=\"rtejustify\">Amb un ampli equip docent format per <strong>professorat especialista i professorat natiu<\/strong>, amb un elevat nombre d\u2019alumnes estrangers i unes instal\u00b7lacions excepcionals.<\/li><li class=\"rtejustify\">En estreta <strong>col\u00b7laboraci\u00f3 amb institucions oficials<\/strong> com la Fundaci\u00f3 Institut Confuci de Barcelona (Xina), la Fundaci\u00f3n Jap\u00f3n (Jap\u00f3) i la Fundaci\u00f3 Institut Sejong de Barcelona (Corea del Sud).<\/li><li class=\"rtejustify\">Amb una <strong>formaci\u00f3 acad\u00e8mica d\u2019excel\u00b7l\u00e8ncia<\/strong>, interdisciplin\u00e0ria i marcadament enfocada a atendre les demandes del mercat laboral nacional, europeu i internacional.<\/li><\/ul>\n\n\n\n<p><a href=\"https:\/\/www.uab.cat\/web\/estudiar\/llistat-de-graus\/informacio-general-1216708251447.html?param1=1223967776732\">M\u00e9s informaci\u00f3<\/a><\/p>\n","protected":false},"excerpt":{"rendered":"<p>Grau en Estudis d&#8217;\u00c0sia Oriental La Facultat de Traducci\u00f3 i d\u2019Interpretaci\u00f3 de la UAB \u00e9s un centre a l\u2019avantguarda en l\u2019estudi i la recerca sobre l\u2019\u00c0sia oriental, la primera d\u2019oferir aquest grau a l\u2019Estat i l\u2019\u00fanica del sistema universitari catal\u00e0. El grau en Estudis d\u2019\u00c0sia Oriental \u00e9s l\u2019\u00fanic que inclou estudis de llengua xinesa, japonesa [&hellip;]<\/p>\n","protected":false},"author":20,"featured_media":0,"parent":0,"menu_order":0,"comment_status":"closed","ping_status":"closed","template":"","meta":{"footnotes":""},"class_list":["post-407","page","type-page","status-publish","hentry"],"_links":{"self":[{"href":"https:\/\/webs.uab.cat\/gregal\/wp-json\/wp\/v2\/pages\/407","targetHints":{"allow":["GET"]}}],"collection":[{"href":"https:\/\/webs.uab.cat\/gregal\/wp-json\/wp\/v2\/pages"}],"about":[{"href":"https:\/\/webs.uab.cat\/gregal\/wp-json\/wp\/v2\/types\/page"}],"author":[{"embeddable":true,"href":"https:\/\/webs.uab.cat\/gregal\/wp-json\/wp\/v2\/users\/20"}],"replies":[{"embeddable":true,"href":"https:\/\/webs.uab.cat\/gregal\/wp-json\/wp\/v2\/comments?post=407"}],"version-history":[{"count":1,"href":"https:\/\/webs.uab.cat\/gregal\/wp-json\/wp\/v2\/pages\/407\/revisions"}],"predecessor-version":[{"id":885,"href":"https:\/\/webs.uab.cat\/gregal\/wp-json\/wp\/v2\/pages\/407\/revisions\/885"}],"wp:attachment":[{"href":"https:\/\/webs.uab.cat\/gregal\/wp-json\/wp\/v2\/media?parent=407"}],"curies":[{"name":"wp","href":"https:\/\/api.w.org\/{rel}","templated":true}]}}