{"id":429,"date":"2019-07-26T11:18:11","date_gmt":"2019-07-26T11:18:11","guid":{"rendered":"https:\/\/webs.uab.cat\/gregal\/produccions\/"},"modified":"2023-12-14T09:24:00","modified_gmt":"2023-12-14T09:24:00","slug":"produccions","status":"publish","type":"page","link":"https:\/\/webs.uab.cat\/gregal\/produccions\/","title":{"rendered":"Produccions"},"content":{"rendered":"\n<h2 class=\"wp-block-heading\">Produccions Audiovisuals<\/h2>\n\n\n\n<div class=\"wp-block-media-text is-stacked-on-mobile\" style=\"grid-template-columns:36% auto\"><figure class=\"wp-block-media-text__media\"><img loading=\"lazy\" decoding=\"async\" width=\"141\" height=\"141\" src=\"https:\/\/webs.uab.cat\/gregal\/wp-content\/uploads\/sites\/68\/2023\/10\/index.jpg\" alt=\"\" class=\"wp-image-1579 size-full\" \/><\/figure><div class=\"wp-block-media-text__content\">\n<p class=\"has-normal-font-size\"><strong>Loriguillo-L\u00f3pez, Antonio<\/strong>. &#8220;<a href=\"https:\/\/www.ivoox.com\/miriorama-144-open-access-antonio-loriguillo-audios-mp3_rf_87463419_1.html\" data-type=\"URL\" data-id=\"https:\/\/www.ivoox.com\/miriorama-144-open-access-antonio-loriguillo-audios-mp3_rf_87463419_1.html\">Anime complejo y ambig\u00fcedad narrativa<\/a>&#8220;. Una hora de cultura con B&amp;V, 2022<\/p>\n<\/div><\/div>\n\n\n\n<div class=\"wp-block-media-text is-stacked-on-mobile\" style=\"grid-template-columns:36% auto\"><figure class=\"wp-block-media-text__media\"><img loading=\"lazy\" decoding=\"async\" width=\"141\" height=\"141\" src=\"https:\/\/webs.uab.cat\/gregal\/wp-content\/uploads\/sites\/68\/2023\/10\/index-1.jpg\" alt=\"\" class=\"wp-image-1606 size-full\" \/><\/figure><div class=\"wp-block-media-text__content\">\n<p class=\"has-normal-font-size\"><strong>Grau de Pablo, Tom\u00e1s<\/strong>. Podcast: &#8220;<a href=\"https:\/\/open.spotify.com\/show\/4S1ef50QjNsSh4Obha29lw\" data-type=\"URL\" data-id=\"https:\/\/open.spotify.com\/show\/4S1ef50QjNsSh4Obha29lw\">Mochila de juego<\/a>&#8220;. 2021-<\/p>\n<\/div><\/div>\n\n\n\n<div class=\"wp-block-media-text is-stacked-on-mobile\" style=\"grid-template-columns:33% auto\"><figure class=\"wp-block-media-text__media\"><img loading=\"lazy\" decoding=\"async\" width=\"256\" height=\"353\" src=\"https:\/\/webs.uab.cat\/gregal\/wp-content\/uploads\/sites\/68\/2019\/07\/logo_tsundoku.png\" alt=\"\" class=\"wp-image-428 size-full\" srcset=\"https:\/\/webs.uab.cat\/gregal\/wp-content\/uploads\/sites\/68\/2019\/07\/logo_tsundoku.png 256w, https:\/\/webs.uab.cat\/gregal\/wp-content\/uploads\/sites\/68\/2019\/07\/logo_tsundoku-218x300.png 218w\" sizes=\"auto, (max-width: 256px) 100vw, 256px\" \/><\/figure><div class=\"wp-block-media-text__content\">\n<p class=\"has-normal-font-size\"><strong>Serrano-Mu\u00f1oz, Jordi<\/strong>.  Podcast: &#8220;<a href=\"https:\/\/www.fundacionjapon.es\/es\/Actividades\/Biblioteca\/evento\/42\/tsundoku-podcast-sobre-literatura-japonesa\">Tsundoku<\/a>&#8220;, Fundaci\u00f3n Jap\u00f3n en M\u00e9xico &amp; Fundaci\u00f3n Jap\u00f3n, Madrid, 2020.<\/p>\n<\/div><\/div>\n\n\n\n<div class=\"wp-block-media-text is-stacked-on-mobile\" style=\"grid-template-columns:36% auto\"><figure class=\"wp-block-media-text__media\"><img loading=\"lazy\" decoding=\"async\" width=\"437\" height=\"600\" src=\"https:\/\/webs.uab.cat\/gregal\/wp-content\/uploads\/sites\/68\/2019\/07\/animelario.png\" alt=\"\" class=\"wp-image-425 size-full\" srcset=\"https:\/\/webs.uab.cat\/gregal\/wp-content\/uploads\/sites\/68\/2019\/07\/animelario.png 437w, https:\/\/webs.uab.cat\/gregal\/wp-content\/uploads\/sites\/68\/2019\/07\/animelario-219x300.png 219w\" sizes=\"auto, (max-width: 437px) 100vw, 437px\" \/><\/figure><div class=\"wp-block-media-text__content\">\n<p class=\"has-normal-font-size\"><strong>Loriguillo-L\u00f3pez, Antonio<\/strong>. Programa de radio \u201c<a href=\"https:\/\/www.radio.uji.es\/programa.php?id=222\"><em>Animelario<\/em><\/a>\u201d. Vox UJI Radio (2019-2020).<\/p>\n<\/div><\/div>\n\n\n\n<div class=\"wp-block-media-text is-stacked-on-mobile\" style=\"grid-template-columns:34% auto\"><figure class=\"wp-block-media-text__media\"><img decoding=\"async\" src=\"https:\/\/ainumemoryfilm.files.wordpress.com\/2013\/12\/nuevo-poster-con-textura-y-awards.gif?w=212&amp;h=300\" alt=\"Ainu. Pathways to memory\" class=\"wp-image-3891 size-full\" \/><\/figure><div class=\"wp-block-media-text__content\">\n<p class=\"has-normal-font-size\"><strong>Centeno, Marcos<\/strong>. Documental <em><a href=\"https:\/\/ainumemoryfilm.wordpress.com\/\">Ainu. Pathways to Memory<\/a> <\/em>(Marcos Centeno, 2014).<\/p>\n<\/div><\/div>\n\n\n\n<div class=\"wp-block-media-text is-stacked-on-mobile\" style=\"grid-template-columns:35% auto\"><figure class=\"wp-block-media-text__media\"><img loading=\"lazy\" decoding=\"async\" width=\"256\" height=\"353\" src=\"https:\/\/webs.uab.cat\/gregal\/wp-content\/uploads\/sites\/68\/2019\/07\/cropped-cabecera.jpg\" alt=\"\" class=\"wp-image-422 size-full\" srcset=\"https:\/\/webs.uab.cat\/gregal\/wp-content\/uploads\/sites\/68\/2019\/07\/cropped-cabecera.jpg 256w, https:\/\/webs.uab.cat\/gregal\/wp-content\/uploads\/sites\/68\/2019\/07\/cropped-cabecera-218x300.jpg 218w\" sizes=\"auto, (max-width: 256px) 100vw, 256px\" \/><\/figure><div class=\"wp-block-media-text__content\">\n<p><strong>Grau de Pablos, Tom\u00e1s. <\/strong>Cr\u00edticas, ensayos y selecciones&nbsp;en &#8220;<a href=\"https:\/\/laeradelvideojuego.wordpress.com\/\">La Era del Videojuego<\/a>&#8220;<strong>.&nbsp;<\/strong><\/p>\n\n\n\n<p>Serie de v\u00eddeos: &#8220;<a href=\"https:\/\/www.youtube.com\/user\/Tomgaar\/videos\">Retrospectiva sobre la saga <em>Castlevania<\/em><\/a>&#8220;.<\/p>\n<\/div><\/div>\n\n\n\n<h2 class=\"wp-block-heading\">Publicacions<\/h2>\n\n\n\n<p><strong>Grau de Pablos, Tom\u00e1s<\/strong>. &#8220;<a href=\"https:\/\/espadaypluma.com\/2023\/06\/16\/el-segundo-despegue-de-la-yamato\/\" data-type=\"URL\" data-id=\"https:\/\/espadaypluma.com\/2023\/06\/16\/el-segundo-despegue-de-la-yamato\/\">El segundo despegue de la Yamato<\/a>&#8220;, <em>Espada y Pluma<\/em>, 2023 <\/p>\n\n\n\n<p><strong>Castillo Iglesias, Just<\/strong>. \u201c\u00bfC\u00f3mo se est\u00e1 armando Asia y el Pac\u00edfico?\u201d, <em>El Pa\u00eds<\/em>, 2023<\/p>\n\n\n\n<p><strong>Castillo Iglesias, Just<\/strong>. &#8220;<a href=\"https:\/\/www.ara.cat\/internacional\/europa\/putin-reunira-kim-jong-parlar-d-armament_1_4792889.html\" data-type=\"URL\" data-id=\"https:\/\/www.ara.cat\/internacional\/europa\/putin-reunira-kim-jong-parlar-d-armament_1_4792889.html\">Kim es reunir\u00e0 amb Putin per parlar d\u2019armament<\/a>&#8220;, <em>Ara<\/em>, 2023<\/p>\n\n\n\n<p><strong>Castillo Iglesias, Just<\/strong>. \u201c<a href=\"https:\/\/www.ara.cat\/internacional\/russia\/kim-jong-russia-tren-blindat-veure-s-vladimir-putin_1_4798574.html\" data-type=\"URL\" data-id=\"https:\/\/www.ara.cat\/internacional\/russia\/kim-jong-russia-tren-blindat-veure-s-vladimir-putin_1_4798574.html\">Kim ofereix suport a Putin i lloa la seva lluita sagrada<\/a>\u201d, <em>Araq<\/em>, 2023 <\/p>\n\n\n\n<p><strong>Castillo Iglesias, Just<\/strong>. \u201cQuin impacte t\u00e9 per a la pand\u00e8mia la reobertura de fronteres a la Xina?\u201d, <em>A<\/em>ra, 2023 <a href=\"https:\/\/www.ara.cat\/internacional\/asia\/quin-impacte-pandemia-reobertura-fronteres-xina_1_4594439.html\">https:\/\/www.ara.cat\/internacional\/asia\/quin-impacte-pandemia-reobertura-fronteres-xina_1_4594439.html<\/a><\/p>\n\n\n\n<p><strong>Castillo Iglesias, Just<\/strong>. \u201c<a href=\"https:\/\/www.ara.cat\/internacional\/corea-nord-posa-prova-dialeg-eua-cop-missil_1_4154013.html\" data-type=\"URL\" data-id=\"https:\/\/www.ara.cat\/internacional\/corea-nord-posa-prova-dialeg-eua-cop-missil_1_4154013.html\">Corea del Nord posa a prova el di\u00e0leg amb els EUA a cop de m\u00edssil<\/a>\u201d, <em>A<\/em>ra, 2023<\/p>\n\n\n\n<p><strong>Grau de Pablos, Tom\u00e1s<\/strong>. &#8220;<a href=\"https:\/\/blog.heroesdepapel.es\/la-eterna-oscilacion-de-dirty-pair\" data-type=\"URL\" data-id=\"https:\/\/blog.heroesdepapel.es\/la-eterna-oscilacion-de-dirty-pair\">La eterna oscilaci\u00f3n de &#8216;Dirty Pair&#8217;<\/a>&#8220;, <em>H\u00e9roes de Papel<\/em>, 2022.<\/p>\n\n\n\n<p><strong>Castillo Iglesias, Just<\/strong>. \u201c<a href=\"https:\/\/www.ara.cat\/internacional\/mel-aigua-sal-animar-receptes-nord-coreanes-covid-19_1_4377658.html\" data-type=\"URL\" data-id=\"https:\/\/www.ara.cat\/internacional\/mel-aigua-sal-animar-receptes-nord-coreanes-covid-19_1_4377658.html\">Mel, aigua amb sal i &#8220;animar-se&#8221;, les receptes nord-coreanes per al covid-19<\/a>\u201d, <em>Ara<\/em>, 2022<\/p>\n\n\n\n<p><strong>Castillo Iglesias, Just<\/strong>. \u201c<a href=\"https:\/\/www.ara.cat\/internacional\/asia\/llegat-shinzo-abe_129_4428822.html\" data-type=\"URL\" data-id=\"https:\/\/www.ara.cat\/internacional\/asia\/llegat-shinzo-abe_129_4428822.html\">El llegat d\u2019Abe<\/a>\u201d, <em>Ara<\/em>, 2022<\/p>\n\n\n\n<p><strong>L\u00f3pez i Vidal. Lluc<\/strong>. \u201cEl llegat de Shinzo Abe \u201c, <em>Diari Ara<\/em>, 2022.<\/p>\n\n\n\n<p><strong>L\u00f3pez i Vidal, Lluc<\/strong>. \u201cPutin o l\u2019\u00fas magistral de la mentida\u201d, <em>Diari Ara<\/em>, 2022.<\/p>\n\n\n\n<p><strong>L\u00f3pez i Vidal, Lluc<\/strong>.&nbsp; \u201cCap a una nova polaritat\u201d, <em>Diari Ara<\/em>, 2022.<\/p>\n\n\n\n<p><strong>Malo Sanz, Mario<\/strong>. &#8220;<a href=\"https:\/\/theconversation.com\/que-tienen-en- comun-goya-y-dragon-ball-180771\" data-type=\"URL\" data-id=\"https:\/\/theconversation.com\/que-tienen-en- comun-goya-y-dragon-ball-180771\">\u00bfQu\u00e9 tienen en com\u00fan Goya y Dragon Ball?<\/a>&#8220;, <em>The Conversation<\/em>, 2022<\/p>\n\n\n\n<p><strong>Castillo Iglesias, Just<\/strong>. \u201c<a href=\"https:\/\/www.ara.cat\/internacional\/xina-justifica-genocidi-dels-rohingyes_1_2649681.html\" data-type=\"URL\" data-id=\"https:\/\/www.ara.cat\/internacional\/xina-justifica-genocidi-dels-rohingyes_1_2649681.html\">Per qu\u00e8 la Xina justifica el genocidi dels rohingyes<\/a>\u201d, <em>Ara<\/em>, 2021 <\/p>\n\n\n\n<p><strong>Grau de Pablos, Tom\u00e1s.<\/strong> &#8220;<a href=\"https:\/\/www.hyperhype.es\/videojuegos-politica-vol-v-nihonjinron-en-los-videojuegos\/\">Videojuegos &amp; Pol\u00edtica &#8211; Vol. V Nihonjinron en los videojuegos<\/a>&#8220;, 2020<\/p>\n\n\n\n<p><strong>Fukuda, Makiko<\/strong>. &#8220;<a href=\"https:\/\/www.ccma.cat\/catradio\/alacarta\/lofici-de-viure\/el-mon-de-murakami\/audio\/1031877\/\">El m\u00f3n de Murakami<\/a>\u201d, L\u2019ofici de viure, Catalunya R\u00e0dio, 2019.<\/p>\n\n\n\n<p><strong>Grau de Pablos, Tom\u00e1s<\/strong>. &#8220;<a href=\"http:\/\/www.startvideojuegos.com\/bioshock-repaso-al-legado-del-simulador-inmersivo-parte-ii\/\">Bioshock: repaso al legado del simulador inmersivo (parte 2)<\/a>&#8220;, <em>Start&nbsp; Videojuego<\/em>, 2019.<\/p>\n\n\n\n<p><strong>Grau de Pablos, Tom\u00e1s<\/strong>.&nbsp;&#8220;<a href=\"http:\/\/www.startvideojuegos.com\/bioshock-repaso-al-legado-del-simulador-inmersivo-parte-i\/\">Bioshock: repaso al legado del simulador inmersivo (parte 1)<\/a>&#8220;,&nbsp;<em>Start Videojuego<\/em>, 2019.<\/p>\n\n\n\n<p><strong>Serrano-Mu\u00f1oz, Jordi<\/strong>. \u201c<a href=\"https:\/\/vientosur.info\/spip.php?article14817\">\u00bfCambio de era, cambio de narrativa? Reiwa en los medios,<\/a>\u201d <em>Revista Viento Sur<\/em>, 2019.<\/p>\n\n\n\n<p><strong>Fukuda, Makiko<\/strong>. \u201c<a href=\"https:\/\/www.ccma.cat\/catradio\/alacarta\/lofici-de-viure\/el-mon-de-murakami\/audio\/1031877\/\">Per qu\u00e8 els japonesos s\u00f3n tan prims?<\/a>\u201d, L\u2019ofici de viure, Catalunya R\u00e0dio, 2018.<\/p>\n\n\n\n<p><strong>Grau de Pablos, Tom\u00e1s<\/strong>. &#8220;<a href=\"http:\/\/www.presura.es\/blog\/2018\/05\/15\/pan-asianismo-dynasty-warriors\/\">Pan-asianismo y subimperio en Dynasty Warriors<\/a>&#8220;, <em>Presura<\/em>, 2018.<\/p>\n\n\n\n<p><strong>Grau de Pablos, Tom\u00e1s<\/strong>. &#8220;<a href=\"http:\/\/www.startvideojuegos.com\/god-of-war-paratopic-y-el-valor-oculto-de-los-juegos-de-baja-resolucion\/\">God of War, Paratopic y el valor oculto de los juegos de baja resoluci\u00f3n<\/a>&#8220;, <em>Start Videojuego<\/em>, 2018.<\/p>\n\n\n\n<p><strong>De Vargas, Ferran<\/strong>. &#8220;<a href=\"http:\/\/mostra.cinebaix.cat\/sites\/default\/files\/publicacio_2018_cinebaix_asiatic_web.pdf\">L&#8217;emperador del Jap\u00f3 pensa a abdicar.<\/a>&#8221;&nbsp;<em>La Directa<\/em>, n\u00ba 435, 2018.<\/p>\n\n\n\n<p><strong>De Vargas, Ferran<\/strong>. &#8220;Les Rallizes D\u00e9nud\u00e9s.&#8221;&nbsp;<em>Eikyo: Influencias japonesas<\/em>, n\u00ba 30, 2018.<\/p>\n\n\n\n<p><strong>De Vargas, Ferran<\/strong>. &#8220;Instantes de Jap\u00f3n en blanco y negro.&#8221;<em>&nbsp;Eikyo: Influencias japonesas<\/em>, n\u00ba 28, 2018.<\/p>\n\n\n\n<p><strong>De Vargas, Ferran<\/strong>. &#8220;El samur\u00e1i de Cristo.&#8221;&nbsp;<em>Eikyo: Influencias japonesas<\/em>, n\u00ba 21, 2018.<\/p>\n\n\n\n<p><strong>Fukuda, Makiko<\/strong>; Otsuki, Takako.&nbsp;<em>Curso de preparaci\u00f3n para el examen JLPT N5<\/em>, Universitat Oberta de Catalunya, 2017.<\/p>\n\n\n\n<p><strong>Grau de Pablos, Tom\u00e1s<\/strong>. &#8220;<a href=\"http:\/\/www.startvideojuegos.com\/dreadout-proceso-diferenciacion-cultural\/\">Dreadout y el proceso de diferenciaci\u00f3n cultural<\/a>&#8220;, <em>Start Videojuego<\/em>, 2017.<\/p>\n\n\n\n<p><strong>Grau de Pablos, Tom\u00e1s<\/strong>. &nbsp;&#8220;<a href=\"https:\/\/www.presura.es\/blog\/2017\/11\/13\/webcomics-gamer-identidad-cultivada\/\">Webc\u00f3mics gamer: la identidad cultivada<\/a>&#8220;, <em>Presura<\/em>, 2017.<\/p>\n\n\n\n<p><strong>Grau de Pablos, Tom\u00e1s<\/strong>. &#8220;<a href=\"https:\/\/www.presura.es\/blog\/2017\/04\/29\/cultura-youtuber\/\">Cultura Youtuber: Origen, anatom\u00eda y expectativas<\/a>&#8220;, <em>Presura<\/em>, 2017.<\/p>\n\n\n\n<p><strong>Jo, Mihwa<\/strong>. Traducci\u00f3n en espa\u00f1ol de la novela &#8220;<a href=\"https:\/\/library.ltikorea.or.kr\/node\/31952\">\u00a1Corre, p\u00e1pa, corre!<\/a>&#8221; de Aeran KIM, Ed. Godall, 2017.<\/p>\n\n\n\n<p><strong>Jo, Mihwa<\/strong>. Traducci\u00f3n en catal\u00e1n de la novela &#8220;<a href=\"https:\/\/library.ltikorea.or.kr\/node\/30322\">La vegetariana<\/a>&#8221; de Hangang, Ed, La Rata, 2017.<\/p>\n\n\n\n<p><strong>Malo, Mario<\/strong>. \u201c\u98db\u3093\u3067\u9d5e\u9ce5, The Flying Geese Model in the 60\u2019s and 70\u2019s Japanese economic development.\u201d <em>Revista Ecos de Asia<\/em>, 2017.<\/p>\n\n\n\n<p><strong>Serrano-Mu\u00f1oz, Jordi.<\/strong> Morris-Suzuki, Tessa. \u201c<a href=\"http:\/\/www.ed-bellaterra.com\/php\/llibresInfo.php?idLlibre=1400\">El reino de la nacionalidad, \u00bfd\u00f3nde est\u00e1n los l\u00edmites de la ciudadan\u00eda japonesa?<\/a>\u201d En&nbsp;<em>Antropolog\u00eda de Jap\u00f3n: Identidad, Discurso y representaci\u00f3n<\/em>, editado&nbsp;por Blai Guarn\u00e9. Barcelona: Bellaterra, 2017.<\/p>\n\n\n\n<p><strong>Centeno, Marcos<\/strong>. Entrevista:&nbsp;\u201cAinu Minzoku ni takamaru kanshin\u201d\u300c\u30a2\u30a4\u30cc\u6c11\u65cf\u306b\u9ad8\u307e\u308b\u95a2\u5fc3\u300d,&nbsp;<em>Hokkaido Shinbun<\/em>,p. 7, 2016.<\/p>\n\n\n\n<p><strong>Fukuda, Makiko<\/strong>. \u201c<a href=\"http:\/\/lameva.barcelona.cat\/bcnmetropolis\/2007-2017\/es\/dossier\/un-paisatge-linguistic-divers\/\">Un paisatge ling\u00fc\u00edstic divers<\/a>\u201d entrevista por Griselda Oliver, <em>Barcelona Metr\u00f2polis,<\/em> 2016.<\/p>\n\n\n\n<p><strong>Grau de Pablos, Tom\u00e1s<\/strong>. &#8220;<a href=\"https:\/\/www.indieorama.com\/la-jugabilidad-en-bastion\/\">Jugabilidad como alegor\u00eda: el caso de Bastion<\/a>&#8220;, <em>Indieorama<\/em>, 2016.<\/p>\n\n\n\n<p><strong>Grau de Pablos, Tom\u00e1s<\/strong>. &#8220;<a href=\"http:\/\/www.startvideojuegos.com\/assassins-creed-y-la-importancia-de-la-representacion-en-el-sandbox\/\">Assassin&#8217;s Creed y la Importancia de la Representaci\u00f3n en el Sandbox<\/a>&#8220;, <em>Start Videojuego<\/em>, 2016.<\/p>\n\n\n\n<p><strong>Malo, Mario<\/strong>. \u201c<a href=\"http:\/\/revistacultural.ecosdeasia.com\/sarashina-nikki-ensonaciones-de-una-dama-del-periodo-heian\/\">Sarashina Nikki<\/a>.\u201d <em>Revista Ecos de Asia<\/em>, 2016.<\/p>\n\n\n\n<p><strong>De Vargas, Ferran<\/strong>. &#8220;La batalla de Cagay\u00e1n.&#8221;&nbsp;<em>Eikyo: Influencias japonesas<\/em>, n\u00ba 20, 2016.<\/p>\n\n\n\n<p><strong>Malo, Mario<\/strong>. \u201c<a href=\"http:\/\/revistacultural.ecosdeasia.com\/una-aproximacion-a-el-ano-de-saeko-2011\/\">El a\u00f1o de Saeko<\/a>.\u201d <em>Revista Ecos de Asia<\/em>, 2015.<\/p>\n\n\n\n<p><strong>Malo, Mario<\/strong>. \u201c<a href=\"http:\/\/revistacultural.ecosdeasia.com\/grotesco-y-el-cruel-drama-de-la-prostitucion-en-japon\/\">Grotesco<\/a>.\u201d <em>Revista Ecos de Asia<\/em>, 2015.<\/p>\n\n\n\n<p><strong>Malo, Mario<\/strong>. \u201c<a href=\"http:\/\/revistacultural.ecosdeasia.com\/sobre-la-elaboracion-personal-del-%E9%81%93-o-caminoen-japon\/\">Sobre la elaboraci\u00f3n personal del \u9053 en Jap\u00f3n<\/a>.\u201d <em>Revista Ecos de Asia<\/em>, 2015.<\/p>\n\n\n\n<p><strong>Serrano-Mu\u00f1oz, Jordi<\/strong> y Benito El\u00edas. \u201c<a href=\"https:\/\/kappabunko.com\/2015\/03\/19\/dialogo-sobre-murakami-haruki-2\/\">Di\u00e1logo sobre Murakami Haruki (1) y (2)<\/a>,\u201d <em>Kappabunko<\/em>, 2015.<\/p>\n\n\n\n<p><strong>De Vargas, Ferran<\/strong>. &#8220;Momofuku Ando. El inventor del cup noodles.&#8221;&nbsp;<em>Eikyo: Influencias japonesas<\/em>, n\u00ba 19, 2015.<\/p>\n\n\n\n<p><strong>De Vargas, Ferran<\/strong>. &#8220;Terror en el metro de Tokio.&#8221;&nbsp;<em>Eikyo: Influencias japonesas<\/em>, n\u00ba 16, 2015.<\/p>\n\n\n\n<p><strong>Guarn\u00e9, Blai<\/strong>. Working Paper, \u201c<a href=\"http:\/\/esdocs.com\/doc\/21333\/lismo-y-auto-colonizaci%C3%B3n---abao\">La representaci\u00f3n de la mujer japonesa: Orientalismo y auto-colonizaci\u00f3n<\/a>\u201d,&nbsp;<em>Libro de la Temporada ABAO-OLBE 2014-2015<\/em>. Bilbao: ABAO-OLBE. (pp. 92-95), 2014.<\/p>\n\n\n\n<p><strong>Rodr\u00edguez Navarro, M\u00aa Teresa.&nbsp;<\/strong>Kan Masuda.&nbsp;&#8220;Yo curo a los \u00e1rboles y los \u00e1rboles me curan.&#8221;&nbsp;En&nbsp;<em>El jard\u00edn japon\u00e9s, una construcci\u00f3n cultural de la espacialidad y la temporalidad del paisaje<\/em>, coord. Menene Gras. Madrid: Tecnos, 2014. (Trad. del japon\u00e9s).<\/p>\n\n\n\n<p><b>Serra-Vilella, Alba<\/b>. \u201cQui\u00e9n traduce literatura japonesa en Espa\u00f1a: agentes en la traducci\u00f3n y publicaci\u00f3n\u201d.&nbsp;<i>Onom\u00e1zein<\/i>, 52, 2014.<\/p>\n\n\n\n<p><strong>Serrano-Mu\u00f1oz, Jordi<\/strong>. \u201c<a href=\"https:\/\/kappabunko.com\/2014\/10\/02\/tsutsui-yasutaka\/\">Tsutsui Yasutaka<\/a>,\u201d <em>Kappabunko<\/em>, 2014.<\/p>\n\n\n\n<p><strong>Serrano-Mu\u00f1oz, Jordi<\/strong>. \u201c<a href=\"https:\/\/kappabunko.com\/2014\/10\/07\/hombres-salmonela-y-estoy-desnudo\/\">Hombres salmonela en el planeta porno y Estoy desnudo<\/a>,\u201d <em>Kappabunko<\/em>, 7, 2014.<\/p>\n\n\n\n<p><strong>Serrano-Mu\u00f1oz, Jordi<\/strong>. \u201c<a href=\"https:\/\/kappabunko.com\/2014\/10\/09\/paprika-de-tsutsui-yasutaka\/\">Paprika<\/a>,\u201d <em>Kappabunko<\/em>, 2014.<\/p>\n\n\n\n<p><strong>De Vargas, Ferran<\/strong>. &#8220;Quan la felicitat es lloga.&#8221;&nbsp;<em>La Directa<\/em>, 2014.<\/p>\n\n\n\n<p><strong>De Vargas, Ferran<\/strong>. &#8220;Chiune Sugihara. El Schndler japon\u00e9s.&#8221;&nbsp;<em>Eikyo: Influencias japonesas<\/em>, n\u00ba 14, 2014.<\/p>\n\n\n\n<p><strong>De Vargas, Ferran<\/strong>. &#8220;La Restuauraci\u00f3n Meiji.&#8221;&nbsp;<em>Eikyo: Influencias japonesas<\/em>, n\u00ba 13, 2014.<\/p>\n\n\n\n<p><strong>De Vargas, Ferran<\/strong>. &#8220;Los antecedentes japoneses de Coria del R\u00edo.&#8221;&nbsp;<em>Eikyo: Influencias japonesas<\/em>, n\u00ba 12, 2014.<\/p>\n","protected":false},"excerpt":{"rendered":"<p>Produccions Audiovisuals Loriguillo-L\u00f3pez, Antonio. &#8220;Anime complejo y ambig\u00fcedad narrativa&#8220;. Una hora de cultura con B&amp;V, 2022 Grau de Pablo, Tom\u00e1s. Podcast: &#8220;Mochila de juego&#8220;. 2021- Serrano-Mu\u00f1oz, Jordi. Podcast: &#8220;Tsundoku&#8220;, Fundaci\u00f3n Jap\u00f3n en M\u00e9xico &amp; Fundaci\u00f3n Jap\u00f3n, Madrid, 2020. Loriguillo-L\u00f3pez, Antonio. Programa de radio \u201cAnimelario\u201d. Vox UJI Radio (2019-2020). Centeno, Marcos. Documental Ainu. Pathways to Memory [&hellip;]<\/p>\n","protected":false},"author":20,"featured_media":0,"parent":0,"menu_order":0,"comment_status":"closed","ping_status":"closed","template":"","meta":{"footnotes":""},"class_list":["post-429","page","type-page","status-publish","hentry"],"_links":{"self":[{"href":"https:\/\/webs.uab.cat\/gregal\/wp-json\/wp\/v2\/pages\/429","targetHints":{"allow":["GET"]}}],"collection":[{"href":"https:\/\/webs.uab.cat\/gregal\/wp-json\/wp\/v2\/pages"}],"about":[{"href":"https:\/\/webs.uab.cat\/gregal\/wp-json\/wp\/v2\/types\/page"}],"author":[{"embeddable":true,"href":"https:\/\/webs.uab.cat\/gregal\/wp-json\/wp\/v2\/users\/20"}],"replies":[{"embeddable":true,"href":"https:\/\/webs.uab.cat\/gregal\/wp-json\/wp\/v2\/comments?post=429"}],"version-history":[{"count":13,"href":"https:\/\/webs.uab.cat\/gregal\/wp-json\/wp\/v2\/pages\/429\/revisions"}],"predecessor-version":[{"id":2140,"href":"https:\/\/webs.uab.cat\/gregal\/wp-json\/wp\/v2\/pages\/429\/revisions\/2140"}],"wp:attachment":[{"href":"https:\/\/webs.uab.cat\/gregal\/wp-json\/wp\/v2\/media?parent=429"}],"curies":[{"name":"wp","href":"https:\/\/api.w.org\/{rel}","templated":true}]}}