{"id":47,"date":"2019-07-26T09:03:55","date_gmt":"2019-07-26T09:03:55","guid":{"rendered":"https:\/\/webs.uab.cat\/gregal\/inici\/"},"modified":"2024-11-15T10:45:49","modified_gmt":"2024-11-15T10:45:49","slug":"inici","status":"publish","type":"page","link":"https:\/\/webs.uab.cat\/gregal\/","title":{"rendered":"Inici"},"content":{"rendered":"\n<p>El Grup de Recerca<strong>&nbsp;GREGAL: Circulaci\u00f3 Cultural Jap\u00f3-Corea-Catalunya\/Espanya<\/strong>&nbsp;t\u00e9 com a objecte d\u2019estudi la circulaci\u00f3, reconfiguraci\u00f3 i encaix dels fluxos creatius, ling\u00fc\u00edstics i representacionals que amb el Jap\u00f3 i Corea del Sud com a vectors principals afecten i transformen les&nbsp;realitats socials catalana i espanyola en processos globalitzadors d\u2019escala planet\u00e0ria. El seu Investigador Principal \u00e9s el Dr. Blai Guarn\u00e9.<\/p>\n\n\n\n<p>El GREGAL ha estat reconegut com a grup de recerca consolidat (GRC) per la Generalitat de Catalunya <strong>(2021 SGR 00558)<\/strong> i porta a terme el projecte I+D+i <strong>PID2021-122897NB-I00 del MCIN\/AEI \/10.13039\/501100011033 \/ FEDER, UE&nbsp; (2022-2025)<\/strong> en el <a href=\"https:\/\/www.uab.cat\/ca\/traduccio-interpretacio-estudis-asia-oriental\">Departament de Traducci\u00f3 i d&#8217;Interpretaci\u00f3 i d&#8217;Estudis de l&#8217;\u00c0sia Oriental<\/a> i el <a href=\"https:\/\/webs.uab.cat\/cerao\/ca\/\">East Asian Studies and Research Centre (CERAO)<\/a> de la UAB, entre d&#8217;altres projectes finan\u00e7ats per institucions cient\u00edfiques nacionals i internacionals centrats en el creixent inter\u00e8s que les ind\u00fastries culturals procedents del Jap\u00f3 i Corea susciten en sectors cada cop m\u00e9s amplis de la societat.<\/p>\n\n\n\n<div class=\"wp-block-group\"><div class=\"wp-block-group__inner-container is-layout-constrained wp-block-group-is-layout-constrained\">\n<div class=\"wp-block-columns is-layout-flex wp-container-core-columns-is-layout-9d6595d7 wp-block-columns-is-layout-flex\"><\/div>\n<\/div><\/div>\n\n\n\n<figure class=\"wp-block-image size-full is-resized\"><a href=\"https:\/\/www.researchgate.net\/lab\/GREGAL-Research-Group-Cultural-Circulation-Japan-Korea-Catalonia-Spain-Blai-Guarne-2\" target=\"_blank\" rel=\"noreferrer noopener\"><img loading=\"lazy\" decoding=\"async\" width=\"389\" height=\"129\" src=\"https:\/\/webs.uab.cat\/gregal\/wp-content\/uploads\/sites\/68\/2019\/07\/rg.png\" alt=\"\" class=\"wp-image-41\" style=\"width:216px;height:auto\" srcset=\"https:\/\/webs.uab.cat\/gregal\/wp-content\/uploads\/sites\/68\/2019\/07\/rg.png 389w, https:\/\/webs.uab.cat\/gregal\/wp-content\/uploads\/sites\/68\/2019\/07\/rg-300x99.png 300w\" sizes=\"auto, (max-width: 389px) 100vw, 389px\" \/><\/a><\/figure>\n\n\n\n<figure class=\"wp-block-image is-resized\"><a href=\"https:\/\/scholar.google.com\/citations?user=O45HKSsAAAAJ&amp;hl=catn\" target=\"_blank\" rel=\"noreferrer noopener\"><img loading=\"lazy\" decoding=\"async\" width=\"341\" height=\"148\" src=\"https:\/\/webs.uab.cat\/gregal\/wp-content\/uploads\/sites\/68\/2019\/07\/download.png\" alt=\"\" class=\"wp-image-46\" style=\"width:216px;height:auto\" srcset=\"https:\/\/webs.uab.cat\/gregal\/wp-content\/uploads\/sites\/68\/2019\/07\/download.png 341w, https:\/\/webs.uab.cat\/gregal\/wp-content\/uploads\/sites\/68\/2019\/07\/download-300x130.png 300w\" sizes=\"auto, (max-width: 341px) 100vw, 341px\" \/><\/a><\/figure>\n\n\n\n<figure class=\"wp-block-image size-full is-resized\"><a href=\"https:\/\/www.youtube.com\/@GREGALUAB\" target=\"_blank\" rel=\"noreferrer noopener\"><img loading=\"lazy\" decoding=\"async\" width=\"794\" height=\"178\" src=\"https:\/\/webs.uab.cat\/gregal\/wp-content\/uploads\/sites\/68\/2024\/07\/YouTube_logo_2017.png\" alt=\"\" class=\"wp-image-2271\" style=\"width:216px;height:auto\" srcset=\"https:\/\/webs.uab.cat\/gregal\/wp-content\/uploads\/sites\/68\/2024\/07\/YouTube_logo_2017.png 794w, https:\/\/webs.uab.cat\/gregal\/wp-content\/uploads\/sites\/68\/2024\/07\/YouTube_logo_2017-300x67.png 300w, https:\/\/webs.uab.cat\/gregal\/wp-content\/uploads\/sites\/68\/2024\/07\/YouTube_logo_2017-768x172.png 768w\" sizes=\"auto, (max-width: 794px) 100vw, 794px\" \/><\/a><\/figure>\n\n\n\n<figure class=\"wp-block-image size-full is-resized\"><a href=\"https:\/\/x.com\/GregalUAB\"><img loading=\"lazy\" decoding=\"async\" width=\"434\" height=\"437\" src=\"https:\/\/webs.uab.cat\/gregal\/wp-content\/uploads\/sites\/68\/2024\/07\/8e72f7331b652b842b0c271ab144d332-3.png\" alt=\"\" class=\"wp-image-2323\" style=\"width:76px;height:auto\" srcset=\"https:\/\/webs.uab.cat\/gregal\/wp-content\/uploads\/sites\/68\/2024\/07\/8e72f7331b652b842b0c271ab144d332-3.png 434w, https:\/\/webs.uab.cat\/gregal\/wp-content\/uploads\/sites\/68\/2024\/07\/8e72f7331b652b842b0c271ab144d332-3-298x300.png 298w, https:\/\/webs.uab.cat\/gregal\/wp-content\/uploads\/sites\/68\/2024\/07\/8e72f7331b652b842b0c271ab144d332-3-150x150.png 150w\" sizes=\"auto, (max-width: 434px) 100vw, 434px\" \/><\/a><\/figure>\n\n\n\n<div class=\"wp-block-columns is-layout-flex wp-container-core-columns-is-layout-9d6595d7 wp-block-columns-is-layout-flex\">\n<div class=\"wp-block-column is-layout-flow wp-block-column-is-layout-flow\">\n<figure class=\"wp-block-image size-large\"><a href=\"https:\/\/k-lab.online\"><img loading=\"lazy\" decoding=\"async\" width=\"1024\" height=\"355\" src=\"https:\/\/webs.uab.cat\/gregal\/wp-content\/uploads\/sites\/68\/2024\/11\/Logo-K-Lab-5-1024x355.png\" alt=\"\" class=\"wp-image-2441\" srcset=\"https:\/\/webs.uab.cat\/gregal\/wp-content\/uploads\/sites\/68\/2024\/11\/Logo-K-Lab-5-1024x355.png 1024w, https:\/\/webs.uab.cat\/gregal\/wp-content\/uploads\/sites\/68\/2024\/11\/Logo-K-Lab-5-300x104.png 300w, https:\/\/webs.uab.cat\/gregal\/wp-content\/uploads\/sites\/68\/2024\/11\/Logo-K-Lab-5-768x266.png 768w, https:\/\/webs.uab.cat\/gregal\/wp-content\/uploads\/sites\/68\/2024\/11\/Logo-K-Lab-5-1536x533.png 1536w, https:\/\/webs.uab.cat\/gregal\/wp-content\/uploads\/sites\/68\/2024\/11\/Logo-K-Lab-5-1200x416.png 1200w, https:\/\/webs.uab.cat\/gregal\/wp-content\/uploads\/sites\/68\/2024\/11\/Logo-K-Lab-5.png 1908w\" sizes=\"auto, (max-width: 1024px) 100vw, 1024px\" \/><\/a><\/figure>\n<\/div>\n\n\n\n<div class=\"wp-block-column is-layout-flow wp-block-column-is-layout-flow\">\n<figure class=\"wp-block-image size-large\"><a href=\"https:\/\/j-lab.online\"><img loading=\"lazy\" decoding=\"async\" width=\"1024\" height=\"367\" src=\"https:\/\/webs.uab.cat\/gregal\/wp-content\/uploads\/sites\/68\/2024\/11\/Logo-J-Lab-7-1024x367.png\" alt=\"\" class=\"wp-image-2444\" srcset=\"https:\/\/webs.uab.cat\/gregal\/wp-content\/uploads\/sites\/68\/2024\/11\/Logo-J-Lab-7-1024x367.png 1024w, https:\/\/webs.uab.cat\/gregal\/wp-content\/uploads\/sites\/68\/2024\/11\/Logo-J-Lab-7-300x107.png 300w, https:\/\/webs.uab.cat\/gregal\/wp-content\/uploads\/sites\/68\/2024\/11\/Logo-J-Lab-7-768x275.png 768w, https:\/\/webs.uab.cat\/gregal\/wp-content\/uploads\/sites\/68\/2024\/11\/Logo-J-Lab-7-1536x550.png 1536w, https:\/\/webs.uab.cat\/gregal\/wp-content\/uploads\/sites\/68\/2024\/11\/Logo-J-Lab-7-1200x430.png 1200w, https:\/\/webs.uab.cat\/gregal\/wp-content\/uploads\/sites\/68\/2024\/11\/Logo-J-Lab-7.png 1913w\" sizes=\"auto, (max-width: 1024px) 100vw, 1024px\" \/><\/a><\/figure>\n<\/div>\n<\/div>\n","protected":false},"excerpt":{"rendered":"<p>El Grup de Recerca&nbsp;GREGAL: Circulaci\u00f3 Cultural Jap\u00f3-Corea-Catalunya\/Espanya&nbsp;t\u00e9 com a objecte d\u2019estudi la circulaci\u00f3, reconfiguraci\u00f3 i encaix dels fluxos creatius, ling\u00fc\u00edstics i representacionals que amb el Jap\u00f3 i Corea del Sud com a vectors principals afecten i transformen les&nbsp;realitats socials catalana i espanyola en processos globalitzadors d\u2019escala planet\u00e0ria. El seu Investigador Principal \u00e9s el Dr. Blai [&hellip;]<\/p>\n","protected":false},"author":20,"featured_media":0,"parent":0,"menu_order":0,"comment_status":"closed","ping_status":"closed","template":"","meta":{"footnotes":""},"class_list":["post-47","page","type-page","status-publish","hentry"],"_links":{"self":[{"href":"https:\/\/webs.uab.cat\/gregal\/wp-json\/wp\/v2\/pages\/47","targetHints":{"allow":["GET"]}}],"collection":[{"href":"https:\/\/webs.uab.cat\/gregal\/wp-json\/wp\/v2\/pages"}],"about":[{"href":"https:\/\/webs.uab.cat\/gregal\/wp-json\/wp\/v2\/types\/page"}],"author":[{"embeddable":true,"href":"https:\/\/webs.uab.cat\/gregal\/wp-json\/wp\/v2\/users\/20"}],"replies":[{"embeddable":true,"href":"https:\/\/webs.uab.cat\/gregal\/wp-json\/wp\/v2\/comments?post=47"}],"version-history":[{"count":17,"href":"https:\/\/webs.uab.cat\/gregal\/wp-json\/wp\/v2\/pages\/47\/revisions"}],"predecessor-version":[{"id":2447,"href":"https:\/\/webs.uab.cat\/gregal\/wp-json\/wp\/v2\/pages\/47\/revisions\/2447"}],"wp:attachment":[{"href":"https:\/\/webs.uab.cat\/gregal\/wp-json\/wp\/v2\/media?parent=47"}],"curies":[{"name":"wp","href":"https:\/\/api.w.org\/{rel}","templated":true}]}}