{"id":50,"date":"2019-07-26T09:23:14","date_gmt":"2019-07-26T09:23:14","guid":{"rendered":"https:\/\/webs.uab.cat\/gregal\/membres\/"},"modified":"2023-11-02T09:57:35","modified_gmt":"2023-11-02T09:57:35","slug":"membres","status":"publish","type":"page","link":"https:\/\/webs.uab.cat\/gregal\/membres\/","title":{"rendered":"Membres"},"content":{"rendered":"\n<p><strong>GREGAL: Circulaci\u00f3 Cultural Jap\u00f3-Corea-Catalunya\/Espanya<\/strong> \u00e9s un grup de recerca interdisciplinar format per investigadors especialitzats en les din\u00e0miques interculturals i sociopol\u00edtiques de Jap\u00f3 i Corea, aix\u00ed com d&#8217;altres \u00e0rees de l\u2019\u00c0sia Oriental.<\/p>\n\n\n\n<ul class=\"wp-block-list\">\n<li><a href=\"https:\/\/webs.uab.cat\/gregal\/equip-de-recerca\/\" data-type=\"page\" data-id=\"131\">Equip de recerca<\/a><\/li>\n\n\n\n<li><a href=\"https:\/\/webs.uab.cat\/gregal\/doctorands-i-becaris\/\" data-type=\"page\" data-id=\"155\">Doctorands i becaris<\/a><\/li>\n\n\n\n<li><a href=\"https:\/\/webs.uab.cat\/gregal\/investigadors-associats-i-collaboradors\/\" data-type=\"page\" data-id=\"145\">Investigadors visitants<\/a><\/li>\n<\/ul>\n","protected":false},"excerpt":{"rendered":"<p>GREGAL: Circulaci\u00f3 Cultural Jap\u00f3-Corea-Catalunya\/Espanya \u00e9s un grup de recerca interdisciplinar format per investigadors especialitzats en les din\u00e0miques interculturals i sociopol\u00edtiques de Jap\u00f3 i Corea, aix\u00ed com d&#8217;altres \u00e0rees de l\u2019\u00c0sia Oriental.<\/p>\n","protected":false},"author":20,"featured_media":0,"parent":0,"menu_order":0,"comment_status":"closed","ping_status":"closed","template":"","meta":{"footnotes":""},"class_list":["post-50","page","type-page","status-publish","hentry"],"_links":{"self":[{"href":"https:\/\/webs.uab.cat\/gregal\/wp-json\/wp\/v2\/pages\/50","targetHints":{"allow":["GET"]}}],"collection":[{"href":"https:\/\/webs.uab.cat\/gregal\/wp-json\/wp\/v2\/pages"}],"about":[{"href":"https:\/\/webs.uab.cat\/gregal\/wp-json\/wp\/v2\/types\/page"}],"author":[{"embeddable":true,"href":"https:\/\/webs.uab.cat\/gregal\/wp-json\/wp\/v2\/users\/20"}],"replies":[{"embeddable":true,"href":"https:\/\/webs.uab.cat\/gregal\/wp-json\/wp\/v2\/comments?post=50"}],"version-history":[{"count":4,"href":"https:\/\/webs.uab.cat\/gregal\/wp-json\/wp\/v2\/pages\/50\/revisions"}],"predecessor-version":[{"id":1792,"href":"https:\/\/webs.uab.cat\/gregal\/wp-json\/wp\/v2\/pages\/50\/revisions\/1792"}],"wp:attachment":[{"href":"https:\/\/webs.uab.cat\/gregal\/wp-json\/wp\/v2\/media?parent=50"}],"curies":[{"name":"wp","href":"https:\/\/api.w.org\/{rel}","templated":true}]}}