{"id":51,"date":"2019-07-26T09:23:28","date_gmt":"2019-07-26T09:23:28","guid":{"rendered":"https:\/\/webs.uab.cat\/gregal\/recerca\/"},"modified":"2022-07-26T15:39:24","modified_gmt":"2022-07-26T15:39:24","slug":"recerca","status":"publish","type":"page","link":"https:\/\/webs.uab.cat\/gregal\/recerca\/","title":{"rendered":"Recerca"},"content":{"rendered":"\n<p>La investigaci\u00f3 duta a terme per&nbsp;<strong>GREGAL<\/strong>&nbsp;es centra en l&#8217;estudi de la&nbsp;<strong>circulaci\u00f3<\/strong>&nbsp;<strong>de les produccions audiovisuals<\/strong>, els&nbsp;<strong>usos<\/strong>&nbsp;<strong>de la cultura popular<\/strong>&nbsp;per a&nbsp;<strong>fins estrat\u00e8gics<\/strong>&nbsp;i les&nbsp;<strong>pr\u00e0ctiques d&#8217;apropiaci\u00f3<\/strong>&nbsp;d&#8217;<strong>influ\u00e8ncies est\u00e8tiques<\/strong>&nbsp;que troben en les societats japonesa i coreana els seus motors creatius.<\/p>\n\n\n\n<p>Durant gaireb\u00e9 una d\u00e8cada, la recerca dels membres del Grup de Recerca&nbsp;<strong>GREGAL<\/strong>&nbsp;s&#8217;ha centrat en les din\u00e0miques interculturals i sociopol\u00edtiques de l\u2019\u00c0sia Oriental, constatant l\u2019<strong>increment accelerat<\/strong>&nbsp;de les pr\u00e0ctiques de&nbsp;<strong>consum&nbsp;<\/strong>cultural associades a expressions diverses de la&nbsp;<strong>cultura popular contempor\u00e0nia japonesa i coreana<\/strong>&nbsp;(produccions audiovisuals i liter\u00e0ries, publicacions gr\u00e0fiques i oci electr\u00f2nic, gastronomia, llengua), aix\u00ed com els seus&nbsp;<strong>efectes<\/strong>&nbsp;en sectors espec\u00edfics de l\u2019\u00e0mbit&nbsp;<strong>econ\u00f2mic, pol\u00edtic i cultural<\/strong>.<\/p>\n\n\n\n<p>Amb a la necessitat de considerar el dinamisme intr\u00ednsec que informa aquests processos des del seu origen fins a la seva recepci\u00f3, el grup estableix els seg\u00fcents objectius estrat\u00e8gics:<\/p>\n\n\n\n<p>\u2022 Consolidar l&#8217;<strong>an\u00e0lisi intensiva de la circulaci\u00f3 global dels productes i pr\u00e0ctiques<\/strong>&nbsp;associades a les cultures populars japonesa i coreana, aix\u00ed com el seu&nbsp;<strong>impacte social<\/strong>&nbsp;a Catalunya.<\/p>\n\n\n\n<p>\u2022 Incrementar l&#8217;<strong>estudi de les estrat\u00e8gies de diplom\u00e0cia cultural d&#8217;institucions oficials<\/strong>&nbsp;de Corea, Jap\u00f3 i Catalunya, fent especial \u00e8mfasi en les seves implicacions socials, pol\u00edtiques i econ\u00f2miques.<\/p>\n\n\n\n<p>\u2022 Impulsar l&#8217;<strong>an\u00e0lisi dels fluxos humans<\/strong>&nbsp;entre Catalunya, Corea i Jap\u00f3, i l&#8217;estudi ampli de les variables formatives implicades en l&#8217;<strong>ensenyament i aprenentatge<\/strong>&nbsp;de les&nbsp;<strong>lleng\u00fces japonesa i coreana&nbsp;<\/strong>al nostre entorn educatiu.<\/p>\n\n\n\n<p>\u2022&nbsp;<strong>Potenciar<\/strong>&nbsp;activitats i canals de&nbsp;<strong>transfer\u00e8ncia&nbsp;<\/strong>dels&nbsp;<strong>resultats<\/strong>&nbsp;obtinguts en el desenvolupament de les l\u00ednies de recerca del grup.<\/p>\n\n\n\n<p>\u2022 Incrementar la&nbsp;<strong>dimensi\u00f3 internacional<\/strong>&nbsp;del grup establint&nbsp;<strong>col\u00b7laboracions cient\u00edfiques<\/strong>&nbsp;amb d&#8217;altres grups similars de l&#8217;entorn&nbsp;<strong>europeu<\/strong>.<\/p>\n\n\n\n<p><strong><a href=\"https:\/\/webs.uab.cat\/gregal\/linies-de-recerca\/\" data-type=\"page\" data-id=\"164\">L\u00ednies de recerca<\/a><\/strong><\/p>\n","protected":false},"excerpt":{"rendered":"<p>La investigaci\u00f3 duta a terme per&nbsp;GREGAL&nbsp;es centra en l&#8217;estudi de la&nbsp;circulaci\u00f3&nbsp;de les produccions audiovisuals, els&nbsp;usos&nbsp;de la cultura popular&nbsp;per a&nbsp;fins estrat\u00e8gics&nbsp;i les&nbsp;pr\u00e0ctiques d&#8217;apropiaci\u00f3&nbsp;d&#8217;influ\u00e8ncies est\u00e8tiques&nbsp;que troben en les societats japonesa i coreana els seus motors creatius. Durant gaireb\u00e9 una d\u00e8cada, la recerca dels membres del Grup de Recerca&nbsp;GREGAL&nbsp;s&#8217;ha centrat en les din\u00e0miques interculturals i sociopol\u00edtiques de l\u2019\u00c0sia [&hellip;]<\/p>\n","protected":false},"author":20,"featured_media":0,"parent":0,"menu_order":0,"comment_status":"closed","ping_status":"closed","template":"","meta":{"footnotes":""},"class_list":["post-51","page","type-page","status-publish","hentry"],"_links":{"self":[{"href":"https:\/\/webs.uab.cat\/gregal\/wp-json\/wp\/v2\/pages\/51","targetHints":{"allow":["GET"]}}],"collection":[{"href":"https:\/\/webs.uab.cat\/gregal\/wp-json\/wp\/v2\/pages"}],"about":[{"href":"https:\/\/webs.uab.cat\/gregal\/wp-json\/wp\/v2\/types\/page"}],"author":[{"embeddable":true,"href":"https:\/\/webs.uab.cat\/gregal\/wp-json\/wp\/v2\/users\/20"}],"replies":[{"embeddable":true,"href":"https:\/\/webs.uab.cat\/gregal\/wp-json\/wp\/v2\/comments?post=51"}],"version-history":[{"count":1,"href":"https:\/\/webs.uab.cat\/gregal\/wp-json\/wp\/v2\/pages\/51\/revisions"}],"predecessor-version":[{"id":705,"href":"https:\/\/webs.uab.cat\/gregal\/wp-json\/wp\/v2\/pages\/51\/revisions\/705"}],"wp:attachment":[{"href":"https:\/\/webs.uab.cat\/gregal\/wp-json\/wp\/v2\/media?parent=51"}],"curies":[{"name":"wp","href":"https:\/\/api.w.org\/{rel}","templated":true}]}}