{"id":52,"date":"2019-07-26T09:23:45","date_gmt":"2019-07-26T09:23:45","guid":{"rendered":"https:\/\/webs.uab.cat\/gregal\/projectes\/"},"modified":"2025-10-22T09:20:59","modified_gmt":"2025-10-22T09:20:59","slug":"projectes","status":"publish","type":"page","link":"https:\/\/webs.uab.cat\/gregal\/projectes\/","title":{"rendered":"Projectes"},"content":{"rendered":"\n<div class=\"wp-block-media-text is-stacked-on-mobile\" style=\"grid-template-columns:33% auto\"><figure class=\"wp-block-media-text__media\"><img loading=\"lazy\" decoding=\"async\" width=\"642\" height=\"429\" src=\"https:\/\/webs.uab.cat\/gregal\/wp-content\/uploads\/sites\/68\/2023\/07\/agaur_sgr.png\" alt=\"\" class=\"wp-image-970 size-full\" srcset=\"https:\/\/webs.uab.cat\/gregal\/wp-content\/uploads\/sites\/68\/2023\/07\/agaur_sgr.png 642w, https:\/\/webs.uab.cat\/gregal\/wp-content\/uploads\/sites\/68\/2023\/07\/agaur_sgr-300x200.png 300w\" sizes=\"auto, (max-width: 642px) 100vw, 642px\" \/><\/figure><div class=\"wp-block-media-text__content\">\n<p class=\"has-small-font-size\">(2021-2024) GREGAL: Circulaci\u00f3 Cultural Jap\u00f3-Corea-Catalunya&nbsp;(2021 SGR 00558).&nbsp;Grup de Recerca Consolidat<em> <\/em>(GRC) de la Generalitat de Catalunya. AGAUR, Departament d\u2019Innovaci\u00f3, Universitats i Empresa, Generalitat de Catalunya.<\/p>\n<\/div><\/div>\n\n\n\n<div class=\"wp-block-media-text is-stacked-on-mobile\" style=\"grid-template-columns:33% auto\"><figure class=\"wp-block-media-text__media\"><img loading=\"lazy\" decoding=\"async\" width=\"1024\" height=\"310\" src=\"https:\/\/webs.uab.cat\/gregal\/wp-content\/uploads\/sites\/68\/2023\/07\/detail_logos-1024x310.jpg\" alt=\"\" class=\"wp-image-973 size-full\" srcset=\"https:\/\/webs.uab.cat\/gregal\/wp-content\/uploads\/sites\/68\/2023\/07\/detail_logos-1024x310.jpg 1024w, https:\/\/webs.uab.cat\/gregal\/wp-content\/uploads\/sites\/68\/2023\/07\/detail_logos-300x91.jpg 300w, https:\/\/webs.uab.cat\/gregal\/wp-content\/uploads\/sites\/68\/2023\/07\/detail_logos-768x232.jpg 768w, https:\/\/webs.uab.cat\/gregal\/wp-content\/uploads\/sites\/68\/2023\/07\/detail_logos.jpg 1140w\" sizes=\"auto, (max-width: 1024px) 100vw, 1024px\" \/><\/figure><div class=\"wp-block-media-text__content\">\n<p class=\"has-small-font-size\">(2022 -2025) Proyecto PID2021-122897NB-I00 financiado por Ministerio de Ciencia e Innovaci\u00f3n MCIN\/AEI\/10.13039\/501100011033\/ FEDER, UE, \u201cEl boom cultural japon\u00e9s y surcoreano en Espa\u00f1a: aspectos culturales, pol\u00edticos y socioecon\u00f3micos\u201d<\/p>\n<\/div><\/div>\n\n\n\n<h2 class=\"wp-block-heading\">Participaci\u00f3 en altres projectes de recerca<\/h2>\n\n\n\n<p><strong>(2023-2026)<\/strong>&nbsp;\u201cPatolog\u00edas de la subjetividad. Implicaciones \u00e9ticas y pol\u00edticas de la mercantilizaci\u00f3n de la vida en el capitalismo avanzado\u201d, Universidad Nacional Aut\u00f3noma de M\u00e9xico (Ref: IN405223)<\/p>\n\n\n\n<p><strong>(2024-2025)<\/strong> &#8220;Analysis of Japan&#8217;s public diplomacy and its influence of the development of the Japanese Studies in Spain&#8221;,&nbsp;Toshiba International Foundation (Ref. TIFO2024)<\/p>\n\n\n\n<p><strong>(2021-2024)<\/strong>&nbsp;Margarita Salas Grant, European Union \u2013 NextGeneration \/ Spanish Ministry of Science and Innovation (Ref. MG2021\u2013738941)<\/p>\n\n\n\n<p><strong>(2022-2024)<\/strong>&nbsp;\u201cVoces femeninas emergentes en el cine espa\u00f1ol del siglo XXI: escrituras de la intimidad\u201d, Convocatoria de proyectos de investigaci\u00f3n cient\u00edfica y desarrollo tecnol\u00f3gico (plan promoci\u00f3n de la investigaci\u00f3n de la UJI 2021), Universitat Jaume I (Ref. 21I562.01\/1)<\/p>\n\n\n\n<p><strong>(2022-2024)<\/strong>&nbsp;\u201cEuropean expert at the EU-Japan Innovation Cooperation Project\u201d, DG REGIO, European Union<\/p>\n\n\n\n<p><strong>(2022-2023)<\/strong>&nbsp;\u201cAn\u00e0lisi de processos i materials per a la millora de l\u2019aprenentatge de kanji\u201d, OQD UAB (Ref: PID-2022A)<\/p>\n\n\n\n<p><strong>(2021-2023)<\/strong> &#8220;Developing the EU-Japan Strategic Partnership. An analysis of European Union member states&#8217; relations with Japan\u201d, Toshiba Foundation, Romanian Institute for the Study of the Asia-Pacific RISAP. (Ref.TIFO2021)<\/p>\n\n\n\n<p><strong>(2021-2022)<\/strong> \u201cJF-Sakura Network Grant Program,\u201d Japan Foundation (Government of Japan). (Ref.\u00a021MDSNW01-05)<\/p>\n\n\n\n<p><strong>(2021-2022)<\/strong>&nbsp;Noriaki Tsuchimoto Research Grant,&nbsp;Council on East Asian Studies (CEAS), Yale University<\/p>\n\n\n\n<p><strong>(2021\u20132022)<\/strong>&nbsp;UNAM Postdoctoral Fellowship, Center for Research on North America (declined), National Autonomous University of Mexico (Ref. 2021-I\/STBIAH-065)<\/p>\n\n\n\n<p><strong>(2021-2022)<\/strong> JF Long-Term Research Fellowship, Japan Foundation<\/p>\n\n\n\n<p><strong>(2021)<\/strong> \u591a\u8a00\u8a9e\u793e\u4f1a\u306b\u304a\u3051\u308b\u65e5\u672c\u8a9e\u306e\u7d99\u627f\u3068\u5bb6\u5ead\u8a00\u8a9e\u653f\u7b56\uff1a\u30ab\u30bf\u30eb\u30fc\u30cb\u30e3\u3068\u30a4\u30b9\u30e9\u30a8\u30eb\u30fb\u30d1\u30ec\u30b9\u30c1\u30ca\u306e\u6bd4\u8f03 (Transmissi\u00f3 del japon\u00e8s a societats pluriling\u00fces i pol\u00edtica ling\u00fc\u00edstica familiar: Catalunya i Israel), Japan Foundation (Ref. No. 21MDSS-08)<\/p>\n\n\n\n<p><strong>(2020- 2021)<\/strong> Sasakawa Foundation, Birkbeck University, Japan Foundation&nbsp;(Ref. 100358-10 &#8211;&nbsp;6233)<\/p>\n\n\n\n<p><strong>(2021)<\/strong>&nbsp;\u201cFomento de la lectura en japon\u00e9s fuera del aula: implementaci\u00f3n de varias actividades relacionadas con Tadoku\u201d, Japan Foundation, CERAO-Centre d\u2019Estudis i Recerca sobre \u00c0sia Oriental (Ref: 21MDSNW-02-04)<\/p>\n\n\n\n<p><strong>(2021-25)<\/strong>&nbsp;\u201cResearch on Resilience, Peacebuilding, and Preventing Violent Extremism: A Complex Systems Perspective on Sustaining Peace\u201d, JICA Japan International Cooperation Agency<\/p>\n\n\n\n<p><strong>(2020-2021)<\/strong> &#8220;Intereses y motivaciones en el estudio del japon\u00e9s: encuesta a nivel de Catalu\u00f1a, 2020 Sakura-Network de Japan Foundation&#8221; (Ref. 20MDSS6)<\/p>\n\n\n\n<p><strong>(2020-2021)<\/strong>&nbsp;\u201cLa construcci\u00f3n tecnocient\u00edfica y econ\u00f3mica de lo ef\u00edmero: Una propuesta \u00e9tica para la transitoriedad\u201d, UNAM POSDOC, Direcci\u00f3n General de Asuntos de Personal Acad\u00e9mico DGAPA, (Ref: POSDOC58\/2020-1)<\/p>\n\n\n\n<p><strong>(2020-2021)&nbsp;<\/strong>Grant Program for Japanese Studies Projects, Japan Foundation (Government of Japan).<\/p>\n\n\n\n<p><strong>(2018-2020)<\/strong>&nbsp;\u201cJapanese Transnational Cinema\u201d Daiwa Foundation, Sasakawa Foundation,&nbsp;Waseda-MEXT\u2019s Top Global University Project&nbsp;Fund&nbsp;(197\/13307 &#8211; 5558)<\/p>\n\n\n\n<p><strong>(2019-2022)<\/strong>&nbsp;<a href=\"https:\/\/www.soas.ac.uk\/about\/event\/japanese-documentary-filmmaker-haneda-sumiko-authorship-and-gender-discourses\">Japanese Documentary Filmmaker Haneda Sumiko<\/a>. Authorship and Gender Discourses. Sasakawa Foundation Birkbeck Research Committee Strategic Funds, The Japan Foundation, Open City Documentary Film Festival London<\/p>\n\n\n\n<p><strong>(2019-2021)<\/strong>&nbsp;<a href=\"http:\/\/www.culturavisual.uji.es\/proyecto-identidades-discursivas-en-la-era-de-la-posverdad\/\">An\u00e1lisis de identidades discursivas en la era de la posverdad. Generaci\u00f3n de contenidos audiovisuales para una Educomunicaci\u00f3n cr\u00edtica (AIDEP)<\/a>, Universitat Jaume I (18I390.01\/1-UJI 2018).<\/p>\n\n\n\n<p><strong>(2019-2021)<\/strong>&nbsp;<a href=\"http:\/\/www.culturavisual.uji.es\/proyecto-el-diseno-narratologico-en-videojuegos\/\">El dise\u00f1o narratol\u00f3gico en videojuegos: una propuesta de estructuras, estilos y elementos de creaci\u00f3n narrativa de influencia postcl\u00e1sica (DiNaVi)<\/a>, Universitat Jaume I. (18I369.01\/1-UJI 2018).<\/p>\n\n\n\n<p><strong>(2019-2020)<\/strong>&nbsp;\u201cLa construcci\u00f3n cultural de lo ef\u00edmero: Una interpretaci\u00f3n \u00e9tica del concepto de finitud\u201d, UNAM POSDOC, Direcci\u00f3n General de Asuntos Acad\u00e9micos de la DGAPA, (Ref: POSDOC51\/2019-1)<\/p>\n\n\n\n<p><strong>(2019-2020)<\/strong>&nbsp;\u201cFormaci\u00f3 per a l\u2019emprenedoria en els graus de Traducci\u00f3 i d\u2019Interpretaci\u00f3 i d\u2019Estudis d\u2019\u00c0sia Oriental de la Facultat de Traducci\u00f3 i d\u2019Interpretaci\u00f3\u201d, OQD UAB (Ref: PID-2019B)<\/p>\n\n\n\n<p><strong>(2019-2020)<\/strong>&nbsp;Grant Program for Japanese Studies Projects, Japan Foundation (Government of Japan) (Ref. 10120893).<\/p>\n\n\n\n<p><strong>(2019-2020)<\/strong>&nbsp;<a href=\"http:\/\/www.jpf.go.jp\/e\/project\/intel\/study\/index.html\">Un estudio sobre los patrones de percepci\u00f3n de los kanjis de los estudiantes procedentes de las zonas donde no se usan los kanjis<\/a>,&nbsp;\u201c\u975e\u6f22\u5b57\u570f\u306e\u65e5\u672c\u8a9e\u5b66\u7fd2\u8005\u306e\u6f22\u5b57\u8a8d\u8b58\u30d1\u30bf\u30fc\u30f3\u306b\u95a2\u3059\u308b\u7814\u7a76\u201d, Sakura-network, Japan Foundation (REF 19MD-SS3), \u2018Cognici\u00f3 dels kanji dels estudiants de la llengua japonesa\u201d, 2018-2019 Japan Foundation (<em>Sakura network<\/em>).<\/p>\n\n\n\n<p><strong>(2018-2019)&nbsp;<\/strong><a href=\"https:\/\/www.casaasia.es\/proyectos\/asia-innova\/\">Projecte Asia Innova, Casa Asia, <\/a>(Gobierno de Espa\u00f1a), Barcelona, Madrid y Valencia.<\/p>\n\n\n\n<p><strong>(2018)<\/strong>&nbsp;\u201cEl culto a los ancestros: un enfoque comparativo entre el Ky\u016b Bon de Okinawa y el D\u00eda de Muertos Mexicano\u201d, Japan Foundation: Japanese Studies Fellowship Program (Ref: 10115088)<\/p>\n\n\n\n<p><strong>(2017-2019)<\/strong> <strong>GREGAL: Circulaci\u00f3 Cultural Jap\u00f3-Corea-Catalunya<\/strong> (2017SGR1596). <em>Grup de Recerca Emergent<\/em> (GRE) de la Generalitat de Catalunya. AGAUR, Departament d\u2019Innovaci\u00f3, Universitats i Empresa, Generalitat de Catalunya.<\/p>\n\n\n\n<p><strong>(2017-2018)&nbsp;<\/strong><a href=\"https:\/\/library.ltikorea.or.kr\/node\/32707\">Projecte de traducci\u00f3 de literatura coreana Literature Translation Institute of Korea<\/a>, (KLTI), Rep\u00fablica de Corea.<\/p>\n\n\n\n<p><strong>(2017-2018)<\/strong>&nbsp;Grant Program for Japanese Studies Projects, Japan Foundation (Government of Japan) (Ref. 10109060).<\/p>\n\n\n\n<p><strong>(2016-2019)<\/strong>&nbsp;La Evoluci\u00f3n (Inter)Generacional de las Biling\u00fcizaciones: Contextos, Mantenimiento y Sustituci\u00f3n Ling\u00fc\u00edsticos, (FFI2015-64459-P) Proyecto I + D Excelencia. Convocatoria 2015, MINECO.<\/p>\n\n\n\n<p><strong>(2016-2018)<\/strong>&nbsp;Asia Oriental: paradigmas emergentes, politica(s), dinamicas socioculturales y sus consecuencias, (FFI2015-70513-P). Proyecto I + D Excelencia. Convocatoria 2015, MINECO.<\/p>\n\n\n\n<p><strong>(2016-2017)<\/strong>&nbsp;Support Programme for Organization in Japanese Studies, Japan Foundation (Government of Japan) (Ref. 10098736).<\/p>\n\n\n\n<p><strong>(2016-2016)&nbsp;<\/strong><a href=\"https:\/\/www.uab.cat\/web\/conoce-la-facultad-\/las-razones-para-venir-a-la-facultad\/estudios-de-asia-oriental-br-br-\/proyecto-hitoribiyori-traduccion-del-japones-1345723767385.html\">Proyecto piloto de comprensi\u00f3n y traducci\u00f3n del texto \u2018Hitori biyori\u2019<\/a>, Japan Foundation (Government of Japan) (Ref. 16MDSS-1).<\/p>\n\n\n\n<p><strong>(2015-2017)<\/strong>&nbsp;<a href=\"http:\/\/www.culturavisual.uji.es\/proyecto-la-crisis-de-lo-real\/\">L<\/a>a crisis de lo real: la representaci\u00f3n documental e informativa en el entorno de la crisis financiera global<a href=\"http:\/\/www.culturavisual.uji.es\/proyecto-la-crisis-de-lo-real\/\">,<\/a>&nbsp;(P1\u00b71A2014-05-UJI 2014).<\/p>\n\n\n\n<p><strong>(2015-2017)<\/strong>&nbsp;<a href=\"https:\/\/gepris.dfg.de\/gepris\/projekt\/238861754\/ergebnisse?context=projekt&amp;task=showDetail&amp;id=238861754&amp;selectedSubTab=2&amp;\">Projekts Yasujir\u00f4 Ozu und der westliche Film<\/a>, (Yasujir\u014d Ozu and the Western Film), Deutsche Forschungsgemeinschaft (DFG) \u2013 (Projektnummer 238861754).<\/p>\n\n\n\n<p><strong>(2015-2016)<\/strong>&nbsp;Support Programme for Organization in Japanese Studies, Japan Foundation (Government of Japan) (Ref. 10090230).<\/p>\n\n\n\n<p><strong>(2014-2015)<\/strong>&nbsp;Support Programme for Organization in Japanese Studies, Japan Foundation (Government of Japan) (Ref. 10085542).<\/p>\n\n\n\n<p><strong>(2013-2015)<\/strong>&nbsp;GLOBLINMED \u2013 Globalizaci\u00f3n y pluriling\u00fcismo social y familiar en comunidades&nbsp;ling\u00fc\u00edsticas medianas en Europa, (FFI2012-35502).<\/p>\n\n\n\n<p><strong>(2012-2013)<\/strong>&nbsp;The Spectacularization of the Past in Japan: Identity, Materiality and Representation, The National Museum of Ethnology of Japan, Minpaku, \u56fd\u7acb\u6c11\u65cf\u5b66\u535a\u7269\u9928\u7814, Osaka (Japan).<\/p>\n\n\n\n<p><strong>(2011-2014)<\/strong>&nbsp;\u4e16\u754c\u4e3b\u8981\u90fd\u5e02\u306b\u304a\u3051\u308b\u65e5\u672c\u8a9e\u4eba\u306e\u8a00\u8a9e\u884c\u52d5 (Els comportaments ling\u00fc\u00edstics dels&nbsp;japonesos i dels parlants del japon\u00e8s a grans ciutats del m\u00f3n), \u6176\u61c9\u7fa9\u587e\u5927\u5b66\u6b21\u4e16\u4ee3\u7814\u7a76\u30d7\u30ed\u30b8\u30a7\u30af\u30c8\u63a8\u9032\u30d7\u30ed\u30b0\u30e9\u30e0 (Programa de foment dels projectes de la propera generaci\u00f3, Universitat Keio).<\/p>\n\n\n\n<p><strong>(2011-2013)<\/strong>&nbsp;Universities in the Context of Globalization: A View from East Asia, (CSO2011-14976-E), MINECO.<\/p>\n\n\n\n<p><strong>(2011-2013)<\/strong>&nbsp;Identidad y discurso: nacionalismo cultural en el Jap\u00f3n de la globalizaci\u00f3n, (CSO2011-14328-E), MINECO.<\/p>\n\n\n\n<p>&nbsp;<\/p>\n","protected":false},"excerpt":{"rendered":"<p>(2021-2024) GREGAL: Circulaci\u00f3 Cultural Jap\u00f3-Corea-Catalunya&nbsp;(2021 SGR 00558).&nbsp;Grup de Recerca Consolidat (GRC) de la Generalitat de Catalunya. AGAUR, Departament d\u2019Innovaci\u00f3, Universitats i Empresa, Generalitat de Catalunya. (2022 -2025) Proyecto PID2021-122897NB-I00 financiado por Ministerio de Ciencia e Innovaci\u00f3n MCIN\/AEI\/10.13039\/501100011033\/ FEDER, UE, \u201cEl boom cultural japon\u00e9s y surcoreano en Espa\u00f1a: aspectos culturales, pol\u00edticos y socioecon\u00f3micos\u201d Participaci\u00f3 en altres [&hellip;]<\/p>\n","protected":false},"author":20,"featured_media":0,"parent":0,"menu_order":0,"comment_status":"closed","ping_status":"closed","template":"","meta":{"footnotes":""},"class_list":["post-52","page","type-page","status-publish","hentry"],"_links":{"self":[{"href":"https:\/\/webs.uab.cat\/gregal\/wp-json\/wp\/v2\/pages\/52","targetHints":{"allow":["GET"]}}],"collection":[{"href":"https:\/\/webs.uab.cat\/gregal\/wp-json\/wp\/v2\/pages"}],"about":[{"href":"https:\/\/webs.uab.cat\/gregal\/wp-json\/wp\/v2\/types\/page"}],"author":[{"embeddable":true,"href":"https:\/\/webs.uab.cat\/gregal\/wp-json\/wp\/v2\/users\/20"}],"replies":[{"embeddable":true,"href":"https:\/\/webs.uab.cat\/gregal\/wp-json\/wp\/v2\/comments?post=52"}],"version-history":[{"count":35,"href":"https:\/\/webs.uab.cat\/gregal\/wp-json\/wp\/v2\/pages\/52\/revisions"}],"predecessor-version":[{"id":2905,"href":"https:\/\/webs.uab.cat\/gregal\/wp-json\/wp\/v2\/pages\/52\/revisions\/2905"}],"wp:attachment":[{"href":"https:\/\/webs.uab.cat\/gregal\/wp-json\/wp\/v2\/media?parent=52"}],"curies":[{"name":"wp","href":"https:\/\/api.w.org\/{rel}","templated":true}]}}