{"id":54,"date":"2019-07-26T09:24:11","date_gmt":"2019-07-26T09:24:11","guid":{"rendered":"https:\/\/webs.uab.cat\/gregal\/congressos\/"},"modified":"2023-10-27T14:29:26","modified_gmt":"2023-10-27T14:29:26","slug":"congressos","status":"publish","type":"page","link":"https:\/\/webs.uab.cat\/gregal\/congressos\/","title":{"rendered":"Congressos"},"content":{"rendered":"\n<p>Una altra de l&#8217;activitats m\u00e9s importants del Grup de Recerca GREGAL \u00e9s <strong>la participaci\u00f3 <\/strong>en <strong>congressos, panells i f\u00f2rums, tant nacionals com internacionals<\/strong>, on compartir els resultats de la recerca desenvolupada i generar una <strong>xarxa d&#8217;investigadors<\/strong> al voltant dels temes i l\u00ednies de recerca del grup.<br>&nbsp;<\/p>\n\n\n\n<ul class=\"wp-block-list\">\n<li><a href=\"https:\/\/webs.uab.cat\/gregal\/conferencies\/\" data-type=\"URL\" data-id=\"https:\/\/webs.uab.cat\/gregal\/conferencies\/\">Confer\u00e8ncies <\/a><\/li>\n\n\n\n<li><a href=\"https:\/\/webs.uab.cat\/gregal\/comunicacions\/\" data-type=\"page\" data-id=\"272\">Comunicacions <\/a><\/li>\n\n\n\n<li><a href=\"https:\/\/webs.uab.cat\/gregal\/simposis\/\" data-type=\"page\" data-id=\"269\">Simposis<\/a><\/li>\n<\/ul>\n","protected":false},"excerpt":{"rendered":"<p>Una altra de l&#8217;activitats m\u00e9s importants del Grup de Recerca GREGAL \u00e9s la participaci\u00f3 en congressos, panells i f\u00f2rums, tant nacionals com internacionals, on compartir els resultats de la recerca desenvolupada i generar una xarxa d&#8217;investigadors al voltant dels temes i l\u00ednies de recerca del grup.&nbsp;<\/p>\n","protected":false},"author":20,"featured_media":0,"parent":0,"menu_order":0,"comment_status":"closed","ping_status":"closed","template":"","meta":{"footnotes":""},"class_list":["post-54","page","type-page","status-publish","hentry"],"_links":{"self":[{"href":"https:\/\/webs.uab.cat\/gregal\/wp-json\/wp\/v2\/pages\/54","targetHints":{"allow":["GET"]}}],"collection":[{"href":"https:\/\/webs.uab.cat\/gregal\/wp-json\/wp\/v2\/pages"}],"about":[{"href":"https:\/\/webs.uab.cat\/gregal\/wp-json\/wp\/v2\/types\/page"}],"author":[{"embeddable":true,"href":"https:\/\/webs.uab.cat\/gregal\/wp-json\/wp\/v2\/users\/20"}],"replies":[{"embeddable":true,"href":"https:\/\/webs.uab.cat\/gregal\/wp-json\/wp\/v2\/comments?post=54"}],"version-history":[{"count":3,"href":"https:\/\/webs.uab.cat\/gregal\/wp-json\/wp\/v2\/pages\/54\/revisions"}],"predecessor-version":[{"id":1570,"href":"https:\/\/webs.uab.cat\/gregal\/wp-json\/wp\/v2\/pages\/54\/revisions\/1570"}],"wp:attachment":[{"href":"https:\/\/webs.uab.cat\/gregal\/wp-json\/wp\/v2\/media?parent=54"}],"curies":[{"name":"wp","href":"https:\/\/api.w.org\/{rel}","templated":true}]}}