{"id":55,"date":"2019-07-26T09:24:23","date_gmt":"2019-07-26T09:24:23","guid":{"rendered":"https:\/\/webs.uab.cat\/gregal\/activitats\/"},"modified":"2023-11-10T15:34:43","modified_gmt":"2023-11-10T15:34:43","slug":"activitats","status":"publish","type":"page","link":"https:\/\/webs.uab.cat\/gregal\/activitats\/","title":{"rendered":"Activitats"},"content":{"rendered":"\n<p>El Grup de Recerca <strong>GREGAL<\/strong> <strong>organitza<\/strong> i participa des de la seva creaci\u00f3 en diverses <strong>activitats acad\u00e8miques<\/strong> relacionades amb les l\u00ednies de recerca del grup, freq\u00fcentment <strong>en col.laboraci\u00f3 amb institucions nacionals i internacionals<\/strong>.<\/p>\n\n\n\n<ul class=\"wp-block-list\">\n<li><a href=\"https:\/\/webs.uab.cat\/gregal\/conferencies-0\/\" data-type=\"page\" data-id=\"356\">Confer\u00e8ncies <\/a><\/li>\n\n\n\n<li><a href=\"https:\/\/webs.uab.cat\/gregal\/jornades\/\" data-type=\"page\" data-id=\"366\">Jornades <\/a><\/li>\n<\/ul>\n","protected":false},"excerpt":{"rendered":"<p>El Grup de Recerca GREGAL organitza i participa des de la seva creaci\u00f3 en diverses activitats acad\u00e8miques relacionades amb les l\u00ednies de recerca del grup, freq\u00fcentment en col.laboraci\u00f3 amb institucions nacionals i internacionals.<\/p>\n","protected":false},"author":20,"featured_media":0,"parent":0,"menu_order":0,"comment_status":"closed","ping_status":"closed","template":"","meta":{"footnotes":""},"class_list":["post-55","page","type-page","status-publish","hentry"],"_links":{"self":[{"href":"https:\/\/webs.uab.cat\/gregal\/wp-json\/wp\/v2\/pages\/55","targetHints":{"allow":["GET"]}}],"collection":[{"href":"https:\/\/webs.uab.cat\/gregal\/wp-json\/wp\/v2\/pages"}],"about":[{"href":"https:\/\/webs.uab.cat\/gregal\/wp-json\/wp\/v2\/types\/page"}],"author":[{"embeddable":true,"href":"https:\/\/webs.uab.cat\/gregal\/wp-json\/wp\/v2\/users\/20"}],"replies":[{"embeddable":true,"href":"https:\/\/webs.uab.cat\/gregal\/wp-json\/wp\/v2\/comments?post=55"}],"version-history":[{"count":2,"href":"https:\/\/webs.uab.cat\/gregal\/wp-json\/wp\/v2\/pages\/55\/revisions"}],"predecessor-version":[{"id":1941,"href":"https:\/\/webs.uab.cat\/gregal\/wp-json\/wp\/v2\/pages\/55\/revisions\/1941"}],"wp:attachment":[{"href":"https:\/\/webs.uab.cat\/gregal\/wp-json\/wp\/v2\/media?parent=55"}],"curies":[{"name":"wp","href":"https:\/\/api.w.org\/{rel}","templated":true}]}}