{"id":122,"date":"2022-07-08T14:02:16","date_gmt":"2022-07-08T12:02:16","guid":{"rendered":"https:\/\/webs-test.uab.cat\/grehc\/?page_id=122"},"modified":"2026-03-15T08:25:10","modified_gmt":"2026-03-15T07:25:10","slug":"activitats","status":"publish","type":"page","link":"https:\/\/webs.uab.cat\/grehc\/activitats\/","title":{"rendered":"Activitats"},"content":{"rendered":"\n<p class=\"has-drop-cap\">Als darrers anys el&nbsp;&nbsp;GREHC ha&nbsp;coordinat i&nbsp;col\u00b7laborat&nbsp;en els&nbsp;seg\u00fcents seminaris, col\u00b7loquis i&nbsp;congressos:<\/p>\n\n\n\n<p class=\"has-text-align-center has-verd-tropic-color has-text-color has-link-color has-normal-font-size wp-elements-6bdb6dc54fab3e1d61cf69bea1e5a53b\"><a href=\"#2025\" data-type=\"internal\" data-id=\"#2025\">2025<\/a> \u2766 <a href=\"#2024\" data-type=\"internal\" data-id=\"#2024\">2024<\/a> \u2766 <a href=\"#2023\">2023<\/a> \u2766 <a href=\"#2022\">2022<\/a> \u2766 <a href=\"#2019\">2019<\/a> \u2766 <a href=\"#2019\">2016 <\/a>\u2766 <a href=\"#2015\">2015 <\/a>\u2766 <a href=\"#2014\">2014 <\/a>\u2766 <a href=\"#2013\">2013 <\/a>\u2766 <a href=\"#2012\">2012 <\/a>\u2766 <a href=\"#2011\">2011 <\/a>\u2766 <a href=\"#2010\">2010<\/a><\/p>\n\n\n\n<h2 class=\"wp-block-heading has-text-align-center has-verd-tropic-color has-text-color has-link-color has-larger-font-size wp-elements-75de46c1d2b84a0115aba274c97f02ce\" id=\"2025\"><strong>2025<\/strong><\/h2>\n\n\n\n<div class=\"wp-block-media-text is-stacked-on-mobile\" style=\"grid-template-columns:40% auto\"><figure class=\"wp-block-media-text__media\"><img loading=\"lazy\" decoding=\"async\" width=\"461\" height=\"694\" src=\"https:\/\/webs.uab.cat\/grehc\/wp-content\/uploads\/sites\/36\/2025\/07\/Captura-de-pantalla.png\" alt=\"\" class=\"wp-image-865 size-full\" srcset=\"https:\/\/webs.uab.cat\/grehc\/wp-content\/uploads\/sites\/36\/2025\/07\/Captura-de-pantalla.png 461w, https:\/\/webs.uab.cat\/grehc\/wp-content\/uploads\/sites\/36\/2025\/07\/Captura-de-pantalla-199x300.png 199w\" sizes=\"auto, (max-width: 461px) 100vw, 461px\" \/><\/figure><div class=\"wp-block-media-text__content\">\n<p class=\"has-text-align-center has-normal-font-size\" id=\"Biblioteques-dominiques\">Col\u00b7loqui internacional &#8220;Inquisici\u00f3 i xarxes&#8221; (format h\u00edbrid)<\/p>\n\n\n\n<p class=\"has-text-align-center\">23 de setembre a 28 d&#8217;octubre de 2025<\/p>\n\n\n\n<p class=\"has-text-align-center has-normal-font-size\" id=\"Biblioteques-dominiques\"><em><a href=\"https:\/\/webs.uab.cat\/grehc\/wp-content\/uploads\/sites\/36\/2025\/09\/UABDH452_Cartel_CAST_F8.pdf\" target=\"_blank\" rel=\"noreferrer noopener\">Inquisici\u00f3n y redes. Coloquio internacional<\/a><\/em><\/p>\n\n\n\n<p class=\"has-text-align-center has-normal-font-size\"><a href=\"https:\/\/webs.uab.cat\/grehc\/wp-content\/uploads\/sites\/36\/2025\/09\/UABDH452_Cartel_CAT_F8.pdf\"><em>Inquisici\u00f3 i xarxes. Col\u00b7loqui internacional<\/em><\/a><\/p>\n\n\n\n<p class=\"has-text-align-center has-normal-font-size\">Universitat Aut\u00f2noma de Barcelona<\/p>\n\n\n\n<p class=\"has-text-align-center has-normal-font-size\">Barcelona-Madrid-Ciutat de M\u00e8xic-Bahia (Brasil)-C\u00f3rdoba (Argentina)-Bol\u00f2nia<\/p>\n\n\n\n<p class=\"has-text-align-center has-normal-font-size\">23 de setembre a 28 d&#8217;octubre de 2025<\/p>\n\n\n\n<p class=\"has-text-align-center has-verd-tropic-color has-text-color has-link-color has-larger-font-size wp-elements-74c155b34cea00345d4c028af5d5520c\" id=\"biblioteques\">\u2766 <\/p>\n<\/div><\/div>\n\n\n\n<div class=\"wp-block-media-text is-stacked-on-mobile\" style=\"grid-template-columns:40% auto\"><figure class=\"wp-block-media-text__media\"><img loading=\"lazy\" decoding=\"async\" width=\"722\" height=\"1024\" src=\"https:\/\/webs.uab.cat\/grehc\/wp-content\/uploads\/sites\/36\/2025\/04\/Captura-de-pantalla-2025-04-07-a-las-6.26.07-722x1024.png\" alt=\"\" class=\"wp-image-845 size-full\" srcset=\"https:\/\/webs.uab.cat\/grehc\/wp-content\/uploads\/sites\/36\/2025\/04\/Captura-de-pantalla-2025-04-07-a-las-6.26.07-722x1024.png 722w, https:\/\/webs.uab.cat\/grehc\/wp-content\/uploads\/sites\/36\/2025\/04\/Captura-de-pantalla-2025-04-07-a-las-6.26.07-212x300.png 212w, https:\/\/webs.uab.cat\/grehc\/wp-content\/uploads\/sites\/36\/2025\/04\/Captura-de-pantalla-2025-04-07-a-las-6.26.07-768x1089.png 768w, https:\/\/webs.uab.cat\/grehc\/wp-content\/uploads\/sites\/36\/2025\/04\/Captura-de-pantalla-2025-04-07-a-las-6.26.07-1084x1536.png 1084w, https:\/\/webs.uab.cat\/grehc\/wp-content\/uploads\/sites\/36\/2025\/04\/Captura-de-pantalla-2025-04-07-a-las-6.26.07.png 1102w\" sizes=\"auto, (max-width: 722px) 100vw, 722px\" \/><\/figure><div class=\"wp-block-media-text__content\">\n<p class=\"has-text-align-center\">Seminaris del GREHC<\/p>\n\n\n\n<p class=\"has-text-align-center has-normal-font-size\" id=\"Biblioteques-dominiques\">Jaqueline Vassallo (Universitat de C\u00f3rdoba, Argentina)<\/p>\n\n\n\n<p class=\"has-text-align-center has-normal-font-size\" id=\"Biblioteques-dominiques\"><em><a href=\"https:\/\/webs.uab.cat\/grehc\/wp-content\/uploads\/sites\/36\/2025\/04\/GREHC-2025-J-Vassallo.pdf\" target=\"_blank\" rel=\"noreferrer noopener\">&#8220;La Inquisici\u00f3n en las provincias del Per\u00fa: aproximaciones a los comisarios de un &#8216;remoto pa\u00eds&#8217; (XVI-XVIII)&#8221;<\/a><\/em><\/p>\n\n\n\n<p class=\"has-text-align-center has-normal-font-size\">Universitat Aut\u00f2noma de Barcelona<\/p>\n\n\n\n<p class=\"has-text-align-center has-normal-font-size\">Bellaterra, 9 d&#8217;abril de 2025<\/p>\n\n\n\n<p class=\"has-text-align-center has-verd-tropic-color has-text-color has-link-color has-larger-font-size wp-elements-74c155b34cea00345d4c028af5d5520c\" id=\"biblioteques\">\u2766 <\/p>\n<\/div><\/div>\n\n\n\n<div class=\"wp-block-media-text is-stacked-on-mobile\" style=\"grid-template-columns:37% auto\"><figure class=\"wp-block-media-text__media\"><img decoding=\"async\" src=\"https:\/\/webs.uab.cat\/grehc\/wp-content\/uploads\/sites\/36\/2025\/02\/Poster_Difusio_Seminari_GTorresPuga-5-1-724x1024.png\" alt=\"\" class=\"wp-image-823 size-full\" \/><\/figure><div class=\"wp-block-media-text__content\">\n<p class=\"has-text-align-center\">Seminaris del GREHC<\/p>\n\n\n\n<p class=\"has-text-align-center has-normal-font-size\" id=\"Biblioteques-dominiques\">Gabriel Torres Puga (COLMEX)<\/p>\n\n\n\n<p class=\"has-text-align-center has-normal-font-size\" id=\"Biblioteques-dominiques\"><em><a href=\"https:\/\/webs.uab.cat\/grehc\/wp-content\/uploads\/sites\/36\/2025\/02\/Poster_Difusio_Seminari_GTorresPuga-5_compressed-1.pdf\">&#8220;Los reos de la Inquisici\u00f3n: \u00bfc\u00f3mo relacionar los estudios de caso?<\/a> <\/em><\/p>\n\n\n\n<p class=\"has-text-align-center has-normal-font-size\">Universitat Aut\u00f2noma de Barcelona<\/p>\n\n\n\n<p class=\"has-text-align-center has-normal-font-size\">Bellaterra, 11 de febrer de 2025<\/p>\n\n\n\n<p class=\"has-text-align-center has-verd-tropic-color has-text-color has-link-color has-larger-font-size wp-elements-ef1929852f358312394fed7925389bfd\" id=\"biblioteques\">\u2766<\/p>\n<\/div><\/div>\n\n\n\n<div class=\"wp-block-media-text is-stacked-on-mobile\" style=\"grid-template-columns:37% auto\"><figure class=\"wp-block-media-text__media\"><img loading=\"lazy\" decoding=\"async\" width=\"311\" height=\"425\" src=\"https:\/\/webs.uab.cat\/grehc\/wp-content\/uploads\/sites\/36\/2025\/01\/seminari-14-gen_compressed-2.png\" alt=\"\" class=\"wp-image-792 size-full\" srcset=\"https:\/\/webs.uab.cat\/grehc\/wp-content\/uploads\/sites\/36\/2025\/01\/seminari-14-gen_compressed-2.png 311w, https:\/\/webs.uab.cat\/grehc\/wp-content\/uploads\/sites\/36\/2025\/01\/seminari-14-gen_compressed-2-220x300.png 220w\" sizes=\"auto, (max-width: 311px) 100vw, 311px\" \/><\/figure><div class=\"wp-block-media-text__content\">\n<p class=\"has-text-align-center has-normal-font-size\" id=\"Biblioteques-dominiques\"><em><a href=\"https:\/\/webs.uab.cat\/grehc\/wp-content\/uploads\/sites\/36\/2025\/01\/seminari-14-gen_compressed.pdf\">Llibres i biblioteques dels dominics. Les traces de les col\u00b7leccions a Espanya i Llatinoam\u00e8rica<\/a> <\/em><\/p>\n\n\n\n<p class=\"has-text-align-center has-normal-font-size\">Ateneu Universitari Sant Paci\u00e0 <\/p>\n\n\n\n<p class=\"has-text-align-center has-normal-font-size\">Barcelona, 14 de gener de 2025 <\/p>\n\n\n\n<p class=\"has-text-align-center has-verd-tropic-color has-text-color has-link-color has-larger-font-size wp-elements-74c155b34cea00345d4c028af5d5520c\" id=\"biblioteques\">\u2766 <\/p>\n<\/div><\/div>\n\n\n\n<p class=\"has-text-align-center has-verd-tropic-color has-text-color has-link-color has-larger-font-size wp-elements-9fc5a15813f963c9933a58fa519660dd\" id=\"2024\"><strong>2024<\/strong><\/p>\n\n\n\n<ul class=\"wp-block-list\">\n<li class=\"has-normal-font-size\" style=\"text-decoration:none\"><a href=\"https:\/\/webs.uab.cat\/grehc\/wp-content\/uploads\/sites\/36\/2024\/11\/Programa_Coloquio_mail_CAT_2024-1.pdf\" data-type=\"link\" data-id=\"https:\/\/webs.uab.cat\/grehc\/wp-content\/uploads\/sites\/36\/2024\/11\/Programa_Coloquio_mail_CAT_2024.pdf\">Col\u00b7loqui Inquisici\u00f3: imatge, poder, xarxes<\/a> \u2766 Universitat Aut\u00f2noma de Barcelona \u2766 12 i 13 de desembre de 2024. <a href=\"https:\/\/webs.uab.cat\/grehc\/wp-content\/uploads\/sites\/36\/2024\/11\/Programa_Coloquio_mail_CAST_2024-1.pdf\">PDF-Esp<\/a><\/li>\n\n\n\n<li class=\"has-normal-font-size\"><a href=\"https:\/\/webs.uab.cat\/ceac\/wp-content\/uploads\/sites\/152\/2024\/12\/Seminario_27_noviembre_2024.pdf\">Noves tend\u00e8ncies historiogr\u00e0fiques&nbsp;per a l&#8217;estudi dels ordes religiosos (II)<\/a> \u2766 Ateneu Universitari Sant Paci\u00e0 \u2766 Barcelona, 27 de novembre de 2024.<\/li>\n\n\n\n<li class=\"has-normal-font-size\"><a href=\"https:\/\/www.uab.cat\/ca\/art-musicologia\/noticies\/20240125\/seminari-soundspacemover-los-afectos\">Moure els afectes. Rituals i processons urbanes en el m\u00f3n cat\u00f2lic de la Contrarreforma<\/a> \u2766 Universitat Aut\u00f2noma de Barcelona  \u2766 Barcelona, 25 de gener de 2024.<\/li>\n<\/ul>\n\n\n\n<p class=\"has-text-align-center has-verd-tropic-color has-text-color has-link-color has-larger-font-size wp-elements-2747570e930e33b009b65d891b84164a\" id=\"2023\"><strong>2023<\/strong><\/p>\n\n\n\n<ul class=\"wp-block-list\">\n<li class=\"has-normal-font-size\"><a href=\"https:\/\/webs.uab.cat\/grehc\/wp-content\/uploads\/sites\/36\/2024\/12\/Seminario_AUSP-IHPHOP-UAB42-1-1.pdf\">Noves tend\u00e8ncies historiogr\u00e0fiques per a l&#8217;estudi dels ordes religiosos (I)<\/a> \u2766 Ateneu Universitari Sant Paci\u00e0 \u2766 Barcelona, 14 de desembre de 2024.<\/li>\n\n\n\n<li class=\"has-normal-font-size\"><a href=\"https:\/\/www.op.org\/meeting-of-the-dominican-history-students\/\">Meeting of the Dominican History Students<\/a> \u2766 Historical Institute of the Order of Preachers \u2766 \u00c1vila-Salamanca, 6 a 11 de setembre de 2023.<\/li>\n<\/ul>\n\n\n\n<p class=\"has-text-align-center has-verd-tropic-color has-text-color has-link-color has-larger-font-size wp-elements-8b6f9f287f443e6fa07d783b85f3f735\" id=\"2022\"><strong>2022<\/strong><\/p>\n\n\n\n<ul class=\"wp-block-list\">\n<li class=\"has-normal-font-size\"><a href=\"https:\/\/webs.uab.cat\/grehc\/wp-content\/uploads\/sites\/36\/2024\/12\/Humanismos-y-culturas.pdf\">Humanismos y culturas en el mundo iberoamericano, siglos XVI-XVIII<\/a> \u2766 Universidad Aut\u00f3noma de Madrid \u2766 Madrid, 15 i 16 de desembre de 2022.<\/li>\n\n\n\n<li class=\"has-normal-font-size\"><a href=\"https:\/\/webs.uab.cat\/grehc\/wp-content\/uploads\/sites\/36\/2024\/12\/Iberoasia.pdf\">Entorn a 1622. Ibero\u00e0sia i Propaganda Fide<\/a> \u2766 Universitat Aut\u00f2noma de Barcelona \u2766 Barcelona, 18 de novembre de 2022.<\/li>\n<\/ul>\n\n\n\n<p class=\"has-text-align-center has-verd-tropic-color has-text-color has-link-color has-larger-font-size wp-elements-bdf7ca1be07fe4af05e1fcf33000f1ac\" id=\"2019\"><strong>2019<\/strong><\/p>\n\n\n\n<ul class=\"wp-block-list\">\n<li class=\"has-normal-font-size\"><a href=\"https:\/\/blancas.unizar.es\/wp-content\/uploads\/2020\/12\/Coloquio-Barcelona-junio-2019.pdf\">Els l\u00edmits de la reforma cat\u00f2lica al&nbsp;m\u00f3n&nbsp;hisp\u00e0nic&nbsp;de l&#8217;edat&nbsp;moderna: imposar, resistir i&nbsp;tolerar<\/a> \u2766 Universitat Aut\u00f2noma de Barcelona \u2766 Barcelona, 20 i 21 de juny de 2019.<\/li>\n\n\n\n<li class=\"has-normal-font-size\"><a href=\"https:\/\/www.eehar.csic.es\/tolerancias-en-la-espana-moderna-s-xvi-xvii-20-de-mayo-de-2019\/\">Toler\u00e0ncies a l&#8217;Espanya moderna (siglos XVI-XVII)<\/a> \u2766 Escuela Espa\u00f1ola de Historia y Arqueolog\u00eda en Roma, CSIC \u2766 Roma, 20 de maig de 2019.<\/li>\n\n\n\n<li class=\"has-normal-font-size\"><a href=\"https:\/\/webs.uab.cat\/grehc\/wp-content\/uploads\/sites\/36\/2024\/12\/Transoceanos-cartel-diptico.pdf\">Transoceans. Cultures&nbsp;i&nbsp;mons&nbsp;ib\u00e8rics als&nbsp;segles XVI-XVIII<\/a> \u2766 Universitat Aut\u00f2noma de Barcelona \u2766 Barcelona, 9, 10 i 11 de maig de 2019.<\/li>\n<\/ul>\n\n\n\n<p class=\"has-text-align-center has-verd-tropic-color has-text-color has-link-color has-larger-font-size wp-elements-d114b776ee15dcd89752a5970a2593cd\" id=\"2016\"><strong>2016<\/strong><\/p>\n\n\n\n<ul class=\"wp-block-list\">\n<li class=\"has-normal-font-size\"><a href=\"https:\/\/dfe.uab.cat\/wp-content\/uploads\/2016\/10\/Saberes_america_colonial.pdf\">Saberes y ense\u00f1anzas en la Am\u00e9rica colonial<\/a> \u2766 Universitat Aut\u00f2noma de Barcelona &#8211; Universitat de Barcelona \u2766 Barcelona, 20, 21 i 22 d&#8217;octubre de 2016.<\/li>\n\n\n\n<li class=\"has-normal-font-size\"><a href=\"https:\/\/fundacionvaldessalas.es\/wp-content\/uploads\/2016\/04\/Programa-Congreso-Salas-2016-general.pdf\">Viajeros, cr\u00f3nicas de Indias y \u00e9pica colonial<\/a> \u2766 Fundaci\u00f3n Salas Vald\u00e9s &#8211; Universitat Aut\u00f2noma de Barcelona &#8211; Universitat de Navarra \u2766 Salas (Asturias), 9 i 10 de maig de 2016.<\/li>\n<\/ul>\n\n\n\n<p class=\"has-text-align-center has-verd-tropic-color has-text-color has-link-color has-larger-font-size wp-elements-1eece8a99c9a119cd6bed76e642af95d\" id=\"2015\"><strong>2015<\/strong><\/p>\n\n\n\n<ul class=\"wp-block-list\">\n<li class=\"has-normal-font-size\"><a href=\"https:\/\/seminariotolerancias.wordpress.com\/2015\/05\/26\/identidades-y-fronteras-culturales-2\/\">Identitats&nbsp;i&nbsp;fronteres culturals al m\u00f3n&nbsp;ib\u00e8ric&nbsp;de l&#8217;edat&nbsp;moderna<\/a> \u2766 Universitat Aut\u00f2noma de Barcelona \u2766 Barcelona, 3, 4 i 5 de juny de 2015.<\/li>\n\n\n\n<li class=\"has-normal-font-size\"><a href=\"https:\/\/seminariotolerancias.wordpress.com\/2015\/12\/01\/viii-seminario-tolerancias\/\">Hist\u00f2ria cultural i&nbsp;religiosa: teoria i&nbsp;m\u00e8tode<\/a>&nbsp;\u2766 Universitat Aut\u00f2noma de Barcelona \u2766 Barcelona, 11 de desembre de 2015.<\/li>\n<\/ul>\n\n\n\n<p class=\"has-text-align-center has-verd-tropic-color has-text-color has-link-color has-larger-font-size wp-elements-a900b150f3232a7f7866a9c3fb9e2140\" id=\"2014\"><strong>2014<\/strong><\/p>\n\n\n\n<ul class=\"wp-block-list\">\n<li class=\"has-normal-font-size\"><a href=\"https:\/\/castellinterior.com\/wp-content\/uploads\/2014\/10\/visemtolerancias.jpg\">Santedat&nbsp;i&nbsp;espiritualitat a&nbsp;l&#8217;Espanya moderna. En el centenari&nbsp;de Santa Teresa de Jes\u00fas<\/a> \u2766 Universitat Aut\u00f2noma de Barcelona \u2766 Barcelona, 20 d&#8217;octubre de 2014.<\/li>\n<\/ul>\n\n\n\n<p class=\"has-text-align-center has-verd-tropic-color has-text-color has-link-color has-larger-font-size wp-elements-6386ec71aae22aaffa624792b8eb3163\" id=\"2013\"><strong>2013<\/strong><\/p>\n\n\n\n<ul class=\"wp-block-list\">\n<li class=\"has-normal-font-size\"><a href=\"https:\/\/seminariotolerancias.wordpress.com\/2013\/05\/25\/in-tolerancias-en-perspectiva-comparada\/\">In-toler\u00e0ncies: una perspectiva comparada Espanya-Imperi&nbsp;otom\u00e0, ss. XVI-XVII<\/a> \u2766 Universitat Aut\u00f2noma de Barcelona \u2766 Barcelona, 25 de maig de 2013.<\/li>\n\n\n\n<li class=\"has-normal-font-size\">Disimul&nbsp;i&nbsp;dissentiment&nbsp;en relaci\u00f3&nbsp;amb l&#8217;expulsi\u00f3&nbsp;dels moriscos (Barcelona, 2013)<\/li>\n<\/ul>\n\n\n\n<p class=\"has-text-align-center has-verd-tropic-color has-text-color has-link-color has-larger-font-size wp-elements-c43c39a9d75f4ae5d05759c0864c1f08\" id=\"2012\"><strong>2012<\/strong><\/p>\n\n\n\n<ul class=\"wp-block-list\">\n<li class=\"has-normal-font-size\">Dubte, hipocresia, incredulitat. Propostes&nbsp;per a&nbsp;un debat&nbsp;sobre hist\u00f2ria del dubte (Barcelona, 2012)<\/li>\n\n\n\n<li class=\"has-normal-font-size\"><a href=\"https:\/\/webs.uab.cat\/grehc\/wp-content\/uploads\/sites\/36\/2024\/12\/Cartel-2012b.pdf\">Hombres de a pie y de a caballo: Conquistadores, descubridores, misioneros<\/a> \u2766 Obra P\u00eda de los Pizarro &#8211; Universitat Aut\u00f3noma de Barcelona &#8211; Universitat de Barcelona \u2766 Trujillo, 27, 28 i 29 d&#8217;octubre de 2012.<\/li>\n<\/ul>\n\n\n\n<p class=\"has-text-align-center has-verd-tropic-color has-text-color has-link-color has-larger-font-size wp-elements-9517d48c28344f452db95b51be201e50\" id=\"2011\"><strong>2011<\/strong><\/p>\n\n\n\n<ul class=\"wp-block-list\">\n<li class=\"has-normal-font-size\">Desvestir sants. Realitat&nbsp;precan\u00f2nica i&nbsp;construcci\u00f3&nbsp;de la santedat&nbsp;(Barcelona, 2011)<\/li>\n<\/ul>\n\n\n\n<p class=\"has-text-align-center has-verd-tropic-color has-text-color has-link-color has-larger-font-size wp-elements-71d8d299318f30aad88d910955f4b544\" id=\"2010\"><strong>2010<\/strong><\/p>\n\n\n\n<ul class=\"wp-block-list\">\n<li class=\"has-normal-font-size\"><a href=\"https:\/\/webs.uab.cat\/grehc\/wp-content\/uploads\/sites\/36\/2024\/12\/Cartel-2010-1.pdf\">De la colonia a la independencia<\/a> \u2766 Universitat Aut\u00f2noma de Barcelona &#8211; Universitat de Barcelona \u2766 Barcelona, 27, 28 i 29 d&#8217;octubre de 2010.<\/li>\n<\/ul>\n","protected":false},"excerpt":{"rendered":"<p>Als darrers anys el&nbsp;&nbsp;GREHC ha&nbsp;coordinat i&nbsp;col\u00b7laborat&nbsp;en els&nbsp;seg\u00fcents seminaris, col\u00b7loquis i&nbsp;congressos: 2025 \u2766 2024 \u2766 2023 \u2766 2022 \u2766 2019 \u2766 2016 \u2766 2015 \u2766 2014 \u2766 2013 \u2766 2012 \u2766 2011 \u2766 2010 2025 Col\u00b7loqui internacional &#8220;Inquisici\u00f3 i xarxes&#8221; (format h\u00edbrid) 23 de setembre a 28 d&#8217;octubre de 2025 Inquisici\u00f3n y redes. Coloquio internacional Inquisici\u00f3 [&hellip;]<\/p>\n","protected":false},"author":33,"featured_media":0,"parent":0,"menu_order":0,"comment_status":"closed","ping_status":"closed","template":"","meta":{"footnotes":""},"class_list":["post-122","page","type-page","status-publish","hentry"],"_links":{"self":[{"href":"https:\/\/webs.uab.cat\/grehc\/wp-json\/wp\/v2\/pages\/122","targetHints":{"allow":["GET"]}}],"collection":[{"href":"https:\/\/webs.uab.cat\/grehc\/wp-json\/wp\/v2\/pages"}],"about":[{"href":"https:\/\/webs.uab.cat\/grehc\/wp-json\/wp\/v2\/types\/page"}],"author":[{"embeddable":true,"href":"https:\/\/webs.uab.cat\/grehc\/wp-json\/wp\/v2\/users\/33"}],"replies":[{"embeddable":true,"href":"https:\/\/webs.uab.cat\/grehc\/wp-json\/wp\/v2\/comments?post=122"}],"version-history":[{"count":83,"href":"https:\/\/webs.uab.cat\/grehc\/wp-json\/wp\/v2\/pages\/122\/revisions"}],"predecessor-version":[{"id":920,"href":"https:\/\/webs.uab.cat\/grehc\/wp-json\/wp\/v2\/pages\/122\/revisions\/920"}],"wp:attachment":[{"href":"https:\/\/webs.uab.cat\/grehc\/wp-json\/wp\/v2\/media?parent=122"}],"curies":[{"name":"wp","href":"https:\/\/api.w.org\/{rel}","templated":true}]}}