{"id":124,"date":"2022-07-08T14:02:49","date_gmt":"2022-07-08T12:02:49","guid":{"rendered":"https:\/\/webs-test.uab.cat\/grehc\/?page_id=124"},"modified":"2023-12-04T16:14:42","modified_gmt":"2023-12-04T15:14:42","slug":"publicacions","status":"publish","type":"page","link":"https:\/\/webs.uab.cat\/grehc\/publicacions\/","title":{"rendered":"Publicacions"},"content":{"rendered":"\n<p class=\"has-drop-cap\">Al marge de les publicacions concretes dels integrants de l&#8217;equip, el GREHC edita, a trav\u00e9s del Servei de Publicacions de la Universitat Aut\u00f2noma de Barcelona, una col\u00b7lecci\u00f3 pr\u00f2pia de &#8220;Monografies&#8221;, ha coordinat diferents monografies en editorials de prestigi i desenvolupa un actiu programa de coedicions amb el CEAC (<em>Centre d&#8217;Estudis de l&#8217;Am\u00e8rica Colonial<\/em> de la Universitat Aut\u00f2noma de Barcelona), el CECE (<em>Centro para la Edici\u00f3n de los Cl\u00e1sicos Espa\u00f1oles<\/em>) i altres centres de recerca.<\/p>\n\n\n\n<h2 class=\"wp-block-heading\"><strong><a href=\"https:\/\/webs.uab.cat\/grehc\/ca\/coleccio-monografies\/\" data-type=\"URL\" data-id=\"https:\/\/webs.uab.cat\/grehc\/ca\/coleccio-monografies\/\">Col\u00b7lecci\u00f3\u00a0&#8220;Monografies&#8221;<\/a><\/strong><\/h2>\n\n\n\n<p><\/p>\n\n\n\n<h2 class=\"wp-block-heading\"><strong><a href=\"https:\/\/webs.uab.cat\/grehc\/ca\/obres-generals\/\" data-type=\"URL\" data-id=\"https:\/\/webs.uab.cat\/grehc\/ca\/obres-generals\/\">Obres generals<\/a><\/strong><\/h2>\n\n\n\n<p><span style=\", Helvetica, sans-serif;letter-spacing: 0.05rem\"><\/span><span style=\", Helvetica, sans-serif;letter-spacing: 0.05rem\"><\/span><\/p>\n\n\n\n<p><\/p>\n","protected":false},"excerpt":{"rendered":"<p>Al marge de les publicacions concretes dels integrants de l&#8217;equip, el GREHC edita, a trav\u00e9s del Servei de Publicacions de la Universitat Aut\u00f2noma de Barcelona, una col\u00b7lecci\u00f3 pr\u00f2pia de &#8220;Monografies&#8221;, ha coordinat diferents monografies en editorials de prestigi i desenvolupa un actiu programa de coedicions amb el CEAC (Centre d&#8217;Estudis de l&#8217;Am\u00e8rica Colonial de la [&hellip;]<\/p>\n","protected":false},"author":33,"featured_media":0,"parent":0,"menu_order":0,"comment_status":"closed","ping_status":"closed","template":"","meta":{"footnotes":""},"class_list":["post-124","page","type-page","status-publish","hentry"],"_links":{"self":[{"href":"https:\/\/webs.uab.cat\/grehc\/wp-json\/wp\/v2\/pages\/124","targetHints":{"allow":["GET"]}}],"collection":[{"href":"https:\/\/webs.uab.cat\/grehc\/wp-json\/wp\/v2\/pages"}],"about":[{"href":"https:\/\/webs.uab.cat\/grehc\/wp-json\/wp\/v2\/types\/page"}],"author":[{"embeddable":true,"href":"https:\/\/webs.uab.cat\/grehc\/wp-json\/wp\/v2\/users\/33"}],"replies":[{"embeddable":true,"href":"https:\/\/webs.uab.cat\/grehc\/wp-json\/wp\/v2\/comments?post=124"}],"version-history":[{"count":18,"href":"https:\/\/webs.uab.cat\/grehc\/wp-json\/wp\/v2\/pages\/124\/revisions"}],"predecessor-version":[{"id":645,"href":"https:\/\/webs.uab.cat\/grehc\/wp-json\/wp\/v2\/pages\/124\/revisions\/645"}],"wp:attachment":[{"href":"https:\/\/webs.uab.cat\/grehc\/wp-json\/wp\/v2\/media?parent=124"}],"curies":[{"name":"wp","href":"https:\/\/api.w.org\/{rel}","templated":true}]}}