{"id":638,"date":"2023-12-03T15:50:30","date_gmt":"2023-12-03T13:50:30","guid":{"rendered":"https:\/\/webs.uab.cat\/grehc\/?page_id=638"},"modified":"2023-12-16T10:12:37","modified_gmt":"2023-12-16T09:12:37","slug":"presentacio-2","status":"publish","type":"page","link":"https:\/\/webs.uab.cat\/grehc\/","title":{"rendered":"Presentaci\u00f3"},"content":{"rendered":"\n<p class=\"has-drop-cap\">El\u00a0<strong>Grup de Recerca d&#8217;Estudis d&#8217;Hist\u00f2ria Cultural (GREHC)<\/strong>\u00a0est\u00e0\u00a0integrat\u00a0per\u00a0professors i professores\u00a0de la unitat d&#8217;Hist\u00f2ria Moderna de la Universitat Aut\u00f2noma de Barcelona. Tamb\u00e9\u00a0per\u00a0investigadors i investigadores\u00a0formats\u00a0al si de la UAB, a m\u00e9s d&#8217;especialistes d&#8217;hist\u00f2ria cultural d&#8217;altres universitats i centres de recerca catalans.<\/p>\n\n\n\n<p>Es va constituir l&#8217;any 2002. Va ser reconegut com a &#8220;Grup de recerca amb autoritzaci\u00f3 de nom espec\u00edfic (ANE)&#8221; al&nbsp;2003 (BOE, n\u00fam. 275, de 17&nbsp;de novembre de 2003). Tanmateix, la major part dels seus integrants treballen col\u00b7lectivament des de l&#8217;any 1992 en la investigaci\u00f3 i difusi\u00f3 dels coneixements cient\u00edfics sobre&nbsp;la hist\u00f2ria cultural de Catalunya, Europa i&nbsp;els mons no occidentals dels segles XVI al XVIII, tractats&nbsp;des de diferents perspectives: el m\u00f3n del llibre&nbsp;i&nbsp;la lectura a&nbsp;l&#8217;Antic R\u00e8gim; el discurs&nbsp;religi\u00f3s&nbsp;i&nbsp;el m\u00f3n&nbsp;inquisitorial; la difusi\u00f3&nbsp;de les&nbsp;idees&nbsp;pol\u00edtiques&nbsp;durant&nbsp;l&#8217;\u00e8poca moderna; el pensament&nbsp;social i&nbsp;econ\u00f2mic&nbsp;als espais ib\u00e8rics&nbsp;i l&#8217;estudi de la historiografia i els hispanismes.<\/p>\n\n\n\n<p>La valoraci\u00f3 positiva d&#8217;aquest&nbsp;esfor\u00e7&nbsp;col\u00b7lectiu ha tingut&nbsp;el reconeixement de les activitats d&#8217;investigaci\u00f3 d&#8217;alt nivell realitzades pel Dr. Ricardo Garc\u00eda C\u00e1rcel, que va obtenir&nbsp;la Distinci\u00f3&nbsp;per a&nbsp;la Promoci\u00f3&nbsp;de la Recerca Universit\u00e0ria&nbsp;per&nbsp;part&nbsp;de la Generalitat de Catalunya&nbsp;l&#8217;any&nbsp;2004. El GREHC est\u00e0 reconegut successivament com a Grup de Recerca des del 2005.&nbsp;<\/p>\n\n\n\n<blockquote class=\"wp-block-quote is-layout-flow wp-block-quote-is-layout-flow\">\n<p class=\"has-verd-tropic-color has-text-color has-normal-font-size\"><strong>Grup de Recerca Reconegut 2021-2024: 2021 SGR 0216<\/strong><\/p>\n<\/blockquote>\n","protected":false},"excerpt":{"rendered":"<p>El\u00a0Grup de Recerca d&#8217;Estudis d&#8217;Hist\u00f2ria Cultural (GREHC)\u00a0est\u00e0\u00a0integrat\u00a0per\u00a0professors i professores\u00a0de la unitat d&#8217;Hist\u00f2ria Moderna de la Universitat Aut\u00f2noma de Barcelona. Tamb\u00e9\u00a0per\u00a0investigadors i investigadores\u00a0formats\u00a0al si de la UAB, a m\u00e9s d&#8217;especialistes d&#8217;hist\u00f2ria cultural d&#8217;altres universitats i centres de recerca catalans. Es va constituir l&#8217;any 2002. Va ser reconegut com a &#8220;Grup de recerca amb autoritzaci\u00f3 de nom [&hellip;]<\/p>\n","protected":false},"author":33,"featured_media":0,"parent":0,"menu_order":0,"comment_status":"closed","ping_status":"closed","template":"","meta":{"footnotes":""},"class_list":["post-638","page","type-page","status-publish","hentry"],"_links":{"self":[{"href":"https:\/\/webs.uab.cat\/grehc\/wp-json\/wp\/v2\/pages\/638","targetHints":{"allow":["GET"]}}],"collection":[{"href":"https:\/\/webs.uab.cat\/grehc\/wp-json\/wp\/v2\/pages"}],"about":[{"href":"https:\/\/webs.uab.cat\/grehc\/wp-json\/wp\/v2\/types\/page"}],"author":[{"embeddable":true,"href":"https:\/\/webs.uab.cat\/grehc\/wp-json\/wp\/v2\/users\/33"}],"replies":[{"embeddable":true,"href":"https:\/\/webs.uab.cat\/grehc\/wp-json\/wp\/v2\/comments?post=638"}],"version-history":[{"count":3,"href":"https:\/\/webs.uab.cat\/grehc\/wp-json\/wp\/v2\/pages\/638\/revisions"}],"predecessor-version":[{"id":650,"href":"https:\/\/webs.uab.cat\/grehc\/wp-json\/wp\/v2\/pages\/638\/revisions\/650"}],"wp:attachment":[{"href":"https:\/\/webs.uab.cat\/grehc\/wp-json\/wp\/v2\/media?parent=638"}],"curies":[{"name":"wp","href":"https:\/\/api.w.org\/{rel}","templated":true}]}}