{"id":4164936955,"date":"2025-06-09T10:51:20","date_gmt":"2025-06-09T10:51:20","guid":{"rendered":"https:\/\/webs.uab.cat\/greip\/?page_id=4164936955"},"modified":"2025-06-30T19:24:22","modified_gmt":"2025-06-30T19:24:22","slug":"other-research-programmes","status":"publish","type":"page","link":"https:\/\/webs.uab.cat\/greip\/en\/other-research-programmes\/","title":{"rendered":"Other research programmes"},"content":{"rendered":"\n<p class=\"has-text-align-center\"><strong><em>Grup de Recerca en Educaci\u00f3, Interacci\u00f3 i Pluriling\u00fcisme<br>Grupo de Investigaci\u00f3n en Educaci\u00f3n, Interacci\u00f3n y Pluriling\u00fcismo<br>Research Group for Education, Interaction and Plurilingualism<\/em><\/strong><\/p>\n\n\n\n<h2 class=\"wp-block-heading has-background\" style=\"background-color:#f5f4f4;font-size:14px\"><\/h2>\n\n\n<div class=\"wp-block-image\">\n<figure class=\"aligncenter size-large\"><img loading=\"lazy\" decoding=\"async\" width=\"1024\" height=\"551\" src=\"https:\/\/webs.uab.cat\/greip\/wp-content\/uploads\/sites\/213\/2022\/12\/Screenshot-2022-12-25-at-10.04.43-e1671960416450-1024x551.png\" alt=\"\" class=\"wp-image-2530\" srcset=\"https:\/\/webs.uab.cat\/greip\/wp-content\/uploads\/sites\/213\/2022\/12\/Screenshot-2022-12-25-at-10.04.43-e1671960416450-1024x551.png 1024w, https:\/\/webs.uab.cat\/greip\/wp-content\/uploads\/sites\/213\/2022\/12\/Screenshot-2022-12-25-at-10.04.43-e1671960416450-300x161.png 300w, https:\/\/webs.uab.cat\/greip\/wp-content\/uploads\/sites\/213\/2022\/12\/Screenshot-2022-12-25-at-10.04.43-e1671960416450-768x413.png 768w, https:\/\/webs.uab.cat\/greip\/wp-content\/uploads\/sites\/213\/2022\/12\/Screenshot-2022-12-25-at-10.04.43-e1671960416450.png 1059w\" sizes=\"auto, (max-width: 1024px) 100vw, 1024px\" \/><figcaption class=\"wp-element-caption\">Permission for use of images granted<\/figcaption><\/figure>\n<\/div>\n\n\n<hr class=\"wp-block-separator has-alpha-channel-opacity\" \/>\n\n\n\n<div style=\"height:20px\" aria-hidden=\"true\" class=\"wp-block-spacer\"><\/div>\n\n\n\n<h2 class=\"wp-block-heading\">Other research programmes<\/h2>\n\n\n\n<details class=\"wp-block-mamaduka-toggles wp-block-toggles\"><summary><strong>UAB Argos Programme<\/strong><\/summary><div class=\"wp-block-toggles__content\">\n<details class=\"wp-block-mamaduka-toggles wp-block-toggles\"><summary>2019-2020<\/summary><div class=\"wp-block-toggles__content\">\n<ul style=\"font-size:14px\" class=\"wp-block-list\">\n<li>Leila Villanueva G\u00f3mez: Final Research Project: Qu\u00e8 feu amb l&#8217;angl\u00e8s quan els i les &#8216;profes&#8217; no hi s\u00f3n? Ins Sant Pol de Mar (St. Pol de Mar). Institut de Ci\u00e8ncies de l&#8217;Educaci\u00f3 &#8211; Universitat Aut\u00f2noma de Barcelona.<\/li>\n\n\n\n<li>Nerea Barba Garcia: Final Research Project: Qu\u00e8 feu amb l&#8217;angl\u00e8s quan els i les &#8216;profes&#8217; no hi s\u00f3n? Ins Rovira-Forns (Santa Perp\u00e8tua de Mogoda). Institut de Ci\u00e8ncies de l&#8217;Educaci\u00f3 &#8211; Universitat Aut\u00f2noma de Barcelona.<\/li>\n<\/ul>\n<\/div><\/details>\n<\/div><\/details>\n\n\n\n<details class=\"wp-block-mamaduka-toggles wp-block-toggles\"><summary><strong>Paid research leaves (Generalitat)<\/strong><\/summary><div class=\"wp-block-toggles__content\">\n<details class=\"wp-block-mamaduka-toggles wp-block-toggles\"><summary>2008<\/summary><div class=\"wp-block-toggles__content\">\n<div class=\"wp-block-group\"><div class=\"wp-block-group__inner-container is-layout-flow wp-block-group-is-layout-flow\">\n<ul style=\"font-size:14px\" class=\"wp-block-list\">\n<li><strong>Garc\u00eda Coca,&nbsp;Llu\u00eds<\/strong> (2008).&nbsp;<a rel=\"noreferrer noopener\" href=\"https:\/\/www.xtec.cat\/sgfp\/llicencies\/200809\/memories\/1942m.pdf\" target=\"_blank\">LES TAC A PRIM\u00c0RIA: El Tractament Integrat dels Continguts de Llengua i Ci\u00e8ncies Socials a trav\u00e9s del Moodle<\/a>, directed by Dr. Dolors Masats.<\/li>\n\n\n\n<li><strong>Heras Fortuny, Assumpta<\/strong> (2008).<a rel=\"noreferrer noopener\" href=\"https:\/\/www.xtec.cat\/sgfp\/llicencies\/200809\/memories\/1947m.pdf\" target=\"_blank\"> La reflexi\u00f3 metaling\u00fc\u00edtica en l&#8217;aprenentatge de l&#8217;expressi\u00f3 escrita al nivell b\u00e0sic a una EOI<\/a>, directed by Dr. Dolors Masats.<\/li>\n\n\n\n<li><strong>Gonz\u00e1lez Gim\u00e9nez, \u00c0ngela<\/strong> (2008). <a rel=\"noreferrer noopener\" href=\"https:\/\/www.xtec.cat\/sgfp\/llicencies\/200809\/memories\/1959m.pdf\" target=\"_blank\">Organitzaci\u00f3 de centre i treball aut\u00f2nom de l&#8217;alumnat. Escriure i llegir amb m\u00e8todes de treball. Una metodologia de l&#8217;autonomia<\/a>,&nbsp;directed by Dr. Artur Nogerol Rodrigo.<\/li>\n\n\n\n<li><strong>Sanagust\u00edn Escario, Alberto<\/strong> (2008). <a rel=\"noreferrer noopener\" href=\"https:\/\/www.xtec.cat\/sgfp\/llicencies\/200809\/memories\/1971m.pdf\" target=\"_blank\">Desenvolupament de les compet\u00e8ncies b\u00e0siques amb la utilitzaci\u00f3 del c\u00f2mic mitjan\u00e7ant les TAC<\/a>,&nbsp;directed by Dr. Artur Nogerol Rodrigo.<\/li>\n<\/ul>\n<\/div><\/div>\n<\/div><\/details>\n\n\n\n<details class=\"wp-block-mamaduka-toggles wp-block-toggles\"><summary>2007<\/summary><div class=\"wp-block-toggles__content\">\n<div class=\"wp-block-group\"><div class=\"wp-block-group__inner-container is-layout-flow wp-block-group-is-layout-flow\">\n<ul style=\"font-size:14px\" class=\"wp-block-list\">\n<li><strong>Secur\u00fan Fuster, Rosa Mar\u00eda<\/strong> (2007). <a rel=\"noreferrer noopener\" href=\"https:\/\/www.xtec.cat\/sgfp\/llicencies\/200708\/memories\/1731m.pdf\" target=\"_blank\">La biblioteca escolar, un recurs per a l&#8217;assoliment de les compet\u00e8ncies b\u00e0siques<\/a>, directed by Dr. Artur Nogerol Rodrigo.<\/li>\n<\/ul>\n<\/div><\/div>\n<\/div><\/details>\n\n\n\n<details class=\"wp-block-mamaduka-toggles wp-block-toggles\"><summary>2006<\/summary><div class=\"wp-block-toggles__content\">\n<div class=\"wp-block-group\"><div class=\"wp-block-group__inner-container is-layout-flow wp-block-group-is-layout-flow\">\n<ul style=\"font-size:14px\" class=\"wp-block-list\">\n<li><strong>Barrull Garc\u00eda,&nbsp;Merc\u00e8<\/strong> (2006).&nbsp;<a rel=\"noreferrer noopener\" href=\"https:\/\/www.xtec.cat\/sgfp\/llicencies\/200607\/memories\/1665m.pdf\" target=\"_blank\">L&#8217;angl\u00e8s a les nostres aules: una llengua per comunicar-se? Proposta per millorar l&#8217;aprenentatge de l&#8217;expressi\u00f3 oral a les aules<\/a> (report) and <a rel=\"noreferrer noopener\" href=\"https:\/\/www.xtec.cat\/sgfp\/llicencies\/200607\/memories\/1665a.htm\" target=\"_blank\">annexed documents<\/a>, directed by Dr. Melinda Dooly.<\/li>\n\n\n\n<li><strong>Barberillo Gesa, Merc\u00e8 <\/strong>(2006). <a rel=\"noreferrer noopener\" href=\"https:\/\/www.xtec.cat\/sgfp\/llicencies\/200607\/memories\/1702m.pdf\" target=\"_blank\">Estrat\u00e8gies per a l\u2019aprenentatge de continguts bot\u00e0nics i ecol\u00f2gics mitjan\u00e7ant el franc\u00e8s. Adequaci\u00f3 de recursos inform\u00e0tics. Producci\u00f3 i utilitzaci\u00f3 de les TIC<\/a> (report) and <a rel=\"noreferrer noopener\" href=\"https:\/\/www.xtec.cat\/web\/innovacio\/bdllicencies\" target=\"_blank\">annexed documents<\/a>, directed by Dr Luci Nussbaum.<\/li>\n<\/ul>\n<\/div><\/div>\n<\/div><\/details>\n<\/div><\/details>\n\n\n\n<div style=\"height:20px\" aria-hidden=\"true\" class=\"wp-block-spacer\"><\/div>\n\n\n\n<hr class=\"wp-block-separator has-alpha-channel-opacity\" \/>\n\n\n\n<div class=\"wp-block-cover alignwide is-light\" style=\"min-height:148px;aspect-ratio:unset;\"><span aria-hidden=\"true\" class=\"wp-block-cover__background has-background-dim\" style=\"background-color:#b89477\"><\/span><img loading=\"lazy\" decoding=\"async\" width=\"1024\" height=\"1024\" class=\"wp-block-cover__image-background wp-image-2516\" alt=\"\" src=\"https:\/\/webs.uab.cat\/greip\/wp-content\/uploads\/sites\/213\/2022\/12\/DALL\u00b7E-2022-12-25-09.34.04-an-impressionist-painting-multicultural-children-playing-in-a-classroom.png\" style=\"object-position:27% 63%\" data-object-fit=\"cover\" data-object-position=\"27% 63%\" srcset=\"https:\/\/webs.uab.cat\/greip\/wp-content\/uploads\/sites\/213\/2022\/12\/DALL\u00b7E-2022-12-25-09.34.04-an-impressionist-painting-multicultural-children-playing-in-a-classroom.png 1024w, https:\/\/webs.uab.cat\/greip\/wp-content\/uploads\/sites\/213\/2022\/12\/DALL\u00b7E-2022-12-25-09.34.04-an-impressionist-painting-multicultural-children-playing-in-a-classroom-300x300.png 300w, https:\/\/webs.uab.cat\/greip\/wp-content\/uploads\/sites\/213\/2022\/12\/DALL\u00b7E-2022-12-25-09.34.04-an-impressionist-painting-multicultural-children-playing-in-a-classroom-150x150.png 150w, https:\/\/webs.uab.cat\/greip\/wp-content\/uploads\/sites\/213\/2022\/12\/DALL\u00b7E-2022-12-25-09.34.04-an-impressionist-painting-multicultural-children-playing-in-a-classroom-768x768.png 768w\" sizes=\"auto, (max-width: 1024px) 100vw, 1024px\" \/><div class=\"wp-block-cover__inner-container is-layout-constrained wp-block-cover-is-layout-constrained\">\n<p class=\"has-text-align-center has-blanc-coco-color has-text-color has-link-color has-larger-font-size wp-elements-1f02e4b27a31006ab656aa8243b2c186\"><strong>Teaching ethos<\/strong><\/p>\n<\/div><\/div>\n\n\n\n<div class=\"wp-block-group alignwide\"><div class=\"wp-block-group__inner-container is-layout-flow wp-block-group-is-layout-flow\">\n<div class=\"wp-block-columns is-layout-flex wp-container-core-columns-is-layout-9d6595d7 wp-block-columns-is-layout-flex\">\n<div class=\"wp-block-column is-layout-flow wp-block-column-is-layout-flow\">\n<figure class=\"wp-block-image alignwide size-large is-style-rounded\"><img loading=\"lazy\" decoding=\"async\" width=\"1024\" height=\"1024\" src=\"https:\/\/webs.uab.cat\/greip\/wp-content\/uploads\/sites\/213\/2022\/12\/DALL\u00b7E-2022-12-25-09.28.28-an-impressionist-painting-multicultural-children-learning-with-advanced-technology-1024x1024.png\" alt=\"\" class=\"wp-image-2512\" srcset=\"https:\/\/webs.uab.cat\/greip\/wp-content\/uploads\/sites\/213\/2022\/12\/DALL\u00b7E-2022-12-25-09.28.28-an-impressionist-painting-multicultural-children-learning-with-advanced-technology.png 1024w, https:\/\/webs.uab.cat\/greip\/wp-content\/uploads\/sites\/213\/2022\/12\/DALL\u00b7E-2022-12-25-09.28.28-an-impressionist-painting-multicultural-children-learning-with-advanced-technology-300x300.png 300w, https:\/\/webs.uab.cat\/greip\/wp-content\/uploads\/sites\/213\/2022\/12\/DALL\u00b7E-2022-12-25-09.28.28-an-impressionist-painting-multicultural-children-learning-with-advanced-technology-150x150.png 150w, https:\/\/webs.uab.cat\/greip\/wp-content\/uploads\/sites\/213\/2022\/12\/DALL\u00b7E-2022-12-25-09.28.28-an-impressionist-painting-multicultural-children-learning-with-advanced-technology-768x768.png 768w\" sizes=\"auto, (max-width: 1024px) 100vw, 1024px\" \/><\/figure>\n\n\n\n<p style=\"font-size:14px\">We feel very strongly about our role as educators in an ever-changing society. We feel that teaching practice must be based on sound theoretical foundations, accompanied by a continuous strive for more innovation, reflection and critical understanding of the optimal conditions for learning.<br><\/p>\n<\/div>\n\n\n\n<div class=\"wp-block-column is-layout-flow wp-block-column-is-layout-flow\">\n<div style=\"height:100px\" aria-hidden=\"true\" class=\"wp-block-spacer\"><\/div>\n\n\n\n<p style=\"font-size:14px\">For us, both teaching research provide input to each other in a critical, cyclical process.<\/p>\n\n\n\n<figure class=\"wp-block-image size-large is-style-rounded\"><img loading=\"lazy\" decoding=\"async\" width=\"1024\" height=\"1024\" src=\"https:\/\/webs.uab.cat\/greip\/wp-content\/uploads\/sites\/213\/2022\/12\/DALL\u00b7E-2022-12-25-09.34.04-an-impressionist-painting-multicultural-children-playing-in-a-classroom-1024x1024.png\" alt=\"\" class=\"wp-image-2516\" srcset=\"https:\/\/webs.uab.cat\/greip\/wp-content\/uploads\/sites\/213\/2022\/12\/DALL\u00b7E-2022-12-25-09.34.04-an-impressionist-painting-multicultural-children-playing-in-a-classroom.png 1024w, https:\/\/webs.uab.cat\/greip\/wp-content\/uploads\/sites\/213\/2022\/12\/DALL\u00b7E-2022-12-25-09.34.04-an-impressionist-painting-multicultural-children-playing-in-a-classroom-300x300.png 300w, https:\/\/webs.uab.cat\/greip\/wp-content\/uploads\/sites\/213\/2022\/12\/DALL\u00b7E-2022-12-25-09.34.04-an-impressionist-painting-multicultural-children-playing-in-a-classroom-150x150.png 150w, https:\/\/webs.uab.cat\/greip\/wp-content\/uploads\/sites\/213\/2022\/12\/DALL\u00b7E-2022-12-25-09.34.04-an-impressionist-painting-multicultural-children-playing-in-a-classroom-768x768.png 768w\" sizes=\"auto, (max-width: 1024px) 100vw, 1024px\" \/><\/figure>\n<\/div>\n<\/div>\n\n\n\n<p class=\"has-text-align-center\" style=\"font-size:14px\">Images created by Artificial Intelligence<\/p>\n<\/div><\/div>\n\n\n\n<div class=\"wp-block-cover alignwide is-light\" style=\"min-height:81px;aspect-ratio:unset;\"><span aria-hidden=\"true\" class=\"wp-block-cover__background has-background-dim\" style=\"background-color:#b89477\"><\/span><img loading=\"lazy\" decoding=\"async\" width=\"1024\" height=\"1024\" class=\"wp-block-cover__image-background wp-image-2516\" alt=\"\" src=\"https:\/\/webs.uab.cat\/greip\/wp-content\/uploads\/sites\/213\/2022\/12\/DALL\u00b7E-2022-12-25-09.34.04-an-impressionist-painting-multicultural-children-playing-in-a-classroom.png\" style=\"object-position:41% 64%\" data-object-fit=\"cover\" data-object-position=\"41% 64%\" srcset=\"https:\/\/webs.uab.cat\/greip\/wp-content\/uploads\/sites\/213\/2022\/12\/DALL\u00b7E-2022-12-25-09.34.04-an-impressionist-painting-multicultural-children-playing-in-a-classroom.png 1024w, https:\/\/webs.uab.cat\/greip\/wp-content\/uploads\/sites\/213\/2022\/12\/DALL\u00b7E-2022-12-25-09.34.04-an-impressionist-painting-multicultural-children-playing-in-a-classroom-300x300.png 300w, https:\/\/webs.uab.cat\/greip\/wp-content\/uploads\/sites\/213\/2022\/12\/DALL\u00b7E-2022-12-25-09.34.04-an-impressionist-painting-multicultural-children-playing-in-a-classroom-150x150.png 150w, https:\/\/webs.uab.cat\/greip\/wp-content\/uploads\/sites\/213\/2022\/12\/DALL\u00b7E-2022-12-25-09.34.04-an-impressionist-painting-multicultural-children-playing-in-a-classroom-768x768.png 768w\" sizes=\"auto, (max-width: 1024px) 100vw, 1024px\" \/><div class=\"wp-block-cover__inner-container is-layout-constrained wp-block-cover-is-layout-constrained\">\n<p class=\"has-text-align-center has-blanc-coco-color has-text-color has-link-color has-larger-font-size wp-elements-9aece04e870c84c16c0c1f1fa1774f79\"><\/p>\n<\/div><\/div>\n","protected":false},"excerpt":{"rendered":"<p>Grup de Recerca en Educaci\u00f3, Interacci\u00f3 i Pluriling\u00fcismeGrupo de Investigaci\u00f3n en Educaci\u00f3n, Interacci\u00f3n y Pluriling\u00fcismoResearch Group for Education, Interaction and Plurilingualism Other research programmes We feel very strongly about our role as educators in an ever-changing society. We feel that teaching practice must be based on sound theoretical foundations, accompanied by a continuous strive for [&hellip;]<\/p>\n","protected":false},"author":2718,"featured_media":0,"parent":0,"menu_order":0,"comment_status":"closed","ping_status":"closed","template":"","meta":{"footnotes":""},"class_list":["post-4164936955","page","type-page","status-publish","hentry"],"_links":{"self":[{"href":"https:\/\/webs.uab.cat\/greip\/en\/wp-json\/wp\/v2\/pages\/4164936955","targetHints":{"allow":["GET"]}}],"collection":[{"href":"https:\/\/webs.uab.cat\/greip\/en\/wp-json\/wp\/v2\/pages"}],"about":[{"href":"https:\/\/webs.uab.cat\/greip\/en\/wp-json\/wp\/v2\/types\/page"}],"author":[{"embeddable":true,"href":"https:\/\/webs.uab.cat\/greip\/en\/wp-json\/wp\/v2\/users\/2718"}],"replies":[{"embeddable":true,"href":"https:\/\/webs.uab.cat\/greip\/en\/wp-json\/wp\/v2\/comments?post=4164936955"}],"version-history":[{"count":6,"href":"https:\/\/webs.uab.cat\/greip\/en\/wp-json\/wp\/v2\/pages\/4164936955\/revisions"}],"predecessor-version":[{"id":4164937259,"href":"https:\/\/webs.uab.cat\/greip\/en\/wp-json\/wp\/v2\/pages\/4164936955\/revisions\/4164937259"}],"wp:attachment":[{"href":"https:\/\/webs.uab.cat\/greip\/en\/wp-json\/wp\/v2\/media?parent=4164936955"}],"curies":[{"name":"wp","href":"https:\/\/api.w.org\/{rel}","templated":true}]}}