{"id":498,"date":"2014-02-23T13:38:07","date_gmt":"2014-02-23T13:38:07","guid":{"rendered":"https:\/\/webs.uab.cat\/greip\/supervised-research-teaching\/"},"modified":"2025-06-30T20:46:50","modified_gmt":"2025-06-30T20:46:50","slug":"teaching-2","status":"publish","type":"page","link":"https:\/\/webs.uab.cat\/greip\/en\/teaching-2\/","title":{"rendered":"Teaching"},"content":{"rendered":"\n<p class=\"has-text-align-center\"><strong><em>Grup de Recerca en Educaci\u00f3, Interacci\u00f3 i Pluriling\u00fcisme<br>Grupo de Investigaci\u00f3n en Educaci\u00f3n, Interacci\u00f3n y Pluriling\u00fcismo<br>Research Group for Education, Interaction and Plurilingualism<\/em><\/strong><\/p>\n\n\n\n<h2 class=\"wp-block-heading has-background\" style=\"background-color:#f5f4f4;font-size:14px\"><\/h2>\n\n\n<div class=\"wp-block-image\">\n<figure class=\"aligncenter size-large\"><img loading=\"lazy\" decoding=\"async\" width=\"1024\" height=\"551\" src=\"https:\/\/webs.uab.cat\/greip\/wp-content\/uploads\/sites\/213\/2022\/12\/Screenshot-2022-12-25-at-10.04.43-e1671960416450-1024x551.png\" alt=\"\" class=\"wp-image-2530\" srcset=\"https:\/\/webs.uab.cat\/greip\/wp-content\/uploads\/sites\/213\/2022\/12\/Screenshot-2022-12-25-at-10.04.43-e1671960416450-1024x551.png 1024w, https:\/\/webs.uab.cat\/greip\/wp-content\/uploads\/sites\/213\/2022\/12\/Screenshot-2022-12-25-at-10.04.43-e1671960416450-300x161.png 300w, https:\/\/webs.uab.cat\/greip\/wp-content\/uploads\/sites\/213\/2022\/12\/Screenshot-2022-12-25-at-10.04.43-e1671960416450-768x413.png 768w, https:\/\/webs.uab.cat\/greip\/wp-content\/uploads\/sites\/213\/2022\/12\/Screenshot-2022-12-25-at-10.04.43-e1671960416450.png 1059w\" sizes=\"auto, (max-width: 1024px) 100vw, 1024px\" \/><figcaption class=\"wp-element-caption\">Permission for use of images granted<\/figcaption><\/figure>\n<\/div>\n\n\n<h2 class=\"wp-block-heading\"><\/h2>\n\n\n\n<div style=\"height:20px\" aria-hidden=\"true\" class=\"wp-block-spacer\"><\/div>\n\n\n\n<div class=\"wp-block-cover alignwide is-light\" style=\"min-height:142px;aspect-ratio:unset;\"><span aria-hidden=\"true\" class=\"wp-block-cover__background has-background-dim\" style=\"background-color:#b89477\"><\/span><img loading=\"lazy\" decoding=\"async\" width=\"1024\" height=\"1024\" class=\"wp-block-cover__image-background wp-image-2516\" alt=\"\" src=\"https:\/\/webs.uab.cat\/greip\/wp-content\/uploads\/sites\/213\/2022\/12\/DALL\u00b7E-2022-12-25-09.34.04-an-impressionist-painting-multicultural-children-playing-in-a-classroom.png\" style=\"object-position:27% 63%\" data-object-fit=\"cover\" data-object-position=\"27% 63%\" srcset=\"https:\/\/webs.uab.cat\/greip\/wp-content\/uploads\/sites\/213\/2022\/12\/DALL\u00b7E-2022-12-25-09.34.04-an-impressionist-painting-multicultural-children-playing-in-a-classroom.png 1024w, https:\/\/webs.uab.cat\/greip\/wp-content\/uploads\/sites\/213\/2022\/12\/DALL\u00b7E-2022-12-25-09.34.04-an-impressionist-painting-multicultural-children-playing-in-a-classroom-300x300.png 300w, https:\/\/webs.uab.cat\/greip\/wp-content\/uploads\/sites\/213\/2022\/12\/DALL\u00b7E-2022-12-25-09.34.04-an-impressionist-painting-multicultural-children-playing-in-a-classroom-150x150.png 150w, https:\/\/webs.uab.cat\/greip\/wp-content\/uploads\/sites\/213\/2022\/12\/DALL\u00b7E-2022-12-25-09.34.04-an-impressionist-painting-multicultural-children-playing-in-a-classroom-768x768.png 768w\" sizes=\"auto, (max-width: 1024px) 100vw, 1024px\" \/><div class=\"wp-block-cover__inner-container is-layout-constrained wp-block-cover-is-layout-constrained\">\n<p class=\"has-text-align-center has-blanc-coco-color has-text-color has-link-color has-larger-font-size wp-elements-1f02e4b27a31006ab656aa8243b2c186\"><strong>Teaching ethos<\/strong><\/p>\n<\/div><\/div>\n\n\n\n<div class=\"wp-block-group alignwide\"><div class=\"wp-block-group__inner-container is-layout-flow wp-block-group-is-layout-flow\">\n<div class=\"wp-block-columns is-layout-flex wp-container-core-columns-is-layout-9d6595d7 wp-block-columns-is-layout-flex\">\n<div class=\"wp-block-column is-layout-flow wp-block-column-is-layout-flow\">\n<figure class=\"wp-block-image alignwide size-large is-style-rounded\"><img loading=\"lazy\" decoding=\"async\" width=\"1024\" height=\"1024\" src=\"https:\/\/webs.uab.cat\/greip\/wp-content\/uploads\/sites\/213\/2022\/12\/DALL\u00b7E-2022-12-25-09.28.28-an-impressionist-painting-multicultural-children-learning-with-advanced-technology-1024x1024.png\" alt=\"\" class=\"wp-image-2512\" srcset=\"https:\/\/webs.uab.cat\/greip\/wp-content\/uploads\/sites\/213\/2022\/12\/DALL\u00b7E-2022-12-25-09.28.28-an-impressionist-painting-multicultural-children-learning-with-advanced-technology.png 1024w, https:\/\/webs.uab.cat\/greip\/wp-content\/uploads\/sites\/213\/2022\/12\/DALL\u00b7E-2022-12-25-09.28.28-an-impressionist-painting-multicultural-children-learning-with-advanced-technology-300x300.png 300w, https:\/\/webs.uab.cat\/greip\/wp-content\/uploads\/sites\/213\/2022\/12\/DALL\u00b7E-2022-12-25-09.28.28-an-impressionist-painting-multicultural-children-learning-with-advanced-technology-150x150.png 150w, https:\/\/webs.uab.cat\/greip\/wp-content\/uploads\/sites\/213\/2022\/12\/DALL\u00b7E-2022-12-25-09.28.28-an-impressionist-painting-multicultural-children-learning-with-advanced-technology-768x768.png 768w\" sizes=\"auto, (max-width: 1024px) 100vw, 1024px\" \/><\/figure>\n\n\n\n<p style=\"font-size:14px\">We feel very strongly about our role as educators in an ever-changing society. We feel that teaching practice must be based on sound theoretical foundations, accompanied by a continuous strive for more innovation, reflection and critical understanding of the optimal conditions for learning.<br><\/p>\n<\/div>\n\n\n\n<div class=\"wp-block-column is-layout-flow wp-block-column-is-layout-flow\">\n<div style=\"height:100px\" aria-hidden=\"true\" class=\"wp-block-spacer\"><\/div>\n\n\n\n<p style=\"font-size:14px\">For us, both teaching research provide input to each other in a critical, cyclical process.<\/p>\n\n\n\n<figure class=\"wp-block-image size-large is-style-rounded\"><img loading=\"lazy\" decoding=\"async\" width=\"1024\" height=\"1024\" src=\"https:\/\/webs.uab.cat\/greip\/wp-content\/uploads\/sites\/213\/2022\/12\/DALL\u00b7E-2022-12-25-09.34.04-an-impressionist-painting-multicultural-children-playing-in-a-classroom-1024x1024.png\" alt=\"\" class=\"wp-image-2516\" srcset=\"https:\/\/webs.uab.cat\/greip\/wp-content\/uploads\/sites\/213\/2022\/12\/DALL\u00b7E-2022-12-25-09.34.04-an-impressionist-painting-multicultural-children-playing-in-a-classroom.png 1024w, https:\/\/webs.uab.cat\/greip\/wp-content\/uploads\/sites\/213\/2022\/12\/DALL\u00b7E-2022-12-25-09.34.04-an-impressionist-painting-multicultural-children-playing-in-a-classroom-300x300.png 300w, https:\/\/webs.uab.cat\/greip\/wp-content\/uploads\/sites\/213\/2022\/12\/DALL\u00b7E-2022-12-25-09.34.04-an-impressionist-painting-multicultural-children-playing-in-a-classroom-150x150.png 150w, https:\/\/webs.uab.cat\/greip\/wp-content\/uploads\/sites\/213\/2022\/12\/DALL\u00b7E-2022-12-25-09.34.04-an-impressionist-painting-multicultural-children-playing-in-a-classroom-768x768.png 768w\" sizes=\"auto, (max-width: 1024px) 100vw, 1024px\" \/><\/figure>\n<\/div>\n<\/div>\n\n\n\n<p class=\"has-text-align-center\" style=\"font-size:14px\">Images created by Artificial Intelligence<\/p>\n<\/div><\/div>\n\n\n\n<div class=\"wp-block-cover alignwide is-light\" style=\"min-height:81px;aspect-ratio:unset;\"><span aria-hidden=\"true\" class=\"wp-block-cover__background has-background-dim\" style=\"background-color:#b89477\"><\/span><img loading=\"lazy\" decoding=\"async\" width=\"1024\" height=\"1024\" class=\"wp-block-cover__image-background wp-image-2516\" alt=\"\" src=\"https:\/\/webs.uab.cat\/greip\/wp-content\/uploads\/sites\/213\/2022\/12\/DALL\u00b7E-2022-12-25-09.34.04-an-impressionist-painting-multicultural-children-playing-in-a-classroom.png\" style=\"object-position:41% 64%\" data-object-fit=\"cover\" data-object-position=\"41% 64%\" srcset=\"https:\/\/webs.uab.cat\/greip\/wp-content\/uploads\/sites\/213\/2022\/12\/DALL\u00b7E-2022-12-25-09.34.04-an-impressionist-painting-multicultural-children-playing-in-a-classroom.png 1024w, https:\/\/webs.uab.cat\/greip\/wp-content\/uploads\/sites\/213\/2022\/12\/DALL\u00b7E-2022-12-25-09.34.04-an-impressionist-painting-multicultural-children-playing-in-a-classroom-300x300.png 300w, https:\/\/webs.uab.cat\/greip\/wp-content\/uploads\/sites\/213\/2022\/12\/DALL\u00b7E-2022-12-25-09.34.04-an-impressionist-painting-multicultural-children-playing-in-a-classroom-150x150.png 150w, https:\/\/webs.uab.cat\/greip\/wp-content\/uploads\/sites\/213\/2022\/12\/DALL\u00b7E-2022-12-25-09.34.04-an-impressionist-painting-multicultural-children-playing-in-a-classroom-768x768.png 768w\" sizes=\"auto, (max-width: 1024px) 100vw, 1024px\" \/><div class=\"wp-block-cover__inner-container is-layout-constrained wp-block-cover-is-layout-constrained\">\n<p class=\"has-text-align-center has-blanc-coco-color has-text-color has-link-color has-larger-font-size wp-elements-9aece04e870c84c16c0c1f1fa1774f79\"><\/p>\n<\/div><\/div>\n","protected":false},"excerpt":{"rendered":"<p>Grup de Recerca en Educaci\u00f3, Interacci\u00f3 i Pluriling\u00fcismeGrupo de Investigaci\u00f3n en Educaci\u00f3n, Interacci\u00f3n y Pluriling\u00fcismoResearch Group for Education, Interaction and Plurilingualism We feel very strongly about our role as educators in an ever-changing society. We feel that teaching practice must be based on sound theoretical foundations, accompanied by a continuous strive for more innovation, reflection [&hellip;]<\/p>\n","protected":false},"author":20,"featured_media":0,"parent":0,"menu_order":0,"comment_status":"closed","ping_status":"closed","template":"index.php","meta":{"footnotes":""},"class_list":["post-498","page","type-page","status-publish","hentry"],"_links":{"self":[{"href":"https:\/\/webs.uab.cat\/greip\/en\/wp-json\/wp\/v2\/pages\/498","targetHints":{"allow":["GET"]}}],"collection":[{"href":"https:\/\/webs.uab.cat\/greip\/en\/wp-json\/wp\/v2\/pages"}],"about":[{"href":"https:\/\/webs.uab.cat\/greip\/en\/wp-json\/wp\/v2\/types\/page"}],"author":[{"embeddable":true,"href":"https:\/\/webs.uab.cat\/greip\/en\/wp-json\/wp\/v2\/users\/20"}],"replies":[{"embeddable":true,"href":"https:\/\/webs.uab.cat\/greip\/en\/wp-json\/wp\/v2\/comments?post=498"}],"version-history":[{"count":99,"href":"https:\/\/webs.uab.cat\/greip\/en\/wp-json\/wp\/v2\/pages\/498\/revisions"}],"predecessor-version":[{"id":4164937338,"href":"https:\/\/webs.uab.cat\/greip\/en\/wp-json\/wp\/v2\/pages\/498\/revisions\/4164937338"}],"wp:attachment":[{"href":"https:\/\/webs.uab.cat\/greip\/en\/wp-json\/wp\/v2\/media?parent=498"}],"curies":[{"name":"wp","href":"https:\/\/api.w.org\/{rel}","templated":true}]}}