{"id":96,"date":"2014-02-22T21:35:09","date_gmt":"2014-02-22T21:35:09","guid":{"rendered":"https:\/\/webs.uab.cat\/greip\/publicaciones-recientes\/"},"modified":"2025-06-30T20:33:52","modified_gmt":"2025-06-30T20:33:52","slug":"publicaciones-recientes","status":"publish","type":"page","link":"https:\/\/webs.uab.cat\/greip\/es\/publicaciones-recientes\/","title":{"rendered":"Publicaciones"},"content":{"rendered":"\n<p class=\"has-text-align-center\"><strong><em>Grup de Recerca en Educaci\u00f3, Interacci\u00f3 i Pluriling\u00fcisme<br>Grupo de Investigaci\u00f3n en Educaci\u00f3n, Interacci\u00f3n y Pluriling\u00fcismo<br>Research Group for Education, Interaction and Plurilingualism<\/em><\/strong><\/p>\n\n\n\n<h2 class=\"wp-block-heading has-background\" style=\"background-color:#f5f4f4;font-size:14px\"><\/h2>\n\n\n\n<div style=\"height:20px\" aria-hidden=\"true\" class=\"wp-block-spacer\"><\/div>\n\n\n\n<h2 class=\"wp-block-heading has-text-align-center\">Publicaciones de miembros de GREIP<\/h2>\n\n\n<div class=\"wp-block-image\">\n<figure class=\"aligncenter size-large\"><img loading=\"lazy\" decoding=\"async\" width=\"1024\" height=\"585\" src=\"https:\/\/webs.uab.cat\/greip\/wp-content\/uploads\/sites\/213\/2022\/12\/Publications-1024x585.png\" alt=\"\" class=\"wp-image-2960\" srcset=\"https:\/\/webs.uab.cat\/greip\/wp-content\/uploads\/sites\/213\/2022\/12\/Publications-1024x585.png 1024w, https:\/\/webs.uab.cat\/greip\/wp-content\/uploads\/sites\/213\/2022\/12\/Publications-300x171.png 300w, https:\/\/webs.uab.cat\/greip\/wp-content\/uploads\/sites\/213\/2022\/12\/Publications-768x438.png 768w, https:\/\/webs.uab.cat\/greip\/wp-content\/uploads\/sites\/213\/2022\/12\/Publications.png 1184w\" sizes=\"auto, (max-width: 1024px) 100vw, 1024px\" \/><figcaption class=\"wp-element-caption\">Im\u00e1genes creadas por Inteligencia Artificial<\/figcaption><\/figure>\n<\/div>\n\n\n<div class=\"wp-block-buttons is-content-justification-center is-layout-flex wp-container-core-buttons-is-layout-16018d1d wp-block-buttons-is-layout-flex\">\n<div class=\"wp-block-button\"><a class=\"wp-block-button__link wp-element-button\" href=\"https:\/\/ddd.uab.cat\/collection\/greip?ln=es\" target=\"_blank\" rel=\"noreferrer noopener\">Acceso al repositorio digital<\/a><\/div>\n<\/div>\n\n\n\n<div style=\"height:38px\" aria-hidden=\"true\" class=\"wp-block-spacer\"><\/div>\n\n\n\n<div class=\"wp-block-cover alignwide\" style=\"min-height:161px;aspect-ratio:unset;\"><span aria-hidden=\"true\" class=\"wp-block-cover__background has-background-dim\" style=\"background-color:#6a5c4c\"><\/span><img loading=\"lazy\" decoding=\"async\" width=\"1024\" height=\"1024\" class=\"wp-block-cover__image-background wp-image-2662\" alt=\"\" src=\"https:\/\/webs.uab.cat\/greip\/wp-content\/uploads\/sites\/213\/2022\/12\/DALL\u00b7E-2022-12-25-15.20.51-oil-painting-female-writing-doctoral-thesis-with-lots-of-books-paper-and-a-computer-sitting-at-a-desk.png\" style=\"object-position:41% 50%\" data-object-fit=\"cover\" data-object-position=\"41% 50%\" srcset=\"https:\/\/webs.uab.cat\/greip\/wp-content\/uploads\/sites\/213\/2022\/12\/DALL\u00b7E-2022-12-25-15.20.51-oil-painting-female-writing-doctoral-thesis-with-lots-of-books-paper-and-a-computer-sitting-at-a-desk.png 1024w, https:\/\/webs.uab.cat\/greip\/wp-content\/uploads\/sites\/213\/2022\/12\/DALL\u00b7E-2022-12-25-15.20.51-oil-painting-female-writing-doctoral-thesis-with-lots-of-books-paper-and-a-computer-sitting-at-a-desk-300x300.png 300w, https:\/\/webs.uab.cat\/greip\/wp-content\/uploads\/sites\/213\/2022\/12\/DALL\u00b7E-2022-12-25-15.20.51-oil-painting-female-writing-doctoral-thesis-with-lots-of-books-paper-and-a-computer-sitting-at-a-desk-150x150.png 150w, https:\/\/webs.uab.cat\/greip\/wp-content\/uploads\/sites\/213\/2022\/12\/DALL\u00b7E-2022-12-25-15.20.51-oil-painting-female-writing-doctoral-thesis-with-lots-of-books-paper-and-a-computer-sitting-at-a-desk-768x768.png 768w\" sizes=\"auto, (max-width: 1024px) 100vw, 1024px\" \/><div class=\"wp-block-cover__inner-container is-layout-constrained wp-block-cover-is-layout-constrained\">\n<p class=\"has-text-align-center has-large-font-size\"><\/p>\n<\/div><\/div>\n","protected":false},"excerpt":{"rendered":"<p>Grup de Recerca en Educaci\u00f3, Interacci\u00f3 i Pluriling\u00fcismeGrupo de Investigaci\u00f3n en Educaci\u00f3n, Interacci\u00f3n y Pluriling\u00fcismoResearch Group for Education, Interaction and Plurilingualism Publicaciones de miembros de GREIP<\/p>\n","protected":false},"author":20,"featured_media":0,"parent":0,"menu_order":0,"comment_status":"closed","ping_status":"closed","template":"index.php","meta":{"footnotes":""},"class_list":["post-96","page","type-page","status-publish","hentry"],"_links":{"self":[{"href":"https:\/\/webs.uab.cat\/greip\/es\/wp-json\/wp\/v2\/pages\/96","targetHints":{"allow":["GET"]}}],"collection":[{"href":"https:\/\/webs.uab.cat\/greip\/es\/wp-json\/wp\/v2\/pages"}],"about":[{"href":"https:\/\/webs.uab.cat\/greip\/es\/wp-json\/wp\/v2\/types\/page"}],"author":[{"embeddable":true,"href":"https:\/\/webs.uab.cat\/greip\/es\/wp-json\/wp\/v2\/users\/20"}],"replies":[{"embeddable":true,"href":"https:\/\/webs.uab.cat\/greip\/es\/wp-json\/wp\/v2\/comments?post=96"}],"version-history":[{"count":99,"href":"https:\/\/webs.uab.cat\/greip\/es\/wp-json\/wp\/v2\/pages\/96\/revisions"}],"predecessor-version":[{"id":4164937310,"href":"https:\/\/webs.uab.cat\/greip\/es\/wp-json\/wp\/v2\/pages\/96\/revisions\/4164937310"}],"wp:attachment":[{"href":"https:\/\/webs.uab.cat\/greip\/es\/wp-json\/wp\/v2\/media?parent=96"}],"curies":[{"name":"wp","href":"https:\/\/api.w.org\/{rel}","templated":true}]}}