{"id":505,"date":"2014-02-23T13:38:07","date_gmt":"2014-02-23T13:38:07","guid":{"rendered":"https:\/\/webs.uab.cat\/greip\/recerca-dirigida\/"},"modified":"2025-06-30T20:41:45","modified_gmt":"2025-06-30T20:41:45","slug":"recerca-dirigida","status":"publish","type":"page","link":"https:\/\/webs.uab.cat\/greip\/recerca-dirigida\/","title":{"rendered":"Doc\u00e8ncia"},"content":{"rendered":"\n<p class=\"has-text-align-center\"><strong><em>Grup de Recerca en Educaci\u00f3, Interacci\u00f3 i Pluriling\u00fcisme<br>Grupo de Investigaci\u00f3n en Educaci\u00f3n, Interacci\u00f3n y Pluriling\u00fcismo<br>Research Group for Education, Interaction and Plurilingualism<\/em><\/strong><\/p>\n\n\n\n<h2 class=\"wp-block-heading has-background\" style=\"background-color:#f5f4f4;font-size:14px\"><\/h2>\n\n\n<div class=\"wp-block-image\">\n<figure class=\"aligncenter size-large\"><img decoding=\"async\" src=\"https:\/\/webs.uab.cat\/greip\/wp-content\/uploads\/sites\/213\/2022\/12\/Screenshot-2022-12-25-at-10.04.43-e1671960416450.png\" alt=\"\" class=\"wp-image-2531\" \/><figcaption class=\"wp-element-caption\">\u00das autoritzat d&#8217;imatges<\/figcaption><\/figure>\n<\/div>\n\n\n<h2 class=\"wp-block-heading\"><\/h2>\n\n\n\n<div class=\"wp-block-cover alignwide is-light\" style=\"min-height:160px;aspect-ratio:unset;\"><span aria-hidden=\"true\" class=\"wp-block-cover__background has-background-dim\" style=\"background-color:#b89477\"><\/span><img loading=\"lazy\" decoding=\"async\" width=\"1024\" height=\"1024\" class=\"wp-block-cover__image-background wp-image-2516\" alt=\"\" src=\"https:\/\/webs.uab.cat\/greip\/wp-content\/uploads\/sites\/213\/2022\/12\/DALL\u00b7E-2022-12-25-09.34.04-an-impressionist-painting-multicultural-children-playing-in-a-classroom.png\" style=\"object-position:27% 63%\" data-object-fit=\"cover\" data-object-position=\"27% 63%\" srcset=\"https:\/\/webs.uab.cat\/greip\/wp-content\/uploads\/sites\/213\/2022\/12\/DALL\u00b7E-2022-12-25-09.34.04-an-impressionist-painting-multicultural-children-playing-in-a-classroom.png 1024w, https:\/\/webs.uab.cat\/greip\/wp-content\/uploads\/sites\/213\/2022\/12\/DALL\u00b7E-2022-12-25-09.34.04-an-impressionist-painting-multicultural-children-playing-in-a-classroom-300x300.png 300w, https:\/\/webs.uab.cat\/greip\/wp-content\/uploads\/sites\/213\/2022\/12\/DALL\u00b7E-2022-12-25-09.34.04-an-impressionist-painting-multicultural-children-playing-in-a-classroom-150x150.png 150w, https:\/\/webs.uab.cat\/greip\/wp-content\/uploads\/sites\/213\/2022\/12\/DALL\u00b7E-2022-12-25-09.34.04-an-impressionist-painting-multicultural-children-playing-in-a-classroom-768x768.png 768w\" sizes=\"auto, (max-width: 1024px) 100vw, 1024px\" \/><div class=\"wp-block-cover__inner-container is-layout-constrained wp-block-cover-is-layout-constrained\">\n<p class=\"has-text-align-center has-blanc-coco-color has-text-color has-link-color has-larger-font-size wp-elements-6f32151a8c8bee331297a5231d03db47\"><strong>El nostre esperit docent<\/strong><\/p>\n<\/div><\/div>\n\n\n\n<div class=\"wp-block-group alignwide\"><div class=\"wp-block-group__inner-container is-layout-flow wp-block-group-is-layout-flow\">\n<div class=\"wp-block-columns is-layout-flex wp-container-core-columns-is-layout-9d6595d7 wp-block-columns-is-layout-flex\">\n<div class=\"wp-block-column is-layout-flow wp-block-column-is-layout-flow\">\n<figure class=\"wp-block-image alignwide size-large is-style-rounded\"><img loading=\"lazy\" decoding=\"async\" width=\"1024\" height=\"1024\" src=\"https:\/\/webs.uab.cat\/greip\/wp-content\/uploads\/sites\/213\/2022\/12\/DALL\u00b7E-2022-12-25-09.28.28-an-impressionist-painting-multicultural-children-learning-with-advanced-technology-1024x1024.png\" alt=\"\" class=\"wp-image-2512\" srcset=\"https:\/\/webs.uab.cat\/greip\/wp-content\/uploads\/sites\/213\/2022\/12\/DALL\u00b7E-2022-12-25-09.28.28-an-impressionist-painting-multicultural-children-learning-with-advanced-technology.png 1024w, https:\/\/webs.uab.cat\/greip\/wp-content\/uploads\/sites\/213\/2022\/12\/DALL\u00b7E-2022-12-25-09.28.28-an-impressionist-painting-multicultural-children-learning-with-advanced-technology-300x300.png 300w, https:\/\/webs.uab.cat\/greip\/wp-content\/uploads\/sites\/213\/2022\/12\/DALL\u00b7E-2022-12-25-09.28.28-an-impressionist-painting-multicultural-children-learning-with-advanced-technology-150x150.png 150w, https:\/\/webs.uab.cat\/greip\/wp-content\/uploads\/sites\/213\/2022\/12\/DALL\u00b7E-2022-12-25-09.28.28-an-impressionist-painting-multicultural-children-learning-with-advanced-technology-768x768.png 768w\" sizes=\"auto, (max-width: 1024px) 100vw, 1024px\" \/><\/figure>\n\n\n\n<p style=\"font-size:14px\">Creiem que la praxi docent s\u2019ha de basar en fonaments te\u00f2rics s\u00f2lids, sempre acompanyats per l\u2019esfor\u00e7 continu per innovar, reflexionar i assolir una comprensi\u00f3 cr\u00edtica m\u00e9s gran de les condicions \u00f2ptimes per a l\u2019aprenentatge.<br><\/p>\n<\/div>\n\n\n\n<div class=\"wp-block-column is-layout-flow wp-block-column-is-layout-flow\">\n<div style=\"height:100px\" aria-hidden=\"true\" class=\"wp-block-spacer\"><\/div>\n\n\n\n<p style=\"font-size:14px\">Per a nosaltres, tant l\u2019ensenyament com la investigaci\u00f3 s\u2019alimenten m\u00fatuament en un proc\u00e9s cr\u00edtic i c\u00edclic.<\/p>\n\n\n\n<figure class=\"wp-block-image size-large is-style-rounded\"><img loading=\"lazy\" decoding=\"async\" width=\"1024\" height=\"1024\" src=\"https:\/\/webs.uab.cat\/greip\/wp-content\/uploads\/sites\/213\/2022\/12\/DALL\u00b7E-2022-12-25-09.34.04-an-impressionist-painting-multicultural-children-playing-in-a-classroom-1024x1024.png\" alt=\"\" class=\"wp-image-2516\" srcset=\"https:\/\/webs.uab.cat\/greip\/wp-content\/uploads\/sites\/213\/2022\/12\/DALL\u00b7E-2022-12-25-09.34.04-an-impressionist-painting-multicultural-children-playing-in-a-classroom.png 1024w, https:\/\/webs.uab.cat\/greip\/wp-content\/uploads\/sites\/213\/2022\/12\/DALL\u00b7E-2022-12-25-09.34.04-an-impressionist-painting-multicultural-children-playing-in-a-classroom-300x300.png 300w, https:\/\/webs.uab.cat\/greip\/wp-content\/uploads\/sites\/213\/2022\/12\/DALL\u00b7E-2022-12-25-09.34.04-an-impressionist-painting-multicultural-children-playing-in-a-classroom-150x150.png 150w, https:\/\/webs.uab.cat\/greip\/wp-content\/uploads\/sites\/213\/2022\/12\/DALL\u00b7E-2022-12-25-09.34.04-an-impressionist-painting-multicultural-children-playing-in-a-classroom-768x768.png 768w\" sizes=\"auto, (max-width: 1024px) 100vw, 1024px\" \/><\/figure>\n<\/div>\n<\/div>\n\n\n\n<p class=\"has-text-align-center\" style=\"font-size:14px\">Imatges creades per Intel\u00b7lig\u00e8ncia Artificial<\/p>\n<\/div><\/div>\n\n\n\n<div class=\"wp-block-cover alignwide is-light\" style=\"min-height:81px;aspect-ratio:unset;\"><span aria-hidden=\"true\" class=\"wp-block-cover__background has-background-dim\" style=\"background-color:#b89477\"><\/span><img loading=\"lazy\" decoding=\"async\" width=\"1024\" height=\"1024\" class=\"wp-block-cover__image-background wp-image-2516\" alt=\"\" src=\"https:\/\/webs.uab.cat\/greip\/wp-content\/uploads\/sites\/213\/2022\/12\/DALL\u00b7E-2022-12-25-09.34.04-an-impressionist-painting-multicultural-children-playing-in-a-classroom.png\" style=\"object-position:41% 64%\" data-object-fit=\"cover\" data-object-position=\"41% 64%\" srcset=\"https:\/\/webs.uab.cat\/greip\/wp-content\/uploads\/sites\/213\/2022\/12\/DALL\u00b7E-2022-12-25-09.34.04-an-impressionist-painting-multicultural-children-playing-in-a-classroom.png 1024w, https:\/\/webs.uab.cat\/greip\/wp-content\/uploads\/sites\/213\/2022\/12\/DALL\u00b7E-2022-12-25-09.34.04-an-impressionist-painting-multicultural-children-playing-in-a-classroom-300x300.png 300w, https:\/\/webs.uab.cat\/greip\/wp-content\/uploads\/sites\/213\/2022\/12\/DALL\u00b7E-2022-12-25-09.34.04-an-impressionist-painting-multicultural-children-playing-in-a-classroom-150x150.png 150w, https:\/\/webs.uab.cat\/greip\/wp-content\/uploads\/sites\/213\/2022\/12\/DALL\u00b7E-2022-12-25-09.34.04-an-impressionist-painting-multicultural-children-playing-in-a-classroom-768x768.png 768w\" sizes=\"auto, (max-width: 1024px) 100vw, 1024px\" \/><div class=\"wp-block-cover__inner-container is-layout-constrained wp-block-cover-is-layout-constrained\">\n<p class=\"has-text-align-center has-blanc-coco-color has-text-color has-link-color has-larger-font-size wp-elements-9aece04e870c84c16c0c1f1fa1774f79\"><\/p>\n<\/div><\/div>\n","protected":false},"excerpt":{"rendered":"<p>Grup de Recerca en Educaci\u00f3, Interacci\u00f3 i Pluriling\u00fcismeGrupo de Investigaci\u00f3n en Educaci\u00f3n, Interacci\u00f3n y Pluriling\u00fcismoResearch Group for Education, Interaction and Plurilingualism Creiem que la praxi docent s\u2019ha de basar en fonaments te\u00f2rics s\u00f2lids, sempre acompanyats per l\u2019esfor\u00e7 continu per innovar, reflexionar i assolir una comprensi\u00f3 cr\u00edtica m\u00e9s gran de les condicions \u00f2ptimes per a l\u2019aprenentatge. [&hellip;]<\/p>\n","protected":false},"author":20,"featured_media":0,"parent":0,"menu_order":1,"comment_status":"closed","ping_status":"closed","template":"index.php","meta":{"footnotes":""},"class_list":["post-505","page","type-page","status-publish","hentry"],"_links":{"self":[{"href":"https:\/\/webs.uab.cat\/greip\/wp-json\/wp\/v2\/pages\/505","targetHints":{"allow":["GET"]}}],"collection":[{"href":"https:\/\/webs.uab.cat\/greip\/wp-json\/wp\/v2\/pages"}],"about":[{"href":"https:\/\/webs.uab.cat\/greip\/wp-json\/wp\/v2\/types\/page"}],"author":[{"embeddable":true,"href":"https:\/\/webs.uab.cat\/greip\/wp-json\/wp\/v2\/users\/20"}],"replies":[{"embeddable":true,"href":"https:\/\/webs.uab.cat\/greip\/wp-json\/wp\/v2\/comments?post=505"}],"version-history":[{"count":99,"href":"https:\/\/webs.uab.cat\/greip\/wp-json\/wp\/v2\/pages\/505\/revisions"}],"predecessor-version":[{"id":4164937332,"href":"https:\/\/webs.uab.cat\/greip\/wp-json\/wp\/v2\/pages\/505\/revisions\/4164937332"}],"wp:attachment":[{"href":"https:\/\/webs.uab.cat\/greip\/wp-json\/wp\/v2\/media?parent=505"}],"curies":[{"name":"wp","href":"https:\/\/api.w.org\/{rel}","templated":true}]}}