{"id":17,"date":"2023-02-14T11:26:24","date_gmt":"2023-02-14T09:26:24","guid":{"rendered":"https:\/\/webs.uab.cat\/grela\/?page_id=17"},"modified":"2024-03-12T14:37:05","modified_gmt":"2024-03-12T12:37:05","slug":"projects","status":"publish","type":"page","link":"https:\/\/webs.uab.cat\/grela\/projects\/","title":{"rendered":"Projects"},"content":{"rendered":"\n<h2 class=\"wp-block-heading\">Ongoing R+D projects led by GReLA members<\/h2>\n\n\n\n<ul class=\"wp-block-list\">\n<li>Project title: <em>La llengua anglesa en el per\u00edode de transici\u00f3 educativa (1970-1990) a Catalunya: Evoluci\u00f3 dels discursos, ideologies i pr\u00e0ctiques sobre l&#8217;ensenyament\/aprenentatge de lleng\u00fces estrangeres<\/em>. Principal Investigator: Dr Maria Rosa Garrido. Funding agency: UAB &#8211; Convocat\u00f2ria per a projectes pre-competitius 2023, ref. 573959. Participating universities: UAB, U. Southampton, UCL. Duration: 01\/11\/2023-01\/11\/2024. <\/li>\n\n\n\n<li>Project title:&nbsp;<em>The effects of in-class task-based peer interaction on young learners English as a foreign language<\/em>. Principal Investigator: Dr Elisabet Pladevall Ballester (UAB). Funding agency: Ministerio de Ciencia e Innovaci\u00f3n (PID2019-107328GB-I00). Duration: 01\/06\/2020-29\/02\/2024. Participating universities: UAB, UdL, King&#8217;s College London.<\/li>\n\n\n\n<li>Project title: <em>Desarrollo y validaci\u00f3n de una prueba de nivel de ingl\u00e9s para ABA English (B2)<\/em>. Principal Investigator: Dr Elisabet Pladevall Ballester. Institution: English Worldwide, SL (ABA English). Agreement reference:&nbsp;228461515. Duration:&nbsp;30\/09\/2022- 31\/01\/2024.<\/li>\n\n\n\n<li>Project title:&nbsp;<a href=\"https:\/\/webs.uab.cat\/enifalpo\" data-type=\"URL\" data-id=\"https:\/\/webs.uab.cat\/enifalpo\"><em>English Immersion as Family Language Policy: Strategies, Mobilities and&nbsp;Investments<\/em>&nbsp;(ENIFALPO).<\/a> Principal investigator: Dr Ana Mar\u00eda Rela\u00f1o Pastor&nbsp;(Universidad de Castilla-La Mancha) &amp; Dr Eva Cod\u00f3 (UAB). Funding agency: Ministerio de Ciencia e Innovaci\u00f3n (PID2019-106710GB-I00). Participating universities: UAB, UCLM, University of Bristol, University of Southampton, University College London. Duration: 01\/06\/2020-29\/02\/2024.<\/li>\n\n\n\n<li>Project title:<em> Pre-Sessional EAP courses at an elite institution in the UK:\u202fA transformative experience<\/em>. Principal Investigator: Dr Andrea Sunyol. Funding agency: Ministerio de Universidades, NextGeneration EU, Margarita Salas Postdoctoral Contract (81.600\u20ac). 2022-2024. <\/li>\n<\/ul>\n\n\n\n<h2 class=\"wp-block-heading\">Ongoing R+D projects participated by GReLA members<\/h2>\n\n\n\n<ul class=\"wp-block-list\">\n<li>Project title: <a href=\"https:\/\/pensa.univ-amu.fr\/en\">\u201cProfessionalization of Teachers using Digital Technology to Support Autonomy and Citizenship&#8221; (<em>PENSA<\/em>)<\/a>. Erasmus+ Action key 2 mission, \u201cStrategic cooperation in Higher Education.\u201d PI: Marco Cappellini (Aix-Marseille Universit\u00e9). Participating GReLA member: Laura Styles. (2015-2023)<\/li>\n\n\n\n<li>Project title: <em>L\u2019\u00e9galit\u00e9 linguistique: entre multilinguisme et monolinguisme<\/em>. Ref. 435-2019-0639. Funded by the Social Sciences and Humanities Research Council of Canada (SSHRC). PI: Dr. Mireille McLaughlin (University of Ottawa). Participating GReLA member: Dr E. Cod\u00f3 (local PI). (2019-2024)<\/li>\n\n\n\n<li>Project title:<a href=\"https:\/\/www.upf.edu\/web\/ecodal\"> Interculturality and intercomprehension: Assessing plurilingual discourse competence (Inter_ECODAL)<\/a>. PID2020-113796RB-I00. PI: Carmen L\u00f3pez Ferrero (UPF) (2021-2025). Participating GReLA member: Dr S. Oliver. <\/li>\n\n\n\n<li>Project title: <em>&nbsp;Comparative Research on Innovation of EMI Teaching Models in Colleges and Universities along \u2018One Belt and One Road\u2019 Countries<\/em>. Ref. 23JP140 PI: Dr Mengjia Zhang, Xi\u2019an International Studies University.   Participating GReLA member:  Dr J. Ament (2023-2025).<\/li>\n<\/ul>\n\n\n\n<h2 class=\"wp-block-heading\">Past R+D projects led by GReLA members<\/h2>\n\n\n\n<ul class=\"wp-block-list\">\n<li>Project title: <em><a href=\"http:\/\/grial.edu.es\/web\/en\/grial\/from-text-to-knowledge-factuality-and-degrees-of-certainty-in-spanish-tagfact\/\">From text to knowledge: factuality and degrees of certainty in Spanish \u2013 TAGFACT<\/a><\/em> (Ministerio de Econom\u00eda, Industria y Competitividad \u2013 FFI2017-84008-P). <\/li>\n\n\n\n<li>Project title: <a href=\"https:\/\/webs.uab.cat\/apinglocat\/\" data-type=\"URL\" data-id=\"https:\/\/webs.uab.cat\/apinglocat\/\"><em>The appropriation of English as a global language in Catalan secondary schools: A multilingual, situated and comparative approach<\/em>.<\/a> Principal Investigator: Dr Eva Cod\u00f3 (UAB). Funding agency: Ministerio de Ciencia e Innovaci\u00f3n (FFI2014-54179-C2-1-P). Participating institutions: UAB, University of Southampton, Universit\u00e9 de Lausanne. Duration: 01\/01\/2015-31\/12\/2018. Coordinated project with <a href=\"https:\/\/blog.uclm.es\/apingloclm\/\" data-type=\"URL\" data-id=\"https:\/\/blog.uclm.es\/apingloclm\/\">APINGLO-CLM<\/a> . Principal Investigator: Dr Ana M. Rela\u00f1o-Pastor. Coordinating PI: Dr Eva Cod\u00f3<\/li>\n<\/ul>\n","protected":false},"excerpt":{"rendered":"<p>Ongoing R+D projects led by GReLA members Ongoing R+D projects participated by GReLA members Past R+D projects led by GReLA members<\/p>\n","protected":false},"author":2567,"featured_media":0,"parent":0,"menu_order":4,"comment_status":"closed","ping_status":"closed","template":"","meta":{"footnotes":""},"class_list":["post-17","page","type-page","status-publish","hentry"],"_links":{"self":[{"href":"https:\/\/webs.uab.cat\/grela\/wp-json\/wp\/v2\/pages\/17","targetHints":{"allow":["GET"]}}],"collection":[{"href":"https:\/\/webs.uab.cat\/grela\/wp-json\/wp\/v2\/pages"}],"about":[{"href":"https:\/\/webs.uab.cat\/grela\/wp-json\/wp\/v2\/types\/page"}],"author":[{"embeddable":true,"href":"https:\/\/webs.uab.cat\/grela\/wp-json\/wp\/v2\/users\/2567"}],"replies":[{"embeddable":true,"href":"https:\/\/webs.uab.cat\/grela\/wp-json\/wp\/v2\/comments?post=17"}],"version-history":[{"count":36,"href":"https:\/\/webs.uab.cat\/grela\/wp-json\/wp\/v2\/pages\/17\/revisions"}],"predecessor-version":[{"id":638,"href":"https:\/\/webs.uab.cat\/grela\/wp-json\/wp\/v2\/pages\/17\/revisions\/638"}],"wp:attachment":[{"href":"https:\/\/webs.uab.cat\/grela\/wp-json\/wp\/v2\/media?parent=17"}],"curies":[{"name":"wp","href":"https:\/\/api.w.org\/{rel}","templated":true}]}}