{"id":20,"date":"2023-02-21T15:33:29","date_gmt":"2023-02-21T13:33:29","guid":{"rendered":"https:\/\/webs.uab.cat\/grela\/?page_id=20"},"modified":"2024-01-10T15:41:09","modified_gmt":"2024-01-10T13:41:09","slug":"team","status":"publish","type":"page","link":"https:\/\/webs.uab.cat\/grela\/home\/team\/","title":{"rendered":"Our Team"},"content":{"rendered":"\n<details class=\"wp-block-mamaduka-toggles wp-block-toggles\"><summary>Research Staff<\/summary><div class=\"wp-block-toggles__content\">\n<h2 class=\"wp-block-heading has-normal-font-size\" style=\"text-transform:capitalize\">Academic Members<\/h2>\n\n\n\n<div class=\"wp-block-group is-horizontal is-content-justification-space-between is-layout-flex wp-container-core-group-is-layout-ed49b07a wp-block-group-is-layout-flex\">\n<figure class=\"wp-block-image size-thumbnail is-style-rounded\"><img loading=\"lazy\" decoding=\"async\" width=\"150\" height=\"150\" src=\"https:\/\/webs.uab.cat\/grela\/wp-content\/uploads\/sites\/331\/2023\/10\/montse-capdevila-edited-1.jpeg\" alt=\"\" class=\"wp-image-481\" \/><figcaption class=\"wp-element-caption\"><a href=\"https:\/\/webs.uab.cat\/grela\/montse-capdevila\/\">Dr Montserrat Capdevila<\/a><\/figcaption><\/figure>\n\n\n\n<figure class=\"wp-block-image size-full is-resized is-style-rounded\"><img loading=\"lazy\" decoding=\"async\" src=\"https:\/\/webs.uab.cat\/grela\/wp-content\/uploads\/sites\/331\/2023\/07\/image-edited.png\" alt=\"H. Curell\" class=\"wp-image-208\" width=\"150\" height=\"150\" srcset=\"https:\/\/webs.uab.cat\/grela\/wp-content\/uploads\/sites\/331\/2023\/07\/image-edited.png 418w, https:\/\/webs.uab.cat\/grela\/wp-content\/uploads\/sites\/331\/2023\/07\/image-edited-300x300.png 300w, https:\/\/webs.uab.cat\/grela\/wp-content\/uploads\/sites\/331\/2023\/07\/image-edited-150x150.png 150w\" sizes=\"auto, (max-width: 150px) 100vw, 150px\" \/><figcaption class=\"wp-element-caption\"><a href=\"https:\/\/webs.uab.cat\/grela\/hortensia-curell\/\">Dr Hort\u00e8nsia Curell<\/a><\/figcaption><\/figure>\n\n\n\n<figure class=\"wp-block-image size-thumbnail is-style-rounded\"><img loading=\"lazy\" decoding=\"async\" width=\"150\" height=\"150\" src=\"https:\/\/webs.uab.cat\/grela\/wp-content\/uploads\/sites\/331\/2023\/10\/Eva_Codo-150x150.jpg\" alt=\"\" class=\"wp-image-313\" \/><figcaption class=\"wp-element-caption\">            <a href=\"https:\/\/webs.uab.cat\/grela\/eva-codo\/\">Dr Eva Cod\u00f3<\/a><\/figcaption><\/figure>\n\n\n\n<figure class=\"wp-block-image size-full is-resized is-style-rounded\"><img decoding=\"async\" src=\"https:\/\/webs.uab.cat\/grela\/wp-content\/uploads\/sites\/331\/2023\/10\/ana-fernandez-edited.jpeg\" alt=\"\" class=\"wp-image-479\" width=\"150\" \/><figcaption class=\"wp-element-caption\">    <a href=\"https:\/\/webs.uab.cat\/grela\/ana-fernandez\/\">Dr Ana Fern\u00e1ndez<\/a><\/figcaption><\/figure>\n\n\n\n<figure class=\"wp-block-image size-full is-resized is-style-rounded\"><img decoding=\"async\" src=\"https:\/\/webs.uab.cat\/grela\/wp-content\/uploads\/sites\/331\/2023\/10\/Maria_Rosa-edited.jpg\" alt=\"\" class=\"wp-image-478\" width=\"150\" srcset=\"https:\/\/webs.uab.cat\/grela\/wp-content\/uploads\/sites\/331\/2023\/10\/Maria_Rosa-edited.jpg 418w, https:\/\/webs.uab.cat\/grela\/wp-content\/uploads\/sites\/331\/2023\/10\/Maria_Rosa-edited-300x300.jpg 300w, https:\/\/webs.uab.cat\/grela\/wp-content\/uploads\/sites\/331\/2023\/10\/Maria_Rosa-edited-150x150.jpg 150w\" sizes=\"(max-width: 418px) 100vw, 418px\" \/><figcaption class=\"wp-element-caption\">  <a href=\"https:\/\/webs.uab.cat\/grela\/maria-rosa-garrido\/\">Dr M.Rosa Garrido<\/a><\/figcaption><\/figure>\n\n\n\n<figure class=\"wp-block-image size-full is-resized is-style-rounded\"><img decoding=\"async\" src=\"https:\/\/webs.uab.cat\/grela\/wp-content\/uploads\/sites\/331\/2023\/10\/MireiaLlinas-edited.jpeg\" alt=\"\" class=\"wp-image-477\" width=\"150\" \/><figcaption class=\"wp-element-caption\">      <a href=\"https:\/\/webs.uab.cat\/grela\/mireia-llinas\/\">Dr Mireia Llin\u00e0s<\/a><\/figcaption><\/figure>\n\n\n\n<figure class=\"wp-block-image size-full is-resized is-style-rounded\"><img decoding=\"async\" src=\"https:\/\/webs.uab.cat\/grela\/wp-content\/uploads\/sites\/331\/2023\/10\/Sonia_Oliver-edited.jpg\" alt=\"\" class=\"wp-image-476\" width=\"150\" srcset=\"https:\/\/webs.uab.cat\/grela\/wp-content\/uploads\/sites\/331\/2023\/10\/Sonia_Oliver-edited.jpg 252w, https:\/\/webs.uab.cat\/grela\/wp-content\/uploads\/sites\/331\/2023\/10\/Sonia_Oliver-edited-150x150.jpg 150w\" sizes=\"(max-width: 252px) 100vw, 252px\" \/><figcaption class=\"wp-element-caption\">     <a href=\"https:\/\/webs.uab.cat\/grela\/sonia-oliver\/\">Dr S\u00f2nia Oliver<\/a><\/figcaption><\/figure>\n\n\n\n<figure class=\"wp-block-image size-full is-resized is-style-rounded\"><img loading=\"lazy\" decoding=\"async\" src=\"https:\/\/webs.uab.cat\/grela\/wp-content\/uploads\/sites\/331\/2023\/10\/E.-Pladevall_Ballester-edited.jpg\" alt=\"\" class=\"wp-image-487\" width=\"148\" height=\"148\" srcset=\"https:\/\/webs.uab.cat\/grela\/wp-content\/uploads\/sites\/331\/2023\/10\/E.-Pladevall_Ballester-edited.jpg 419w, https:\/\/webs.uab.cat\/grela\/wp-content\/uploads\/sites\/331\/2023\/10\/E.-Pladevall_Ballester-edited-300x300.jpg 300w, https:\/\/webs.uab.cat\/grela\/wp-content\/uploads\/sites\/331\/2023\/10\/E.-Pladevall_Ballester-edited-150x150.jpg 150w\" sizes=\"auto, (max-width: 148px) 100vw, 148px\" \/><figcaption class=\"wp-element-caption\"><a href=\"https:\/\/webs.uab.cat\/grela\/home\/team\/elisabet-pladevall\/\">Dr Elisabet Pladevall-Ballester<\/a><\/figcaption><\/figure>\n\n\n\n<figure class=\"wp-block-image size-thumbnail is-resized is-style-rounded\"><img loading=\"lazy\" decoding=\"async\" src=\"https:\/\/webs.uab.cat\/grela\/wp-content\/uploads\/sites\/331\/2023\/10\/Andrea_Sunyol-150x150.jpg\" alt=\"\" class=\"wp-image-311\" width=\"150\" height=\"150\" \/><figcaption class=\"wp-element-caption\">    <a href=\"https:\/\/webs.uab.cat\/grela\/andrea-sunyol\/\">Dr Andrea Sunyol<\/a><\/figcaption><\/figure>\n\n\n\n<figure class=\"wp-block-image size-full is-resized is-style-rounded\"><img decoding=\"async\" src=\"https:\/\/webs.uab.cat\/grela\/wp-content\/uploads\/sites\/331\/2023\/10\/Jennifer_Ament-edited.jpg\" alt=\"\" class=\"wp-image-488\" width=\"150\" srcset=\"https:\/\/webs.uab.cat\/grela\/wp-content\/uploads\/sites\/331\/2023\/10\/Jennifer_Ament-edited.jpg 226w, https:\/\/webs.uab.cat\/grela\/wp-content\/uploads\/sites\/331\/2023\/10\/Jennifer_Ament-edited-150x150.jpg 150w\" sizes=\"(max-width: 226px) 100vw, 226px\" \/><figcaption class=\"wp-element-caption\">  <a href=\"https:\/\/webs.uab.cat\/grela\/jennifer-ament\/\">Dr Jennifer Ament<\/a><\/figcaption><\/figure>\n<\/div>\n<\/div><\/details>\n\n\n\n<details class=\"wp-block-mamaduka-toggles wp-block-toggles\"><summary>PhD Students<\/summary><div class=\"wp-block-toggles__content\">\n<h2 class=\"wp-block-heading has-normal-font-size\" style=\"text-transform:capitalize\">Graduate Students<\/h2>\n\n\n\n<div class=\"wp-block-group is-horizontal is-content-justification-space-between is-layout-flex wp-container-core-group-is-layout-ed49b07a wp-block-group-is-layout-flex\">\n<figure class=\"wp-block-image size-full is-resized is-style-rounded\"><img loading=\"lazy\" decoding=\"async\" src=\"https:\/\/webs.uab.cat\/grela\/wp-content\/uploads\/sites\/331\/2023\/10\/Jessica_Mcdaid-edited.jpg\" alt=\"\" class=\"wp-image-506\" width=\"150\" height=\"150\" srcset=\"https:\/\/webs.uab.cat\/grela\/wp-content\/uploads\/sites\/331\/2023\/10\/Jessica_Mcdaid-edited.jpg 450w, https:\/\/webs.uab.cat\/grela\/wp-content\/uploads\/sites\/331\/2023\/10\/Jessica_Mcdaid-edited-300x300.jpg 300w, https:\/\/webs.uab.cat\/grela\/wp-content\/uploads\/sites\/331\/2023\/10\/Jessica_Mcdaid-edited-150x150.jpg 150w\" sizes=\"auto, (max-width: 150px) 100vw, 150px\" \/><figcaption class=\"wp-element-caption\"><a href=\"https:\/\/webs.uab.cat\/grela\/jessica-mcdaid\/\">Jessica McDaid<\/a><\/figcaption><\/figure>\n\n\n\n<figure class=\"wp-block-image size-full is-resized is-style-rounded\"><img loading=\"lazy\" decoding=\"async\" src=\"https:\/\/webs.uab.cat\/grela\/wp-content\/uploads\/sites\/331\/2023\/10\/Laura_Styles-edited.jpg\" alt=\"\" class=\"wp-image-509\" width=\"150\" height=\"150\" srcset=\"https:\/\/webs.uab.cat\/grela\/wp-content\/uploads\/sites\/331\/2023\/10\/Laura_Styles-edited.jpg 225w, https:\/\/webs.uab.cat\/grela\/wp-content\/uploads\/sites\/331\/2023\/10\/Laura_Styles-edited-150x150.jpg 150w\" sizes=\"auto, (max-width: 150px) 100vw, 150px\" \/><figcaption class=\"wp-element-caption\"><a href=\"https:\/\/webs.uab.cat\/grela\/laura-styles\/\">Laura Styles<\/a><\/figcaption><\/figure>\n\n\n\n<figure class=\"wp-block-image size-full is-resized is-style-rounded\"><img loading=\"lazy\" decoding=\"async\" src=\"https:\/\/webs.uab.cat\/grela\/wp-content\/uploads\/sites\/331\/2023\/10\/Irene_Tort-edited.png\" alt=\"\" class=\"wp-image-502\" width=\"150\" height=\"150\" srcset=\"https:\/\/webs.uab.cat\/grela\/wp-content\/uploads\/sites\/331\/2023\/10\/Irene_Tort-edited.png 418w, https:\/\/webs.uab.cat\/grela\/wp-content\/uploads\/sites\/331\/2023\/10\/Irene_Tort-edited-300x300.png 300w, https:\/\/webs.uab.cat\/grela\/wp-content\/uploads\/sites\/331\/2023\/10\/Irene_Tort-edited-150x150.png 150w\" sizes=\"auto, (max-width: 150px) 100vw, 150px\" \/><figcaption class=\"wp-element-caption\">            <a href=\"https:\/\/webs.uab.cat\/grela\/irene-tort\/\">Irene Tort<\/a><\/figcaption><\/figure>\n\n\n\n<figure class=\"wp-block-image size-full is-resized is-style-rounded\"><img loading=\"lazy\" decoding=\"async\" src=\"https:\/\/webs.uab.cat\/grela\/wp-content\/uploads\/sites\/331\/2023\/10\/Gulsah_Turk-edited.jpg\" alt=\"\" class=\"wp-image-500\" width=\"150\" height=\"150\" srcset=\"https:\/\/webs.uab.cat\/grela\/wp-content\/uploads\/sites\/331\/2023\/10\/Gulsah_Turk-edited.jpg 229w, https:\/\/webs.uab.cat\/grela\/wp-content\/uploads\/sites\/331\/2023\/10\/Gulsah_Turk-edited-150x150.jpg 150w\" sizes=\"auto, (max-width: 150px) 100vw, 150px\" \/><figcaption class=\"wp-element-caption\"><a href=\"https:\/\/webs.uab.cat\/grela\/gulsah-turk-yigtalp\/\">G\u00fcl\u015fah T\u00fcrk-Yi\u011fitalp<\/a><\/figcaption><\/figure>\n<\/div>\n<\/div><\/details>\n\n\n\n<details class=\"wp-block-mamaduka-toggles wp-block-toggles\"><summary>External Collaborators<\/summary><div class=\"wp-block-toggles__content\">\n<h2 class=\"wp-block-heading has-normal-font-size\" style=\"text-transform:capitalize\">Collaborators<\/h2>\n\n\n\n<ul class=\"wp-block-list\">\n<li>Dr Laura Alonso (Universidad Nacional de C\u00f3rdoba)<\/li>\n\n\n\n<li>Dr Lorena Salud Gadella Kamstra (University of Essex)<\/li>\n\n\n\n<li>Dr Dina Lialikhova (University of Stavanger)<\/li>\n\n\n\n<li>Dr Mireille McLaughlin (University of Ottawa)<\/li>\n\n\n\n<li>Dr Adriana Pati\u00f1o-Santos (University of Southampton)<\/li>\n\n\n\n<li>Dr Miguel P\u00e9rez-Milans (University College London)<\/li>\n\n\n\n<li>Dr Eloi Puig-Mayenco (King&#8217;s College London)<\/li>\n\n\n\n<li>Dr Ana Mar\u00eda Rela\u00f1o-Pastor (Universidad de Castilla-La Mancha)<\/li>\n\n\n\n<li>Dr Aiala Ros\u00e1 (Universidad de la Rep\u00fablica de Uruguay)<\/li>\n\n\n\n<li>Dr Adriana Soto Corominas (Universitat Aut\u00f2noma de Barcelona)<\/li>\n\n\n\n<li>Dr Anna Vallbona (Universitat de Vic \u2013 Central de Catalunya)<\/li>\n\n\n\n<li>Dr Jos\u00e9 del Valle (City University New York)<\/li>\n\n\n\n<li>Dr Alexandra Vraciu (Universitat de Lleida)<\/li>\n\n\n\n<li>Dr Dina Wonserver (Universidad de la Rep\u00fablica de Uruguay)<\/li>\n\n\n\n<li>Dr Mengjia Zhang (Xi\u2019an International Studies University)<\/li>\n<\/ul>\n<\/div><\/details>\n","protected":false},"excerpt":{"rendered":"","protected":false},"author":2567,"featured_media":0,"parent":99,"menu_order":2,"comment_status":"closed","ping_status":"closed","template":"","meta":{"footnotes":""},"class_list":["post-20","page","type-page","status-publish","hentry"],"_links":{"self":[{"href":"https:\/\/webs.uab.cat\/grela\/wp-json\/wp\/v2\/pages\/20","targetHints":{"allow":["GET"]}}],"collection":[{"href":"https:\/\/webs.uab.cat\/grela\/wp-json\/wp\/v2\/pages"}],"about":[{"href":"https:\/\/webs.uab.cat\/grela\/wp-json\/wp\/v2\/types\/page"}],"author":[{"embeddable":true,"href":"https:\/\/webs.uab.cat\/grela\/wp-json\/wp\/v2\/users\/2567"}],"replies":[{"embeddable":true,"href":"https:\/\/webs.uab.cat\/grela\/wp-json\/wp\/v2\/comments?post=20"}],"version-history":[{"count":56,"href":"https:\/\/webs.uab.cat\/grela\/wp-json\/wp\/v2\/pages\/20\/revisions"}],"predecessor-version":[{"id":601,"href":"https:\/\/webs.uab.cat\/grela\/wp-json\/wp\/v2\/pages\/20\/revisions\/601"}],"up":[{"embeddable":true,"href":"https:\/\/webs.uab.cat\/grela\/wp-json\/wp\/v2\/pages\/99"}],"wp:attachment":[{"href":"https:\/\/webs.uab.cat\/grela\/wp-json\/wp\/v2\/media?parent=20"}],"curies":[{"name":"wp","href":"https:\/\/api.w.org\/{rel}","templated":true}]}}