{"id":24,"date":"2023-02-21T15:50:41","date_gmt":"2023-02-21T13:50:41","guid":{"rendered":"https:\/\/webs.uab.cat\/grela\/?page_id=24"},"modified":"2023-10-26T12:44:42","modified_gmt":"2023-10-26T10:44:42","slug":"phd","status":"publish","type":"page","link":"https:\/\/webs.uab.cat\/grela\/phd\/","title":{"rendered":"Theses"},"content":{"rendered":"\n<p class=\"has-large-font-size\"><strong>Ongoing<\/strong><\/p>\n\n\n\n<p>Rod\u00f3, Jordi (2022- ) A longitudinal study on the cognitive and linguistic abilities of senior learners of English as a foreign language. Supervisor: E. Pladevall-Ballester.<\/p>\n\n\n\n<p>Garriga Galobardes, Silvia (2021- ).\u00a0Translation in motion: the expression of motion in English and Catalan. Supervisor: H. Curell<\/p>\n\n\n\n<p>Lagares Carretero, M\u00aa Carmen (2021- ). An analysis of hate speech in political discourse in Spain and the United States. Supervisor: A. Fern\u00e1ndez-Montraveta<\/p>\n\n\n\n<p>Styles, Laura (2021-  ) A study of the effect of type of instruction on the comprehension and written production of advanced grammatical forms. Supervisor: E. Pladevall-Ballester.<\/p>\n\n\n\n<p>Kaloustian, Shoghig (2020-  ) Investigating the Boomerang Correction Strategy: Written Corrective Feedback, Motivation, and the Development of Writing in Young ESL Learners. Supervisor: E. Pladevall-Ballester.<\/p>\n\n\n\n<p>McDaid, Jessica Ann (2020- ) Northern Ireland Boarding Scholls as English Immersion Spaces: A Critical Ethnographic Lens on (Pre)Adolescent Mobility for English Language Learning. Supervisor: E. Cod\u00f3.<\/p>\n\n\n\n<p>Turk, Gulsah (2020-  ). Regimenting Refugee Students&#8217; Lives: A Critical Sociolinguistic Ethnography of an EU-Funded Language Education Project in Turkey. Supervisor: E. Cod\u00f3.<\/p>\n\n\n\n<p>Barranqueras, \u00c0ngel (2019-  ) Dimensions of Bilingual Proficiency: Intergenerational Attrition in English-Catalan Bilinguals. Supervisor: E. Pladevall-Ballester and M. Capdevila.<\/p>\n\n\n\n<p>Huerta, Andrea (2017-  ) L1 use in young learners\u2019 EFL task-based peer interaction. Supervisor: E. Pladevall-Ballester.<\/p>\n\n\n\n<p> <\/p>\n\n\n\n<p class=\"has-large-font-size\"><strong>Defended<\/strong><\/p>\n\n\n\n<p class=\"has-normal-font-size\"><em>2017-2023<\/em><\/p>\n\n\n\n<p>Menna, Laura (2023) &#8220;&#8216;<a href=\"https:\/\/www.tesisenred.net\/handle\/10803\/688106\">El oro negro de la ciudad&#8217;: una etnograf\u00eda del sujeto mantero y su voz<\/a>&#8220;. Supervisor: E.Cod\u00f3 (with T. van Dijk).<\/p>\n\n\n\n<p>Sanahuges Escoda, Carme (2022).&nbsp;<a rel=\"noreferrer noopener\" href=\"https:\/\/www.tdx.cat\/handle\/10803\/675168#page=1\" target=\"_blank\"><em>The Verbal Expression of Empathy in Catalan and English<\/em><\/a><em>.<\/em> Supervisor: H. Curell.<\/p>\n\n\n\n<p>Zhang, Mengjia (2021)  <a href=\"https:\/\/www.tdx.cat\/handle\/10803\/674029#page=1\" data-type=\"URL\" data-id=\"https:\/\/www.tdx.cat\/handle\/10803\/674029#page=1\">EMI in non-linguistic courses in Chinese Higher Education: stakeholders\u2019 perceptions and learning outcomes <\/a>. Supervisor: E. Pladevall-Ballester.<\/p>\n\n\n\n<p>Thomas-Wilhelm, Dakota J. (2020) <a href=\"https:\/\/www.tdx.cat\/handle\/10803\/671666\" data-type=\"URL\" data-id=\"https:\/\/www.tdx.cat\/handle\/10803\/671666\">It\u2019s definitely atomic: the acquisition of atomicity and countability by speakers of Mandarin in an instructed second language acquisition context<\/a> Supervisor: E. Pladevall-Ballester.<\/p>\n\n\n\n<p>Sunyol Garc\u00eda-Moreno, Andrea (2019) &#8220;<a href=\"https:\/\/www.tdx.cat\/handle\/10803\/669396#page=1\">Multilingualism, Elitism and Ideologies of Globalism in International Schools in Catalonia: An Ethnographic Study<\/a>&#8220;. Supervisor: E. Cod\u00f3.<\/p>\n\n\n\n<p>Lialikhova, Dina (2019) The effect of CLIL on oral communication skills: A case study of teaching about the Second World War in English in Norwegian lower secondary school.&nbsp;PhD Programme in Educational Sciences, Department of Cultural Studies and Languages, University of Stavagner (UiS), Norway. Supervisor: E. Pladevall-Ballester (with Dr Ion Drew).<\/p>\n\n\n\n<p><\/p>\n\n\n\n<p class=\"has-normal-font-size\"><em>2010-2017<\/em><\/p>\n\n\n\n<p>Garrido Sard\u00e0, M. Rosa (2014) &#8220;<a href=\"https:\/\/www.tdx.cat\/handle\/10803\/285359\">Emmaus as an Imagined Transnational Community: Language, Interdiscursivity and Stratification in a Social Movement<\/a>&#8220;. Supervisor: E. Cod\u00f3. <\/p>\n\n\n\n<p>Vallbona, Anna (2014) <a href=\"https:\/\/www.tdx.cat\/handle\/10803\/133347\">L2 Competence of Young Language Learners in Science and Arts and Crafts CLIL and EFL Instruction Contexts. A Longitudinal Study. <\/a> Supervisor: E. Pladevall-Ballester.<\/p>\n\n\n\n<p>Bret, Anna (2014) <a href=\"https:\/\/www.tdx.cat\/handle\/10803\/285613#page=1\">L2 English Young Learners\u2019 Oral Production Skills in Instructed Second Language Contexts: A Longitudinal Study of CLIL and EFL Settings. <\/a>Supervisor: E. Pladevall-Ballester.<\/p>\n\n\n\n<p>Vraciu, Alexandra. (2012).&nbsp;<a rel=\"noreferrer noopener\" href=\"https:\/\/www.tdx.cat\/handle\/10803\/96894\" target=\"_blank\"><em>Tense-Aspect Morphology in the Advanced English L2 Variety: Exploring Semantic,<\/em>&nbsp;Discourse<em>&nbsp;and Cross-linguistic Factors<\/em><\/a>. Supervisor: H. Curell.<\/p>\n\n\n\n<p>Topor, Mihaela (2011). Per\u00edfrasis verbales del espa\u00f1ol y rumano. Un estudio contrastivo. Supervisor: A. Fern\u00e1ndez-Montraveta (with G. V\u00e1zquez)<\/p>\n\n\n\n<p><em>Prior to 2010<\/em><\/p>\n\n\n\n<p>Pladevall-Ballester, Eisabet (2007) <a href=\"http:\/\/hdl.handle.net\/10803\/4912\">Child and Adult Non-native Subject Development: A Bi-directional Study of English and Spanish<\/a><em>.<\/em>&nbsp;Supervisor: M. Llin\u00e0s. <\/p>\n\n\n\n<p>Fern\u00e1ndez Montraveta, Ana. (2000).&nbsp;<a rel=\"noreferrer noopener\" href=\"https:\/\/publicacions.uab.es\/tesis\/fitxa_web.asp?clau=si&amp;ID=2159\" target=\"_blank\"><em>The Analysis of Verbal Lexical Items and Translation Mismatches in English and Spanish. A Theoretical Framework<\/em><\/a><em>.<\/em><\/p>\n\n\n\n<p>Capdevila, Montserrat (1996). The Prefunctional Stage in Language Acquisition: Evidence from English and Catalan<em>.<\/em>&nbsp;<\/p>\n","protected":false},"excerpt":{"rendered":"<p>Ongoing Rod\u00f3, Jordi (2022- ) A longitudinal study on the cognitive and linguistic abilities of senior learners of English as a foreign language. Supervisor: E. Pladevall-Ballester. Garriga Galobardes, Silvia (2021- ).\u00a0Translation in motion: the expression of motion in English and Catalan. Supervisor: H. Curell Lagares Carretero, M\u00aa Carmen (2021- ). An analysis of hate speech [&hellip;]<\/p>\n","protected":false},"author":2567,"featured_media":0,"parent":0,"menu_order":4,"comment_status":"closed","ping_status":"closed","template":"","meta":{"footnotes":""},"class_list":["post-24","page","type-page","status-publish","hentry"],"_links":{"self":[{"href":"https:\/\/webs.uab.cat\/grela\/wp-json\/wp\/v2\/pages\/24","targetHints":{"allow":["GET"]}}],"collection":[{"href":"https:\/\/webs.uab.cat\/grela\/wp-json\/wp\/v2\/pages"}],"about":[{"href":"https:\/\/webs.uab.cat\/grela\/wp-json\/wp\/v2\/types\/page"}],"author":[{"embeddable":true,"href":"https:\/\/webs.uab.cat\/grela\/wp-json\/wp\/v2\/users\/2567"}],"replies":[{"embeddable":true,"href":"https:\/\/webs.uab.cat\/grela\/wp-json\/wp\/v2\/comments?post=24"}],"version-history":[{"count":19,"href":"https:\/\/webs.uab.cat\/grela\/wp-json\/wp\/v2\/pages\/24\/revisions"}],"predecessor-version":[{"id":538,"href":"https:\/\/webs.uab.cat\/grela\/wp-json\/wp\/v2\/pages\/24\/revisions\/538"}],"wp:attachment":[{"href":"https:\/\/webs.uab.cat\/grela\/wp-json\/wp\/v2\/media?parent=24"}],"curies":[{"name":"wp","href":"https:\/\/api.w.org\/{rel}","templated":true}]}}