{"id":363,"date":"2023-10-13T10:56:20","date_gmt":"2023-10-13T08:56:20","guid":{"rendered":"https:\/\/webs.uab.cat\/grela\/?page_id=363"},"modified":"2023-10-26T15:59:18","modified_gmt":"2023-10-26T13:59:18","slug":"elisabet-pladevall","status":"publish","type":"page","link":"https:\/\/webs.uab.cat\/grela\/home\/team\/elisabet-pladevall\/","title":{"rendered":"Elisabet Pladevall-Ballester"},"content":{"rendered":"<div class=\"wp-block-image is-style-rounded\">\n<figure class=\"aligncenter size-full is-resized\"><img loading=\"lazy\" decoding=\"async\" src=\"https:\/\/webs.uab.cat\/grela\/wp-content\/uploads\/sites\/331\/2023\/10\/E.-Pladevall_Ballester.jpg\" alt=\"\" class=\"wp-image-312\" width=\"189\" height=\"189\" \/><\/figure>\n<\/div>\n\n\n<p>Dr Elisabet Pladevall-Ballester holds an MA in Linguistics from University College London and a PhD in English Language and Linguistics from Universitat Aut\u00f2noma de Barcelona. She is an Associate Professor in the&nbsp;<em>Departament de Filologia Anglesa i de German\u00edstica&nbsp;<\/em>at Universitat Aut\u00f2noma de Barcelona. Her research interests include child and adult Second Language Acquisition in bilingual immersion and instructed classroom contexts and also in CLIL primary education contexts. She is currently leading the research line EFLIC (English as a Foreign Language in Instruction Contexts) within the funded research group GReLA (2021SGR00684) and teaches English Grammar and Teaching Methodology at the undergraduate level and Instructed SLA and CLIL in the department\u2019s MA program. She is also the Head of Department (<em>Departament de Filologia Anglesa i de German\u00edstica<\/em>) at the UAB.<\/p>\n\n\n\n<p>ORCID ID: <a href=\"https:\/\/orcid.org\/0000-0002-2793-9179\">0000-0002-2793-9179<\/a><\/p>\n\n\n\n<p><a href=\"https:\/\/webs.uab.cat\/elisabetpladevallballester\/\" target=\"_blank\" rel=\"noreferrer noopener\">Personal webpage<\/a><\/p>\n","protected":false},"excerpt":{"rendered":"<p>Dr Elisabet Pladevall-Ballester holds an MA in Linguistics from University College London and a PhD in English Language and Linguistics from Universitat Aut\u00f2noma de Barcelona. She is an Associate Professor in the&nbsp;Departament de Filologia Anglesa i de German\u00edstica&nbsp;at Universitat Aut\u00f2noma de Barcelona. Her research interests include child and adult Second Language Acquisition in bilingual immersion [&hellip;]<\/p>\n","protected":false},"author":1073,"featured_media":0,"parent":20,"menu_order":0,"comment_status":"closed","ping_status":"closed","template":"","meta":{"footnotes":""},"class_list":["post-363","page","type-page","status-publish","hentry"],"_links":{"self":[{"href":"https:\/\/webs.uab.cat\/grela\/wp-json\/wp\/v2\/pages\/363","targetHints":{"allow":["GET"]}}],"collection":[{"href":"https:\/\/webs.uab.cat\/grela\/wp-json\/wp\/v2\/pages"}],"about":[{"href":"https:\/\/webs.uab.cat\/grela\/wp-json\/wp\/v2\/types\/page"}],"author":[{"embeddable":true,"href":"https:\/\/webs.uab.cat\/grela\/wp-json\/wp\/v2\/users\/1073"}],"replies":[{"embeddable":true,"href":"https:\/\/webs.uab.cat\/grela\/wp-json\/wp\/v2\/comments?post=363"}],"version-history":[{"count":4,"href":"https:\/\/webs.uab.cat\/grela\/wp-json\/wp\/v2\/pages\/363\/revisions"}],"predecessor-version":[{"id":543,"href":"https:\/\/webs.uab.cat\/grela\/wp-json\/wp\/v2\/pages\/363\/revisions\/543"}],"up":[{"embeddable":true,"href":"https:\/\/webs.uab.cat\/grela\/wp-json\/wp\/v2\/pages\/20"}],"wp:attachment":[{"href":"https:\/\/webs.uab.cat\/grela\/wp-json\/wp\/v2\/media?parent=363"}],"curies":[{"name":"wp","href":"https:\/\/api.w.org\/{rel}","templated":true}]}}