{"id":145,"date":"2009-05-25T13:07:54","date_gmt":"2009-05-25T11:07:54","guid":{"rendered":"https:\/\/webs.uab.cat\/gremir\/inici\/"},"modified":"2022-11-24T11:37:54","modified_gmt":"2022-11-24T09:37:54","slug":"inici","status":"publish","type":"page","link":"https:\/\/webs.uab.cat\/gremir\/","title":{"rendered":"Inici"},"content":{"rendered":"\n<p class=\"has-text-align-center has-accent-background-color has-background\"><strong>El GREMIR \u00e9s un Grup de Recerca Consolidat integrat a la Xarxa de Refer\u00e8ncia en Economia i Pol\u00edtiques P\u00fabliques (XREPP).<\/strong><\/p>\n\n\n\n<p><span style=\"font-size: medium;\">El <strong>Grup de Recerca en Mercats, Institucions i Redistribuci\u00f3 (GREMIR)<\/strong> \u00e9s un Grup de Recerca Consolidat reconegut en les convocat\u00f2ries 2009 i 2014 SGR de l&#8217;AGAUR (Generalitat de Catalunya) i integrat a la Xarxa de Refer\u00e8ncia en Economia i Pol\u00edtiques P\u00fabliques (<\/span><a href=\"http:\/\/www.xrepp.cat\/\" target=\"_blank\" rel=\"noopener\"><span style=\"font-size: medium;\">XREPP<\/span><\/a><span style=\"font-size: medium;\">). <\/span><\/p>\n\n\n\n<p><span style=\"font-size: medium;\">El <strong>GREMIR<\/strong> \u00e9s un grup que plasma un seguit de relacions acad\u00e8miques entre diversos investigadors que es van iniciar fa anys i que han donat m\u00faltiples fruits en forma de publicacions conjuntes, projectes de recerca, convenis i organitzaci\u00f3 d\u2019esdeveniments acad\u00e8mics. La seva tasca investigadora s&#8217;estructura al voltant de tres grans l\u00ednies d\u2019investigaci\u00f3 lligades al funcionament dels mercats, a la redistribuci\u00f3, i al paper que hi juguen les institucions i les pol\u00edtiques econ\u00f2miques.<\/span><\/p>\n\n\n\n<hr class=\"wp-block-separator has-alpha-channel-opacity\"\/>\n\n\n\n<p><em><span style=\"font-size: 16px;\">El Grupo de Investigaci\u00f3n en Mercados, Institucione y Redistribuci\u00f3n (GREMIR) es un grupo de investigaci\u00f3n consolidado reconocido en las convocatorias 2009 y 2014 SGR de la AGAUR (Generalitat de Catalunya) e integrado en la Red de Referencia en Econom\u00eda y Pol\u00edticas P\u00fablicas (<a href=\"http:\/\/www.xrepp.cat\/\" target=\"_blank\" rel=\"noopener\">XREPP<\/a>). <\/span><\/em><\/p>\n\n\n\n<p><span style=\"font-size: 16px;\"><em>El GREMIR es un grupo que plasma una serie de relaciones acad\u00e9micas entre varios investigadores que se iniciaron hace a\u00f1os y que han dado m\u00faltiples frutos en forma de publicaciones conjuntas, proyectos de investigaci\u00f3n, convenios y organizaci\u00f3n de eventos acad\u00e9micos. Su labor investigadora se estructura en torno a tres grandes l\u00edneas de investigaci\u00f3n ligadas al funcionamiento de los mercados, a la redistribuci\u00f3n, y el papel que juegan las instituciones y las pol\u00edticas econ\u00f3micas.<\/em><\/span><\/p>\n\n\n\n<hr class=\"wp-block-separator has-alpha-channel-opacity\"\/>\n\n\n\n<p>Research Group in Markets, Institutions and Redistribution (GREMIR) is a consolidated research group recognized by AGAUR (Generalitat de Catalunya) in its 2009 and 2016 SGR calls. It is also a member of the Reference Network of Economics and Public Policies (<a href=\"http:\/\/www.xrepp.cat\/\" target=\"_blank\" rel=\"noopener\">XREPP<\/a>).<br>GREMIR brings together a group of researchers who over the years have worked together on academic projects that have borne fruits in the form of joint publications, research projects, knowledge transfer outside academia, and the organization of several academic meetings. Its research is structured around three general lines of inquiry linked to the functioning of markets, income redistribution, the role of institutions, and the design of efficient public policies.<\/p>\n","protected":false},"excerpt":{"rendered":"<p>El GREMIR \u00e9s un Grup de Recerca Consolidat integrat a la Xarxa de Refer\u00e8ncia en Economia i Pol\u00edtiques P\u00fabliques (XREPP). El Grup de Recerca en Mercats, Institucions i Redistribuci\u00f3 (GREMIR) \u00e9s un Grup de Recerca Consolidat reconegut en les convocat\u00f2ries 2009 i 2014 SGR de l&#8217;AGAUR (Generalitat de Catalunya) i integrat a la Xarxa de [&hellip;]<\/p>\n","protected":false},"author":20,"featured_media":0,"parent":0,"menu_order":0,"comment_status":"closed","ping_status":"closed","template":"","meta":{"footnotes":""},"class_list":["post-145","page","type-page","status-publish","hentry"],"_links":{"self":[{"href":"https:\/\/webs.uab.cat\/gremir\/wp-json\/wp\/v2\/pages\/145","targetHints":{"allow":["GET"]}}],"collection":[{"href":"https:\/\/webs.uab.cat\/gremir\/wp-json\/wp\/v2\/pages"}],"about":[{"href":"https:\/\/webs.uab.cat\/gremir\/wp-json\/wp\/v2\/types\/page"}],"author":[{"embeddable":true,"href":"https:\/\/webs.uab.cat\/gremir\/wp-json\/wp\/v2\/users\/20"}],"replies":[{"embeddable":true,"href":"https:\/\/webs.uab.cat\/gremir\/wp-json\/wp\/v2\/comments?post=145"}],"version-history":[{"count":3,"href":"https:\/\/webs.uab.cat\/gremir\/wp-json\/wp\/v2\/pages\/145\/revisions"}],"predecessor-version":[{"id":363,"href":"https:\/\/webs.uab.cat\/gremir\/wp-json\/wp\/v2\/pages\/145\/revisions\/363"}],"wp:attachment":[{"href":"https:\/\/webs.uab.cat\/gremir\/wp-json\/wp\/v2\/media?parent=145"}],"curies":[{"name":"wp","href":"https:\/\/api.w.org\/{rel}","templated":true}]}}