{"id":155,"date":"2009-05-25T13:54:03","date_gmt":"2009-05-25T11:54:03","guid":{"rendered":"https:\/\/webs.uab.cat\/gremir\/fons-publics\/"},"modified":"2009-05-25T13:54:03","modified_gmt":"2009-05-25T11:54:03","slug":"fons-publics","status":"publish","type":"page","link":"https:\/\/webs.uab.cat\/gremir\/fons-publics\/","title":{"rendered":"Finan\u00e7ats amb fons p\u00fablics"},"content":{"rendered":"<p>&nbsp;<\/p>\n<p>T\u00cdTOL DEL PROJECTE:<strong> <\/strong><strong>Calidad Institucional, Descentralizaci\u00f3n y Pol\u00edticas P\u00fablicas<\/strong><br \/>\nENTITAT FINAN\u00c7ADORA: Ministerio de Ciencia e Innovaci\u00f3n (ECO2016-75623-R)<br \/>\nDURACI\u00d3: Gener 2017 \u2013 Desembre 2019<br \/>\nINVESTIGADOR PRINCIPAL: Oriol Roca i H\u00e9ctor Sala<br \/>\nAltres membres Gremir: Andreas Kyriacou, Leonel Muinelo, Paola Azar, Pedro Triv\u00edn.<\/p>\n<p>&nbsp;<\/p>\n<hr \/>\n<p>T\u00cdTOL DEL PROJECTE:<strong> <\/strong><strong><span style=\"font-family:arial,sans-serif\">Retos de la UE: Crecimiento y Competitividad versus Desigualdad<\/span><\/strong><br \/>\nENTITAT FINAN\u00c7ADORA: <span style=\"font-family:arial,sans-serif\">Generalitat Valenciana<\/span> (<span style=\"font-family:arial,sans-serif\">AICO 2016<\/span>)<br \/>\nDURACI\u00d3: Gener 2017 \u2013 Desembre 2018<br \/>\nINVESTIGADOR PRINCIPAL: <span style=\"font-family:arial,sans-serif\">Javier Ord\u00f3\u00f1ez (Universidad Jaume I de Castell\u00f3n)<\/span><br \/>\nMembres Gremir: <span style=\"font-family:arial,sans-serif\">Jos\u00e9 I. Silva<\/span>.<\/p>\n<p>&nbsp;<\/p>\n<hr \/>\n<p>T\u00cdTOL DEL PROJECTE:<strong> <\/strong><strong><span style=\"font-family:arial,sans-serif\">Economia P\u00fablica i Reptes Socials<\/span><\/strong><br \/>\nENTITAT FINAN\u00c7ADORA: <span style=\"font-family:arial,sans-serif\">Universita de Girona<\/span> (<span style=\"font-family:arial,sans-serif\">MPCUdG2016\/124<\/span>)<br \/>\nDURACI\u00d3: Gener 2016 \u2013 Desembre 2018<br \/>\nINVESTIGADOR PRINCIPAL: <span style=\"font-family:arial,sans-serif\">Ana Serrano y Renan Goetz (Universitat de Girona) <\/span><br \/>\nMembres Gremir: Jos\u00e9 Ignacio Silva, Andreas Kyriacou.<\/p>\n<p>&nbsp;<\/p>\n<hr \/>\n<p>T\u00cdTOL DEL PROJECTE:<strong> <\/strong><strong>Grup de Recerca en Mercats, Institucions i Redistribuci\u00f3<\/strong><br \/>\nENTITAT FINAN\u00c7ADORA: Direcci\u00f3 General de Recerca, Generalitat de Catalunya (SGR2014-239)<br \/>\nDURACI\u00d3: Gener 2014 \u2013 Desembre 2016<br \/>\nINVESTIGADOR PRINCIPAL: Andreas Kyriacou<br \/>\nAltres membres Gremir: Jos\u00e9 Ignacio Silva, Oriol Roca, H\u00e9ctor Sala, Leonel Muinelo, Paola Azar, Pedro Triv\u00edn.<\/p>\n<p>&nbsp;<\/p>\n<hr \/>\n<p>T\u00cdTOL DEL PROJECTE:<strong> Dise\u00f1o Institucional y Pol\u00edticas P\u00fablicas. Efectos Sobre el Mercado de Trabajo y el Crecimiento Econ\u00f3mico<\/strong><br \/>\nENTITAT FINAN\u00c7ADORA: Ministerio de Ciencia e Innovaci\u00f3n (ECO2012-31081)<br \/>\nDURACI\u00d3: Gener 2013 \u2013 Desembre 2015<br \/>\nINVESTIGADOR PRINCIPAL: H\u00e9ctor Sala<br \/>\nAltres membres Gremir: Jos\u00e9 Ignacio Silva, Andreas Kyriacou, Leonel Muinelo, Oriol Roca, Pedro Triv\u00edn.<\/p>\n<p>&nbsp;<\/p>\n<hr \/>\n<p>T\u00cdTOL DEL PROJECTE: <strong>Pobreza e Igualdad: M\u00e9todos y implicaciones <\/strong><br \/>\nENTITAT FINAN\u00c7ADORA: Ministerio de Ciencia e Innovaci\u00f3n (ECO2010-21668-C03-02)<br \/>\nDURACI\u00d3: Gener 2011 \u2013 Desembre 2013<br \/>\nINVESTIGADOR PRINCIPAL: Xavier Ramos<br \/>\nMembres Gremir: Andreas Kyriacou, Leonel Muinelo, Oriol Roca<br \/>\n&nbsp;<\/p>\n<hr \/>\n<p>T\u00cdTOL DEL PROJECTE: <strong>Pol\u00edtica Monetaria, Inversi\u00f3n y Mercado de Trabajo<\/strong><br \/>\nENTITAT FINAN\u00c7ADORA: Ministerio de Ciencia e Innovaci\u00f3n (Eco2009\/07636)<br \/>\nDURACI\u00d3: Gener 2010 \u2013 Desembre 2012<br \/>\nINVESTIGADOR PRINCIPAL: H\u00e9ctor Sala<br \/>\nAltres membres Gremir: Jos\u00e9 Ignacio Silva<\/p>\n<p>&nbsp;<\/p>\n<hr \/>\n<p>T\u00cdTOL DEL PROJECTE: <strong>Exclusi\u00f3n social, movilidad intergeneracional e igualdad de oportunidades. Espa\u00f1a en el contexto europeo <\/strong><br \/>\nENTITAT FINAN\u00c7ADORA: Ministerio de Ciencia e Innovaci\u00f3n (SEJ2007-67911-C03-02\/ECON)<br \/>\nDURACI\u00d3: Desembre 2007 \u2013 Desembre 2010<br \/>\nINVESTIGADOR PRINCIPAL: Xavier Ramos<br \/>\nMembres Gremir: Leonel Muinelo, Oriol Roca<br \/>\n&nbsp;<\/p>\n<hr \/>\n<p>T\u00cdTOL DEL PROJECTE: <strong>Determinaci\u00f3n Salarial, Instituciones y Din\u00e0mica Corporativa <\/strong><br \/>\nENTITAT FINAN\u00c7ADORA: Ministerio de Ciencia e Innovaci\u00f3n (CICYT-SEJ2007-62500)<br \/>\nDURACI\u00d3: Desembre 2007 \u2013 Desembre 2010<br \/>\nINVESTIGADOR PRINCIPAL: Andreas Kyriacou<br \/>\n&nbsp;<\/p>\n<hr \/>\n<p>T\u00cdTOL DEL PROJECTE: <strong>Formaci\u00f3n, Productividad y Crecimiento Econ\u00f3mico en la Uni\u00f3n Europea<\/strong><br \/>\nENTITAT FINAN\u00c7ADORA: Instituto de Estudios Fiscales<br \/>\nDURACI\u00d3: Juliol 2010 \u2013 Juliol 2011<br \/>\nINVESTIGADOR PRINCIPAL: Jos\u00e9 Ignacio Silva<br \/>\nAltres membres Gremir: H\u00e9ctor Sala<br \/>\n&nbsp;<\/p>\n<hr \/>\n<p>T\u00cdTOL DEL PROJECTE: <strong>Disparidades Regionales, Descentralizaci\u00f3n y Calidad de Gobierno<\/strong><br \/>\nENTITAT FINAN\u00c7ADORA: Instituto de Estudios Fiscales, Ministerio de Econom\u00eda y Hacienda<br \/>\nDURACI\u00d3: Novembre 2010 &#8211; Juliol 2011<br \/>\nINVESTIGADOR PRINCIPAL: Andreas Kyriacou<br \/>\nAltres membres Gremir: Oriol Roca<br \/>\n&nbsp;<\/p>\n<hr \/>\n<p>T\u00cdTOL DEL PROJECTE: <strong>Autonomies Pol\u00edtiques Territorials i Qualitat de Govern en la Uni\u00f3 Europea: Disparitats Regionals i Descentralitzaci\u00f3<\/strong><br \/>\nENTITAT FINAN\u00c7ADORA: Institut d\u2019Estudis Auton\u00f2mics, Generalitat de Catalunya<br \/>\nDURACI\u00d3: Juliol 2010 \u2013 Maig 2011<br \/>\nINVESTIGADOR PRINCIPAL: Oriol Roca<br \/>\n&nbsp;<\/p>\n<hr \/>\n<p>T\u00cdTOL DEL PROJECTE: <strong>Les Autonomies Territorials i la Qualitat de Govern: Impacte de la Descentralitzaci\u00f3 Fiscal i Pol\u00edtica<\/strong><br \/>\nENTITAT FINAN\u00c7ADORA: Institut d\u2019Estudis Auton\u00f2mics, Generalitat de Catalunya<br \/>\nDURACI\u00d3: Maig 2008 &#8211; Juny 2009<br \/>\nINVESTIGADOR PRINCIPAL: Andreas Kyriacou<\/p>\n<p>&nbsp;<\/p>\n","protected":false},"excerpt":{"rendered":"<p>&nbsp; T\u00cdTOL DEL PROJECTE: Calidad Institucional, Descentralizaci\u00f3n y Pol\u00edticas P\u00fablicas ENTITAT FINAN\u00c7ADORA: Ministerio de Ciencia e Innovaci\u00f3n (ECO2016-75623-R) DURACI\u00d3: Gener 2017 \u2013 Desembre 2019 INVESTIGADOR PRINCIPAL: Oriol Roca i H\u00e9ctor Sala Altres membres Gremir: Andreas Kyriacou, Leonel Muinelo, Paola Azar, Pedro Triv\u00edn. &nbsp; T\u00cdTOL DEL PROJECTE: Retos de la UE: Crecimiento y Competitividad versus Desigualdad [&hellip;]<\/p>\n","protected":false},"author":20,"featured_media":0,"parent":0,"menu_order":0,"comment_status":"closed","ping_status":"closed","template":"","meta":{"footnotes":""},"class_list":["post-155","page","type-page","status-publish","hentry"],"_links":{"self":[{"href":"https:\/\/webs.uab.cat\/gremir\/wp-json\/wp\/v2\/pages\/155","targetHints":{"allow":["GET"]}}],"collection":[{"href":"https:\/\/webs.uab.cat\/gremir\/wp-json\/wp\/v2\/pages"}],"about":[{"href":"https:\/\/webs.uab.cat\/gremir\/wp-json\/wp\/v2\/types\/page"}],"author":[{"embeddable":true,"href":"https:\/\/webs.uab.cat\/gremir\/wp-json\/wp\/v2\/users\/20"}],"replies":[{"embeddable":true,"href":"https:\/\/webs.uab.cat\/gremir\/wp-json\/wp\/v2\/comments?post=155"}],"version-history":[{"count":0,"href":"https:\/\/webs.uab.cat\/gremir\/wp-json\/wp\/v2\/pages\/155\/revisions"}],"wp:attachment":[{"href":"https:\/\/webs.uab.cat\/gremir\/wp-json\/wp\/v2\/media?parent=155"}],"curies":[{"name":"wp","href":"https:\/\/api.w.org\/{rel}","templated":true}]}}