{"id":158,"date":"2016-11-07T23:00:36","date_gmt":"2016-11-07T21:00:36","guid":{"rendered":"https:\/\/webs.uab.cat\/gremir\/tesis-finalitzades\/"},"modified":"2016-11-07T23:00:36","modified_gmt":"2016-11-07T21:00:36","slug":"tesis-finalitzades","status":"publish","type":"page","link":"https:\/\/webs.uab.cat\/gremir\/tesis-finalitzades\/","title":{"rendered":"Tesis finalitzades"},"content":{"rendered":"<p>&nbsp;<\/p>\n<p>Pedro Triv\u00edn Garc\u00eda (2016): <em>Three Essays on the Labour Market Macroeconomics<\/em><\/p>\n<p>Director: Hector Sala<\/p>\n<p>&nbsp;<\/p>\n<p>Suanes, Macarena (2015): <em>Inversi\u00f3n extranjera directa y desarrollo econ\u00f3mico en Am\u00e9rica Latina<\/em><\/p>\n<p>Director: Oriol Roca<\/p>\n<p>&nbsp;<\/p>\n<p>Dar\u00edo Judzik (2014): <em>Three Essays on the Determinants of Labor Market Dynamics<\/em><\/p>\n<p>Director: Hector Sala<\/p>\n<p>&nbsp;<\/p>\n<p>Noemi Morral Palac\u00edn (2013): <em>Essays on the Political Economy of Regionalism<\/em><\/p>\n<p>Director: Andreas Kyriacou<\/p>\n<p>&nbsp;<\/p>\n<p>Francisco Jos\u00e9 L\u00f3pez Vel\u00e1squez (2012): <em>Institutional Persistence and Economic Development in the Long Run<\/em><\/p>\n<p>Director: Andreas Kyriacou<\/p>\n<p>&nbsp;<\/p>\n<p>Muinelo Gallo, Leonel (2010): <em>Crecimiento econ\u00f3mico y desigualdad. El rol de las pol\u00edticas p\u00fablicas<\/em><\/p>\n<p>Director: Oriol Roca<\/p>\n<p>&nbsp;<\/p>\n<p>Pablo Agnese (2010): <em>Labor Market Dynamics and Offshoring: An Empirical Application to Japan<\/em><\/p>\n<p>Director: Hector Sala<\/p>\n<p>&nbsp;<\/p>\n<p>Roberto Gonz\u00e1lez Gonz\u00e1lez (2009): <em>Las decisiones de oferta laboral en los pa\u00edses del Mercosur: determinantes y simulaci\u00f3n de pol\u00edticas de bienestar<\/em><\/p>\n<p>Director: Hector Sala<\/p>\n<p>&nbsp;<\/p>\n<p>&nbsp;<\/p>\n<p>&nbsp;<\/p><\/p>\n","protected":false},"excerpt":{"rendered":"<p>&nbsp; Pedro Triv\u00edn Garc\u00eda (2016): Three Essays on the Labour Market Macroeconomics Director: Hector Sala &nbsp; Suanes, Macarena (2015): Inversi\u00f3n extranjera directa y desarrollo econ\u00f3mico en Am\u00e9rica Latina Director: Oriol Roca &nbsp; Dar\u00edo Judzik (2014): Three Essays on the Determinants of Labor Market Dynamics Director: Hector Sala &nbsp; Noemi Morral Palac\u00edn (2013): Essays on the [&hellip;]<\/p>\n","protected":false},"author":20,"featured_media":0,"parent":0,"menu_order":0,"comment_status":"closed","ping_status":"closed","template":"","meta":{"footnotes":""},"class_list":["post-158","page","type-page","status-publish","hentry"],"_links":{"self":[{"href":"https:\/\/webs.uab.cat\/gremir\/wp-json\/wp\/v2\/pages\/158","targetHints":{"allow":["GET"]}}],"collection":[{"href":"https:\/\/webs.uab.cat\/gremir\/wp-json\/wp\/v2\/pages"}],"about":[{"href":"https:\/\/webs.uab.cat\/gremir\/wp-json\/wp\/v2\/types\/page"}],"author":[{"embeddable":true,"href":"https:\/\/webs.uab.cat\/gremir\/wp-json\/wp\/v2\/users\/20"}],"replies":[{"embeddable":true,"href":"https:\/\/webs.uab.cat\/gremir\/wp-json\/wp\/v2\/comments?post=158"}],"version-history":[{"count":0,"href":"https:\/\/webs.uab.cat\/gremir\/wp-json\/wp\/v2\/pages\/158\/revisions"}],"wp:attachment":[{"href":"https:\/\/webs.uab.cat\/gremir\/wp-json\/wp\/v2\/media?parent=158"}],"curies":[{"name":"wp","href":"https:\/\/api.w.org\/{rel}","templated":true}]}}