{"id":110,"date":"2016-04-07T12:52:38","date_gmt":"2016-04-07T10:52:38","guid":{"rendered":"https:\/\/webs.uab.cat\/picec\/inici\/"},"modified":"2022-12-24T09:18:48","modified_gmt":"2022-12-24T07:18:48","slug":"inici","status":"publish","type":"page","link":"https:\/\/webs.uab.cat\/grepiic\/en\/inici\/","title":{"rendered":"Home"},"content":{"rendered":"\n<p><strong>Who are we?<\/strong><\/p>\n\n\n\n<p>PICEC is a 17-member interdisciplinary research group which includes Modern History Professor Emeritus <strong>Borja de Riquer<\/strong>, Law Professor Emerita <strong>Maria Jes\u00fas Espuny<\/strong>; Modern History Lecturer <strong>Gemma Rub\u00ed<\/strong>, principal investigator of a project about corruption history in modern Spain; Early Modern History Lecturer <strong>Javier Ant\u00f3n<\/strong>, principal investigator of a project about familial letters; <strong>Remei Perpiny\u00e0<\/strong>, coordinator of a work group on document management for a more transparent administration and lecturer at Escola Superior d\u2019Arxiv\u00edstica i Gesti\u00f3 Documental; Constitutional Law Professor and former director of Institut de Ci\u00e8ncies Pol\u00edtiques i Socials <strong>Joan Llu\u00eds P\u00e9rez Francesch<\/strong> and Modern History Lecturer and SGR PICEC director <strong>Llu\u00eds Ferran Toledano<\/strong>. Other Spanish and European researchers about the History of Corruption, Public Administration Transparency and Political Clientelism made contributions to PICEC on matters related to the last three centuries.<\/p>\n\n\n\n<p><a href=\"https:\/\/webs.uab.cat\/picec\/en\/members-and-collaborators\/\" data-type=\"page\" data-id=\"370\"><u>See all PICEC members.<\/u><\/a><\/p>\n\n\n\n<p><strong>What are we researching?<\/strong><\/p>\n\n\n\n<p><strong>PICEC<\/strong> has an aspiration to become one of the main Spanish interdisciplinary groups on the so-called New History of Political Corruption within the European research networks. One of its main goals is to build <strong>a big database on political corruption<\/strong> which in its first stage must contain comprehensive information about every scandal which happened in Spain between the late 18th century and current times. This effort is correlated with that of other European teams in order to ultimately build a big continental database.<\/p>\n\n\n\n<p>The project requires to synthesize all the information about corruption cases which can be identified from a huge amount of different sources (historical, juridical, political, administrative) and to indicate the persons, the political parties, the public administrations and the private corporations which are complicated in every scandal, because these informations are needed in order to analyze both the political and social impact and the historical importance of the affair. These data ought to be complemented with information about the different political, judicial and administrative tools and proceedings to fight corruption and their evolution and degree of efectiveness during these two centuries.<\/p>\n\n\n\n<p>A thesaurus to describe and to justify our selection on political corruption typologies has also been created through the research process.<\/p>\n\n\n\n<p>Our strategic <strong>research lines<\/strong> are essentially the following:<\/p>\n\n\n\n<ul class=\"wp-block-list\"><li><strong>Political clientelism and electoral corruption.<\/strong><\/li><li><strong>Speeches, Good Cause and practices of political corruption.<\/strong><\/li><li><strong>Juridical history of political corruption.<\/strong><\/li><li><strong>Governance, transparency, civic values and rule of law.<\/strong><\/li><\/ul>\n\n\n\n<p><strong>The research group<\/strong><\/p>\n\n\n\n<p>The turning point in our research group was the establishment of <em>SGR Grup d\u2019Hist\u00f2ria del Parlamentarisme<\/em> under the direction of Dr. <strong>Borja de Riquer<\/strong>, government-funded in 2005 and again in 2009. One of its goals was the coordination of biographical dictionaries of Catalan and Spanish MPs (<u>DBPC<\/u> and <u>DBPE<\/u>) and the establishment of European and Latin American networks of researchers specialized in parliamentary history.<\/p>\n\n\n\n<p>The new government-funded <strong>SGR 2017<\/strong>, directed first by the late <strong>Antoni Moliner<\/strong> and then by <strong>Llu\u00eds Ferran Toledano<\/strong>, was accompanied with the obtainment of the project HAR2017-86545-P \u201c<em>La corrupci\u00f3n pol\u00edtica en la Espa\u00f1a contempor\u00e1nea en perspectiva comparada. Bases de datos, cartograf\u00eda y an\u00e1lisis hist\u00f3rico (1810-2016)<\/em>\u201d with <strong>Gemma Rub\u00ed<\/strong> as principal investigator. Inside PICEC there is also the workgroup 2017-2019 \u201c<em>Gesti\u00f3n de documentos para administraciones m\u00e1s transparentes<\/em>\u201d coordinated by <strong>Remei Perpiny\u00e0<\/strong> and the project HAR2016-76560-P directed by <strong>Javier Ant\u00f3n Pelayo<\/strong> which explores the existence of clientele networks and their relation with moral understandings in private spaces through epistolary sources.<\/p>\n\n\n\n<p>Lecturer <strong>Gemma Rub\u00ed <\/strong>represents PICEC in the <em>International Scientific Coordination Network <\/em>(GDRI) <em>Politics and corruption<\/em>, wherefrom we are cofounding partners along with Drs. <strong>Fr\u00e9d\u00e9ric Monier<\/strong> (<em>Centre Norbert Elias EHSS<\/em>) and <strong>Jens Ivo Engels<\/strong> (<em>Technischen Universit\u00e4t Darmstadt<\/em>).<\/p>\n\n\n\n<p><a href=\"https:\/\/webs.uab.cat\/picec\/en\/rd-projects\/\" data-type=\"page\" data-id=\"118\"><u>See group projects and our research agreements.<\/u><\/a><\/p>\n","protected":false},"excerpt":{"rendered":"<p>Who are we? PICEC is a 17-member interdisciplinary research group which includes Modern History Professor Emeritus Borja de Riquer, Law Professor Emerita Maria Jes\u00fas Espuny; Modern History Lecturer Gemma Rub\u00ed, principal investigator of a project about corruption history in modern Spain; Early Modern History Lecturer Javier Ant\u00f3n, principal investigator of a project about familial letters; [&hellip;]<\/p>\n","protected":false},"author":20,"featured_media":0,"parent":0,"menu_order":0,"comment_status":"closed","ping_status":"closed","template":"","meta":{"footnotes":""},"class_list":["post-110","page","type-page","status-publish","hentry"],"_links":{"self":[{"href":"https:\/\/webs.uab.cat\/grepiic\/en\/wp-json\/wp\/v2\/pages\/110","targetHints":{"allow":["GET"]}}],"collection":[{"href":"https:\/\/webs.uab.cat\/grepiic\/en\/wp-json\/wp\/v2\/pages"}],"about":[{"href":"https:\/\/webs.uab.cat\/grepiic\/en\/wp-json\/wp\/v2\/types\/page"}],"author":[{"embeddable":true,"href":"https:\/\/webs.uab.cat\/grepiic\/en\/wp-json\/wp\/v2\/users\/20"}],"replies":[{"embeddable":true,"href":"https:\/\/webs.uab.cat\/grepiic\/en\/wp-json\/wp\/v2\/comments?post=110"}],"version-history":[{"count":1,"href":"https:\/\/webs.uab.cat\/grepiic\/en\/wp-json\/wp\/v2\/pages\/110\/revisions"}],"predecessor-version":[{"id":892,"href":"https:\/\/webs.uab.cat\/grepiic\/en\/wp-json\/wp\/v2\/pages\/110\/revisions\/892"}],"wp:attachment":[{"href":"https:\/\/webs.uab.cat\/grepiic\/en\/wp-json\/wp\/v2\/media?parent=110"}],"curies":[{"name":"wp","href":"https:\/\/api.w.org\/{rel}","templated":true}]}}